{"id":316427,"date":"2025-05-08T11:04:46","date_gmt":"2025-05-08T09:04:46","guid":{"rendered":"https:\/\/liftingfx.girafdev.com?post_type=product&#038;p=316427"},"modified":"2025-06-25T17:25:07","modified_gmt":"2025-06-25T15:25:07","slug":"flex-g750dbl-grua-giratoria-electrica-750-kg","status":"publish","type":"product","link":"https:\/\/liftingfx.girafdev.com\/es\/product\/flex-g750dbl-grua-giratoria-electrica-750-kg\/","title":{"rendered":"FLEX G750DBL GR\u00daA GIRATORIA EL\u00c9CTRICA"},"content":{"rendered":"<p><span style=\"font-weight: 400;\">La gr\u00faa FLEX G750DBL es una <\/span><b>gr\u00faa motorizada giratoria con contrapeso<\/b><span style=\"font-weight: 400;\"> que puede levantar cargas de hasta 750 kg.<\/span><\/p>\n<p><span style=\"font-weight: 400;\">Est\u00e1 equipada con un brazo el\u00e9ctrico que garantiza un voladizo de 2400 mm.\u00a0<\/span><\/p>\n<p><span style=\"font-weight: 400;\">La rotaci\u00f3n, bloqueable cada 30\u00b0, es manual y se ve facilitada por la presencia de rodamientos y dos asas ergon\u00f3micas en la parte superior del lastre. Equipada con 2 ruedas fijas y una rueda motorizada conectada directamente al timon para una m\u00e1xima maniobrabilidad en espacios reducidos.<\/span><\/p>\n<p><span style=\"font-weight: 400;\">Equipamiento de serie: bater\u00edas AGM selladas y libres de mantenimiento, cargador de bater\u00edas externo, columna luminosa para indicar el correcto funcionamiento de la gr\u00faa y aviso de sobrecarga, parada de emergencia.<\/span><\/p>\n<p><span style=\"font-weight: 400;\">La <\/span><b>gr\u00faa Flex G750DBL<\/b><span style=\"font-weight: 400;\"> tambi\u00e9n cuenta con una pantalla multifunci\u00f3n que muestra el estado de carga, el voltaje de la bater\u00eda y las horas de funcionamiento.<\/span><\/p>\n<p><span style=\"font-weight: 400;\">El brazo se eleva, baja, extiende y retrae el\u00e9ctricamente. Todos los movimientos pueden ser controlados por el operador mediante las palancas de control en el panel de control de la gr\u00faa. <\/span><b>La velocidad y la proporcionalidad se controlan mediante el movimiento de las palancas.<\/b><\/p>\n<p><span style=\"font-weight: 400;\">Es una <\/span><b>gr\u00faa m\u00f3vil universal<\/b><span style=\"font-weight: 400;\"> con posibilidades de aplicaci\u00f3n ilimitadas. Con la <\/span><b>mini gr\u00faa<\/b><span style=\"font-weight: 400;\"> FLEX G750DBL, gracias a su rotaci\u00f3n de 270\u00b0 y su brazo telesc\u00f3pico, se pueden colocar componentes como moldes, repuestos, productos semiacabados y otras cargas en centros de mecanizado CNC, estanter\u00edas, mesas de montaje y en cualquier lugar de dif\u00edcil acceso. -llegar al lugar.<\/span><\/p>\n<p>&nbsp;<\/p>\n<p><b>Funciones de seguridad:<\/b><\/p>\n<p><b>Limitador de carga din\u00e1mico<\/b><span style=\"font-weight: 400;\"> que previene sobrecargas y posibles accidentes. Monitorea continuamente la carga que se levanta o manipula y limita autom\u00e1ticamente la operaci\u00f3n si la carga excede el l\u00edmite de seguridad predeterminado.<\/span><\/p>\n<p><span style=\"font-weight: 400;\">Si la manguera hidr\u00e1ulica se rompe, se activa autom\u00e1ticamente una <\/span><b>v\u00e1lvula de cierre<\/b><span style=\"font-weight: 400;\">, evitando que la carga caiga incontrolablemente.<\/span><\/p>\n<p><span style=\"font-weight: 400;\">El timon est\u00e1 equipado con un selector de velocidad que permite ajustar la velocidad del veh\u00edculo para adaptarse a diferentes requisitos operativos. Hay dos posiciones disponibles:<\/span><\/p>\n<ul>\n<li><span style=\"font-weight: 400;\"> Modo lento: limita la velocidad m\u00e1xima a 1,5 km\/h, ideal para maniobras precisas en espacios reducidos y manejo suave de cargas.<\/span><\/li>\n<li><span style=\"font-weight: 400;\"> Velocidad est\u00e1ndar: Permite una velocidad m\u00e1xima de 3 km\/h, adecuada para recorridos de larga distancia en condiciones est\u00e1ndar<\/span><\/li>\n<\/ul>\n<p><span style=\"font-weight: 400;\">La <\/span><b>gr\u00faa contrapesada FLEXG750DBL<\/b><span style=\"font-weight: 400;\"> permite manipular y elevar cargas cumpliendo plenamente la normativa vigente para proteger la seguridad del operador.<\/span><\/p>\n","protected":false},"excerpt":{"rendered":"<p>CON PALANCAS<\/p>\n<p><span data-sheets-root=\"1\">CAPACIDAD DE LEVANTAMIENTO<\/span> 750 KG<\/p>\n","protected":false},"featured_media":316441,"template":"","meta":{"_acf_changed":false,"_et_pb_use_builder":"","_et_pb_old_content":"<strong>FLEX G500SB es una gr\u00faa contrapesada giratoria con tracci\u00f3n el\u00e9ctrica que permite levantar y transportar cargas de hasta 500 kg.<\/strong>\r\n\r\nEst\u00e1 equipada con un brazo el\u00e9ctrico + una extensi\u00f3n mec\u00e1nica que permite de extender el brazo hasta una longitud m\u00e1xima de 1930 mm.\r\n\r\nLa rotaci\u00f3n se controla manualmente y es facilitada por 2 manijas ubicadas en la parte superior del sistema de lastre integrado. Brazo giratorio bloqueable en 8 posiciones.\r\n\r\nEquipada con 2 ruedas fijas y 2 ruedas estabilizadoras pivotantes. Rueda motriz autofrenante para una f\u00e1cil maniobrabilidad en espacios reducidos.\r\n\r\nElevaci\u00f3n y descenso el\u00e9ctricos, extensi\u00f3n y retraimiento a velocidad ajustable y proporcional.\r\n\r\nGracias a su brazo giratorio de 270 grados, esta gr\u00faa es ideal para la colocaci\u00f3n de moldes y diversas cargas sobre barreras, en m\u00e1quinas 3D, aberturas estrechas, l\u00edneas de montaje, protecciones perimetrales.\r\n\r\nLIMITADOR DIN\u00c1MICO DE CARGA M\u00c1XIMA: la gr\u00faa FLEX G500SB est\u00e1 equipada de serie con un dispositivo que bloquea el avance de la extensi\u00f3n si se supera la capacidad m\u00e1xima permitida. La \u00fanica operaci\u00f3n posible sigue siendo el descenso para devolver el brazo a la posici\u00f3n de seguridad y reactivar todas las funciones.\r\n\r\n<b>EQUIPADA CON UN DISTRIBUIDOR DE 4 FUNCIONES PARA :<\/b>\r\n<ul>\r\n \t<li><strong>elevaci\u00f3n del brazo<\/strong><\/li>\r\n \t<li><b>descenso del brazo<\/b><\/li>\r\n \t<li><b>ext\u00e9nsion del brazo<\/b><\/li>\r\n \t<li><b>reitraimiento del brazo<\/b><\/li>\r\n<\/ul>\r\nCuando la palanca del joystick se mueve en las posiciones de elevaci\u00f3n, extensi\u00f3n y descenso, los micro interruptores activan autom\u00e1ticamente el motor de la unidad hidr\u00e1ulica que permite los movimientos; el descenso se realiza de forma segura con el motor apagado.\r\n\r\nLa soluci\u00f3n de elevaci\u00f3n FLEXG500SB le permite mover y levantar cargas en pleno cumplimiento de las normas vigentes para la protecci\u00f3n de la seguridad de los trabajadores.\r\nEl sistema hidr\u00e1ulico est\u00e1 equipado con una v\u00e1lvula de bloqueo que evita la ca\u00edda de la carga en caso de rotura accidental del tubo. La bomba est\u00e1 equipada con una v\u00e1lvula que evita que la m\u00e1quina se sobrecargue.","_et_gb_content_width":""},"product_brand":[],"product_cat":[66],"product_tag":[],"class_list":{"0":"post-316427","1":"product","2":"type-product","3":"status-publish","4":"has-post-thumbnail","6":"product_cat-gruas-pick-carry-con-doble-o-triple-extension-electrica","7":"pa_portata-max-kg-750-es","9":"first","10":"instock","11":"shipping-taxable","12":"product-type-simple"},"acf":[],"gallery_images":[316442,316452,316462,316472,316482,316492,316502],"_links":{"self":[{"href":"https:\/\/liftingfx.girafdev.com\/es\/wp-json\/wp\/v2\/product\/316427","targetHints":{"allow":["GET"]}}],"collection":[{"href":"https:\/\/liftingfx.girafdev.com\/es\/wp-json\/wp\/v2\/product"}],"about":[{"href":"https:\/\/liftingfx.girafdev.com\/es\/wp-json\/wp\/v2\/types\/product"}],"wp:featuredmedia":[{"embeddable":true,"href":"https:\/\/liftingfx.girafdev.com\/es\/wp-json\/wp\/v2\/media\/316441"}],"wp:attachment":[{"href":"https:\/\/liftingfx.girafdev.com\/es\/wp-json\/wp\/v2\/media?parent=316427"}],"wp:term":[{"taxonomy":"product_brand","embeddable":true,"href":"https:\/\/liftingfx.girafdev.com\/es\/wp-json\/wp\/v2\/product_brand?post=316427"},{"taxonomy":"product_cat","embeddable":true,"href":"https:\/\/liftingfx.girafdev.com\/es\/wp-json\/wp\/v2\/product_cat?post=316427"},{"taxonomy":"product_tag","embeddable":true,"href":"https:\/\/liftingfx.girafdev.com\/es\/wp-json\/wp\/v2\/product_tag?post=316427"}],"curies":[{"name":"wp","href":"https:\/\/api.w.org\/{rel}","templated":true}]}}