{"id":307711,"date":"2025-01-22T14:57:31","date_gmt":"2025-01-22T13:57:31","guid":{"rendered":"https:\/\/liftingfx.girafdev.com?post_type=product&#038;p=307711"},"modified":"2025-01-22T17:21:40","modified_gmt":"2025-01-22T16:21:40","slug":"lbac250-balancim-para-elevacion-de-big-bags-capacidad-250-kg","status":"publish","type":"product","link":"https:\/\/liftingfx.girafdev.com\/es\/product\/lbac250-balancim-para-elevacion-de-big-bags-capacidad-250-kg\/","title":{"rendered":"LBAC250 Balancim para elevaci\u00f3n de big bags capacidad 250 kg"},"content":{"rendered":"<h2>CAPACIDAD 250 KG<\/h2>\n<p>La viga transversal LBAC250 es un dispositivo de elevaci\u00f3n extremadamente vers\u00e1til, dise\u00f1ado para el manejo de cargas equilibradas. Est\u00e1 equipado con cuatro ganchos que se pueden girar 360\u00b0, lo que garantiza una sujeci\u00f3n confiable en todas las condiciones de operaci\u00f3n. Con una capacidad de carga m\u00e1xima de 250 kg, la viga transversal LBAC250 se caracteriza por su eficiencia y confiabilidad y presenta una robusta construcci\u00f3n de acero. Rango de ajuste 400, 700 y 1000 mm.<\/p>\n<p>La viga transversal LBAC250 de Flex Lifting se puede instalar f\u00e1cilmente en todas nuestras gr\u00faas y es la soluci\u00f3n ideal para manipular y elevar big bag de diferentes tama\u00f1os.<\/p>\n<p><a href=\"https:\/\/liftingfx.girafdev.comwp-content\/uploads\/2025\/01\/LBAC250-drawing.pdf\">Ver dibujo<\/a><\/p>\n","protected":false},"excerpt":{"rendered":"<p>CAPACIDAD 250 KG La viga transversal LBAC250 es un dispositivo de elevaci\u00f3n extremadamente vers\u00e1til, dise\u00f1ado para el manejo de cargas equilibradas. Est\u00e1 equipado con cuatro ganchos que se pueden girar 360\u00b0, lo que garantiza una sujeci\u00f3n confiable en todas las condiciones de operaci\u00f3n. Con una capacidad de carga m\u00e1xima de 250 kg, la viga transversal [&hellip;]<\/p>\n","protected":false},"featured_media":307727,"template":"","meta":{"_acf_changed":false,"_et_pb_use_builder":"off","_et_pb_old_content":"","_et_gb_content_width":""},"product_brand":[],"product_cat":[399],"product_tag":[],"class_list":{"0":"post-307711","1":"product","2":"type-product","3":"status-publish","4":"has-post-thumbnail","6":"product_cat-accesorios","8":"first","9":"instock","10":"shipping-taxable","11":"product-type-simple"},"acf":[],"gallery_images":[307718],"_links":{"self":[{"href":"https:\/\/liftingfx.girafdev.com\/es\/wp-json\/wp\/v2\/product\/307711","targetHints":{"allow":["GET"]}}],"collection":[{"href":"https:\/\/liftingfx.girafdev.com\/es\/wp-json\/wp\/v2\/product"}],"about":[{"href":"https:\/\/liftingfx.girafdev.com\/es\/wp-json\/wp\/v2\/types\/product"}],"wp:featuredmedia":[{"embeddable":true,"href":"https:\/\/liftingfx.girafdev.com\/es\/wp-json\/wp\/v2\/media\/307727"}],"wp:attachment":[{"href":"https:\/\/liftingfx.girafdev.com\/es\/wp-json\/wp\/v2\/media?parent=307711"}],"wp:term":[{"taxonomy":"product_brand","embeddable":true,"href":"https:\/\/liftingfx.girafdev.com\/es\/wp-json\/wp\/v2\/product_brand?post=307711"},{"taxonomy":"product_cat","embeddable":true,"href":"https:\/\/liftingfx.girafdev.com\/es\/wp-json\/wp\/v2\/product_cat?post=307711"},{"taxonomy":"product_tag","embeddable":true,"href":"https:\/\/liftingfx.girafdev.com\/es\/wp-json\/wp\/v2\/product_tag?post=307711"}],"curies":[{"name":"wp","href":"https:\/\/api.w.org\/{rel}","templated":true}]}}