{"id":303888,"date":"2024-12-18T17:26:27","date_gmt":"2024-12-18T16:26:27","guid":{"rendered":"https:\/\/flexlifting.girafdev.com\/?post_type=product&#038;p=303888"},"modified":"2025-01-22T14:35:48","modified_gmt":"2025-01-22T13:35:48","slug":"viga-de-elevacion-ajustable-capacidad-500-kg","status":"publish","type":"product","link":"https:\/\/liftingfx.girafdev.com\/es\/product\/viga-de-elevacion-ajustable-capacidad-500-kg\/","title":{"rendered":"LBA500 Viga de elevaci\u00f3n ajustable capacidad 500 kg"},"content":{"rendered":"<h2>CAPACIDAD 500 KG<\/h2>\n<p>La viga elevadora LBA500 es una herramienta de elevaci\u00f3n muy vers\u00e1til, dise\u00f1ada para manipular grandes cargas de forma equilibrada, optimizando las dimensiones totales tanto en alto como en ancho. Este dispositivo est\u00e1 equipado con dos ganchos de carga giratorios 360\u00b0, equipados con cierres de seguridad que garantizan un sellado impecable en todas las condiciones de funcionamiento. Con una capacidad de carga m\u00e1xima de 500 kg, la percha ha sido tratada con galvanizaci\u00f3n antioxidante, garantizando as\u00ed una resistencia y durabilidad superiores.<br \/>\nAdem\u00e1s, la longitud de la viga de elevaci\u00f3n LBA500 es ajustable, lo que permite adaptarla a diferentes tama\u00f1os de cargas a elevar. La posici\u00f3n de los ganchos se puede modificar f\u00e1cilmente en centros de 400, 700 ,1000, 1300 y 1600 mm, gracias a pasadores de seguridad con tope mec\u00e1nico, garantizando as\u00ed un uso flexible y seguro.<\/p>\n<p><a href=\"https:\/\/liftingfx.girafdev.comwp-content\/uploads\/2024\/12\/LBA500-1.pdf\">Ver dibujo<\/a><\/p>\n","protected":false},"excerpt":{"rendered":"<p>CAPACIDAD 500 KG La viga elevadora LBA500 es una herramienta de elevaci\u00f3n muy vers\u00e1til, dise\u00f1ada para manipular grandes cargas de forma equilibrada, optimizando las dimensiones totales tanto en alto como en ancho. Este dispositivo est\u00e1 equipado con dos ganchos de carga giratorios 360\u00b0, equipados con cierres de seguridad que garantizan un sellado impecable en todas [&hellip;]<\/p>\n","protected":false},"featured_media":307689,"template":"","meta":{"_acf_changed":false,"_et_pb_use_builder":"off","_et_pb_old_content":"","_et_gb_content_width":""},"product_brand":[],"product_cat":[399],"product_tag":[],"class_list":{"0":"post-303888","1":"product","2":"type-product","3":"status-publish","4":"has-post-thumbnail","6":"product_cat-accesorios","8":"first","9":"instock","10":"shipping-taxable","11":"product-type-simple"},"acf":[],"gallery_images":[307699],"_links":{"self":[{"href":"https:\/\/liftingfx.girafdev.com\/es\/wp-json\/wp\/v2\/product\/303888","targetHints":{"allow":["GET"]}}],"collection":[{"href":"https:\/\/liftingfx.girafdev.com\/es\/wp-json\/wp\/v2\/product"}],"about":[{"href":"https:\/\/liftingfx.girafdev.com\/es\/wp-json\/wp\/v2\/types\/product"}],"wp:featuredmedia":[{"embeddable":true,"href":"https:\/\/liftingfx.girafdev.com\/es\/wp-json\/wp\/v2\/media\/307689"}],"wp:attachment":[{"href":"https:\/\/liftingfx.girafdev.com\/es\/wp-json\/wp\/v2\/media?parent=303888"}],"wp:term":[{"taxonomy":"product_brand","embeddable":true,"href":"https:\/\/liftingfx.girafdev.com\/es\/wp-json\/wp\/v2\/product_brand?post=303888"},{"taxonomy":"product_cat","embeddable":true,"href":"https:\/\/liftingfx.girafdev.com\/es\/wp-json\/wp\/v2\/product_cat?post=303888"},{"taxonomy":"product_tag","embeddable":true,"href":"https:\/\/liftingfx.girafdev.com\/es\/wp-json\/wp\/v2\/product_tag?post=303888"}],"curies":[{"name":"wp","href":"https:\/\/api.w.org\/{rel}","templated":true}]}}