{"id":301918,"date":"2024-12-10T10:48:25","date_gmt":"2024-12-10T09:48:25","guid":{"rendered":"https:\/\/flexlifting.girafdev.com\/?post_type=product&#038;p=301918"},"modified":"2025-01-22T14:40:09","modified_gmt":"2025-01-22T13:40:09","slug":"viga-de-elevacion-ajustable-capacidad-250-kg","status":"publish","type":"product","link":"https:\/\/liftingfx.girafdev.com\/es\/product\/viga-de-elevacion-ajustable-capacidad-250-kg\/","title":{"rendered":"LBA250 Viga de elevaci\u00f3n ajustable capacidad 250 kg"},"content":{"rendered":"<h2>CAPACIDAD 250 KG<\/h2>\n<p>La viga elevadora LBA250 es una herramienta de elevaci\u00f3n muy vers\u00e1til, dise\u00f1ada para manipular grandes cargas de forma equilibrada, optimizando las dimensiones totales tanto en alto como en ancho. Este dispositivo est\u00e1 equipado con dos ganchos de carga giratorios 360\u00b0, equipados con cierres de seguridad que garantizan un sellado impecable en todas las condiciones de funcionamiento. Con una capacidad de carga m\u00e1xima de 250 kg, la percha ha sido tratada con galvanizaci\u00f3n antioxidante, garantizando as\u00ed una resistencia y durabilidad superiores.<br \/>\nAdem\u00e1s, la longitud de la viga de elevaci\u00f3n LBA250 es ajustable, lo que permite adaptarla a diferentes tama\u00f1os de cargas a elevar. La posici\u00f3n de los ganchos se puede modificar f\u00e1cilmente en centros de 400, 700 y 1000 mm, gracias a pasadores de seguridad con tope mec\u00e1nico, garantizando as\u00ed un uso flexible y seguro.<\/p>\n<p><a href=\"https:\/\/liftingfx.girafdev.comwp-content\/uploads\/2024\/12\/LBA250.pdf\">Ver dibujo<\/a><\/p>\n","protected":false},"excerpt":{"rendered":"<p>CAPACIDAD 250 KG La viga elevadora LBA250 es una herramienta de elevaci\u00f3n muy vers\u00e1til, dise\u00f1ada para manipular grandes cargas de forma equilibrada, optimizando las dimensiones totales tanto en alto como en ancho. Este dispositivo est\u00e1 equipado con dos ganchos de carga giratorios 360\u00b0, equipados con cierres de seguridad que garantizan un sellado impecable en todas [&hellip;]<\/p>\n","protected":false},"featured_media":301945,"template":"","meta":{"_acf_changed":false,"_et_pb_use_builder":"off","_et_pb_old_content":"","_et_gb_content_width":""},"product_brand":[],"product_cat":[399],"product_tag":[],"class_list":{"0":"post-301918","1":"product","2":"type-product","3":"status-publish","4":"has-post-thumbnail","6":"product_cat-accesorios","8":"first","9":"instock","10":"shipping-taxable","11":"product-type-simple"},"acf":[],"gallery_images":[301936],"_links":{"self":[{"href":"https:\/\/liftingfx.girafdev.com\/es\/wp-json\/wp\/v2\/product\/301918","targetHints":{"allow":["GET"]}}],"collection":[{"href":"https:\/\/liftingfx.girafdev.com\/es\/wp-json\/wp\/v2\/product"}],"about":[{"href":"https:\/\/liftingfx.girafdev.com\/es\/wp-json\/wp\/v2\/types\/product"}],"wp:featuredmedia":[{"embeddable":true,"href":"https:\/\/liftingfx.girafdev.com\/es\/wp-json\/wp\/v2\/media\/301945"}],"wp:attachment":[{"href":"https:\/\/liftingfx.girafdev.com\/es\/wp-json\/wp\/v2\/media?parent=301918"}],"wp:term":[{"taxonomy":"product_brand","embeddable":true,"href":"https:\/\/liftingfx.girafdev.com\/es\/wp-json\/wp\/v2\/product_brand?post=301918"},{"taxonomy":"product_cat","embeddable":true,"href":"https:\/\/liftingfx.girafdev.com\/es\/wp-json\/wp\/v2\/product_cat?post=301918"},{"taxonomy":"product_tag","embeddable":true,"href":"https:\/\/liftingfx.girafdev.com\/es\/wp-json\/wp\/v2\/product_tag?post=301918"}],"curies":[{"name":"wp","href":"https:\/\/api.w.org\/{rel}","templated":true}]}}