{"id":300793,"date":"2024-12-02T17:56:45","date_gmt":"2024-12-02T16:56:45","guid":{"rendered":"https:\/\/flexlifting.girafdev.com\/?post_type=product&#038;p=300793"},"modified":"2025-01-22T14:50:19","modified_gmt":"2025-01-22T13:50:19","slug":"viga-de-elevacion-250-kg","status":"publish","type":"product","link":"https:\/\/liftingfx.girafdev.com\/es\/product\/viga-de-elevacion-250-kg\/","title":{"rendered":"LBF250 Viga de elevaci\u00f3n capacidad 250 kg"},"content":{"rendered":"<h2>CAPACIDAD 250 KG<\/h2>\n<p>La viga elevadora LBF250 representa un equipo de elevaci\u00f3n muy vers\u00e1til, dise\u00f1ado para facilitar la manipulaci\u00f3n de cargas considerablemente grandes de forma equilibrada, optimizando las dimensiones totales tanto en altura como en anchura.<\/p>\n<p>Est\u00e1 equipado con dos ganchos de carga giratorios 360\u00b0 con una distancia entre centros de 600 mm, equipados con cierres de seguridad que garantizan la m\u00e1xima estanqueidad en todas las condiciones de trabajo. Con una capacidad de carga m\u00e1xima de 250 kg, la balanza ha sido sometida a un proceso de galvanizado que garantiza una alta resistencia y durabilidad en el tiempo.<\/p>\n<p><a href=\"https:\/\/liftingfx.girafdev.comwp-content\/uploads\/2024\/12\/LBF250-1.pdf\">Ver dibujo<\/a><\/p>\n","protected":false},"excerpt":{"rendered":"<p>CAPACIDAD 250 KG La viga elevadora LBF250 representa un equipo de elevaci\u00f3n muy vers\u00e1til, dise\u00f1ado para facilitar la manipulaci\u00f3n de cargas considerablemente grandes de forma equilibrada, optimizando las dimensiones totales tanto en altura como en anchura. Est\u00e1 equipado con dos ganchos de carga giratorios 360\u00b0 con una distancia entre centros de 600 mm, equipados con [&hellip;]<\/p>\n","protected":false},"featured_media":300788,"template":"","meta":{"_acf_changed":false,"_et_pb_use_builder":"off","_et_pb_old_content":"","_et_gb_content_width":""},"product_brand":[],"product_cat":[399],"product_tag":[],"class_list":{"0":"post-300793","1":"product","2":"type-product","3":"status-publish","4":"has-post-thumbnail","6":"product_cat-accesorios","8":"first","9":"instock","10":"shipping-taxable","11":"product-type-simple"},"acf":[],"gallery_images":[300788],"_links":{"self":[{"href":"https:\/\/liftingfx.girafdev.com\/es\/wp-json\/wp\/v2\/product\/300793","targetHints":{"allow":["GET"]}}],"collection":[{"href":"https:\/\/liftingfx.girafdev.com\/es\/wp-json\/wp\/v2\/product"}],"about":[{"href":"https:\/\/liftingfx.girafdev.com\/es\/wp-json\/wp\/v2\/types\/product"}],"wp:featuredmedia":[{"embeddable":true,"href":"https:\/\/liftingfx.girafdev.com\/es\/wp-json\/wp\/v2\/media\/300788"}],"wp:attachment":[{"href":"https:\/\/liftingfx.girafdev.com\/es\/wp-json\/wp\/v2\/media?parent=300793"}],"wp:term":[{"taxonomy":"product_brand","embeddable":true,"href":"https:\/\/liftingfx.girafdev.com\/es\/wp-json\/wp\/v2\/product_brand?post=300793"},{"taxonomy":"product_cat","embeddable":true,"href":"https:\/\/liftingfx.girafdev.com\/es\/wp-json\/wp\/v2\/product_cat?post=300793"},{"taxonomy":"product_tag","embeddable":true,"href":"https:\/\/liftingfx.girafdev.com\/es\/wp-json\/wp\/v2\/product_tag?post=300793"}],"curies":[{"name":"wp","href":"https:\/\/api.w.org\/{rel}","templated":true}]}}