{"id":296331,"date":"2024-09-04T14:51:23","date_gmt":"2024-09-04T12:51:23","guid":{"rendered":"https:\/\/flexlifting.girafdev.com\/prodotto\/gz1000bser\/"},"modified":"2025-08-04T09:08:15","modified_gmt":"2025-08-04T07:08:15","slug":"gz1000bser-grua-de-taller-1000-kg-con-mando-a-distancia","status":"publish","type":"product","link":"https:\/\/liftingfx.girafdev.com\/es\/product\/gz1000bser-grua-de-taller-1000-kg-con-mando-a-distancia\/","title":{"rendered":"GZ1000BSER GR\u00daA CON CONTRAPESO"},"content":{"rendered":"<p><span style=\"font-weight: 400\">El modelo GZ1000BSER es una <\/span><b>gr\u00faa contrapesada<\/b><span style=\"font-weight: 400\"> que representa una soluci\u00f3n flexible y de alto rendimiento para simplificar la <\/span><b>elevaci\u00f3n y manipulaci\u00f3n de cargas de hasta 1000 kg<\/b><span style=\"font-weight: 400\">.<\/span><\/p>\n<p><span style=\"font-weight: 400\">Gracias a la barra de tracci\u00f3n conectada a dos ruedas directrices de nailon y al ancho compacto de 800 mm, esta gr\u00faa ofrece un radio de giro excepcional. El bastidor est\u00e1 hecho de acero pintado y est\u00e1 equipado en la base con 2 soportes \u00fatiles para levantar y transportar la gr\u00faa con total seguridad en largas distancias con una carretilla elevadora.<\/span><\/p>\n<p><span style=\"font-weight: 400\">Gracias al <\/span><b>mando a distancia y a la posibilidad de ajustar la velocidad mediante un potenci\u00f3metro<\/b><span style=\"font-weight: 400\">, la minigr\u00faa GZ1000BSER ofrece una <\/span><b>precisi\u00f3n milim\u00e9trica<\/b><span style=\"font-weight: 400\"> en los movimientos de elevaci\u00f3n, descenso y extensi\u00f3n del brazo.<\/span><\/p>\n<p><span style=\"font-weight: 400\">El sistema hidr\u00e1ulico est\u00e1 equipado con una v\u00e1lvula de bloqueo que evita que la carga caiga en caso de rotura accidental de las tuber\u00edas y una v\u00e1lvula de pr\u00e9sion que evita la sobrecarga de la gr\u00faa.\u00a0<\/span><\/p>\n<p><span style=\"font-weight: 400\">Es posible instalar una extensi\u00f3n (opcional) que permite de <\/span><b>extender el brazo hasta una longitud m\u00e1xima de 2000 mm.\u00a0<\/b><\/p>\n<p>Alimentada por bater\u00eda sellada AGM, esta gr\u00faa tambi\u00e9n puede equiparse con bater\u00eda de litio. <span style=\"font-weight: 400\">Cargador de bater\u00eda externo.\u00a0<\/span><\/p>\n<p><b>Display multifunci\u00f3n que indica nivel de carga, voltaje de la bater\u00eda y contador de horas de funcionamiento.<\/b><\/p>\n<p><span style=\"font-weight: 400\">La gr\u00faa GZ1000BSER es ideal para operaciones de montaje y desmontaje de piezas mec\u00e1nicas que requieren un mantenimiento frecuente, as\u00ed como para el montaje de componentes en maquinaria industrial. Este modelo simplifica estas actividades, aligerando el trabajo f\u00edsico y garantizando intervenciones r\u00e1pidas y seguras.<\/span><\/p>\n","protected":false},"excerpt":{"rendered":"<p><span data-sheets-root=\"1\">CAPACIDAD DE LEVANTAMIENTO<\/span> 1000 KG<\/p>\n","protected":false},"featured_media":288203,"template":"","meta":{"_acf_changed":false,"_et_pb_use_builder":"","_et_pb_old_content":"","_et_gb_content_width":""},"product_brand":[],"product_cat":[70,874],"product_tag":[],"class_list":{"0":"post-296331","1":"product","2":"type-product","3":"status-publish","4":"has-post-thumbnail","6":"product_cat-gruas-de-gran-capacidad","7":"product_cat-senza-categoria-es","8":"pa_portata-max-kg-1000-es-2","10":"first","11":"instock","12":"shipping-taxable","13":"product-type-simple"},"acf":[],"gallery_images":[288215,288235,288225,291310,288245,288205],"_links":{"self":[{"href":"https:\/\/liftingfx.girafdev.com\/es\/wp-json\/wp\/v2\/product\/296331","targetHints":{"allow":["GET"]}}],"collection":[{"href":"https:\/\/liftingfx.girafdev.com\/es\/wp-json\/wp\/v2\/product"}],"about":[{"href":"https:\/\/liftingfx.girafdev.com\/es\/wp-json\/wp\/v2\/types\/product"}],"wp:featuredmedia":[{"embeddable":true,"href":"https:\/\/liftingfx.girafdev.com\/es\/wp-json\/wp\/v2\/media\/288203"}],"wp:attachment":[{"href":"https:\/\/liftingfx.girafdev.com\/es\/wp-json\/wp\/v2\/media?parent=296331"}],"wp:term":[{"taxonomy":"product_brand","embeddable":true,"href":"https:\/\/liftingfx.girafdev.com\/es\/wp-json\/wp\/v2\/product_brand?post=296331"},{"taxonomy":"product_cat","embeddable":true,"href":"https:\/\/liftingfx.girafdev.com\/es\/wp-json\/wp\/v2\/product_cat?post=296331"},{"taxonomy":"product_tag","embeddable":true,"href":"https:\/\/liftingfx.girafdev.com\/es\/wp-json\/wp\/v2\/product_tag?post=296331"}],"curies":[{"name":"wp","href":"https:\/\/api.w.org\/{rel}","templated":true}]}}