{"id":296147,"date":"2024-09-02T13:38:19","date_gmt":"2024-09-02T11:38:19","guid":{"rendered":"https:\/\/flexlifting.girafdev.com\/prodotto\/01b5ser_400\/"},"modified":"2025-08-04T09:07:25","modified_gmt":"2025-08-04T07:07:25","slug":"01b5ser_400-grua-giratoria-de-taller-500-kg-con-mando-a-distancia","status":"publish","type":"product","link":"https:\/\/liftingfx.girafdev.com\/es\/product\/01b5ser_400-grua-giratoria-de-taller-500-kg-con-mando-a-distancia\/","title":{"rendered":"01B5SER_400 GR\u00daA GIRATORIA SEMI EL\u00c9CTRICA"},"content":{"rendered":"<p><span style=\"font-weight: 400\">La <\/span><b>gr\u00faa giratoria contrapesada 01B5SER_400 <\/b><span style=\"font-weight: 400\">ha sido dise\u00f1ada para ser f\u00e1cil de usar y segura. El lastre con asas ergon\u00f3micas y la corona de giro con cojinetes garantizan una rotaci\u00f3n suave y sin esfuerzo. La <\/span><b>capacidad de carga de 500 kg y la rotaci\u00f3n de 360\u00b0<\/b><span style=\"font-weight: 400\"> la convierten en un equipo vers\u00e1til y fiable para una amplia gama de aplicaciones.<\/span><\/p>\n<p><span style=\"font-weight: 400\">Gracias al <\/span><b>mando a distancia y a la posibilidad de ajustar la velocidad mediante un potenci\u00f3metro<\/b><span style=\"font-weight: 400\">, la minigr\u00faa 01B5SER_400 ofrece una <\/span><b>precisi\u00f3n milim\u00e9trica<\/b><span style=\"font-weight: 400\"> en los movimientos de elevaci\u00f3n, descenso y extensi\u00f3n del brazo.<\/span><\/p>\n<p><span style=\"font-weight: 400\">La mini gr\u00faa 01B5SER_400 est\u00e1 equipada con un brazo el\u00e9ctrico con una carrera de 400 mm y, con una extensi\u00f3n mec\u00e1nica opcional, alcanza una <\/span><b>longitud m\u00e1xima de 1312 mm.<\/b><\/p>\n<p><span style=\"font-weight: 400\">La gr\u00faa est\u00e1 equipada con cuatro ruedas de nailon. Esta configuraci\u00f3n garantiza una estabilidad excepcional y una maniobrabilidad precisa incluso en condiciones de carga pesada. El bastidor est\u00e1 fabricado en acero pintado para mayor resistencia a la corrosi\u00f3n y est\u00e1 equipado con soportes especiales para elevaci\u00f3n con carretilla elevadora, lo que permite mover f\u00e1cilmente la gr\u00faa en cualquier entorno de trabajo.<\/span><\/p>\n<p><b>El sistema hidr\u00e1ulico est\u00e1 equipado con una v\u00e1lvula de bloqueo que evita que la carga caiga en caso de rotura accidental de las tuber\u00edas y una v\u00e1lvula de pr\u00e9sion que evita la sobrecarga de la gr\u00faa.\u00a0<\/b><\/p>\n<p>Alimentada por bater\u00eda sellada AGM, esta gr\u00faa tambi\u00e9n puede equiparse con bater\u00eda de litio. <span style=\"font-weight: 400\">Cargador de bater\u00eda externo. <\/span><\/p>\n<p><span style=\"font-weight: 400\">Gancho giratorio con cerradura de seguridad. Mango de empuje resistente que se puede desmontar.\u00a0<\/span><\/p>\n<p><b>Display multifunci\u00f3n que indica nivel de carga, voltaje de la bater\u00eda y contador de horas de funcionamiento.<\/b><\/p>\n<p><span style=\"font-weight: 400\">El modelo 01B5SER_400 es el modelo m\u00e1s popular para la manipulaci\u00f3n de cargas desde el suelo sobre m\u00e1quinas 3D, tornos, sobre protecciones perimetrales, huecos estrechos, etc., y gracias a su giro de 360\u00b0, en todas aquellas aplicaciones donde no se dispone de espacio para mover la carga con carretilla elevadora u otros equipos de elevaci\u00f3n de grandes dimensiones.<\/span><\/p>\n","protected":false},"excerpt":{"rendered":"<p><span data-sheets-root=\"1\">CAPACIDAD DE LEVANTAMIENTO<\/span> 500 KG<\/p>\n","protected":false},"featured_media":285725,"template":"","meta":{"_acf_changed":false,"_et_pb_use_builder":"","_et_pb_old_content":"<span style=\"font-weight: 400;\">La <\/span><b>gr\u00faa giratoria contrapesada 01B5SER_400 <\/b><span style=\"font-weight: 400;\">ha sido dise\u00f1ada para ser f\u00e1cil de usar y segura. El lastre con asas ergon\u00f3micas y la corona de giro con cojinetes garantizan una rotaci\u00f3n suave y sin esfuerzo. La <\/span><b>capacidad de carga de 500 kg y la rotaci\u00f3n de 360\u00b0<\/b><span style=\"font-weight: 400;\"> la convierten en un equipo vers\u00e1til y fiable para una amplia gama de aplicaciones.<\/span>\r\n\r\n<span style=\"font-weight: 400;\">Gracias al <\/span><b>mando a distancia y a la posibilidad de ajustar la velocidad mediante un potenci\u00f3metro<\/b><span style=\"font-weight: 400;\">, la minigr\u00faa 01B5SER_400 ofrece una <\/span><b>precisi\u00f3n milim\u00e9trica<\/b><span style=\"font-weight: 400;\"> en los movimientos de elevaci\u00f3n, descenso y extensi\u00f3n del brazo.<\/span>\r\n\r\n<span style=\"font-weight: 400;\">La mini gr\u00faa 01B5SER_400 est\u00e1 equipada con un brazo el\u00e9ctrico con una carrera de 400 mm y, con una extensi\u00f3n mec\u00e1nica opcional, alcanza una <\/span><b>longitud m\u00e1xima de 1312 mm.<\/b>\r\n\r\n<span style=\"font-weight: 400;\">La gr\u00faa est\u00e1 equipada con cuatro ruedas de nailon. Esta configuraci\u00f3n garantiza una estabilidad excepcional y una maniobrabilidad precisa incluso en condiciones de carga pesada. El bastidor est\u00e1 fabricado en acero pintado para mayor resistencia a la corrosi\u00f3n y est\u00e1 equipado con soportes especiales para elevaci\u00f3n con carretilla elevadora, lo que permite mover f\u00e1cilmente la gr\u00faa en cualquier entorno de trabajo.<\/span>\r\n\r\n<b>El sistema hidr\u00e1ulico est\u00e1 equipado con una v\u00e1lvula de bloqueo que evita que la carga caiga en caso de rotura accidental de las tuber\u00edas y una v\u00e1lvula de pr\u00e9sion que evita la sobrecarga de la gr\u00faa.\u00a0<\/b>\r\n\r\n<span style=\"font-weight: 400;\">Alimentada por bater\u00eda sellada AGM, esta gr\u00faa tambi\u00e9n puede equiparse con bater\u00eda de litio. Cargador de bater\u00eda externo. Gancho giratorio con cerradura de seguridad. Mango de empuje resistente que se puede desmontar.\u00a0<\/span>\r\n\r\n<b>Display multifunci\u00f3n que indica nivel de carga, voltaje de la bater\u00eda y contador de horas de funcionamiento.<\/b>\r\n\r\n<span style=\"font-weight: 400;\">El modelo 01B5SER_400 es el modelo m\u00e1s popular para la manipulaci\u00f3n de cargas desde el suelo sobre m\u00e1quinas 3D, tornos, sobre protecciones perimetrales, huecos estrechos, etc., y gracias a su giro de 360\u00b0, en todas aquellas aplicaciones donde no se dispone de espacio para mover la carga con carretilla elevadora u otros equipos de elevaci\u00f3n de grandes dimensiones.<\/span>\r\n\r\n\u00a0","_et_gb_content_width":""},"product_brand":[],"product_cat":[74],"product_tag":[],"class_list":{"0":"post-296147","1":"product","2":"type-product","3":"status-publish","4":"has-post-thumbnail","6":"product_cat-gruas-giratoria-360","7":"pa_portata-max-kg-500-es-2","9":"first","10":"instock","11":"shipping-taxable","12":"product-type-simple"},"acf":[],"gallery_images":[285725,307117,285685,285695,285715,285736],"_links":{"self":[{"href":"https:\/\/liftingfx.girafdev.com\/es\/wp-json\/wp\/v2\/product\/296147","targetHints":{"allow":["GET"]}}],"collection":[{"href":"https:\/\/liftingfx.girafdev.com\/es\/wp-json\/wp\/v2\/product"}],"about":[{"href":"https:\/\/liftingfx.girafdev.com\/es\/wp-json\/wp\/v2\/types\/product"}],"wp:featuredmedia":[{"embeddable":true,"href":"https:\/\/liftingfx.girafdev.com\/es\/wp-json\/wp\/v2\/media\/285725"}],"wp:attachment":[{"href":"https:\/\/liftingfx.girafdev.com\/es\/wp-json\/wp\/v2\/media?parent=296147"}],"wp:term":[{"taxonomy":"product_brand","embeddable":true,"href":"https:\/\/liftingfx.girafdev.com\/es\/wp-json\/wp\/v2\/product_brand?post=296147"},{"taxonomy":"product_cat","embeddable":true,"href":"https:\/\/liftingfx.girafdev.com\/es\/wp-json\/wp\/v2\/product_cat?post=296147"},{"taxonomy":"product_tag","embeddable":true,"href":"https:\/\/liftingfx.girafdev.com\/es\/wp-json\/wp\/v2\/product_tag?post=296147"}],"curies":[{"name":"wp","href":"https:\/\/api.w.org\/{rel}","templated":true}]}}