{"id":295994,"date":"2024-09-02T13:56:26","date_gmt":"2024-09-02T11:56:26","guid":{"rendered":"https:\/\/flexlifting.girafdev.com\/prodotto\/01b5l\/"},"modified":"2025-08-04T09:06:06","modified_gmt":"2025-08-04T07:06:06","slug":"01b5l-500-kg-grua-contrapesada-elevacion-y-descenso-eletrico","status":"publish","type":"product","link":"https:\/\/liftingfx.girafdev.com\/es\/product\/01b5l-500-kg-grua-contrapesada-elevacion-y-descenso-eletrico\/","title":{"rendered":"01B5L EQUIPO DE ELEVACI\u00d3N M\u00d3VIL"},"content":{"rendered":"<p><span style=\"font-weight: 400\">La <\/span><b>gr\u00faa giratoria<\/b><span style=\"font-weight: 400\"> 01B5L permite <\/span><b>levantar y mover cargas de hasta 500 kg<\/b><span style=\"font-weight: 400\">. Gracias a su rotaci\u00f3n libre de 360\u00b0 o bloqueable cada 30\u00b0, es posible posicionar cargas con la m\u00e1xima precisi\u00f3n. El anillo de rotaci\u00f3n, equipado con rodamientos, garantiza movimientos suaves y sin esfuerzo. La rotaci\u00f3n del brazo se facilita gracias a las dos empu\u00f1aduras ergon\u00f3micas colocadas en el lastre.<\/span><\/p>\n<p><b>La posici\u00f3n de la palanca de control ha sido dise\u00f1ada para ofrecer al operador la m\u00e1xima visibilidad y un control seguro de la carga en cada fase del trabajo.<\/b><\/p>\n<p><span style=\"font-weight: 400\">El modelo 01B5L es una gr\u00faa compacta y de altas prestaciones, caracterizada por una <\/span><b>huella frontal de s\u00f3lo 980 mm<\/b><span style=\"font-weight: 400\">, la m\u00e1s peque\u00f1a del mercado. El sistema de movimiento, compuesto por 2 ruedas pivotantes de alta capacidad con soportes paragolpes y freno de estacionamiento y 2 ruedas delanteras fijas con rodamientos, garantiza una maniobrabilidad excepcional. La estructura de acero pintado, los soportes para carretillas elevadoras integrados, el gancho giratorio con bloqueo de seguridad y el mango de empuje extra\u00edble hacen de esta gr\u00faa una soluci\u00f3n vers\u00e1til y fiable para cada necesidad.<\/span><\/p>\n<p><span style=\"font-weight: 400\">El brazo se eleva y baja mediante una palanca ergon\u00f3mica que permite un ajuste de velocidad preciso y gradual. El sistema hidr\u00e1ulico, equipado con v\u00e1lvula de seguridad y v\u00e1lvula de sobrecarga, garantiza la m\u00e1xima protecci\u00f3n en todas las condiciones de trabajo. El brazo, extensible en cuatro posiciones y ampliable a\u00fan m\u00e1s gracias a extensiones mec\u00e1nicas, ofrece un <\/span><b>voladizo m\u00e1ximo de 2050 mm<\/b><span style=\"font-weight: 400\">, garantizando flexibilidad y precisi\u00f3n en cada operaci\u00f3n.<\/span><\/p>\n<p><span style=\"font-weight: 400\">Cargador de bater\u00eda externo.\u00a0<\/span>Alimentada por bater\u00eda sellada AGM, esta gr\u00faa tambi\u00e9n puede equiparse con bater\u00eda de litio.<\/p>\n<p><b>Display multifunci\u00f3n que indica nivel de carga, voltaje de la bater\u00eda y contador de horas de funcionamiento.<\/b><\/p>\n","protected":false},"excerpt":{"rendered":"<p>CAPACIDAD DE LEVANTAMIENTO 500 KG<\/p>\n","protected":false},"featured_media":315016,"template":"","meta":{"_acf_changed":false,"_et_pb_use_builder":"","_et_pb_old_content":"","_et_gb_content_width":""},"product_brand":[],"product_cat":[74],"product_tag":[],"class_list":{"0":"post-295994","1":"product","2":"type-product","3":"status-publish","4":"has-post-thumbnail","6":"product_cat-gruas-giratoria-360","7":"pa_portata-max-kg-500-es-2","9":"first","10":"instock","11":"shipping-taxable","12":"product-type-simple"},"acf":[],"gallery_images":[315016,315036,315026,315006,314996,314986],"_links":{"self":[{"href":"https:\/\/liftingfx.girafdev.com\/es\/wp-json\/wp\/v2\/product\/295994","targetHints":{"allow":["GET"]}}],"collection":[{"href":"https:\/\/liftingfx.girafdev.com\/es\/wp-json\/wp\/v2\/product"}],"about":[{"href":"https:\/\/liftingfx.girafdev.com\/es\/wp-json\/wp\/v2\/types\/product"}],"wp:featuredmedia":[{"embeddable":true,"href":"https:\/\/liftingfx.girafdev.com\/es\/wp-json\/wp\/v2\/media\/315016"}],"wp:attachment":[{"href":"https:\/\/liftingfx.girafdev.com\/es\/wp-json\/wp\/v2\/media?parent=295994"}],"wp:term":[{"taxonomy":"product_brand","embeddable":true,"href":"https:\/\/liftingfx.girafdev.com\/es\/wp-json\/wp\/v2\/product_brand?post=295994"},{"taxonomy":"product_cat","embeddable":true,"href":"https:\/\/liftingfx.girafdev.com\/es\/wp-json\/wp\/v2\/product_cat?post=295994"},{"taxonomy":"product_tag","embeddable":true,"href":"https:\/\/liftingfx.girafdev.com\/es\/wp-json\/wp\/v2\/product_tag?post=295994"}],"curies":[{"name":"wp","href":"https:\/\/api.w.org\/{rel}","templated":true}]}}