{"id":2765,"date":"2022-02-22T17:03:19","date_gmt":"2022-02-22T16:03:19","guid":{"rendered":"https:\/\/liftingfx.girafdev.comprodotto\/pick-and-carry-krane-mit-doppel-oder-3-fach-teleskop-ausschub-omnia-2tl-omnia-2tr-vollelektrischer-kran-2000kg\/"},"modified":"2025-06-27T18:34:06","modified_gmt":"2025-06-27T16:34:06","slug":"omnia-2tl-grua-totalmente-electrica-capacidad-2000-kg","status":"publish","type":"product","link":"https:\/\/liftingfx.girafdev.com\/es\/product\/omnia-2tl-grua-totalmente-electrica-capacidad-2000-kg\/","title":{"rendered":"OMNIA 2TL GR\u00daA MOTORIZADA"},"content":{"rendered":"<p><b>La gr\u00faa m\u00f3vil OMNIA 2TL<\/b> <b>es una gr\u00faa Pick &amp; Carry totalmente el\u00e9ctrica con una capacidad m\u00e1xima de 2000 kg y triple ext\u00e9nsion el\u00e9ctrica (longitud max del brazo de 3 metros).<\/b><\/p>\n<p><span style=\"font-weight: 400;\">Una de las caracter\u00edsticas fundamentales de esta gr\u00faa Pick &amp; Carry es la posibilidad de mover la m\u00e1quina con la carga suspendida, ya que est\u00e1 desprovista de estabilizadores.\u00a0<\/span><\/p>\n<p><span style=\"font-weight: 400;\">La OMNIA 2TL es la <\/span><b>gr\u00faa ideal para levantar cargas pesadas<\/b><span style=\"font-weight: 400;\"> y, gracias a su extrema maniobrabilidad, ofrece la m\u00e1xima flexibilidad para operar en cualquier condici\u00f3n, incluso en espacios limitados. Tiene una capacidad de direcci\u00f3n excepcional que le permite doblarse en espacios reducidos o girar sobre su eje en espacios limitados.\u00a0<\/span><\/p>\n<p><span style=\"font-weight: 400;\">El brazo se eleva, baja, extiende y retrae el\u00e9ctricamente. Todos los movimientos pueden ser controlados por el operador mediante las palancas de control en el panel de control de la gr\u00faa. <\/span><b>La velocidad y la proporcionalidad se controlan mediante el movimiento de las palancas.<\/b><\/p>\n<p><span style=\"font-weight: 400;\">Equipamiento de serie: bater\u00edas AGM selladas y libres de mantenimiento, cargador de bater\u00edas externo, columna luminosa para indicar el correcto funcionamiento de la gr\u00faa y aviso de sobrecarga, parada de emergencia. La <\/span><b>gr\u00faa OMNIA 2TL<\/b><span style=\"font-weight: 400;\"> tambi\u00e9n cuenta con una pantalla multifunci\u00f3n que muestra el estado de carga, el voltaje de la bater\u00eda y las horas de funcionamiento.<\/span><\/p>\n<p><b>Funciones de seguridad:<\/b><\/p>\n<p><b>Limitador de carga din\u00e1mico<\/b><span style=\"font-weight: 400;\"> que previene sobrecargas y posibles accidentes. Monitorea continuamente la carga que se levanta o manipula y limita autom\u00e1ticamente la operaci\u00f3n si la carga excede el l\u00edmite de seguridad predeterminado.<\/span><\/p>\n<p><span style=\"font-weight: 400;\">Si la manguera hidr\u00e1ulica se rompe, se activa autom\u00e1ticamente una <\/span><b>v\u00e1lvula de cierre<\/b><span style=\"font-weight: 400;\">, evitando que la carga caiga incontrolablemente.<\/span><\/p>\n<p><span style=\"font-weight: 400;\">El timon est\u00e1 equipado con un selector de velocidad que permite ajustar la velocidad del veh\u00edculo para adaptarse a diferentes requisitos operativos. Hay dos posiciones disponibles:<\/span><\/p>\n<ul>\n<li><span style=\"font-weight: 400;\"> Modo lento: limita la velocidad m\u00e1xima a 1,5 km\/h, ideal para maniobras precisas en espacios reducidos y manejo suave de cargas.<\/span><\/li>\n<li><span style=\"font-weight: 400;\"> Velocidad est\u00e1ndar: Permite una velocidad m\u00e1xima de 3 km\/h, adecuada para recorridos de larga distancia en condiciones est\u00e1ndar<\/span><\/li>\n<\/ul>\n<p><span style=\"font-weight: 400;\">OMNIA 2TL puede equiparse con cualquier tipo de accesorios de elevaci\u00f3n para aplicaciones espec\u00edficas: ventosas de elevaci\u00f3n, vigas de elevaci\u00f3n, abrazaderas, inclinadores, imanes permanentes, etc.<\/span><\/p>\n","protected":false},"excerpt":{"rendered":"<p>CON PALANCAS DE CONTROL<\/p>\n<p><span data-sheets-root=\"1\">CAPACIDAD DE LEVANTAMIENTO<\/span> 2000 KG<\/p>\n","protected":false},"featured_media":309727,"template":"","meta":{"_acf_changed":false,"_et_pb_use_builder":"","_et_pb_old_content":"","_et_gb_content_width":""},"product_brand":[],"product_cat":[66],"product_tag":[],"class_list":{"0":"post-2765","1":"product","2":"type-product","3":"status-publish","4":"has-post-thumbnail","6":"product_cat-gruas-pick-carry-con-doble-o-triple-extension-electrica","7":"pa_portata-max-kg-2000-es","9":"first","10":"instock","11":"shipping-taxable","12":"product-type-simple"},"acf":[],"gallery_images":[309718,309748,309738,309728,309708,309698,309688],"_links":{"self":[{"href":"https:\/\/liftingfx.girafdev.com\/es\/wp-json\/wp\/v2\/product\/2765","targetHints":{"allow":["GET"]}}],"collection":[{"href":"https:\/\/liftingfx.girafdev.com\/es\/wp-json\/wp\/v2\/product"}],"about":[{"href":"https:\/\/liftingfx.girafdev.com\/es\/wp-json\/wp\/v2\/types\/product"}],"wp:featuredmedia":[{"embeddable":true,"href":"https:\/\/liftingfx.girafdev.com\/es\/wp-json\/wp\/v2\/media\/309727"}],"wp:attachment":[{"href":"https:\/\/liftingfx.girafdev.com\/es\/wp-json\/wp\/v2\/media?parent=2765"}],"wp:term":[{"taxonomy":"product_brand","embeddable":true,"href":"https:\/\/liftingfx.girafdev.com\/es\/wp-json\/wp\/v2\/product_brand?post=2765"},{"taxonomy":"product_cat","embeddable":true,"href":"https:\/\/liftingfx.girafdev.com\/es\/wp-json\/wp\/v2\/product_cat?post=2765"},{"taxonomy":"product_tag","embeddable":true,"href":"https:\/\/liftingfx.girafdev.com\/es\/wp-json\/wp\/v2\/product_tag?post=2765"}],"curies":[{"name":"wp","href":"https:\/\/api.w.org\/{rel}","templated":true}]}}