{"id":2203,"date":"2022-02-22T15:19:40","date_gmt":"2022-02-22T14:19:40","guid":{"rendered":"https:\/\/liftingfx.girafdev.comprodotto\/manuelle-krane-und-krane-fur-schwere-lasten-gz1000bse-1000kg-elektrisches-heben-senken-aussscheiben-und-einfahren-mit-einstellbarer-geschwindigkeit\/"},"modified":"2025-08-04T09:04:17","modified_gmt":"2025-08-04T07:04:17","slug":"grua-de-traccion-manual-y-de-gran-capacidad-gz1000bse-1000kg-elevacion-descenso-extension-y-retraimiento-electrico-y-ajustable","status":"publish","type":"product","link":"https:\/\/liftingfx.girafdev.com\/es\/product\/grua-de-traccion-manual-y-de-gran-capacidad-gz1000bse-1000kg-elevacion-descenso-extension-y-retraimiento-electrico-y-ajustable\/","title":{"rendered":"GZ1000BSE GR\u00daA INDUSTRIAL CON CONTRAPESO"},"content":{"rendered":"<p><span style=\"font-weight: 400\">El modelo GZ1000BSE es una <\/span><b>gr\u00faa contrapesada<\/b><span style=\"font-weight: 400\"> que representa una soluci\u00f3n flexible y de alto rendimiento para simplificar la <\/span><b>elevaci\u00f3n y manipulaci\u00f3n de cargas de hasta 1000 kg<\/b><span style=\"font-weight: 400\">.<\/span><\/p>\n<p><span style=\"font-weight: 400\">Gracias a la barra de tracci\u00f3n conectada a dos ruedas directrices de nailon y al ancho compacto de 800 mm, esta gr\u00faa ofrece un radio de giro excepcional. El bastidor est\u00e1 hecho de acero pintado y est\u00e1 equipado en la base con 2 soportes \u00fatiles para levantar y transportar la gr\u00faa con total seguridad en largas distancias con una carretilla elevadora.<\/span><\/p>\n<p><b>La mini gr\u00faa GZ1000BSE est\u00e1 equipada con una extensi\u00f3n el\u00e9ctrica.<\/b><span style=\"font-weight: 400\">\u00a0<\/span><b>Los movimientos se operan a trav\u00e9s de una palanca conectada a un distribuidor de 4 funciones que activa la<\/b><span style=\"font-weight: 400\">\u00a0<\/span><b>elevaci\u00f3n, el descenso, la ext\u00e9nsion y el retraimiento del brazo.<\/b><span style=\"font-weight: 400\">\u00a0<\/span><b>Todos los movimientos son el\u00e9ctricos, proporcionales y ajustables por el operador con extrema precisi\u00f3n.<\/b><span style=\"font-weight: 400\">\u00a0Es la gr\u00faa ideal cuando se requiere una gran precisi\u00f3n en el posicionamiento de la carga.\u00a0<\/span><\/p>\n<p><span style=\"font-weight: 400\">El sistema hidr\u00e1ulico est\u00e1 equipado con una v\u00e1lvula de bloqueo que evita que la carga caiga en caso de rotura accidental de las tuber\u00edas y una v\u00e1lvula de pr\u00e9sion que evita la sobrecarga de la gr\u00faa.\u00a0<\/span><\/p>\n<p><span style=\"font-weight: 400\">Es posible instalar una extensi\u00f3n (opcional) que permite de <\/span><b>extender el brazo hasta una longitud m\u00e1xima de 2000 mm.\u00a0<\/b><\/p>\n<p>Alimentada por bater\u00eda sellada AGM, esta gr\u00faa tambi\u00e9n puede equiparse con bater\u00eda de litio. <span style=\"font-weight: 400\">Cargador de bater\u00eda externo.\u00a0<\/span><\/p>\n<p><b>Display multifunci\u00f3n que indica nivel de carga, voltaje de la bater\u00eda y contador de horas de funcionamiento.<\/b><\/p>\n<p><span style=\"font-weight: 400\">La gr\u00faa GZ1000BSE es ideal para operaciones de montaje y desmontaje de piezas mec\u00e1nicas que requieren un mantenimiento frecuente, as\u00ed como para el montaje de componentes en maquinaria industrial. Este modelo simplifica estas actividades, aligerando el trabajo f\u00edsico y garantizando intervenciones r\u00e1pidas y seguras.<\/span><\/p>\n<div id=\"gtx-trans\" style=\"position: absolute;left: 740px;top: 383.375px\">\n<div class=\"gtx-trans-icon\"><\/div>\n<\/div>\n","protected":false},"excerpt":{"rendered":"<p><span data-sheets-root=\"1\">CAPACIDAD DE LEVANTAMIENTO<\/span> 1000 KG<\/p>\n","protected":false},"featured_media":16300,"template":"","meta":{"_acf_changed":false,"_et_pb_use_builder":"","_et_pb_old_content":"","_et_gb_content_width":""},"product_brand":[],"product_cat":[70],"product_tag":[],"class_list":{"0":"post-2203","1":"product","2":"type-product","3":"status-publish","4":"has-post-thumbnail","6":"product_cat-gruas-de-gran-capacidad","7":"pa_portata-max-kg-1000-es-2","9":"first","10":"instock","11":"shipping-taxable","12":"product-type-simple"},"acf":[],"gallery_images":[287951,287991,287961,306724,287971,288001],"_links":{"self":[{"href":"https:\/\/liftingfx.girafdev.com\/es\/wp-json\/wp\/v2\/product\/2203","targetHints":{"allow":["GET"]}}],"collection":[{"href":"https:\/\/liftingfx.girafdev.com\/es\/wp-json\/wp\/v2\/product"}],"about":[{"href":"https:\/\/liftingfx.girafdev.com\/es\/wp-json\/wp\/v2\/types\/product"}],"wp:featuredmedia":[{"embeddable":true,"href":"https:\/\/liftingfx.girafdev.com\/es\/wp-json\/wp\/v2\/media\/16300"}],"wp:attachment":[{"href":"https:\/\/liftingfx.girafdev.com\/es\/wp-json\/wp\/v2\/media?parent=2203"}],"wp:term":[{"taxonomy":"product_brand","embeddable":true,"href":"https:\/\/liftingfx.girafdev.com\/es\/wp-json\/wp\/v2\/product_brand?post=2203"},{"taxonomy":"product_cat","embeddable":true,"href":"https:\/\/liftingfx.girafdev.com\/es\/wp-json\/wp\/v2\/product_cat?post=2203"},{"taxonomy":"product_tag","embeddable":true,"href":"https:\/\/liftingfx.girafdev.com\/es\/wp-json\/wp\/v2\/product_tag?post=2203"}],"curies":[{"name":"wp","href":"https:\/\/api.w.org\/{rel}","templated":true}]}}