{"id":2067,"date":"2022-02-22T14:49:12","date_gmt":"2022-02-22T13:49:12","guid":{"rendered":"https:\/\/liftingfx.girafdev.comprodotto\/1000kg-elektrisches-heben-und-senken-geschwindigkeit-nicht-einstellbar\/"},"modified":"2025-08-04T09:03:35","modified_gmt":"2025-08-04T07:03:35","slug":"grua-de-traccion-manual-de-gran-capacidad-gz1000b-1000kg-elevacion-y-descenso-electrico-velocidad-no-ajustable","status":"publish","type":"product","link":"https:\/\/liftingfx.girafdev.com\/es\/product\/grua-de-traccion-manual-de-gran-capacidad-gz1000b-1000kg-elevacion-y-descenso-electrico-velocidad-no-ajustable\/","title":{"rendered":"GZ1000BP GR\u00daA INDUSTRIAL CON CONTRAPESO"},"content":{"rendered":"<p><b>La gr\u00faa m\u00f3vil modelo GZ1000BP <\/b><span style=\"font-weight: 400\">es f\u00e1cilmente maniobrable con absoluta seguridad incluso en pasillos y espacios confinados gracias a: huella frontal de solo 800 mm, tim\u00f3n de direcci\u00f3n articulado con muelle de gas y ruedas dobles \u00d8 200mm con rodamientos de bolas y sistema de frenado, ruedas delanteras de \u00d8 250mm con rodamientos de bolas.\u00a0<\/span><\/p>\n<p><span style=\"font-weight: 400\">El bastidor est\u00e1 hecho de acero pintado y est\u00e1 equipado en la base con 2 soportes \u00fatiles para carretillas elevadoras (para levantar y transportar la gr\u00faa con total seguridad en largas distancias.<\/span><\/p>\n<p><b>La gr\u00faa modelo GZ1000BP est\u00e1 equipada con una estaci\u00f3n colgante para levantar la carga a una sola velocidad y operar un descenso progresivo. Se realizan operando 2 controles ubicados en la estaci\u00f3n colgante. la estaci\u00f3n colgante tambi\u00e9n est\u00e1 equipada con una parada de emergencia.<\/b><span style=\"font-weight: 400\">\u00a0<\/span><\/p>\n<p><span style=\"font-weight: 400\">El sistema hidr\u00e1ulico est\u00e1 equipado con una v\u00e1lvula de bloqueo que evita que la carga caiga en caso de rotura accidental de las tuber\u00edas y una v\u00e1lvula de pr\u00e9sion que evita la sobrecarga de la gr\u00faa. El brazo es extensible en 4 posiciones y est\u00e1 disponible una extensi\u00f3n (opcional) que permite de extender el brazo hasta una\u00a0<\/span><b>longitud m\u00e1xima de 2000 mm<\/b><span style=\"font-weight: 400\">.\u00a0<\/span><\/p>\n<p>Alimentada por bater\u00eda sellada AGM, esta gr\u00faa tambi\u00e9n puede equiparse con bater\u00eda de litio. <span style=\"font-weight: 400\">Cargador de bater\u00eda externo. <\/span><\/p>\n<p><span style=\"font-weight: 400\">Gancho giratorio con cerradura de seguridad. Mango de empuje resistente que se puede desmontar.\u00a0<\/span><\/p>\n<p><b>Display multifunci\u00f3n que indica nivel de carga, voltaje de la bater\u00eda y contador de horas de funcionamiento.<\/b><\/p>\n","protected":false},"excerpt":{"rendered":"<p><span data-sheets-root=\"1\">CAPACIDAD DE LEVANTAMIENTO<\/span> 1000 KG<\/p>\n","protected":false},"featured_media":16281,"template":"","meta":{"_acf_changed":false,"_et_pb_use_builder":"","_et_pb_old_content":"","_et_gb_content_width":""},"product_brand":[],"product_cat":[70],"product_tag":[],"class_list":{"0":"post-2067","1":"product","2":"type-product","3":"status-publish","4":"has-post-thumbnail","6":"product_cat-gruas-de-gran-capacidad","7":"pa_portata-max-kg-1000-es-2","9":"first","10":"instock","11":"shipping-taxable","12":"product-type-simple"},"acf":[],"gallery_images":[287707,287727,287757,287767,287717,287737,287747],"_links":{"self":[{"href":"https:\/\/liftingfx.girafdev.com\/es\/wp-json\/wp\/v2\/product\/2067","targetHints":{"allow":["GET"]}}],"collection":[{"href":"https:\/\/liftingfx.girafdev.com\/es\/wp-json\/wp\/v2\/product"}],"about":[{"href":"https:\/\/liftingfx.girafdev.com\/es\/wp-json\/wp\/v2\/types\/product"}],"wp:featuredmedia":[{"embeddable":true,"href":"https:\/\/liftingfx.girafdev.com\/es\/wp-json\/wp\/v2\/media\/16281"}],"wp:attachment":[{"href":"https:\/\/liftingfx.girafdev.com\/es\/wp-json\/wp\/v2\/media?parent=2067"}],"wp:term":[{"taxonomy":"product_brand","embeddable":true,"href":"https:\/\/liftingfx.girafdev.com\/es\/wp-json\/wp\/v2\/product_brand?post=2067"},{"taxonomy":"product_cat","embeddable":true,"href":"https:\/\/liftingfx.girafdev.com\/es\/wp-json\/wp\/v2\/product_cat?post=2067"},{"taxonomy":"product_tag","embeddable":true,"href":"https:\/\/liftingfx.girafdev.com\/es\/wp-json\/wp\/v2\/product_tag?post=2067"}],"curies":[{"name":"wp","href":"https:\/\/api.w.org\/{rel}","templated":true}]}}