{"id":2001,"date":"2022-02-22T14:32:27","date_gmt":"2022-02-22T13:32:27","guid":{"rendered":"https:\/\/liftingfx.girafdev.comprodotto\/manuelle-krane-gz1000-1000kg-manuelles-heben-und-senken\/"},"modified":"2025-07-01T06:48:01","modified_gmt":"2025-07-01T04:48:01","slug":"grua-de-traccion-manual-gz1000-1000kg-elevacion-y-descenso-del-brazo-manual","status":"publish","type":"product","link":"https:\/\/liftingfx.girafdev.com\/es\/product\/grua-de-traccion-manual-gz1000-1000kg-elevacion-y-descenso-del-brazo-manual\/","title":{"rendered":"GZ1000 GR\u00daA DE TALLER PROFESIONAL"},"content":{"rendered":"<p><span style=\"font-weight: 400;\">La <\/span><b>gr\u00faa contrapesada modelo GZ1000<\/b><span style=\"font-weight: 400;\"> es un equipo m\u00f3vil compacto dise\u00f1ado <\/span><b>para levantar cargas de hasta 1000 kg.<\/b><span style=\"font-weight: 400;\"> Este tipo de gr\u00faa es ideal para su uso en entornos industriales o log\u00edsticos, donde se requiere una <\/span><b>soluci\u00f3n de elevaci\u00f3n m\u00f3vil y flexible<\/b><span style=\"font-weight: 400;\">.<\/span><\/p>\n<p><span style=\"font-weight: 400;\">Est\u00e1 equipada con un volante con ruedas de nailon de 200 mm de di\u00e1metro, que permite dirigir la gr\u00faa f\u00e1cilmente sobre s\u00ed misma. Este detalle ofrece una gran facilidad de movimiento y posicionamiento incluso en zonas restringidas, gracias tambi\u00e9n a la <\/span><b>huella frontal de 800 mm.<\/b><\/p>\n<p><span style=\"font-weight: 400;\">Estructura \u00edntegramente realizada en acero pintado, dotada de dos pr\u00e1cticos soportes para horquillas en la base, ideales para levantar y transportar la gr\u00faa a largas distancias con carretilla elevadora. La elevaci\u00f3n del brazo se realiza mediante una bomba manual de doble efecto y el descenso de la carga se produce de forma regulable, gracias al giro de un mando ergon\u00f3mico, que permite un control preciso de la velocidad.<\/span><\/p>\n<p><span style=\"font-weight: 400;\">El sistema hidr\u00e1ulico est\u00e1 equipado con una v\u00e1lvula de bloqueo que evita que la carga descienda en caso de rotura accidental de las tuber\u00edas y una v\u00e1lvula de seguridad que protege la gr\u00faa de sobrecargas.<\/span><\/p>\n<p><span style=\"font-weight: 400;\">El brazo es regulable en cuatro posiciones diferentes y, gracias a una extensi\u00f3n opcional, es posible alcanzar un <\/span><b>voladizo de hasta un m\u00e1ximo de 2000 mm.<\/b><\/p>\n<p><span style=\"font-weight: 400;\">Esta gr\u00faa est\u00e1 especialmente indicada para el <\/span><b>montaje y desmontaje de piezas mec\u00e1nicas<\/b><span style=\"font-weight: 400;\"> que requieren un mantenimiento frecuente y el <\/span><b>montaje de componentes en maquinaria industrial<\/b><span style=\"font-weight: 400;\">. La gr\u00faa GZ 1000 facilita estas operaciones, reduciendo la carga f\u00edsica de trabajo y permitiendo intervenciones r\u00e1pidas y seguras.<\/span><\/p>\n","protected":false},"excerpt":{"rendered":"<p><span data-sheets-root=\"1\">CAPACIDAD DE LEVANTAMIENTO<\/span> 1000 KG<\/p>\n","protected":false},"featured_media":16271,"template":"","meta":{"_acf_changed":false,"_et_pb_use_builder":"","_et_pb_old_content":"","_et_gb_content_width":""},"product_brand":[],"product_cat":[70],"product_tag":[],"class_list":{"0":"post-2001","1":"product","2":"type-product","3":"status-publish","4":"has-post-thumbnail","6":"product_cat-gruas-de-gran-capacidad","7":"pa_portata-max-kg-1000-es-2","9":"first","10":"instock","11":"shipping-taxable","12":"product-type-simple"},"acf":[],"gallery_images":[288666,288656,288686,306684,306704,306694],"_links":{"self":[{"href":"https:\/\/liftingfx.girafdev.com\/es\/wp-json\/wp\/v2\/product\/2001","targetHints":{"allow":["GET"]}}],"collection":[{"href":"https:\/\/liftingfx.girafdev.com\/es\/wp-json\/wp\/v2\/product"}],"about":[{"href":"https:\/\/liftingfx.girafdev.com\/es\/wp-json\/wp\/v2\/types\/product"}],"wp:featuredmedia":[{"embeddable":true,"href":"https:\/\/liftingfx.girafdev.com\/es\/wp-json\/wp\/v2\/media\/16271"}],"wp:attachment":[{"href":"https:\/\/liftingfx.girafdev.com\/es\/wp-json\/wp\/v2\/media?parent=2001"}],"wp:term":[{"taxonomy":"product_brand","embeddable":true,"href":"https:\/\/liftingfx.girafdev.com\/es\/wp-json\/wp\/v2\/product_brand?post=2001"},{"taxonomy":"product_cat","embeddable":true,"href":"https:\/\/liftingfx.girafdev.com\/es\/wp-json\/wp\/v2\/product_cat?post=2001"},{"taxonomy":"product_tag","embeddable":true,"href":"https:\/\/liftingfx.girafdev.com\/es\/wp-json\/wp\/v2\/product_tag?post=2001"}],"curies":[{"name":"wp","href":"https:\/\/api.w.org\/{rel}","templated":true}]}}