{"id":1848,"date":"2022-02-22T13:43:14","date_gmt":"2022-02-22T12:43:14","guid":{"rendered":"https:\/\/liftingfx.girafdev.comprodotto\/manuelle-krane-01b2se-200kg-elektrisches-heben-senken-ausschieben-und-einfahren-mit-einstellbarer-geschwindigkeit\/"},"modified":"2025-08-04T09:02:39","modified_gmt":"2025-08-04T07:02:39","slug":"01b2se-200-kg-grua-giratoria-360-contrapesada-elevacion-descenso-y-extension-del-brazo-electrico","status":"publish","type":"product","link":"https:\/\/liftingfx.girafdev.com\/es\/product\/01b2se-200-kg-grua-giratoria-360-contrapesada-elevacion-descenso-y-extension-del-brazo-electrico\/","title":{"rendered":"01B2SE_1000 SOLUCI\u00d3N DE ELEVACI\u00d3N M\u00d3VIL"},"content":{"rendered":"<p><b>La gr\u00faa m\u00f3vil modelo 01B2SE_1000 puede levantar y mover cargas de hasta 200 kg.<\/b><span style=\"font-weight: 400\">\u00a0Gr\u00faa giratoria de 360\u00b0 con rotaci\u00f3n libre (palanca en posici\u00f3n de reposo) o bloqueable cada 30\u00b0. Hay 2 asas para que la rotaci\u00f3n sea f\u00e1cil y suave.\u00a0<\/span><b>La peculiaridad que hace que la gr\u00faa m\u00f3vil 01B2SE_1000 sea incre\u00edblemente maniobrable es la huella frontal de solo 780 mm.<\/b><span style=\"font-weight: 400\">\u00a0Es el tama\u00f1o m\u00e1s peque\u00f1o del mercado.\u00a0<\/span><\/p>\n<p><span style=\"font-weight: 400\">Esta mini gr\u00faa est\u00e1 equipada con 2 ruedas pivotantes de alta capacidad con soportes de parachoques y frenos de estacionamiento y con 2 ruedas delanteras fijas con rodamientos. El bastidor est\u00e1 hecho de acero pintado y est\u00e1 equipado en la base con 2 soportes \u00fatiles para carretillas elevadoras (para levantar y transportar la gr\u00faa con total seguridad en largas distancias.<\/span><\/p>\n<p><b>La mini gr\u00faa 01B2SE_1000 est\u00e1 equipada con una extensi\u00f3n el\u00e9ctrica.<\/b><span style=\"font-weight: 400\">\u00a0<\/span><b>Los movimientos se operan a trav\u00e9s de una palanca conectada a un distribuidor de 4 funciones que activa la<\/b><span style=\"font-weight: 400\">\u00a0<\/span><b>elevaci\u00f3n, el descenso, la ext\u00e9nsion y el retraimiento del brazo.<\/b><span style=\"font-weight: 400\">\u00a0<\/span><b>Todos los movimientos son el\u00e9ctricos, proporcionales y ajustables por el operador con extrema precisi\u00f3n.<\/b><span style=\"font-weight: 400\">\u00a0Es la gr\u00faa ideal cuando se requiere una gran precisi\u00f3n en el posicionamiento de la carga.\u00a0<\/span><\/p>\n<p><span style=\"font-weight: 400\">El sistema hidr\u00e1ulico est\u00e1 equipado con una v\u00e1lvula de bloqueo que evita que la carga caiga en caso de rotura accidental de las tuber\u00edas y una v\u00e1lvula de pr\u00e9sion que evita la sobrecarga de la gr\u00faa. Es posible instalar una extensi\u00f3n (opcional) que permite de <\/span><b>extender el brazo hasta una longitud m\u00e1xima de 1910 mm.\u00a0<\/b><\/p>\n<p>Alimentada por bater\u00eda sellada AGM, esta gr\u00faa tambi\u00e9n puede equiparse con bater\u00eda de litio. <span style=\"font-weight: 400\">Cargador de bater\u00eda externo. <\/span><\/p>\n<p><span style=\"font-weight: 400\">Gancho giratorio con cerradura de seguridad. Mango de empuje resistente que se puede desmontar.\u00a0<\/span><\/p>\n<p><b>Display multifunci\u00f3n que indica nivel de carga, voltaje de la bater\u00eda y contador de horas de funcionamiento.<\/b><\/p>\n","protected":false},"excerpt":{"rendered":"<p><span data-sheets-root=\"1\">CAPACIDAD DE LEVANTAMIENTO<\/span> 200 KG<\/p>\n","protected":false},"featured_media":286371,"template":"","meta":{"_acf_changed":false,"_et_pb_use_builder":"","_et_pb_old_content":"","_et_gb_content_width":""},"product_brand":[],"product_cat":[74],"product_tag":[],"class_list":{"0":"post-1848","1":"product","2":"type-product","3":"status-publish","4":"has-post-thumbnail","6":"product_cat-gruas-giratoria-360","7":"pa_portata-max-kg-200-es-2","9":"first","10":"instock","11":"shipping-taxable","12":"product-type-simple"},"acf":[],"gallery_images":[286362,286332,306614,286312,286342,286352],"_links":{"self":[{"href":"https:\/\/liftingfx.girafdev.com\/es\/wp-json\/wp\/v2\/product\/1848","targetHints":{"allow":["GET"]}}],"collection":[{"href":"https:\/\/liftingfx.girafdev.com\/es\/wp-json\/wp\/v2\/product"}],"about":[{"href":"https:\/\/liftingfx.girafdev.com\/es\/wp-json\/wp\/v2\/types\/product"}],"wp:featuredmedia":[{"embeddable":true,"href":"https:\/\/liftingfx.girafdev.com\/es\/wp-json\/wp\/v2\/media\/286371"}],"wp:attachment":[{"href":"https:\/\/liftingfx.girafdev.com\/es\/wp-json\/wp\/v2\/media?parent=1848"}],"wp:term":[{"taxonomy":"product_brand","embeddable":true,"href":"https:\/\/liftingfx.girafdev.com\/es\/wp-json\/wp\/v2\/product_brand?post=1848"},{"taxonomy":"product_cat","embeddable":true,"href":"https:\/\/liftingfx.girafdev.com\/es\/wp-json\/wp\/v2\/product_cat?post=1848"},{"taxonomy":"product_tag","embeddable":true,"href":"https:\/\/liftingfx.girafdev.com\/es\/wp-json\/wp\/v2\/product_tag?post=1848"}],"curies":[{"name":"wp","href":"https:\/\/api.w.org\/{rel}","templated":true}]}}