{"id":16551,"date":"2023-12-15T09:28:20","date_gmt":"2023-12-15T08:28:20","guid":{"rendered":"https:\/\/liftingfx.girafdev.com?post_type=product&#038;p=16551"},"modified":"2025-06-27T18:50:33","modified_gmt":"2025-06-27T16:50:33","slug":"omnia2tr-grua-electrica-motorizada-para-cargas-2000-kg-con-mando-a-distancia","status":"publish","type":"product","link":"https:\/\/liftingfx.girafdev.com\/es\/product\/omnia2tr-grua-electrica-motorizada-para-cargas-2000-kg-con-mando-a-distancia\/","title":{"rendered":"OMNIA 2TR GR\u00daA INDUSTRIAL EL\u00c9CTRICA"},"content":{"rendered":"<p>[et_pb_section fb_built=\u00bb1&#8243; _builder_version=\u00bb4.27.3&#8243; _module_preset=\u00bbdefault\u00bb da_disable_devices=\u00bboff|off|off\u00bb global_colors_info=\u00bb{}\u00bb da_is_popup=\u00bboff\u00bb da_exit_intent=\u00bboff\u00bb da_has_close=\u00bbon\u00bb da_alt_close=\u00bboff\u00bb da_dark_close=\u00bboff\u00bb da_not_modal=\u00bbon\u00bb da_is_singular=\u00bboff\u00bb da_with_loader=\u00bboff\u00bb da_has_shadow=\u00bbon\u00bb][\/et_pb_section]<\/p>\n","protected":false},"excerpt":{"rendered":"<p>CON MANDO A DISTANCIA<\/p>\n<p><span data-sheets-root=\"1\">CAPACIDAD DE LEVANTAMIENTO<\/span> 2000 KG<\/p>\n","protected":false},"featured_media":309894,"template":"","meta":{"_acf_changed":false,"_et_pb_use_builder":"on","_et_pb_old_content":"<b>La gr\u00faa m\u00f3vil OMNIA 2TR<\/b> <b>es una gr\u00faa Pick &amp; Carry totalmente el\u00e9ctrica con una capacidad m\u00e1xima de 2000 kg y triple ext\u00e9nsion el\u00e9ctrica (longitud max del brazo de 3 metros).<\/b>\r\n\r\n<span style=\"font-weight: 400\">Una de las caracter\u00edsticas fundamentales de esta gr\u00faa Pick &amp; Carry es la posibilidad de mover la m\u00e1quina con la carga suspendida, ya que est\u00e1 desprovista de estabilizadores.\u00a0<\/span>\r\n\r\n<span style=\"font-weight: 400\">La OMNIA 2TR es la <\/span><b>gr\u00faa ideal para levantar cargas pesadas<\/b><span style=\"font-weight: 400\"> y, gracias a su extrema maniobrabilidad, ofrece la m\u00e1xima flexibilidad para operar en cualquier condici\u00f3n, incluso en espacios limitados. Tiene una capacidad de direcci\u00f3n excepcional que le permite doblarse en espacios reducidos o girar sobre su eje en espacios limitados.\u00a0<\/span>\r\n\r\n<b>La elevaci\u00f3n, descenso, extensi\u00f3n y retracci\u00f3n del brazo telesc\u00f3pico se controlan mediante un radiocontrol tipo joystick que permite gestionar la velocidad y proporcionalidad de todos los movimientos del brazo de la gr\u00faa.<\/b>\r\n\r\n<span style=\"font-weight: 400\">Equipamiento de serie: bater\u00edas AGM selladas y libres de mantenimiento, cargador de bater\u00edas externo, columna luminosa para indicar el correcto funcionamiento de la gr\u00faa y aviso de sobrecarga, parada de emergencia. La <\/span><b>gr\u00faa OMNIA 2TR<\/b><span style=\"font-weight: 400\"> tambi\u00e9n cuenta con una pantalla multifunci\u00f3n que muestra el estado de carga, el voltaje de la bater\u00eda y las horas de funcionamiento.<\/span>\r\n\r\n<b>Funciones de seguridad:<\/b>\r\n\r\n<b>Limitador de carga din\u00e1mico<\/b><span style=\"font-weight: 400\"> que previene sobrecargas y posibles accidentes. Monitorea continuamente la carga que se levanta o manipula y limita autom\u00e1ticamente la operaci\u00f3n si la carga excede el l\u00edmite de seguridad predeterminado.<\/span>\r\n\r\n<span style=\"font-weight: 400\">Si la manguera hidr\u00e1ulica se rompe, se activa autom\u00e1ticamente una <\/span><b>v\u00e1lvula de cierre<\/b><span style=\"font-weight: 400\">, evitando que la carga caiga incontrolablemente.<\/span>\r\n\r\n<span style=\"font-weight: 400\">El timon est\u00e1 equipado con un selector de velocidad que permite ajustar la velocidad del veh\u00edculo para adaptarse a diferentes requisitos operativos. Hay dos posiciones disponibles:<\/span>\r\n<ul>\r\n \t<li><span style=\"font-weight: 400\"> Modo lento: limita la velocidad m\u00e1xima a 1,5 km\/h, ideal para maniobras precisas en espacios reducidos y manejo suave de cargas.<\/span><\/li>\r\n \t<li><span style=\"font-weight: 400\"> Velocidad est\u00e1ndar: Permite una velocidad m\u00e1xima de 3 km\/h, adecuada para recorridos de larga distancia en condiciones est\u00e1ndar<\/span><\/li>\r\n<\/ul>\r\n<span style=\"font-weight: 400\">OMNIA 2TR puede equiparse con cualquier tipo de accesorios de elevaci\u00f3n para aplicaciones espec\u00edficas: ventosas de elevaci\u00f3n, vigas de elevaci\u00f3n, abrazaderas, inclinadores, imanes permanentes, etc.<\/span>","_et_gb_content_width":""},"product_brand":[],"product_cat":[66],"product_tag":[],"class_list":{"0":"post-16551","1":"product","2":"type-product","3":"status-publish","4":"has-post-thumbnail","6":"product_cat-gruas-pick-carry-con-doble-o-triple-extension-electrica","7":"pa_portata-max-kg-2000-es","9":"first","10":"instock","11":"shipping-taxable","12":"product-type-simple"},"acf":[],"gallery_images":[309894,309834,309844,309854,309864,309874,309884],"_links":{"self":[{"href":"https:\/\/liftingfx.girafdev.com\/es\/wp-json\/wp\/v2\/product\/16551","targetHints":{"allow":["GET"]}}],"collection":[{"href":"https:\/\/liftingfx.girafdev.com\/es\/wp-json\/wp\/v2\/product"}],"about":[{"href":"https:\/\/liftingfx.girafdev.com\/es\/wp-json\/wp\/v2\/types\/product"}],"wp:featuredmedia":[{"embeddable":true,"href":"https:\/\/liftingfx.girafdev.com\/es\/wp-json\/wp\/v2\/media\/309894"}],"wp:attachment":[{"href":"https:\/\/liftingfx.girafdev.com\/es\/wp-json\/wp\/v2\/media?parent=16551"}],"wp:term":[{"taxonomy":"product_brand","embeddable":true,"href":"https:\/\/liftingfx.girafdev.com\/es\/wp-json\/wp\/v2\/product_brand?post=16551"},{"taxonomy":"product_cat","embeddable":true,"href":"https:\/\/liftingfx.girafdev.com\/es\/wp-json\/wp\/v2\/product_cat?post=16551"},{"taxonomy":"product_tag","embeddable":true,"href":"https:\/\/liftingfx.girafdev.com\/es\/wp-json\/wp\/v2\/product_tag?post=16551"}],"curies":[{"name":"wp","href":"https:\/\/api.w.org\/{rel}","templated":true}]}}