{"id":16531,"date":"2023-12-15T08:55:02","date_gmt":"2023-12-15T07:55:02","guid":{"rendered":"https:\/\/liftingfx.girafdev.com?post_type=product&#038;p=16531"},"modified":"2025-06-27T18:07:03","modified_gmt":"2025-06-27T16:07:03","slug":"orbit-500er-grua-contrapesada-electrica-con-mando-a-distancia-capacidad-500-kg","status":"publish","type":"product","link":"https:\/\/liftingfx.girafdev.com\/es\/product\/orbit-500er-grua-contrapesada-electrica-con-mando-a-distancia-capacidad-500-kg\/","title":{"rendered":"ORBIT 500ER GR\u00daA EL\u00c9CTRICA GIRATORIA"},"content":{"rendered":"<p><b>La gr\u00faa ORBIT 500ER es una gr\u00faa giratoria totalmente el\u00e9ctrica que permite levantar cargas de hasta 500 kg.<\/b><\/p>\n<p><span style=\"font-weight: 400;\">Este <\/span><b>equipo de elevaci\u00f3n m\u00f3vil<\/b><span style=\"font-weight: 400;\"> est\u00e1 equipado de serie con una doble extensi\u00f3n el\u00e9ctrica que le permite alcanzar un voladizo de 2410 mm y un volante motorizado que ofrece una \u00f3ptima maniobrabilidad incluso en entornos de trabajo con espacio limitado.<\/span><\/p>\n<p><b>El mando a distancia, dotado de potenci\u00f3metro, permite al operador controlar con extrema precisi\u00f3n y gradualidad todos los movimientos del brazo telesc\u00f3pico, desde la elevaci\u00f3n hasta la extensi\u00f3n. La rotaci\u00f3n motorizada completa la versatilidad de esta gr\u00faa, haci\u00e9ndola ideal para operaciones de elevaci\u00f3n en espacios reducidos.<\/b><\/p>\n<p><span style=\"font-weight: 400;\">La <\/span><b>gr\u00faa motorizada ORBIT 500ER<\/b><span style=\"font-weight: 400;\"> es una soluci\u00f3n de elevaci\u00f3n todo en uno que, gracias a su <\/span><b>rotaci\u00f3n de 210 \u00b0 y a su brazo telesc\u00f3pico<\/b><span style=\"font-weight: 400;\">, simplifica y optimiza todas las operaciones de carga y descarga de moldes, utillaje de centros de mecanizado CNC, posicionamiento de chapa en m\u00e1quinas de corte por plasma. , mantenimiento y montaje de componentes en diversos tipos de maquinaria.<\/span><\/p>\n<p><b>La gr\u00faa electrohidr\u00e1ulica Orbit 500ER es la soluci\u00f3n ideal para quienes necesitan la m\u00e1xima maniobrabilidad en espacios limitados. Su anchura limitada, 990 mm, y la rotaci\u00f3n del sistema brazo-lastre sin volumen adicional, lo hacen \u00fanico en su tipo.<\/b><\/p>\n<p><span style=\"font-weight: 400;\">Equipamiento de serie: bater\u00edas AGM selladas y libres de mantenimiento, cargador de bater\u00edas externo, indicador luminoso LED que indica el correcto funcionamiento y se\u00f1ala cualquier sobrecarga, bot\u00f3n de parada de emergencia. La gr\u00faa ORBIT 500ER tambi\u00e9n est\u00e1 equipada con una pantalla multifunci\u00f3n que muestra el nivel de carga, el voltaje de la bater\u00eda y las horas de funcionamiento.<\/span><\/p>\n<p><b>Funciones de seguridad:<\/b><\/p>\n<p><b>Limitador de carga din\u00e1mico<\/b><span style=\"font-weight: 400;\"> que previene sobrecargas y posibles accidentes. Monitorea constantemente la carga que se levanta o mueve y limita autom\u00e1ticamente la operaci\u00f3n si la carga excede el l\u00edmite de seguridad preestablecido.<\/span><\/p>\n<p><span style=\"font-weight: 400;\">Una <\/span><b>v\u00e1lvula de bloqueo<\/b><span style=\"font-weight: 400;\"> se activa autom\u00e1ticamente en caso de rotura de las tuber\u00edas del sistema hidr\u00e1ulico, evitando que la carga descienda sin control.<\/span><\/p>\n<p><span style=\"font-weight: 400;\">Hay un selector de velocidad en el tim\u00f3n que permite adaptar la velocidad del veh\u00edculo a las diferentes necesidades operativas.<\/span><\/p>\n<ul>\n<li><span style=\"font-weight: 400;\"> Modo lento: limita la velocidad m\u00e1xima a 1,5 km\/h, ideal para maniobras precisas en espacios reducidos y manipulaci\u00f3n delicada de cargas.<\/span><\/li>\n<li><span style=\"font-weight: 400;\"> Velocidad est\u00e1ndar: permite una velocidad m\u00e1xima de 3 km\/h, adecuada para recorrer largas distancias en condiciones est\u00e1ndar<\/span><\/li>\n<\/ul>\n","protected":false},"excerpt":{"rendered":"<p>CON MANDO A DISTANCIA<\/p>\n<p><span data-sheets-root=\"1\">CAPACIDAD DE LEVANTAMIENTO<\/span> 500 KG<\/p>\n","protected":false},"featured_media":308711,"template":"","meta":{"_acf_changed":false,"_et_pb_use_builder":"","_et_pb_old_content":"","_et_gb_content_width":""},"product_brand":[],"product_cat":[66],"product_tag":[],"class_list":{"0":"post-16531","1":"product","2":"type-product","3":"status-publish","4":"has-post-thumbnail","6":"product_cat-gruas-pick-carry-con-doble-o-triple-extension-electrica","7":"pa_portata-max-kg-500-es-2","9":"first","10":"instock","11":"shipping-taxable","12":"product-type-simple"},"acf":[],"gallery_images":[308692,308702,308712,308682,308672,308662,308652],"_links":{"self":[{"href":"https:\/\/liftingfx.girafdev.com\/es\/wp-json\/wp\/v2\/product\/16531","targetHints":{"allow":["GET"]}}],"collection":[{"href":"https:\/\/liftingfx.girafdev.com\/es\/wp-json\/wp\/v2\/product"}],"about":[{"href":"https:\/\/liftingfx.girafdev.com\/es\/wp-json\/wp\/v2\/types\/product"}],"wp:featuredmedia":[{"embeddable":true,"href":"https:\/\/liftingfx.girafdev.com\/es\/wp-json\/wp\/v2\/media\/308711"}],"wp:attachment":[{"href":"https:\/\/liftingfx.girafdev.com\/es\/wp-json\/wp\/v2\/media?parent=16531"}],"wp:term":[{"taxonomy":"product_brand","embeddable":true,"href":"https:\/\/liftingfx.girafdev.com\/es\/wp-json\/wp\/v2\/product_brand?post=16531"},{"taxonomy":"product_cat","embeddable":true,"href":"https:\/\/liftingfx.girafdev.com\/es\/wp-json\/wp\/v2\/product_cat?post=16531"},{"taxonomy":"product_tag","embeddable":true,"href":"https:\/\/liftingfx.girafdev.com\/es\/wp-json\/wp\/v2\/product_tag?post=16531"}],"curies":[{"name":"wp","href":"https:\/\/api.w.org\/{rel}","templated":true}]}}