{"id":16409,"date":"2023-12-14T16:45:38","date_gmt":"2023-12-14T15:45:38","guid":{"rendered":"https:\/\/liftingfx.girafdev.com?post_type=product&#038;p=16409"},"modified":"2025-06-26T10:02:37","modified_gmt":"2025-06-26T08:02:37","slug":"flex-f1000dbr-grua-electrica-capacidad-1000-kg-con-mando-a-distancia","status":"publish","type":"product","link":"https:\/\/liftingfx.girafdev.com\/es\/product\/flex-f1000dbr-grua-electrica-capacidad-1000-kg-con-mando-a-distancia\/","title":{"rendered":"FLEX F1000DBR GR\u00daA EL\u00c9CTRICA INDUSTRIAL"},"content":{"rendered":"<p><b>La gr\u00faa FLEX F1000DBR es una gr\u00faa contrapesada de columna fija y tracci\u00f3n el\u00e9ctrica que permite el levantamiento de cargas de hasta 1000 kg.<\/b><\/p>\n<p><span style=\"font-weight: 400;\">Est\u00e1 equipada con un doble brazo telesc\u00f3pico que le permite alcanzar un voladizo de 2500 mm.<\/span><\/p>\n<p><span style=\"font-weight: 400;\">La <\/span><b>gr\u00faa el\u00e9ctrica FLEX F1000DBR <\/b><span style=\"font-weight: 400;\">ofrece un control preciso y seguro de todas las operaciones. La rueda motriz pivotante y las ruedas delanteras fijas garantizan una maniobrabilidad \u00f3ptima incluso en espacios reducidos. Las funciones el\u00e9ctricas, regulables en velocidad, permiten adaptar la gr\u00faa a cualquier carga y situaci\u00f3n.<\/span><\/p>\n<p><b>El mando a distancia, dotado de potenci\u00f3metro, permite al operador controlar con extrema precisi\u00f3n y gradualidad todos los movimientos del brazo telesc\u00f3pico, desde la elevaci\u00f3n hasta la extensi\u00f3n.<\/b><\/p>\n<p><span style=\"font-weight: 400;\">Gracias al contrapeso integrado, es una <\/span><b>soluci\u00f3n de elevaci\u00f3n m\u00f3vil y vers\u00e1til<\/b><span style=\"font-weight: 400;\">. Sin necesidad de estabilizadores, nuestra gr\u00faa puede operar en espacios reducidos y trasladarse r\u00e1pidamente de un punto a otro. Es la soluci\u00f3n ideal para quienes buscan una soluci\u00f3n flexible y f\u00e1cil de usar.<\/span><\/p>\n<p><span style=\"font-weight: 400;\">Gracias a su flexibilidad, la <\/span><b>gr\u00faa motorizada FLEX F1000DBR <\/b><span style=\"font-weight: 400;\">permite alcanzar y posicionar f\u00e1cilmente cualquier tipo de carga, incluso en espacios estrechos o de dif\u00edcil acceso, como m\u00e1quinas herramienta, estanter\u00edas y bancos de montaje.<\/span><\/p>\n<p><b>Funciones de seguridad:<\/b><\/p>\n<p><b>Limitador de carga din\u00e1mico<\/b><span style=\"font-weight: 400;\"> que previene sobrecargas y posibles accidentes. Monitorea constantemente la carga que se levanta o mueve y limita autom\u00e1ticamente la operaci\u00f3n si la carga excede el l\u00edmite de seguridad preestablecido.<\/span><\/p>\n<p><span style=\"font-weight: 400;\">Una <\/span><b>v\u00e1lvula de bloqueo<\/b><span style=\"font-weight: 400;\"> se activa autom\u00e1ticamente en caso de rotura de las tuber\u00edas del sistema hidr\u00e1ulico, evitando que la carga descienda sin control.<\/span><\/p>\n<p><span style=\"font-weight: 400;\">El tim\u00f3n est\u00e1 equipado con un selector de velocidad que permite adaptar la velocidad del veh\u00edculo a las diferentes necesidades operativas.<\/span><\/p>\n<ul>\n<li><span style=\"font-weight: 400;\"> Modo lento: limita la velocidad m\u00e1xima a 1,5 km\/h, ideal para maniobras precisas en espacios reducidos y manipulaci\u00f3n delicada de cargas.<\/span><\/li>\n<li><span style=\"font-weight: 400;\"> Velocidad est\u00e1ndar: permite una velocidad m\u00e1xima de 3 km\/h, adecuada para recorrer largas distancias en condiciones est\u00e1ndar<\/span><\/li>\n<\/ul>\n<p><span style=\"font-weight: 400;\">Equipamiento de serie: bater\u00edas AGM selladas y libres de mantenimiento, cargador de bater\u00edas externo, indicador luminoso LED que indica el correcto funcionamiento y se\u00f1ala cualquier sobrecarga, bot\u00f3n de parada de emergencia. La gr\u00faa FLEX F1000DBR tambi\u00e9n est\u00e1 equipada con una pantalla multifunci\u00f3n que muestra el nivel de carga, el voltaje de la bater\u00eda y las horas de funcionamiento.<\/span><\/p>\n","protected":false},"excerpt":{"rendered":"<p>CON MANDO A DISTANCIA<\/p>\n<p><span data-sheets-root=\"1\">CAPACIDAD DE LEVANTAMIENTO<\/span> 1000 KG<\/p>\n","protected":false},"featured_media":16401,"template":"","meta":{"_acf_changed":false,"_et_pb_use_builder":"","_et_pb_old_content":"","_et_gb_content_width":""},"product_brand":[],"product_cat":[62],"product_tag":[],"class_list":{"0":"post-16409","1":"product","2":"type-product","3":"status-publish","4":"has-post-thumbnail","6":"product_cat-gruas-con-1-extension-electrica","7":"pa_portata-max-kg-1000-es-2","9":"first","10":"instock","11":"shipping-taxable","12":"product-type-simple"},"acf":[],"gallery_images":[303764,303774,303754,303734,303744,303724,303714],"_links":{"self":[{"href":"https:\/\/liftingfx.girafdev.com\/es\/wp-json\/wp\/v2\/product\/16409","targetHints":{"allow":["GET"]}}],"collection":[{"href":"https:\/\/liftingfx.girafdev.com\/es\/wp-json\/wp\/v2\/product"}],"about":[{"href":"https:\/\/liftingfx.girafdev.com\/es\/wp-json\/wp\/v2\/types\/product"}],"wp:featuredmedia":[{"embeddable":true,"href":"https:\/\/liftingfx.girafdev.com\/es\/wp-json\/wp\/v2\/media\/16401"}],"wp:attachment":[{"href":"https:\/\/liftingfx.girafdev.com\/es\/wp-json\/wp\/v2\/media?parent=16409"}],"wp:term":[{"taxonomy":"product_brand","embeddable":true,"href":"https:\/\/liftingfx.girafdev.com\/es\/wp-json\/wp\/v2\/product_brand?post=16409"},{"taxonomy":"product_cat","embeddable":true,"href":"https:\/\/liftingfx.girafdev.com\/es\/wp-json\/wp\/v2\/product_cat?post=16409"},{"taxonomy":"product_tag","embeddable":true,"href":"https:\/\/liftingfx.girafdev.com\/es\/wp-json\/wp\/v2\/product_tag?post=16409"}],"curies":[{"name":"wp","href":"https:\/\/api.w.org\/{rel}","templated":true}]}}