{"id":1640,"date":"2022-02-22T12:04:00","date_gmt":"2022-02-22T11:04:00","guid":{"rendered":"https:\/\/liftingfx.girafdev.comprodotto\/manuelle-krane-01b2p-200kg-elektrisches-senken-verstellbare-geschwindigkeit\/"},"modified":"2025-08-04T09:00:09","modified_gmt":"2025-08-04T07:00:09","slug":"grua-de-traccion-manual-01b2p-200kg-descenso-del-brazo-electrico-velocidad-ajustable","status":"publish","type":"product","link":"https:\/\/liftingfx.girafdev.com\/es\/product\/grua-de-traccion-manual-01b2p-200kg-descenso-del-brazo-electrico-velocidad-ajustable\/","title":{"rendered":"01B2P MINI GR\u00daA GIRATORIA"},"content":{"rendered":"<p><b>La gr\u00faa m\u00f3vil modelo 01B2P puede levantar y mover cargas de hasta 200 kg.<\/b><span style=\"font-weight: 400\">\u00a0Gr\u00faa giratoria de 360\u00b0 con rotaci\u00f3n libre (palanca en posici\u00f3n de reposo) o bloqueable cada 30\u00b0. Robusto mango de empuje que se puede desmontar y 2 asas para girar f\u00e1cilmente el contrapeso. <\/span><b>La peculiaridad que hace que la gr\u00faa m\u00f3vil 01B2P sea incre\u00edblemente maniobrable es la huella frontal de solo 780 mm.<\/b><span style=\"font-weight: 400\">\u00a0Es el tama\u00f1o m\u00e1s peque\u00f1o del mercado.\u00a0<\/span><\/p>\n<p><span style=\"font-weight: 400\">Esta mini gr\u00faa est\u00e1 equipada con 2 ruedas pivotantes de alta capacidad con soportes de parachoques y frenos de estacionamiento y con 2 ruedas delanteras fijas con rodamientos. El bastidor est\u00e1 hecho de acero pintado equipado con 2 \u00fatiles soportes de carretilla elevadora en la base (para levantar y transportar la gr\u00faa durante largas distancias con total seguridad).\u00a0<\/span><\/p>\n<p><b>La gr\u00faa m\u00f3vil 01B2P est\u00e1 equipada con una estaci\u00f3n colgante para el ascenso el\u00e9ctrico de una sola velocidad y el descenso el\u00e9ctrico a velocidad ajustable con un joystick especial.<\/b><span style=\"font-weight: 400\">\u00a0El descenso milim\u00e9trico ajustable es un requisito fundamental cuando se requiere una gran precisi\u00f3n en el posicionamiento de la carga. La estaci\u00f3n colgante tambi\u00e9n est\u00e1 equipada con una parada de emergencia .\u00a0<\/span><\/p>\n<p><span style=\"font-weight: 400\">El sistema hidr\u00e1ulico est\u00e1 equipado con una v\u00e1lvula de bloqueo que evita que la carga caiga en caso de rotura accidental de las tuber\u00edas y una v\u00e1lvula de pr\u00e9sion que evita la sobrecarga de la gr\u00faa. El brazo es extensible en 4 posiciones y tres tipos de extensiones opcionales est\u00e1n disponibles para obtener una longitud m\u00e1xima de 2050 mm.<\/span><\/p>\n<p>Alimentada por bater\u00eda sellada AGM, esta gr\u00faa tambi\u00e9n puede equiparse con bater\u00eda de litio.<span style=\"font-weight: 400\">\u00a0Cargador de bater\u00eda externo. <\/span><\/p>\n<p><span style=\"font-weight: 400\">Gancho giratorio con cerradura de seguridad. Mango de empuje resistente que se puede desmontar.\u00a0<\/span><\/p>\n<p><b>Display multifunci\u00f3n que indica nivel de carga, voltaje de la bater\u00eda y contador de horas de funcionamiento.<\/b><\/p>\n","protected":false},"excerpt":{"rendered":"<p><span data-sheets-root=\"1\">CAPACIDAD DE LEVANTAMIENTO<\/span> 200 KG<\/p>\n","protected":false},"featured_media":317343,"template":"","meta":{"_acf_changed":false,"_et_pb_use_builder":"","_et_pb_old_content":"","_et_gb_content_width":""},"product_brand":[],"product_cat":[74],"product_tag":[],"class_list":{"0":"post-1640","1":"product","2":"type-product","3":"status-publish","4":"has-post-thumbnail","6":"product_cat-gruas-giratoria-360","7":"pa_portata-max-kg-200-es-2","9":"first","10":"instock","11":"shipping-taxable","12":"product-type-simple"},"acf":[],"gallery_images":[317334,317398,317384,317374,317354,317344],"_links":{"self":[{"href":"https:\/\/liftingfx.girafdev.com\/es\/wp-json\/wp\/v2\/product\/1640","targetHints":{"allow":["GET"]}}],"collection":[{"href":"https:\/\/liftingfx.girafdev.com\/es\/wp-json\/wp\/v2\/product"}],"about":[{"href":"https:\/\/liftingfx.girafdev.com\/es\/wp-json\/wp\/v2\/types\/product"}],"wp:featuredmedia":[{"embeddable":true,"href":"https:\/\/liftingfx.girafdev.com\/es\/wp-json\/wp\/v2\/media\/317343"}],"wp:attachment":[{"href":"https:\/\/liftingfx.girafdev.com\/es\/wp-json\/wp\/v2\/media?parent=1640"}],"wp:term":[{"taxonomy":"product_brand","embeddable":true,"href":"https:\/\/liftingfx.girafdev.com\/es\/wp-json\/wp\/v2\/product_brand?post=1640"},{"taxonomy":"product_cat","embeddable":true,"href":"https:\/\/liftingfx.girafdev.com\/es\/wp-json\/wp\/v2\/product_cat?post=1640"},{"taxonomy":"product_tag","embeddable":true,"href":"https:\/\/liftingfx.girafdev.com\/es\/wp-json\/wp\/v2\/product_tag?post=1640"}],"curies":[{"name":"wp","href":"https:\/\/api.w.org\/{rel}","templated":true}]}}