{"id":15619,"date":"2023-08-05T09:32:22","date_gmt":"2023-08-05T07:32:22","guid":{"rendered":"https:\/\/liftingfx.girafdev.com?post_type=product&#038;p=15619"},"modified":"2025-06-26T10:47:12","modified_gmt":"2025-06-26T08:47:12","slug":"flex-g1000dbl-grua-motorizada-giratoria-capacidad-1000-kg-con-doble-extension-electrica","status":"publish","type":"product","link":"https:\/\/liftingfx.girafdev.com\/es\/product\/flex-g1000dbl-grua-motorizada-giratoria-capacidad-1000-kg-con-doble-extension-electrica\/","title":{"rendered":"FLEX G1000DBL GR\u00daA GIRATORIA EL\u00c9CTRICA"},"content":{"rendered":"<p><b>La gr\u00faa FLEX G1000DBL es una gr\u00faa giratoria totalmente el\u00e9ctrica que permite levantar cargas de hasta 1.000 kg.<\/b><\/p>\n<p>&nbsp;<\/p>\n<p><span style=\"font-weight: 400;\">Este <\/span><b>equipo de elevaci\u00f3n m\u00f3vil<\/b><span style=\"font-weight: 400;\"> est\u00e1 equipado de serie con una doble extensi\u00f3n el\u00e9ctrica que le permite alcanzar un voladizo de 2400 mm y un volante que permite maniobrar la gr\u00faa incluso en espacios reducidos.<\/span><\/p>\n<p><b>El sistema de control intuitivo, basado en palancas, permite al operador mover el brazo telesc\u00f3pico con extrema precisi\u00f3n y fluidez. La velocidad de cada movimiento del brazo es perfectamente modulable, asegurando un posicionamiento preciso de la carga en cualquier punto dentro del rango de acci\u00f3n. La rotaci\u00f3n motorizada completa la versatilidad de esta gr\u00faa, haci\u00e9ndola ideal para operaciones de elevaci\u00f3n en espacios reducidos.<\/b><\/p>\n<p><span style=\"font-weight: 400;\">La <\/span><b>gr\u00faa motorizada Flex G1000DBL<\/b><span style=\"font-weight: 400;\"> es una soluci\u00f3n de elevaci\u00f3n todo en uno que, gracias a su <\/span><b>rotaci\u00f3n de 220\u00b0 y a su brazo telesc\u00f3pico<\/b><span style=\"font-weight: 400;\">, simplifica y optimiza todas las operaciones de carga y descarga de moldes, utillaje de centros de mecanizado CNC, posicionamiento de chapa en m\u00e1quinas de corte por plasma. , mantenimiento y montaje de componentes en diversos tipos de maquinaria.<\/span><\/p>\n<p><span style=\"font-weight: 400;\">Para garantizar la m\u00e1xima maniobrabilidad incluso en espacios reducidos, esta gr\u00faa electrohidr\u00e1ulica puede equiparse con un <\/span><b>lastre a\u00fan m\u00e1s compacto, dise\u00f1ado para no superar el tama\u00f1o de la propia m\u00e1quina, independientemente de la posici\u00f3n del brazo.<\/b><\/p>\n<p><span style=\"font-weight: 400;\">La <\/span><b>gr\u00faa electrohidr\u00e1ulica Flex G1000DBL<\/b><span style=\"font-weight: 400;\"> est\u00e1 equipada con controles de palanca para activar las siguientes funciones con velocidad regulable y proporcional: elevaci\u00f3n, descenso, extensi\u00f3n, retracci\u00f3n y rotaci\u00f3n del brazo.<\/span><\/p>\n<p><span style=\"font-weight: 400;\">Equipamiento de serie: bater\u00edas AGM selladas y libres de mantenimiento, cargador de bater\u00edas externo, indicador luminoso LED que indica el correcto funcionamiento y se\u00f1ala cualquier sobrecarga, bot\u00f3n de parada de emergencia. La gr\u00faa Flex G1000DBL tambi\u00e9n est\u00e1 equipada con una pantalla multifunci\u00f3n que muestra el nivel de carga, el voltaje de la bater\u00eda y las horas de funcionamiento.<\/span><\/p>\n<p><b>Funciones de seguridad:<\/b><\/p>\n<p><b>Limitador de carga din\u00e1mico<\/b><span style=\"font-weight: 400;\"> que previene sobrecargas y posibles accidentes. Monitorea constantemente la carga que se levanta o mueve y limita autom\u00e1ticamente la operaci\u00f3n si la carga excede el l\u00edmite de seguridad preestablecido.<\/span><\/p>\n<p><span style=\"font-weight: 400;\">Una <\/span><b>v\u00e1lvula de bloqueo<\/b><span style=\"font-weight: 400;\"> se activa autom\u00e1ticamente en caso de rotura de las tuber\u00edas del sistema hidr\u00e1ulico, evitando que la carga descienda sin control.<\/span><\/p>\n<p><span style=\"font-weight: 400;\">Hay un selector de velocidad en el tim\u00f3n que permite adaptar la velocidad del veh\u00edculo a las diferentes necesidades operativas.<\/span><\/p>\n<ul>\n<li><span style=\"font-weight: 400;\"> Modo lento: limita la velocidad m\u00e1xima a 1,5 km\/h, ideal para maniobras precisas en espacios reducidos y manipulaci\u00f3n delicada de cargas.<\/span><\/li>\n<li><span style=\"font-weight: 400;\"> Velocidad est\u00e1ndar: permite una velocidad m\u00e1xima de 3 km\/h, adecuada para recorrer largas distancias en condiciones est\u00e1ndar<\/span><\/li>\n<\/ul>\n","protected":false},"excerpt":{"rendered":"<p>CON PALANCAS DE CONTROL<\/p>\n<p><span data-sheets-root=\"1\">CAPACIDAD DE LEVANTAMIENTO<\/span> 1000 KG<\/p>\n","protected":false},"featured_media":309005,"template":"","meta":{"_acf_changed":false,"_et_pb_use_builder":"","_et_pb_old_content":"<strong>FLEX G500SB es una gr\u00faa contrapesada giratoria con tracci\u00f3n el\u00e9ctrica que permite levantar y transportar cargas de hasta 500 kg.<\/strong>\r\n\r\nEst\u00e1 equipada con un brazo el\u00e9ctrico + una extensi\u00f3n mec\u00e1nica que permite de extender el brazo hasta una longitud m\u00e1xima de 1930 mm.\r\n\r\nLa rotaci\u00f3n se controla manualmente y es facilitada por 2 manijas ubicadas en la parte superior del sistema de lastre integrado. Brazo giratorio bloqueable en 8 posiciones.\r\n\r\nEquipada con 2 ruedas fijas y 2 ruedas estabilizadoras pivotantes. Rueda motriz autofrenante para una f\u00e1cil maniobrabilidad en espacios reducidos.\r\n\r\nElevaci\u00f3n y descenso el\u00e9ctricos, extensi\u00f3n y retraimiento a velocidad ajustable y proporcional.\r\n\r\nGracias a su brazo giratorio de 270 grados, esta gr\u00faa es ideal para la colocaci\u00f3n de moldes y diversas cargas sobre barreras, en m\u00e1quinas 3D, aberturas estrechas, l\u00edneas de montaje, protecciones perimetrales.\r\n\r\nLIMITADOR DIN\u00c1MICO DE CARGA M\u00c1XIMA: la gr\u00faa FLEX G500SB est\u00e1 equipada de serie con un dispositivo que bloquea el avance de la extensi\u00f3n si se supera la capacidad m\u00e1xima permitida. La \u00fanica operaci\u00f3n posible sigue siendo el descenso para devolver el brazo a la posici\u00f3n de seguridad y reactivar todas las funciones.\r\n\r\n<b>EQUIPADA CON UN DISTRIBUIDOR DE 4 FUNCIONES PARA :<\/b>\r\n<ul>\r\n \t<li><strong>elevaci\u00f3n del brazo<\/strong><\/li>\r\n \t<li><b>descenso del brazo<\/b><\/li>\r\n \t<li><b>ext\u00e9nsion del brazo<\/b><\/li>\r\n \t<li><b>reitraimiento del brazo<\/b><\/li>\r\n<\/ul>\r\nCuando la palanca del joystick se mueve en las posiciones de elevaci\u00f3n, extensi\u00f3n y descenso, los micro interruptores activan autom\u00e1ticamente el motor de la unidad hidr\u00e1ulica que permite los movimientos; el descenso se realiza de forma segura con el motor apagado.\r\n\r\nLa soluci\u00f3n de elevaci\u00f3n FLEXG500SB le permite mover y levantar cargas en pleno cumplimiento de las normas vigentes para la protecci\u00f3n de la seguridad de los trabajadores.\r\nEl sistema hidr\u00e1ulico est\u00e1 equipado con una v\u00e1lvula de bloqueo que evita la ca\u00edda de la carga en caso de rotura accidental del tubo. La bomba est\u00e1 equipada con una v\u00e1lvula que evita que la m\u00e1quina se sobrecargue.","_et_gb_content_width":""},"product_brand":[],"product_cat":[62],"product_tag":[],"class_list":{"0":"post-15619","1":"product","2":"type-product","3":"status-publish","4":"has-post-thumbnail","6":"product_cat-gruas-con-1-extension-electrica","7":"pa_portata-max-kg-1000-es-2","9":"first","10":"instock","11":"shipping-taxable","12":"product-type-simple"},"acf":[],"gallery_images":[308986,309046,309036,309026,309016,309006,308996],"_links":{"self":[{"href":"https:\/\/liftingfx.girafdev.com\/es\/wp-json\/wp\/v2\/product\/15619","targetHints":{"allow":["GET"]}}],"collection":[{"href":"https:\/\/liftingfx.girafdev.com\/es\/wp-json\/wp\/v2\/product"}],"about":[{"href":"https:\/\/liftingfx.girafdev.com\/es\/wp-json\/wp\/v2\/types\/product"}],"wp:featuredmedia":[{"embeddable":true,"href":"https:\/\/liftingfx.girafdev.com\/es\/wp-json\/wp\/v2\/media\/309005"}],"wp:attachment":[{"href":"https:\/\/liftingfx.girafdev.com\/es\/wp-json\/wp\/v2\/media?parent=15619"}],"wp:term":[{"taxonomy":"product_brand","embeddable":true,"href":"https:\/\/liftingfx.girafdev.com\/es\/wp-json\/wp\/v2\/product_brand?post=15619"},{"taxonomy":"product_cat","embeddable":true,"href":"https:\/\/liftingfx.girafdev.com\/es\/wp-json\/wp\/v2\/product_cat?post=15619"},{"taxonomy":"product_tag","embeddable":true,"href":"https:\/\/liftingfx.girafdev.com\/es\/wp-json\/wp\/v2\/product_tag?post=15619"}],"curies":[{"name":"wp","href":"https:\/\/api.w.org\/{rel}","templated":true}]}}