{"id":1544,"date":"2022-02-22T11:49:46","date_gmt":"2022-02-22T10:49:46","guid":{"rendered":"https:\/\/liftingfx.girafdev.comprodotto\/manuelle-krane-01b5-500kg-elektrisches-heben-und-senken-geschwindigkeit-nicht-einstellbar\/"},"modified":"2025-08-04T08:59:46","modified_gmt":"2025-08-04T06:59:46","slug":"grua-movil-contrapesada-01b5-500-kg-elevacion-y-descenso-del-brazo-electrico-velocidad-no-ajustable","status":"publish","type":"product","link":"https:\/\/liftingfx.girafdev.com\/es\/product\/grua-movil-contrapesada-01b5-500-kg-elevacion-y-descenso-del-brazo-electrico-velocidad-no-ajustable\/","title":{"rendered":"01B5 GR\u00daA HIDR\u00c1ULICA SEMIEL\u00c9CTRICA"},"content":{"rendered":"<p><span style=\"font-weight: 400\">La <\/span><b>gr\u00faa de taller contrapesada<\/b><span style=\"font-weight: 400\"> modelo 01B5 puede levantar y mover cargas de hasta 500 kg. <\/span><b>Gr\u00faa giratoria de 360\u00b0<\/b><span style=\"font-weight: 400\"> con rotaci\u00f3n libre (palanca en posici\u00f3n de reposo) o bloqueable cada 30\u00b0. Robusto mango de empuje que se puede desmontar y 2 asas para girar f\u00e1cilmente el contrapeso. La peculiaridad que hace que la gr\u00faa m\u00f3vil 01B5 sea incre\u00edblemente maniobrable es la huella frontal de solo 980 mm. Es el tama\u00f1o m\u00e1s peque\u00f1o del mercado.\u00a0<\/span><\/p>\n<p><span style=\"font-weight: 400\">Esta mini gr\u00faa est\u00e1 equipada con 2 ruedas pivotantes de alta capacidad con soportes de parachoques y frenos de estacionamiento y con 2 ruedas delanteras fijas con rodamientos. El bastidor est\u00e1 hecho de acero pintado y est\u00e1 equipado en la base con 2 soportes \u00fatiles para carretillas elevadoras (para levantar y transportar la gr\u00faa con total seguridad en largas distancias.<\/span><\/p>\n<p><b>Elevaci\u00f3n y descenso del brazo el\u00e9ctricos <\/b><span style=\"font-weight: 400\">y velocidad no ajustable. Se realizan utilizando la estaci\u00f3n colgante. La estaci\u00f3n colgante tambi\u00e9n est\u00e1 equipada con una parada de emergencia.\u00a0<\/span><\/p>\n<p><span style=\"font-weight: 400\">El sistema hidr\u00e1ulico est\u00e1 equipado con una <\/span><b>v\u00e1lvula de bloqueo que evita que la carga caiga en caso de rotura accidental de las tuber\u00edas y una v\u00e1lvula de pr\u00e9sion m\u00e1xima que evita la sobrecarga de la gr\u00faa.<\/b><span style=\"font-weight: 400\"> El brazo de la gr\u00faa de taller contrapesada es extensible en 4 posiciones y tres tipos de extensiones opcionales est\u00e1n disponibles para obtener una <\/span><b>longitud m\u00e1xima de 2050 mm<\/b><span style=\"font-weight: 400\">.<\/span><\/p>\n<p>Alimentada por bater\u00eda sellada AGM, esta gr\u00faa tambi\u00e9n puede equiparse con bater\u00eda de litio.<span style=\"font-weight: 400\">\u00a0Cargador de bater\u00eda externo. <\/span><\/p>\n<p><span style=\"font-weight: 400\">Gancho giratorio con cerradura de seguridad. Mango de empuje resistente que se puede desmontar.\u00a0<\/span><\/p>\n<p><b>Display multifunci\u00f3n que indica nivel de carga, voltaje de la bater\u00eda y contador de horas de funcionamiento.<\/b><\/p>\n<div id=\"gtx-trans\" style=\"position: absolute;left: 742px;top: 355.375px\">\n<div class=\"gtx-trans-icon\"><\/div>\n<\/div>\n","protected":false},"excerpt":{"rendered":"<p><span data-sheets-root=\"1\">CAPACIDAD DE LEVANTAMIENTO<\/span> 500 KG<\/p>\n","protected":false},"featured_media":313419,"template":"","meta":{"_acf_changed":false,"_et_pb_use_builder":"","_et_pb_old_content":"","_et_gb_content_width":""},"product_brand":[],"product_cat":[74],"product_tag":[],"class_list":{"0":"post-1544","1":"product","2":"type-product","3":"status-publish","4":"has-post-thumbnail","6":"product_cat-gruas-giratoria-360","7":"pa_portata-max-kg-500-es-2","9":"first","10":"instock","11":"shipping-taxable","12":"product-type-simple"},"acf":[],"gallery_images":[313419,313449,313439,313429,313409,313399],"_links":{"self":[{"href":"https:\/\/liftingfx.girafdev.com\/es\/wp-json\/wp\/v2\/product\/1544","targetHints":{"allow":["GET"]}}],"collection":[{"href":"https:\/\/liftingfx.girafdev.com\/es\/wp-json\/wp\/v2\/product"}],"about":[{"href":"https:\/\/liftingfx.girafdev.com\/es\/wp-json\/wp\/v2\/types\/product"}],"wp:featuredmedia":[{"embeddable":true,"href":"https:\/\/liftingfx.girafdev.com\/es\/wp-json\/wp\/v2\/media\/313419"}],"wp:attachment":[{"href":"https:\/\/liftingfx.girafdev.com\/es\/wp-json\/wp\/v2\/media?parent=1544"}],"wp:term":[{"taxonomy":"product_brand","embeddable":true,"href":"https:\/\/liftingfx.girafdev.com\/es\/wp-json\/wp\/v2\/product_brand?post=1544"},{"taxonomy":"product_cat","embeddable":true,"href":"https:\/\/liftingfx.girafdev.com\/es\/wp-json\/wp\/v2\/product_cat?post=1544"},{"taxonomy":"product_tag","embeddable":true,"href":"https:\/\/liftingfx.girafdev.com\/es\/wp-json\/wp\/v2\/product_tag?post=1544"}],"curies":[{"name":"wp","href":"https:\/\/api.w.org\/{rel}","templated":true}]}}