{"id":14122,"date":"2023-07-28T13:41:31","date_gmt":"2023-07-28T11:41:31","guid":{"rendered":"https:\/\/liftingfx.girafdev.com?post_type=product&#038;p=14122"},"modified":"2025-06-25T18:21:14","modified_gmt":"2025-06-25T16:21:14","slug":"flex-f1000dbl-grua-electrica-con-columna-fija-y-doble-extension-electrica-capacidad-1000-kg","status":"publish","type":"product","link":"https:\/\/liftingfx.girafdev.com\/es\/product\/flex-f1000dbl-grua-electrica-con-columna-fija-y-doble-extension-electrica-capacidad-1000-kg\/","title":{"rendered":"FLEX F1000DBL SOLUCI\u00d3N DE ELEVACI\u00d3N M\u00d3VIL"},"content":{"rendered":"<p><b>La gr\u00faa FLEX F1000DBL es una gr\u00faa contrapesada de columna fija y tracci\u00f3n el\u00e9ctrica que permite el levantamiento de cargas de hasta 1000 kg.<\/b><\/p>\n<p><span style=\"font-weight: 400;\">Est\u00e1 equipada con un doble brazo telesc\u00f3pico que le permite alcanzar un voladizo de 2500 mm.<\/span><\/p>\n<p><span style=\"font-weight: 400;\">La <\/span><b>gr\u00faa el\u00e9ctrica Flex F1000DBL<\/b><span style=\"font-weight: 400;\"> ofrece un control preciso y seguro de todas las operaciones. La rueda motriz pivotante y las ruedas delanteras fijas garantizan una maniobrabilidad \u00f3ptima incluso en espacios reducidos. Las funciones el\u00e9ctricas, regulables en velocidad, permiten adaptar la gr\u00faa a cualquier carga y situaci\u00f3n.<\/span><\/p>\n<p><b>Los movimientos de elevaci\u00f3n, descenso, extensi\u00f3n y retracci\u00f3n del brazo telesc\u00f3pico son operados y controlados con precisi\u00f3n por el operador mediante palancas simples. La velocidad de cada movimiento es proporcional a la acci\u00f3n ejercida sobre la palanca, asegurando un control intuitivo y preciso.<\/b><\/p>\n<p><span style=\"font-weight: 400;\">El sistema de lastre integrado le permite levantar una carga en voladizo sin tener que instalar estabilizadores laterales. Se trata por tanto de una gr\u00faa m\u00f3vil universal con posibilidad de usos ilimitados y lista para su uso inmediato.<\/span><\/p>\n<p><span style=\"font-weight: 400;\">Gracias a su flexibilidad, la <\/span><b>gr\u00faa motorizada FLEX F1000DBL<\/b><span style=\"font-weight: 400;\"> permite alcanzar y posicionar f\u00e1cilmente cualquier tipo de carga, incluso en espacios estrechos o de dif\u00edcil acceso, como m\u00e1quinas herramienta, estanter\u00edas y bancos de montaje.<\/span><\/p>\n<p><b>Funciones de seguridad:<\/b><\/p>\n<p><b>Limitador de carga din\u00e1mico<\/b><span style=\"font-weight: 400;\"> que previene sobrecargas y posibles accidentes. Monitorea constantemente la carga que se levanta o mueve y limita autom\u00e1ticamente la operaci\u00f3n si la carga excede el l\u00edmite de seguridad preestablecido.<\/span><\/p>\n<p><span style=\"font-weight: 400;\">Una <\/span><b>v\u00e1lvula de bloqueo<\/b><span style=\"font-weight: 400;\"> se activa autom\u00e1ticamente en caso de rotura de las tuber\u00edas del sistema hidr\u00e1ulico, evitando que la carga descienda sin control.<\/span><\/p>\n<p><span style=\"font-weight: 400;\">El tim\u00f3n est\u00e1 equipado con un selector de velocidad que permite adaptar la velocidad del veh\u00edculo a las diferentes necesidades operativas.<\/span><\/p>\n<ul>\n<li><span style=\"font-weight: 400;\"> Modo lento: limita la velocidad m\u00e1xima a 1,5 km\/h, ideal para maniobras precisas en espacios reducidos y manipulaci\u00f3n delicada de cargas.<\/span><\/li>\n<li><span style=\"font-weight: 400;\"> Velocidad est\u00e1ndar: permite una velocidad m\u00e1xima de 3 km\/h, adecuada para recorrer largas distancias en condiciones est\u00e1ndar<\/span><\/li>\n<\/ul>\n<p><span style=\"font-weight: 400;\">Equipamiento de serie: bater\u00edas AGM selladas y libres de mantenimiento, cargador de bater\u00edas externo, indicador luminoso LED que indica el correcto funcionamiento y se\u00f1ala cualquier sobrecarga, bot\u00f3n de parada de emergencia. La gr\u00faa FLEX F1000DBL tambi\u00e9n est\u00e1 equipada con una pantalla multifunci\u00f3n que muestra el nivel de carga, el voltaje de la bater\u00eda y las horas de funcionamiento.<\/span><\/p>\n","protected":false},"excerpt":{"rendered":"<p>CON PALANCAS DE CONTROL<\/p>\n<p><span data-sheets-root=\"1\">CAPACIDAD DE LEVANTAMIENTO<\/span> 1000 KG<\/p>\n","protected":false},"featured_media":311867,"template":"","meta":{"_acf_changed":false,"_et_pb_use_builder":"","_et_pb_old_content":"","_et_gb_content_width":""},"product_brand":[],"product_cat":[62],"product_tag":[],"class_list":{"0":"post-14122","1":"product","2":"type-product","3":"status-publish","4":"has-post-thumbnail","6":"product_cat-gruas-con-1-extension-electrica","7":"pa_portata-max-kg-1000-es-2","9":"first","10":"instock","11":"shipping-taxable","12":"product-type-simple"},"acf":[],"gallery_images":[311858,311808,311818,311828,311838,311848,311868],"_links":{"self":[{"href":"https:\/\/liftingfx.girafdev.com\/es\/wp-json\/wp\/v2\/product\/14122","targetHints":{"allow":["GET"]}}],"collection":[{"href":"https:\/\/liftingfx.girafdev.com\/es\/wp-json\/wp\/v2\/product"}],"about":[{"href":"https:\/\/liftingfx.girafdev.com\/es\/wp-json\/wp\/v2\/types\/product"}],"wp:featuredmedia":[{"embeddable":true,"href":"https:\/\/liftingfx.girafdev.com\/es\/wp-json\/wp\/v2\/media\/311867"}],"wp:attachment":[{"href":"https:\/\/liftingfx.girafdev.com\/es\/wp-json\/wp\/v2\/media?parent=14122"}],"wp:term":[{"taxonomy":"product_brand","embeddable":true,"href":"https:\/\/liftingfx.girafdev.com\/es\/wp-json\/wp\/v2\/product_brand?post=14122"},{"taxonomy":"product_cat","embeddable":true,"href":"https:\/\/liftingfx.girafdev.com\/es\/wp-json\/wp\/v2\/product_cat?post=14122"},{"taxonomy":"product_tag","embeddable":true,"href":"https:\/\/liftingfx.girafdev.com\/es\/wp-json\/wp\/v2\/product_tag?post=14122"}],"curies":[{"name":"wp","href":"https:\/\/api.w.org\/{rel}","templated":true}]}}