{"id":4190,"date":"2022-03-31T16:26:50","date_gmt":"2022-03-31T14:26:50","guid":{"rendered":"https:\/\/liftingfx.girafdev.comsectores\/gru-settore-pneumatici\/"},"modified":"2024-12-09T18:34:37","modified_gmt":"2024-12-09T17:34:37","slug":"fabricacion-de-neumaticos","status":"publish","type":"page","link":"https:\/\/liftingfx.girafdev.com\/es\/sectores\/fabricacion-de-neumaticos\/","title":{"rendered":"Gr\u00faa para fabricantes de neum\u00e1ticos"},"content":{"rendered":"<h2>Soluciones de elevaci\u00f3n personalizadas con soporte integrado para la recogida de moldes<\/h2>\n<p>&nbsp;<\/p>\n<p>Flexlifting es un socio de confianza de las principales empresas fabricantes de neum\u00e1ticos y ofrece soluciones de elevaci\u00f3n de \u00faltima generaci\u00f3n. Nuestro modelo ORBIT P8, por ejemplo, fue dise\u00f1ado espec\u00edficamente para las necesidades de los departamentos de producci\u00f3n de neum\u00e1ticos.<\/p>\n<p><strong>M\u00e1xima flexibilidad en espacios reducidos:<\/strong><\/p>\n<p>Gracias a la rotaci\u00f3n del brazo y a la doble extensi\u00f3n el\u00e9ctrica, recoge con precisi\u00f3n moldes de hasta 250 kg, colocados en nichos estrechos y de dif\u00edcil acceso.<\/p>\n<p><strong>Soporte integrado para una gesti\u00f3n eficiente del molde:<\/strong><\/p>\n<p>El brazo de la gr\u00faa est\u00e1 equipado con un soporte giratorio integrado, equipado con varios pasadores de fijaci\u00f3n. Esta soluci\u00f3n innovadora permite agarrar y transportar los moldes con total seguridad, evitando da\u00f1os y optimizando los tiempos de manipulaci\u00f3n.<\/p>\n<p>&nbsp;<\/p>\n<div class=\"mgl-root\" data-gallery-options=\"{&quot;image_ids&quot;:[&quot;301815&quot;,&quot;301837&quot;,&quot;301805&quot;,&quot;301827&quot;],&quot;id&quot;:&quot;69f8f3e646ca7&quot;,&quot;size&quot;:&quot;large&quot;,&quot;infinite&quot;:false,&quot;custom_class&quot;:null,&quot;link&quot;:&quot;file&quot;,&quot;is_preview&quot;:false,&quot;updir&quot;:&quot;https:\\\/\\\/liftingfx.girafdev.com\\\/wp-content\\\/uploads\\\/&quot;,&quot;captions&quot;:&quot;none&quot;,&quot;animation&quot;:false,&quot;layout&quot;:&quot;square&quot;,&quot;justified_row_height&quot;:200,&quot;justified_gutter&quot;:5,&quot;masonry_gutter&quot;:5,&quot;masonry_columns&quot;:3,&quot;square_gutter&quot;:5,&quot;square_columns&quot;:&quot;4&quot;,&quot;cascade_gutter&quot;:5,&quot;class_id&quot;:&quot;mgl-gallery-69f8f3e646ca7&quot;,&quot;layouts&quot;:[],&quot;tiles_gutter&quot;:5,&quot;tiles_gutter_tablet&quot;:5,&quot;tiles_gutter_mobile&quot;:5,&quot;tiles_density&quot;:&quot;high&quot;,&quot;tiles_density_tablet&quot;:&quot;medium&quot;,&quot;tiles_density_mobile&quot;:&quot;low&quot;,&quot;horizontal_gutter&quot;:5,&quot;horizontal_image_height&quot;:500,&quot;horizontal_hide_scrollbar&quot;:false,&quot;carousel_gutter&quot;:5,&quot;carousel_arrow_nav_enabled&quot;:true,&quot;carousel_dot_nav_enabled&quot;:true,&quot;carousel_image_height&quot;:500,&quot;map_gutter&quot;:10,&quot;map_height&quot;:400}\" data-gallery-images=\"[{&quot;caption&quot;:&quot;&quot;,&quot;meta&quot;:{&quot;width&quot;:1511,&quot;height&quot;:1009,&quot;file&quot;:&quot;2024\\\/12\\\/IMG-20240718-WA0000.jpg&quot;,&quot;filesize&quot;:142628,&quot;sizes&quot;:{&quot;medium&quot;:{&quot;file&quot;:&quot;IMG-20240718-WA0000-300x200.jpg&quot;,&quot;width&quot;:300,&quot;height&quot;:200,&quot;mime-type&quot;:&quot;image\\\/jpeg&quot;,&quot;filesize&quot;:9963},&quot;large&quot;:{&quot;file&quot;:&quot;IMG-20240718-WA0000-1024x684.jpg&quot;,&quot;width&quot;:1024,&quot;height&quot;:684,&quot;mime-type&quot;:&quot;image\\\/jpeg&quot;,&quot;filesize&quot;:63704},&quot;thumbnail&quot;:{&quot;file&quot;:&quot;IMG-20240718-WA0000-150x150.jpg&quot;,&quot;width&quot;:150,&quot;height&quot;:150,&quot;mime-type&quot;:&quot;image\\\/jpeg&quot;,&quot;filesize&quot;:6157},&quot;medium_large&quot;:{&quot;file&quot;:&quot;IMG-20240718-WA0000-768x513.jpg&quot;,&quot;width&quot;:768,&quot;height&quot;:513,&quot;mime-type&quot;:&quot;image\\\/jpeg&quot;,&quot;filesize&quot;:41147},&quot;et-pb-post-main-image&quot;:{&quot;file&quot;:&quot;IMG-20240718-WA0000-400x250.jpg&quot;,&quot;width&quot;:400,&quot;height&quot;:250,&quot;mime-type&quot;:&quot;image\\\/jpeg&quot;,&quot;filesize&quot;:15016},&quot;et-pb-post-main-image-fullwidth&quot;:{&quot;file&quot;:&quot;IMG-20240718-WA0000-1080x675.jpg&quot;,&quot;width&quot;:1080,&quot;height&quot;:675,&quot;mime-type&quot;:&quot;image\\\/jpeg&quot;,&quot;filesize&quot;:68512},&quot;et-pb-portfolio-image&quot;:{&quot;file&quot;:&quot;IMG-20240718-WA0000-400x284.jpg&quot;,&quot;width&quot;:400,&quot;height&quot;:284,&quot;mime-type&quot;:&quot;image\\\/jpeg&quot;,&quot;filesize&quot;:16515},&quot;et-pb-portfolio-module-image&quot;:{&quot;file&quot;:&quot;IMG-20240718-WA0000-510x382.jpg&quot;,&quot;width&quot;:510,&quot;height&quot;:382,&quot;mime-type&quot;:&quot;image\\\/jpeg&quot;,&quot;filesize&quot;:25949},&quot;et-pb-portfolio-image-single&quot;:{&quot;file&quot;:&quot;IMG-20240718-WA0000-1080x721.jpg&quot;,&quot;width&quot;:1080,&quot;height&quot;:721,&quot;mime-type&quot;:&quot;image\\\/jpeg&quot;,&quot;filesize&quot;:69315},&quot;et-pb-gallery-module-image-portrait&quot;:{&quot;file&quot;:&quot;IMG-20240718-WA0000-400x516.jpg&quot;,&quot;width&quot;:400,&quot;height&quot;:516,&quot;mime-type&quot;:&quot;image\\\/jpeg&quot;,&quot;filesize&quot;:32887},&quot;et-pb-image--responsive--desktop&quot;:{&quot;file&quot;:&quot;IMG-20240718-WA0000-1280x855.jpg&quot;,&quot;width&quot;:1280,&quot;height&quot;:855,&quot;mime-type&quot;:&quot;image\\\/jpeg&quot;,&quot;filesize&quot;:90266},&quot;et-pb-image--responsive--tablet&quot;:{&quot;file&quot;:&quot;IMG-20240718-WA0000-980x654.jpg&quot;,&quot;width&quot;:980,&quot;height&quot;:654,&quot;mime-type&quot;:&quot;image\\\/jpeg&quot;,&quot;filesize&quot;:59541},&quot;et-pb-image--responsive--phone&quot;:{&quot;file&quot;:&quot;IMG-20240718-WA0000-480x321.jpg&quot;,&quot;width&quot;:480,&quot;height&quot;:321,&quot;mime-type&quot;:&quot;image\\\/jpeg&quot;,&quot;filesize&quot;:19782},&quot;woocommerce_thumbnail&quot;:{&quot;file&quot;:&quot;IMG-20240718-WA0000-300x300.jpg&quot;,&quot;width&quot;:300,&quot;height&quot;:300,&quot;mime-type&quot;:&quot;image\\\/jpeg&quot;,&quot;filesize&quot;:16644},&quot;woocommerce_single&quot;:{&quot;file&quot;:&quot;IMG-20240718-WA0000-1000x668.jpg&quot;,&quot;width&quot;:1000,&quot;height&quot;:668,&quot;mime-type&quot;:&quot;image\\\/jpeg&quot;,&quot;filesize&quot;:61497},&quot;woocommerce_gallery_thumbnail&quot;:{&quot;file&quot;:&quot;IMG-20240718-WA0000-300x300.jpg&quot;,&quot;width&quot;:300,&quot;height&quot;:300,&quot;mime-type&quot;:&quot;image\\\/jpeg&quot;,&quot;filesize&quot;:16644},&quot;cmplz_banner_image&quot;:{&quot;file&quot;:&quot;IMG-20240718-WA0000-350x100.jpg&quot;,&quot;width&quot;:350,&quot;height&quot;:100,&quot;mime-type&quot;:&quot;image\\\/jpeg&quot;,&quot;filesize&quot;:7446}},&quot;image_meta&quot;:{&quot;aperture&quot;:&quot;0&quot;,&quot;credit&quot;:&quot;&quot;,&quot;camera&quot;:&quot;&quot;,&quot;caption&quot;:&quot;&quot;,&quot;created_timestamp&quot;:&quot;0&quot;,&quot;copyright&quot;:&quot;&quot;,&quot;focal_length&quot;:&quot;0&quot;,&quot;iso&quot;:&quot;0&quot;,&quot;shutter_speed&quot;:&quot;0&quot;,&quot;title&quot;:&quot;&quot;,&quot;orientation&quot;:&quot;0&quot;,&quot;keywords&quot;:[]}},&quot;id&quot;:&quot;301815&quot;,&quot;img_html&quot;:&quot;&lt;img width=\\&quot;1024\\&quot; height=\\&quot;684\\&quot; src=\\&quot;https:\\\/\\\/liftingfx.girafdev.com\\\/wp-content\\\/uploads\\\/2024\\\/12\\\/IMG-20240718-WA0000-1024x684.jpg\\&quot; class=\\&quot;wp-image-301815 wp-image-301815\\&quot; alt=\\&quot;\\&quot; draggable=\\&quot;\\&quot; srcset=\\&quot;https:\\\/\\\/liftingfx.girafdev.com\\\/wp-content\\\/uploads\\\/2024\\\/12\\\/IMG-20240718-WA0000-980x654.jpg 980w, https:\\\/\\\/liftingfx.girafdev.com\\\/wp-content\\\/uploads\\\/2024\\\/12\\\/IMG-20240718-WA0000-480x321.jpg 480w\\&quot; sizes=\\&quot;33vw\\&quot; \\\/&gt;&quot;,&quot;link_href&quot;:&quot;https:\\\/\\\/liftingfx.girafdev.com\\\/wp-content\\\/uploads\\\/2024\\\/12\\\/IMG-20240718-WA0000.jpg&quot;,&quot;link_target&quot;:&quot;_self&quot;,&quot;link_rel&quot;:null,&quot;attributes&quot;:[]},{&quot;caption&quot;:&quot;&quot;,&quot;meta&quot;:{&quot;width&quot;:523,&quot;height&quot;:389,&quot;file&quot;:&quot;2024\\\/12\\\/Immagine-2024-12-09-182240.jpg&quot;,&quot;filesize&quot;:51712,&quot;sizes&quot;:{&quot;medium&quot;:{&quot;file&quot;:&quot;Immagine-2024-12-09-182240-300x223.jpg&quot;,&quot;width&quot;:300,&quot;height&quot;:223,&quot;mime-type&quot;:&quot;image\\\/jpeg&quot;,&quot;filesize&quot;:15947},&quot;thumbnail&quot;:{&quot;file&quot;:&quot;Immagine-2024-12-09-182240-150x150.jpg&quot;,&quot;width&quot;:150,&quot;height&quot;:150,&quot;mime-type&quot;:&quot;image\\\/jpeg&quot;,&quot;filesize&quot;:6994},&quot;et-pb-post-main-image&quot;:{&quot;file&quot;:&quot;Immagine-2024-12-09-182240-400x250.jpg&quot;,&quot;width&quot;:400,&quot;height&quot;:250,&quot;mime-type&quot;:&quot;image\\\/jpeg&quot;,&quot;filesize&quot;:20218},&quot;et-pb-portfolio-image&quot;:{&quot;file&quot;:&quot;Immagine-2024-12-09-182240-400x284.jpg&quot;,&quot;width&quot;:400,&quot;height&quot;:284,&quot;mime-type&quot;:&quot;image\\\/jpeg&quot;,&quot;filesize&quot;:22919},&quot;et-pb-portfolio-module-image&quot;:{&quot;file&quot;:&quot;Immagine-2024-12-09-182240-510x382.jpg&quot;,&quot;width&quot;:510,&quot;height&quot;:382,&quot;mime-type&quot;:&quot;image\\\/jpeg&quot;,&quot;filesize&quot;:34273},&quot;et-pb-gallery-module-image-portrait&quot;:{&quot;file&quot;:&quot;Immagine-2024-12-09-182240-400x389.jpg&quot;,&quot;width&quot;:400,&quot;height&quot;:389,&quot;mime-type&quot;:&quot;image\\\/jpeg&quot;,&quot;filesize&quot;:31136},&quot;et-pb-image--responsive--phone&quot;:{&quot;file&quot;:&quot;Immagine-2024-12-09-182240-480x357.jpg&quot;,&quot;width&quot;:480,&quot;height&quot;:357,&quot;mime-type&quot;:&quot;image\\\/jpeg&quot;,&quot;filesize&quot;:31497},&quot;woocommerce_thumbnail&quot;:{&quot;file&quot;:&quot;Immagine-2024-12-09-182240-300x300.jpg&quot;,&quot;width&quot;:300,&quot;height&quot;:300,&quot;mime-type&quot;:&quot;image\\\/jpeg&quot;,&quot;filesize&quot;:18762},&quot;woocommerce_gallery_thumbnail&quot;:{&quot;file&quot;:&quot;Immagine-2024-12-09-182240-300x300.jpg&quot;,&quot;width&quot;:300,&quot;height&quot;:300,&quot;mime-type&quot;:&quot;image\\\/jpeg&quot;,&quot;filesize&quot;:18762},&quot;cmplz_banner_image&quot;:{&quot;file&quot;:&quot;Immagine-2024-12-09-182240-350x100.jpg&quot;,&quot;width&quot;:350,&quot;height&quot;:100,&quot;mime-type&quot;:&quot;image\\\/jpeg&quot;,&quot;filesize&quot;:8966}},&quot;image_meta&quot;:{&quot;aperture&quot;:&quot;0&quot;,&quot;credit&quot;:&quot;&quot;,&quot;camera&quot;:&quot;&quot;,&quot;caption&quot;:&quot;&quot;,&quot;created_timestamp&quot;:&quot;0&quot;,&quot;copyright&quot;:&quot;&quot;,&quot;focal_length&quot;:&quot;0&quot;,&quot;iso&quot;:&quot;0&quot;,&quot;shutter_speed&quot;:&quot;0&quot;,&quot;title&quot;:&quot;&quot;,&quot;orientation&quot;:&quot;0&quot;,&quot;keywords&quot;:[]}},&quot;id&quot;:&quot;301837&quot;,&quot;img_html&quot;:&quot;&lt;img width=\\&quot;523\\&quot; height=\\&quot;389\\&quot; src=\\&quot;https:\\\/\\\/liftingfx.girafdev.com\\\/wp-content\\\/uploads\\\/2024\\\/12\\\/Immagine-2024-12-09-182240.jpg\\&quot; class=\\&quot;wp-image-301837 wp-image-301837\\&quot; alt=\\&quot;\\&quot; draggable=\\&quot;\\&quot; srcset=\\&quot;https:\\\/\\\/liftingfx.girafdev.com\\\/wp-content\\\/uploads\\\/2024\\\/12\\\/Immagine-2024-12-09-182240.jpg 523w, https:\\\/\\\/liftingfx.girafdev.com\\\/wp-content\\\/uploads\\\/2024\\\/12\\\/Immagine-2024-12-09-182240-480x357.jpg 480w\\&quot; sizes=\\&quot;33vw\\&quot; \\\/&gt;&quot;,&quot;link_href&quot;:&quot;https:\\\/\\\/liftingfx.girafdev.com\\\/wp-content\\\/uploads\\\/2024\\\/12\\\/Immagine-2024-12-09-182240.jpg&quot;,&quot;link_target&quot;:&quot;_self&quot;,&quot;link_rel&quot;:null,&quot;attributes&quot;:[]},{&quot;caption&quot;:&quot;&quot;,&quot;meta&quot;:{&quot;width&quot;:1600,&quot;height&quot;:1200,&quot;file&quot;:&quot;2024\\\/12\\\/IMG-20240729-WA0000.jpg&quot;,&quot;filesize&quot;:217957,&quot;sizes&quot;:{&quot;medium&quot;:{&quot;file&quot;:&quot;IMG-20240729-WA0000-300x225.jpg&quot;,&quot;width&quot;:300,&quot;height&quot;:225,&quot;mime-type&quot;:&quot;image\\\/jpeg&quot;,&quot;filesize&quot;:16843},&quot;large&quot;:{&quot;file&quot;:&quot;IMG-20240729-WA0000-1024x768.jpg&quot;,&quot;width&quot;:1024,&quot;height&quot;:768,&quot;mime-type&quot;:&quot;image\\\/jpeg&quot;,&quot;filesize&quot;:124026},&quot;thumbnail&quot;:{&quot;file&quot;:&quot;IMG-20240729-WA0000-150x150.jpg&quot;,&quot;width&quot;:150,&quot;height&quot;:150,&quot;mime-type&quot;:&quot;image\\\/jpeg&quot;,&quot;filesize&quot;:6808},&quot;medium_large&quot;:{&quot;file&quot;:&quot;IMG-20240729-WA0000-768x576.jpg&quot;,&quot;width&quot;:768,&quot;height&quot;:576,&quot;mime-type&quot;:&quot;image\\\/jpeg&quot;,&quot;filesize&quot;:77213},&quot;1536x1536&quot;:{&quot;file&quot;:&quot;IMG-20240729-WA0000-1536x1152.jpg&quot;,&quot;width&quot;:1536,&quot;height&quot;:1152,&quot;mime-type&quot;:&quot;image\\\/jpeg&quot;,&quot;filesize&quot;:236427},&quot;et-pb-post-main-image&quot;:{&quot;file&quot;:&quot;IMG-20240729-WA0000-400x250.jpg&quot;,&quot;width&quot;:400,&quot;height&quot;:250,&quot;mime-type&quot;:&quot;image\\\/jpeg&quot;,&quot;filesize&quot;:23100},&quot;et-pb-post-main-image-fullwidth&quot;:{&quot;file&quot;:&quot;IMG-20240729-WA0000-1080x675.jpg&quot;,&quot;width&quot;:1080,&quot;height&quot;:675,&quot;mime-type&quot;:&quot;image\\\/jpeg&quot;,&quot;filesize&quot;:114801},&quot;et-pb-portfolio-image&quot;:{&quot;file&quot;:&quot;IMG-20240729-WA0000-400x284.jpg&quot;,&quot;width&quot;:400,&quot;height&quot;:284,&quot;mime-type&quot;:&quot;image\\\/jpeg&quot;,&quot;filesize&quot;:25549},&quot;et-pb-portfolio-module-image&quot;:{&quot;file&quot;:&quot;IMG-20240729-WA0000-510x382.jpg&quot;,&quot;width&quot;:510,&quot;height&quot;:382,&quot;mime-type&quot;:&quot;image\\\/jpeg&quot;,&quot;filesize&quot;:39257},&quot;et-pb-portfolio-image-single&quot;:{&quot;file&quot;:&quot;IMG-20240729-WA0000-1080x810.jpg&quot;,&quot;width&quot;:1080,&quot;height&quot;:810,&quot;mime-type&quot;:&quot;image\\\/jpeg&quot;,&quot;filesize&quot;:137176},&quot;et-pb-gallery-module-image-portrait&quot;:{&quot;file&quot;:&quot;IMG-20240729-WA0000-400x516.jpg&quot;,&quot;width&quot;:400,&quot;height&quot;:516,&quot;mime-type&quot;:&quot;image\\\/jpeg&quot;,&quot;filesize&quot;:36603},&quot;et-pb-image--responsive--desktop&quot;:{&quot;file&quot;:&quot;IMG-20240729-WA0000-1280x960.jpg&quot;,&quot;width&quot;:1280,&quot;height&quot;:960,&quot;mime-type&quot;:&quot;image\\\/jpeg&quot;,&quot;filesize&quot;:178386},&quot;et-pb-image--responsive--tablet&quot;:{&quot;file&quot;:&quot;IMG-20240729-WA0000-980x735.jpg&quot;,&quot;width&quot;:980,&quot;height&quot;:735,&quot;mime-type&quot;:&quot;image\\\/jpeg&quot;,&quot;filesize&quot;:115958},&quot;et-pb-image--responsive--phone&quot;:{&quot;file&quot;:&quot;IMG-20240729-WA0000-480x360.jpg&quot;,&quot;width&quot;:480,&quot;height&quot;:360,&quot;mime-type&quot;:&quot;image\\\/jpeg&quot;,&quot;filesize&quot;:35719},&quot;woocommerce_thumbnail&quot;:{&quot;file&quot;:&quot;IMG-20240729-WA0000-300x300.jpg&quot;,&quot;width&quot;:300,&quot;height&quot;:300,&quot;mime-type&quot;:&quot;image\\\/jpeg&quot;,&quot;filesize&quot;:20474},&quot;woocommerce_single&quot;:{&quot;file&quot;:&quot;IMG-20240729-WA0000-1000x750.jpg&quot;,&quot;width&quot;:1000,&quot;height&quot;:750,&quot;mime-type&quot;:&quot;image\\\/jpeg&quot;,&quot;filesize&quot;:120835},&quot;woocommerce_gallery_thumbnail&quot;:{&quot;file&quot;:&quot;IMG-20240729-WA0000-300x300.jpg&quot;,&quot;width&quot;:300,&quot;height&quot;:300,&quot;mime-type&quot;:&quot;image\\\/jpeg&quot;,&quot;filesize&quot;:20474},&quot;cmplz_banner_image&quot;:{&quot;file&quot;:&quot;IMG-20240729-WA0000-350x100.jpg&quot;,&quot;width&quot;:350,&quot;height&quot;:100,&quot;mime-type&quot;:&quot;image\\\/jpeg&quot;,&quot;filesize&quot;:11188}},&quot;image_meta&quot;:{&quot;aperture&quot;:&quot;0&quot;,&quot;credit&quot;:&quot;&quot;,&quot;camera&quot;:&quot;&quot;,&quot;caption&quot;:&quot;&quot;,&quot;created_timestamp&quot;:&quot;0&quot;,&quot;copyright&quot;:&quot;&quot;,&quot;focal_length&quot;:&quot;0&quot;,&quot;iso&quot;:&quot;0&quot;,&quot;shutter_speed&quot;:&quot;0&quot;,&quot;title&quot;:&quot;&quot;,&quot;orientation&quot;:&quot;0&quot;,&quot;keywords&quot;:[]}},&quot;id&quot;:&quot;301805&quot;,&quot;img_html&quot;:&quot;&lt;img width=\\&quot;1024\\&quot; height=\\&quot;768\\&quot; src=\\&quot;https:\\\/\\\/liftingfx.girafdev.com\\\/wp-content\\\/uploads\\\/2024\\\/12\\\/IMG-20240729-WA0000-1024x768.jpg\\&quot; class=\\&quot;wp-image-301805 wp-image-301805\\&quot; alt=\\&quot;\\&quot; draggable=\\&quot;\\&quot; srcset=\\&quot;https:\\\/\\\/liftingfx.girafdev.com\\\/wp-content\\\/uploads\\\/2024\\\/12\\\/IMG-20240729-WA0000-980x735.jpg 980w, https:\\\/\\\/liftingfx.girafdev.com\\\/wp-content\\\/uploads\\\/2024\\\/12\\\/IMG-20240729-WA0000-480x360.jpg 480w\\&quot; sizes=\\&quot;33vw\\&quot; \\\/&gt;&quot;,&quot;link_href&quot;:&quot;https:\\\/\\\/liftingfx.girafdev.com\\\/wp-content\\\/uploads\\\/2024\\\/12\\\/IMG-20240729-WA0000.jpg&quot;,&quot;link_target&quot;:&quot;_self&quot;,&quot;link_rel&quot;:null,&quot;attributes&quot;:[]},{&quot;caption&quot;:&quot;&quot;,&quot;meta&quot;:{&quot;width&quot;:480,&quot;height&quot;:395,&quot;file&quot;:&quot;2024\\\/12\\\/Immagine-2024-12-09-182309.jpg&quot;,&quot;filesize&quot;:47440,&quot;sizes&quot;:{&quot;medium&quot;:{&quot;file&quot;:&quot;Immagine-2024-12-09-182309-300x247.jpg&quot;,&quot;width&quot;:300,&quot;height&quot;:247,&quot;mime-type&quot;:&quot;image\\\/jpeg&quot;,&quot;filesize&quot;:16756},&quot;thumbnail&quot;:{&quot;file&quot;:&quot;Immagine-2024-12-09-182309-150x150.jpg&quot;,&quot;width&quot;:150,&quot;height&quot;:150,&quot;mime-type&quot;:&quot;image\\\/jpeg&quot;,&quot;filesize&quot;:6857},&quot;et-pb-post-main-image&quot;:{&quot;file&quot;:&quot;Immagine-2024-12-09-182309-400x250.jpg&quot;,&quot;width&quot;:400,&quot;height&quot;:250,&quot;mime-type&quot;:&quot;image\\\/jpeg&quot;,&quot;filesize&quot;:19432},&quot;et-pb-portfolio-image&quot;:{&quot;file&quot;:&quot;Immagine-2024-12-09-182309-400x284.jpg&quot;,&quot;width&quot;:400,&quot;height&quot;:284,&quot;mime-type&quot;:&quot;image\\\/jpeg&quot;,&quot;filesize&quot;:21668},&quot;et-pb-portfolio-module-image&quot;:{&quot;file&quot;:&quot;Immagine-2024-12-09-182309-480x382.jpg&quot;,&quot;width&quot;:480,&quot;height&quot;:382,&quot;mime-type&quot;:&quot;image\\\/jpeg&quot;,&quot;filesize&quot;:33986},&quot;et-pb-gallery-module-image-portrait&quot;:{&quot;file&quot;:&quot;Immagine-2024-12-09-182309-400x395.jpg&quot;,&quot;width&quot;:400,&quot;height&quot;:395,&quot;mime-type&quot;:&quot;image\\\/jpeg&quot;,&quot;filesize&quot;:33316},&quot;woocommerce_thumbnail&quot;:{&quot;file&quot;:&quot;Immagine-2024-12-09-182309-300x300.jpg&quot;,&quot;width&quot;:300,&quot;height&quot;:300,&quot;mime-type&quot;:&quot;image\\\/jpeg&quot;,&quot;filesize&quot;:18262},&quot;woocommerce_gallery_thumbnail&quot;:{&quot;file&quot;:&quot;Immagine-2024-12-09-182309-300x300.jpg&quot;,&quot;width&quot;:300,&quot;height&quot;:300,&quot;mime-type&quot;:&quot;image\\\/jpeg&quot;,&quot;filesize&quot;:18262},&quot;cmplz_banner_image&quot;:{&quot;file&quot;:&quot;Immagine-2024-12-09-182309-350x100.jpg&quot;,&quot;width&quot;:350,&quot;height&quot;:100,&quot;mime-type&quot;:&quot;image\\\/jpeg&quot;,&quot;filesize&quot;:9231}},&quot;image_meta&quot;:{&quot;aperture&quot;:&quot;0&quot;,&quot;credit&quot;:&quot;&quot;,&quot;camera&quot;:&quot;&quot;,&quot;caption&quot;:&quot;&quot;,&quot;created_timestamp&quot;:&quot;0&quot;,&quot;copyright&quot;:&quot;&quot;,&quot;focal_length&quot;:&quot;0&quot;,&quot;iso&quot;:&quot;0&quot;,&quot;shutter_speed&quot;:&quot;0&quot;,&quot;title&quot;:&quot;&quot;,&quot;orientation&quot;:&quot;0&quot;,&quot;keywords&quot;:[]}},&quot;id&quot;:&quot;301827&quot;,&quot;img_html&quot;:&quot;&lt;img width=\\&quot;480\\&quot; height=\\&quot;395\\&quot; src=\\&quot;https:\\\/\\\/liftingfx.girafdev.com\\\/wp-content\\\/uploads\\\/2024\\\/12\\\/Immagine-2024-12-09-182309.jpg\\&quot; class=\\&quot;wp-image-301827 wp-image-301827\\&quot; alt=\\&quot;\\&quot; draggable=\\&quot;\\&quot; srcset=\\&quot;https:\\\/\\\/liftingfx.girafdev.com\\\/wp-content\\\/uploads\\\/2024\\\/12\\\/Immagine-2024-12-09-182309.jpg 480w, https:\\\/\\\/liftingfx.girafdev.com\\\/wp-content\\\/uploads\\\/2024\\\/12\\\/Immagine-2024-12-09-182309-300x247.jpg 300w\\&quot; sizes=\\&quot;33vw\\&quot; \\\/&gt;&quot;,&quot;link_href&quot;:&quot;https:\\\/\\\/liftingfx.girafdev.com\\\/wp-content\\\/uploads\\\/2024\\\/12\\\/Immagine-2024-12-09-182309.jpg&quot;,&quot;link_target&quot;:&quot;_self&quot;,&quot;link_rel&quot;:null,&quot;attributes&quot;:[]}]\" data-atts=\"{&quot;link&quot;:&quot;file&quot;,&quot;columns&quot;:&quot;4&quot;,&quot;ids&quot;:&quot;301815,301837,301805,301827&quot;,&quot;layout&quot;:&quot;square&quot;}\"><div class=\"mgl-gallery-container\"><\/div><div class=\"mgl-gallery-images\"><a class=\"\" href=\"https:\/\/liftingfx.girafdev.com\/wp-content\/uploads\/2024\/12\/IMG-20240718-WA0000.jpg\" target=\"_self\" rel=\"\" aria-label=\"\"><img loading=\"lazy\" decoding=\"async\" width=\"1024\" height=\"684\" src=\"https:\/\/liftingfx.girafdev.com\/wp-content\/uploads\/2024\/12\/IMG-20240718-WA0000-1024x684.jpg\" class=\"wp-image-301815 wp-image-301815\" alt=\"\" draggable=\"\" srcset=\"https:\/\/liftingfx.girafdev.com\/wp-content\/uploads\/2024\/12\/IMG-20240718-WA0000-980x654.jpg 980w, https:\/\/liftingfx.girafdev.com\/wp-content\/uploads\/2024\/12\/IMG-20240718-WA0000-480x321.jpg 480w\" sizes=\"auto, 33vw\" \/><\/a><a class=\"\" href=\"https:\/\/liftingfx.girafdev.com\/wp-content\/uploads\/2024\/12\/Immagine-2024-12-09-182240.jpg\" target=\"_self\" rel=\"\" aria-label=\"\"><img loading=\"lazy\" decoding=\"async\" width=\"523\" height=\"389\" src=\"https:\/\/liftingfx.girafdev.com\/wp-content\/uploads\/2024\/12\/Immagine-2024-12-09-182240.jpg\" class=\"wp-image-301837 wp-image-301837\" alt=\"\" draggable=\"\" srcset=\"https:\/\/liftingfx.girafdev.com\/wp-content\/uploads\/2024\/12\/Immagine-2024-12-09-182240.jpg 523w, https:\/\/liftingfx.girafdev.com\/wp-content\/uploads\/2024\/12\/Immagine-2024-12-09-182240-480x357.jpg 480w\" sizes=\"auto, 33vw\" \/><\/a><a class=\"\" href=\"https:\/\/liftingfx.girafdev.com\/wp-content\/uploads\/2024\/12\/IMG-20240729-WA0000.jpg\" target=\"_self\" rel=\"\" aria-label=\"\"><img loading=\"lazy\" decoding=\"async\" width=\"1024\" height=\"768\" src=\"https:\/\/liftingfx.girafdev.com\/wp-content\/uploads\/2024\/12\/IMG-20240729-WA0000-1024x768.jpg\" class=\"wp-image-301805 wp-image-301805\" alt=\"\" draggable=\"\" srcset=\"https:\/\/liftingfx.girafdev.com\/wp-content\/uploads\/2024\/12\/IMG-20240729-WA0000-980x735.jpg 980w, https:\/\/liftingfx.girafdev.com\/wp-content\/uploads\/2024\/12\/IMG-20240729-WA0000-480x360.jpg 480w\" sizes=\"auto, 33vw\" \/><\/a><a class=\"\" href=\"https:\/\/liftingfx.girafdev.com\/wp-content\/uploads\/2024\/12\/Immagine-2024-12-09-182309.jpg\" target=\"_self\" rel=\"\" aria-label=\"\"><img loading=\"lazy\" decoding=\"async\" width=\"480\" height=\"395\" src=\"https:\/\/liftingfx.girafdev.com\/wp-content\/uploads\/2024\/12\/Immagine-2024-12-09-182309.jpg\" class=\"wp-image-301827 wp-image-301827\" alt=\"\" draggable=\"\" srcset=\"https:\/\/liftingfx.girafdev.com\/wp-content\/uploads\/2024\/12\/Immagine-2024-12-09-182309.jpg 480w, https:\/\/liftingfx.girafdev.com\/wp-content\/uploads\/2024\/12\/Immagine-2024-12-09-182309-300x247.jpg 300w\" sizes=\"auto, 33vw\" \/><\/a><\/div><\/div>\n<p>&nbsp;<\/p>\n","protected":false},"excerpt":{"rendered":"<p>Soluciones de elevaci\u00f3n personalizadas con soporte integrado para la recogida de moldes &nbsp; Flexlifting es un socio de confianza de las principales empresas fabricantes de neum\u00e1ticos y ofrece soluciones de elevaci\u00f3n de \u00faltima generaci\u00f3n. Nuestro modelo ORBIT P8, por ejemplo, fue dise\u00f1ado espec\u00edficamente para las necesidades de los departamentos de producci\u00f3n de neum\u00e1ticos. M\u00e1xima flexibilidad [&hellip;]<\/p>\n","protected":false},"author":4,"featured_media":0,"parent":1242,"menu_order":0,"comment_status":"closed","ping_status":"closed","template":"","meta":{"_acf_changed":false,"_et_pb_use_builder":"","_et_pb_old_content":"","_et_gb_content_width":"","footnotes":""},"class_list":["post-4190","page","type-page","status-publish","hentry"],"acf":[],"_links":{"self":[{"href":"https:\/\/liftingfx.girafdev.com\/es\/wp-json\/wp\/v2\/pages\/4190","targetHints":{"allow":["GET"]}}],"collection":[{"href":"https:\/\/liftingfx.girafdev.com\/es\/wp-json\/wp\/v2\/pages"}],"about":[{"href":"https:\/\/liftingfx.girafdev.com\/es\/wp-json\/wp\/v2\/types\/page"}],"author":[{"embeddable":true,"href":"https:\/\/liftingfx.girafdev.com\/es\/wp-json\/wp\/v2\/users\/4"}],"replies":[{"embeddable":true,"href":"https:\/\/liftingfx.girafdev.com\/es\/wp-json\/wp\/v2\/comments?post=4190"}],"version-history":[{"count":2,"href":"https:\/\/liftingfx.girafdev.com\/es\/wp-json\/wp\/v2\/pages\/4190\/revisions"}],"predecessor-version":[{"id":301850,"href":"https:\/\/liftingfx.girafdev.com\/es\/wp-json\/wp\/v2\/pages\/4190\/revisions\/301850"}],"up":[{"embeddable":true,"href":"https:\/\/liftingfx.girafdev.com\/es\/wp-json\/wp\/v2\/pages\/1242"}],"wp:attachment":[{"href":"https:\/\/liftingfx.girafdev.com\/es\/wp-json\/wp\/v2\/media?parent=4190"}],"curies":[{"name":"wp","href":"https:\/\/api.w.org\/{rel}","templated":true}]}}