{"id":318462,"date":"2025-06-18T09:16:37","date_gmt":"2025-06-18T07:16:37","guid":{"rendered":"https:\/\/liftingfx.girafdev.com?page_id=318462"},"modified":"2025-06-20T11:26:59","modified_gmt":"2025-06-20T09:26:59","slug":"gruas-con-certificacion-atex","status":"publish","type":"page","link":"https:\/\/liftingfx.girafdev.com\/es\/gruas-con-certificacion-atex\/","title":{"rendered":"GR\u00daAS CON CERTIFICACI\u00d3N ATEX"},"content":{"rendered":"<p>[et_pb_section fb_built=\u00bb1&#8243; _builder_version=\u00bb4.25.2&#8243; _module_preset=\u00bbdefault\u00bb background_color=\u00bb#000000&#8243; background_image=\u00bbhttps:\/\/liftingfx.girafdev.comwp-content\/uploads\/2024\/07\/pattren-123-20356-222025.png\u00bb background_size=\u00bbcontain\u00bb background_position=\u00bbcenter_left\u00bb background_horizontal_offset=\u00bb100%\u00bb custom_margin=\u00bb|||0px|false|false\u00bb custom_padding=\u00bb8%|||0px|false|false\u00bb background_last_edited=\u00bbon|tablet\u00bb background_size_tablet=\u00bbcover\u00bb background_size_phone=\u00bbcover\u00bb da_disable_devices=\u00bboff|off|off\u00bb locked=\u00bboff\u00bb global_colors_info=\u00bb{}\u00bb da_is_popup=\u00bboff\u00bb da_exit_intent=\u00bboff\u00bb da_has_close=\u00bbon\u00bb da_alt_close=\u00bboff\u00bb da_dark_close=\u00bboff\u00bb da_not_modal=\u00bbon\u00bb da_is_singular=\u00bboff\u00bb da_with_loader=\u00bboff\u00bb da_has_shadow=\u00bbon\u00bb][et_pb_row column_structure=\u00bb2_3,1_3&#8243; _builder_version=\u00bb4.27.3&#8243; _module_preset=\u00bbdefault\u00bb custom_margin=\u00bb|auto|||false|false\u00bb custom_padding=\u00bb81px|||||\u00bb hover_enabled=\u00bb0&#8243; global_colors_info=\u00bb{}\u00bb module_class=\u00bbbn-head\u00bb sticky_enabled=\u00bb0&#8243;][et_pb_column type=\u00bb2_3&#8243; _builder_version=\u00bb4.22.2&#8243; _module_preset=\u00bbdefault\u00bb global_colors_info=\u00bb{}\u00bb][et_pb_heading title=\u00bbGR\u00daAS CON CERTIFICACI\u00d3N ATEX\u00bb _builder_version=\u00bb4.27.3&#8243; _module_preset=\u00bbdefault\u00bb title_font=\u00bbPoppins|700||on|||||\u00bb title_text_color=\u00bb#FFFFFF\u00bb title_font_size=\u00bb60px\u00bb title_font_size_tablet=\u00bb60px\u00bb title_font_size_phone=\u00bb30px\u00bb title_font_size_last_edited=\u00bbon|phone\u00bb global_colors_info=\u00bb{}\u00bb][\/et_pb_heading][\/et_pb_column][et_pb_column type=\u00bb1_3&#8243; _builder_version=\u00bb4.22.2&#8243; _module_preset=\u00bbdefault\u00bb global_colors_info=\u00bb{}\u00bb][et_pb_image src=\u00bbhttps:\/\/liftingfx.girafdev.comwp-content\/uploads\/2025\/06\/atex.png\u00bb title_text=\u00bbatex\u00bb _builder_version=\u00bb4.27.3&#8243; _module_preset=\u00bbdefault\u00bb global_colors_info=\u00bb{}\u00bb][\/et_pb_image][\/et_pb_column][\/et_pb_row][et_pb_row _builder_version=\u00bb4.22.2&#8243; _module_preset=\u00bbdefault\u00bb custom_margin=\u00bb|auto|||false|false\u00bb border_width_top=\u00bb1px\u00bb border_color_top=\u00bb#444444&#8243; global_colors_info=\u00bb{}\u00bb][et_pb_column type=\u00bb4_4&#8243; _builder_version=\u00bb4.22.2&#8243; _module_preset=\u00bbdefault\u00bb global_colors_info=\u00bb{}\u00bb][lwp_divi_breadcrumbs _builder_version=\u00bb4.22.2&#8243; _module_preset=\u00bbdefault\u00bb module_text_color=\u00bb#e2e2e2&#8243; global_colors_info=\u00bb{}\u00bb][\/lwp_divi_breadcrumbs][\/et_pb_column][\/et_pb_row][\/et_pb_section][et_pb_section fb_built=\u00bb1&#8243; _builder_version=\u00bb4.22.2&#8243; _module_preset=\u00bbdefault\u00bb custom_padding=\u00bb20px|||||\u00bb top_divider_style=\u00bbwaves2&#8243; top_divider_color=\u00bb#E02B20&#8243; top_divider_height=\u00bb33px\u00bb top_divider_flip=\u00bbvertical\u00bb da_disable_devices=\u00bboff|off|off\u00bb global_colors_info=\u00bb{}\u00bb da_is_popup=\u00bboff\u00bb da_exit_intent=\u00bboff\u00bb da_has_close=\u00bbon\u00bb da_alt_close=\u00bboff\u00bb da_dark_close=\u00bboff\u00bb da_not_modal=\u00bbon\u00bb da_is_singular=\u00bboff\u00bb da_with_loader=\u00bboff\u00bb da_has_shadow=\u00bbon\u00bb][et_pb_row _builder_version=\u00bb4.22.2&#8243; _module_preset=\u00bbdefault\u00bb global_colors_info=\u00bb{}\u00bb][et_pb_column type=\u00bb4_4&#8243; _builder_version=\u00bb4.22.2&#8243; _module_preset=\u00bbdefault\u00bb global_colors_info=\u00bb{}\u00bb][\/et_pb_column][\/et_pb_row][et_pb_row column_structure=\u00bb1_3,1_3,1_3&#8243; disabled_on=\u00bboff|off|off\u00bb _builder_version=\u00bb4.27.3&#8243; _module_preset=\u00bbdefault\u00bb global_colors_info=\u00bb{}\u00bb][et_pb_column type=\u00bb1_3&#8243; _builder_version=\u00bb4.27.3&#8243; _dynamic_attributes=\u00bblink_option_url\u00bb _module_preset=\u00bbdefault\u00bb link_option_url=\u00bb@ET-DC@eyJkeW5hbWljIjp0cnVlLCJjb250ZW50IjoicG9zdF9saW5rX3VybF9wYWdlIiwic2V0dGluZ3MiOnsicG9zdF9pZCI6IjIxMDkyIn19@\u00bb global_colors_info=\u00bb{}\u00bb][et_pb_image src=\u00bbhttps:\/\/liftingfx.girafdev.comwp-content\/uploads\/2025\/06\/290643-GRU-MANUALE-FLEXLIFT-3G-IIB-T2_095414.jpg\u00bb title_text=\u00bb290643-GRU-MANUALE-FLEXLIFT-3G-IIB-T2_095414&#8243; _builder_version=\u00bb4.27.3&#8243; _module_preset=\u00bbdefault\u00bb global_colors_info=\u00bb{}\u00bb][\/et_pb_image][\/et_pb_column][et_pb_column type=\u00bb1_3&#8243; _builder_version=\u00bb4.22.2&#8243; _module_preset=\u00bbdefault\u00bb global_colors_info=\u00bb{}\u00bb][et_pb_image src=\u00bbhttps:\/\/liftingfx.girafdev.comwp-content\/uploads\/2025\/06\/290643-GRU-MANUALE-FLEXLIFT-3G-IIB-T2_095453.jpg\u00bb title_text=\u00bb290643-GRU-MANUALE-FLEXLIFT-3G-IIB-T2_095453&#8243; _builder_version=\u00bb4.27.3&#8243; _module_preset=\u00bbdefault\u00bb global_colors_info=\u00bb{}\u00bb][\/et_pb_image][\/et_pb_column][et_pb_column type=\u00bb1_3&#8243; _builder_version=\u00bb4.22.2&#8243; _module_preset=\u00bbdefault\u00bb global_colors_info=\u00bb{}\u00bb][et_pb_image src=\u00bbhttps:\/\/liftingfx.girafdev.comwp-content\/uploads\/2025\/06\/img88.jpg\u00bb title_text=\u00bbimg88&#8243; _builder_version=\u00bb4.27.3&#8243; _module_preset=\u00bbdefault\u00bb global_colors_info=\u00bb{}\u00bb][\/et_pb_image][\/et_pb_column][\/et_pb_row][\/et_pb_section][et_pb_section fb_built=\u00bb1&#8243; module_class=\u00bbunder_hook\u00bb _builder_version=\u00bb4.25.2&#8243; _module_preset=\u00bbdefault\u00bb background_enable_color=\u00bboff\u00bb background_image=\u00bbhttps:\/\/liftingfx.girafdev.comwp-content\/uploads\/2022\/05\/mini-gru-500-kg-motorizzata-Flex-G500SB-con-trazione-elettrica.jpg\u00bb parallax=\u00bbon\u00bb parallax_method=\u00bboff\u00bb da_disable_devices=\u00bboff|off|off\u00bb locked=\u00bboff\u00bb global_colors_info=\u00bb{}\u00bb da_is_popup=\u00bboff\u00bb da_exit_intent=\u00bboff\u00bb da_has_close=\u00bbon\u00bb da_alt_close=\u00bboff\u00bb da_dark_close=\u00bboff\u00bb da_not_modal=\u00bbon\u00bb da_is_singular=\u00bboff\u00bb da_with_loader=\u00bboff\u00bb da_has_shadow=\u00bbon\u00bb][et_pb_row column_structure=\u00bb1_4,3_4&#8243; _builder_version=\u00bb4.25.2&#8243; _module_preset=\u00bbdefault\u00bb global_colors_info=\u00bb{}\u00bb][et_pb_column type=\u00bb1_4&#8243; _builder_version=\u00bb4.22.2&#8243; _module_preset=\u00bbdefault\u00bb global_colors_info=\u00bb{}\u00bb][et_pb_icon font_icon=\u00bb&#xf0a4;||fa||400&#8243; icon_color=\u00bb#ffffff\u00bb disabled_on=\u00bbon|on|off\u00bb _builder_version=\u00bb4.27.3&#8243; _module_preset=\u00bbdefault\u00bb global_colors_info=\u00bb{}\u00bb][\/et_pb_icon][et_pb_icon font_icon=\u00bb&#xf0a7;||fa||400&#8243; icon_color=\u00bb#ffffff\u00bb disabled_on=\u00bboff|off|on\u00bb _builder_version=\u00bb4.27.3&#8243; _module_preset=\u00bbdefault\u00bb global_colors_info=\u00bb{}\u00bb][\/et_pb_icon][\/et_pb_column][et_pb_column type=\u00bb3_4&#8243; _builder_version=\u00bb4.22.2&#8243; _module_preset=\u00bbdefault\u00bb global_colors_info=\u00bb{}\u00bb][et_pb_heading title=\u00bbSoluciones de elevaci\u00f3n m\u00f3viles ATEX para entornos peligrosos\u00bb admin_label=\u00bbHeader\u00bb _builder_version=\u00bb4.27.3&#8243; _module_preset=\u00bbdefault\u00bb title_level=\u00bbh3&#8243; title_text_align=\u00bbcenter\u00bb title_text_color=\u00bb#ec1c24&#8243; custom_margin=\u00bb||35px||false|false\u00bb global_colors_info=\u00bb{}\u00bb][\/et_pb_heading][et_pb_heading title=\u00bbDisponible bajo pedido y sujeto a verificaci\u00f3n de viabilidad seg\u00fan la directiva ATEX\u00bb admin_label=\u00bbHeader\u00bb _builder_version=\u00bb4.27.3&#8243; _module_preset=\u00bbdefault\u00bb title_level=\u00bbh2&#8243; title_text_align=\u00bbcenter\u00bb title_text_color=\u00bb#ec1c24&#8243; title_line_height=\u00bb1.5em\u00bb custom_margin=\u00bb||35px||false|false\u00bb custom_padding=\u00bb15px||||false|false\u00bb global_colors_info=\u00bb{}\u00bb][\/et_pb_heading][\/et_pb_column][\/et_pb_row][\/et_pb_section][et_pb_section fb_built=\u00bb1&#8243; _builder_version=\u00bb4.27.3&#8243; _module_preset=\u00bbdefault\u00bb da_disable_devices=\u00bboff|off|off\u00bb global_colors_info=\u00bb{}\u00bb da_is_popup=\u00bboff\u00bb da_exit_intent=\u00bboff\u00bb da_has_close=\u00bbon\u00bb da_alt_close=\u00bboff\u00bb da_dark_close=\u00bboff\u00bb da_not_modal=\u00bbon\u00bb da_is_singular=\u00bboff\u00bb da_with_loader=\u00bboff\u00bb da_has_shadow=\u00bbon\u00bb][et_pb_row _builder_version=\u00bb4.27.3&#8243; _module_preset=\u00bbdefault\u00bb global_colors_info=\u00bb{}\u00bb][et_pb_column type=\u00bb4_4&#8243; _builder_version=\u00bb4.27.3&#8243; _module_preset=\u00bbdefault\u00bb global_colors_info=\u00bb{}\u00bb][et_pb_text _builder_version=\u00bb4.27.3&#8243; _module_preset=\u00bbdefault\u00bb global_colors_info=\u00bb{}\u00bb]<\/p>\n<p><span style=\"font-weight: 400;\">Las gr\u00faas Flex Lifting pueden adaptarse para operar en entornos peligrosos como plantas qu\u00edmicas y petroqu\u00edmicas, sitios de extracci\u00f3n de petr\u00f3leo y gas, operaciones mineras, y \u00e1reas de construcci\u00f3n o mantenimiento de t\u00faneles. Son sectores donde la seguridad, la fiabilidad y el cumplimiento de las normas internacionales son esenciales.<\/span><\/p>\n<p><b>Certificaci\u00f3n ATEX bajo demanda<\/b><\/p>\n<p><span style=\"font-weight: 400;\">Versiones certificadas ATEX de nuestras gr\u00faas est\u00e1n disponibles <\/span><b>bajo pedido<\/b><span style=\"font-weight: 400;\"> para su uso en \u00e1reas clasificadas como zonas con riesgo de explosi\u00f3n. Suministramos modelos que cumplen con la <\/span><b>Directiva ATEX 2014\/34\/UE<\/b><span style=\"font-weight: 400;\"> y que satisfacen los requisitos de normas <\/span><b>espec\u00edficas<\/b><span style=\"font-weight: 400;\"> para equipos destinados a ser utilizados en atm\u00f3sferas potencialmente explosivas.<\/span><\/p>\n<p><span style=\"font-weight: 400;\">Estas gr\u00faas se pueden configurar para operar en:<\/span><\/p>\n<ul>\n<li style=\"font-weight: 400;\" aria-level=\"1\"><b>Zona 1 y Zona 2<\/b><span style=\"font-weight: 400;\"> (gas): donde pueden estar presentes atm\u00f3sferas explosivas causadas por gases, vapores o nieblas.<\/span><\/li>\n<li style=\"font-weight: 400;\" aria-level=\"1\"><b>Zona 21 y Zona 22<\/b><span style=\"font-weight: 400;\"> (polvo): donde las atm\u00f3sferas explosivas pueden resultar del polvo combustible durante la operaci\u00f3n normal.<\/span><\/li>\n<\/ul>\n<p><span style=\"font-weight: 400;\">Cada unidad certificada ATEX se entrega con documentaci\u00f3n completa, que incluye:<\/span><\/p>\n<ul>\n<li style=\"font-weight: 400;\" aria-level=\"1\"><span style=\"font-weight: 400;\">Declaraci\u00f3n de conformidad<\/span><\/li>\n<li style=\"font-weight: 400;\" aria-level=\"1\"><span style=\"font-weight: 400;\">Documentaci\u00f3n de protecci\u00f3n contra explosiones<\/span><\/li>\n<li style=\"font-weight: 400;\" aria-level=\"1\"><span style=\"font-weight: 400;\">Manual de usuario y mantenimiento con instrucciones espec\u00edficas para ATEX<\/span><\/li>\n<\/ul>\n<p><b>Caracter\u00edsticas t\u00e9cnicas<\/b><\/p>\n<p><span style=\"font-weight: 400;\">Las gr\u00faas certificadas ATEX que suministramos est\u00e1n dise\u00f1adas espec\u00edficamente para garantizar una operaci\u00f3n segura en entornos con riesgo de explosi\u00f3n. Los sistemas el\u00e9ctricos est\u00e1n completamente sellados para evitar la infiltraci\u00f3n de gases o polvo, y todos los componentes clave \u2014 como bater\u00edas, conectores, sensores y unidades de control \u2014 cuentan con certificaci\u00f3n ATEX. Para minimizar el riesgo de ignici\u00f3n, tanto por fuentes el\u00e9ctricas como mec\u00e1nicas, las gr\u00faas se fabrican con componentes y materiales que limitan la temperatura superficial y eliminan el riesgo de chispas. Estos factores clave aseguran que las gr\u00faas puedan operar de manera fiable y segura incluso en zonas explosivas altamente reguladas, manteniendo al mismo tiempo su durabilidad y funcionalidad bajo condiciones exigentes.<\/span><\/p>\n<p>[\/et_pb_text][\/et_pb_column][\/et_pb_row][\/et_pb_section]<\/p>\n","protected":false},"excerpt":{"rendered":"<p><div class=\"et_pb_module lwp_divi_breadcrumbs lwp_divi_breadcrumbs_0\">\n\t\t\t\t\n\t\t\t\t\n\t\t\t\t\n\t\t\t\t\n\t\t\t\t\n\t\t\t\t\n\t\t\t\t<div class=\"et_pb_module_inner\">\n\t\t\t\t\t<div class=\"lwp-breadcrumbs\"> <span class=\"before\"><\/span> <span vocab=\"https:\/\/schema.org\/\" typeof=\"BreadcrumbList\"><span property=\"itemListElement\" typeof=\"ListItem\"><a property=\"item\" typeof=\"WebPage\" href=\"https:\/\/liftingfx.girafdev.com\/es\/\" class=\"home\"><span property=\"name\">Home<\/span><\/a><meta property=\"position\" content=\"1\"><\/span> <span class=\"separator et-pb-icon\">&amp;#x39;<\/span> <\/span><\/div>\n\t\t\t\t<\/div>\n\t\t\t<\/div>Las gr\u00faas Flex Lifting pueden adaptarse para operar en entornos peligrosos como plantas qu\u00edmicas y petroqu\u00edmicas, sitios de extracci\u00f3n de petr\u00f3leo y gas, operaciones mineras, y \u00e1reas de construcci\u00f3n o mantenimiento de t\u00faneles. Son sectores donde la seguridad, la fiabilidad y el cumplimiento de las normas internacionales son esenciales. Certificaci\u00f3n ATEX [&hellip;]<\/p>\n","protected":false},"author":11,"featured_media":0,"parent":0,"menu_order":0,"comment_status":"closed","ping_status":"closed","template":"","meta":{"_acf_changed":false,"_et_pb_use_builder":"on","_et_pb_old_content":"","_et_gb_content_width":"","footnotes":""},"class_list":["post-318462","page","type-page","status-publish","hentry"],"acf":[],"_links":{"self":[{"href":"https:\/\/liftingfx.girafdev.com\/es\/wp-json\/wp\/v2\/pages\/318462","targetHints":{"allow":["GET"]}}],"collection":[{"href":"https:\/\/liftingfx.girafdev.com\/es\/wp-json\/wp\/v2\/pages"}],"about":[{"href":"https:\/\/liftingfx.girafdev.com\/es\/wp-json\/wp\/v2\/types\/page"}],"author":[{"embeddable":true,"href":"https:\/\/liftingfx.girafdev.com\/es\/wp-json\/wp\/v2\/users\/11"}],"replies":[{"embeddable":true,"href":"https:\/\/liftingfx.girafdev.com\/es\/wp-json\/wp\/v2\/comments?post=318462"}],"version-history":[{"count":4,"href":"https:\/\/liftingfx.girafdev.com\/es\/wp-json\/wp\/v2\/pages\/318462\/revisions"}],"predecessor-version":[{"id":318888,"href":"https:\/\/liftingfx.girafdev.com\/es\/wp-json\/wp\/v2\/pages\/318462\/revisions\/318888"}],"wp:attachment":[{"href":"https:\/\/liftingfx.girafdev.com\/es\/wp-json\/wp\/v2\/media?parent=318462"}],"curies":[{"name":"wp","href":"https:\/\/api.w.org\/{rel}","templated":true}]}}