{"id":280340,"date":"2024-07-10T14:28:42","date_gmt":"2024-07-10T12:28:42","guid":{"rendered":"https:\/\/bigleap.tech\/flex2\/?page_id=280340"},"modified":"2024-12-14T10:43:47","modified_gmt":"2024-12-14T09:43:47","slug":"noticias","status":"publish","type":"page","link":"https:\/\/liftingfx.girafdev.com\/es\/noticias\/","title":{"rendered":"newsevents3esp"},"content":{"rendered":"<p>[et_pb_section fb_built=\u00bb1&#8243; _builder_version=\u00bb4.22.2&#8243; _module_preset=\u00bbdefault\u00bb background_color=\u00bb#000000&#8243; background_image=\u00bbhttps:\/\/liftingfx.girafdev.comwp-content\/uploads\/2024\/07\/pattren-123-20356-222025.png\u00bb background_size=\u00bbcontain\u00bb background_position=\u00bbcenter_left\u00bb background_horizontal_offset=\u00bb100%\u00bb background_blend=\u00bbdifference\u00bb background_enable_pattern_style=\u00bbon\u00bb background_pattern_style=\u00bbtufted\u00bb background_pattern_color=\u00bbrgba(111,106,110,0.27)\u00bb background_pattern_transform=\u00bbflip_vertical\u00bb background_pattern_size=\u00bbcontain\u00bb background_pattern_repeat_origin=\u00bbbottom_left\u00bb background_pattern_repeat=\u00bbrepeat-x\u00bb background_pattern_blend_mode=\u00bbluminosity\u00bb custom_margin=\u00bb|||0px|false|false\u00bb custom_padding=\u00bb7%||15px|0px|false|false\u00bb background_last_edited=\u00bbon|tablet\u00bb background_size_tablet=\u00bbcover\u00bb background_size_phone=\u00bbcover\u00bb da_disable_devices=\u00bboff|off|off\u00bb locked=\u00bboff\u00bb global_colors_info=\u00bb{}\u00bb da_is_popup=\u00bboff\u00bb da_exit_intent=\u00bboff\u00bb da_has_close=\u00bbon\u00bb da_alt_close=\u00bboff\u00bb da_dark_close=\u00bboff\u00bb da_not_modal=\u00bbon\u00bb da_is_singular=\u00bboff\u00bb da_with_loader=\u00bboff\u00bb da_has_shadow=\u00bbon\u00bb][et_pb_row _builder_version=\u00bb4.22.2&#8243; _module_preset=\u00bbdefault\u00bb custom_margin=\u00bb|auto|||false|false\u00bb custom_padding=\u00bb81px|||||\u00bb global_colors_info=\u00bb{}\u00bb][et_pb_column type=\u00bb4_4&#8243; _builder_version=\u00bb4.22.2&#8243; _module_preset=\u00bbdefault\u00bb global_colors_info=\u00bb{}\u00bb][et_pb_heading title=\u00bbNoticias\u00bb _builder_version=\u00bb4.25.2&#8243; _module_preset=\u00bbdefault\u00bb title_font=\u00bbPoppins|700||on|||||\u00bb title_text_color=\u00bb#FFFFFF\u00bb title_font_size=\u00bb60px\u00bb global_colors_info=\u00bb{}\u00bb][\/et_pb_heading][et_pb_text _builder_version=\u00bb4.25.2&#8243; _module_preset=\u00bbdefault\u00bb text_font=\u00bb|300|||||||\u00bb text_text_color=\u00bb#c1c1c1&#8243; text_font_size=\u00bb16px\u00bb width=\u00bb70%\u00bb global_colors_info=\u00bb{}\u00bb][\/et_pb_text][\/et_pb_column][\/et_pb_row][et_pb_row _builder_version=\u00bb4.22.2&#8243; _module_preset=\u00bbdefault\u00bb custom_margin=\u00bb|auto|||false|false\u00bb border_width_top=\u00bb1px\u00bb border_color_top=\u00bb#444444&#8243; global_colors_info=\u00bb{}\u00bb][et_pb_column type=\u00bb4_4&#8243; _builder_version=\u00bb4.22.2&#8243; _module_preset=\u00bbdefault\u00bb global_colors_info=\u00bb{}\u00bb][lwp_divi_breadcrumbs _builder_version=\u00bb4.22.2&#8243; _module_preset=\u00bbdefault\u00bb module_text_color=\u00bb#e2e2e2&#8243; global_colors_info=\u00bb{}\u00bb][\/lwp_divi_breadcrumbs][\/et_pb_column][\/et_pb_row][\/et_pb_section][et_pb_section fb_built=\u00bb1&#8243; admin_label=\u00bbsection\u00bb _builder_version=\u00bb4.16&#8243; custom_padding=\u00bb0px||||false|false\u00bb da_disable_devices=\u00bboff|off|off\u00bb locked=\u00bboff\u00bb global_colors_info=\u00bb{}\u00bb da_is_popup=\u00bboff\u00bb da_exit_intent=\u00bboff\u00bb da_has_close=\u00bbon\u00bb da_alt_close=\u00bboff\u00bb da_dark_close=\u00bboff\u00bb da_not_modal=\u00bbon\u00bb da_is_singular=\u00bboff\u00bb da_with_loader=\u00bboff\u00bb da_has_shadow=\u00bbon\u00bb][et_pb_row column_structure=\u00bb1_4,3_4&#8243; admin_label=\u00bbrow\u00bb _builder_version=\u00bb4.16&#8243; background_size=\u00bbinitial\u00bb background_position=\u00bbtop_left\u00bb background_repeat=\u00bbrepeat\u00bb global_colors_info=\u00bb{}\u00bb][et_pb_column type=\u00bb1_4&#8243; _builder_version=\u00bb4.16&#8243; custom_padding=\u00bb|||\u00bb global_colors_info=\u00bb{}\u00bb custom_padding__hover=\u00bb|||\u00bb][et_pb_sidebar area=\u00bbet_pb_widget_area_2&#8243; _builder_version=\u00bb4.25.2&#8243; _module_preset=\u00bbdefault\u00bb body_font=\u00bb|||on|||||\u00bb global_colors_info=\u00bb{}\u00bb body_text_color__hover_enabled=\u00bbon|hover\u00bb body_text_color__hover=\u00bb#E02B20&#8243;][\/et_pb_sidebar][\/et_pb_column][et_pb_column type=\u00bb3_4&#8243; _builder_version=\u00bb4.16&#8243; custom_padding=\u00bb|||\u00bb global_colors_info=\u00bb{}\u00bb custom_padding__hover=\u00bb|||\u00bb][ba_post_list order=\u00bbDESC\u00bb posts_number=\u00bb10&#8243; include_categories=\u00bb57&#8243; excerpt_length=\u00bb100&#8243; show_author=\u00bbon\u00bb show_date=\u00bbon\u00bb item_spacing=\u00bb30px\u00bb item_padding=\u00bb0px|0px|30px|0px|false|false\u00bb image_width=\u00bb100px\u00bb image_height=\u00bb100px\u00bb image_spacing=\u00bb30px\u00bb meta_spacing=\u00bb5px\u00bb excerpt_spacing=\u00bb10px\u00bb module_id=\u00bbpost_list\u00bb _builder_version=\u00bb4.27.3&#8243; _module_preset=\u00bbdefault\u00bb title_font=\u00bb|700|||||||\u00bb title_text_color=\u00bb#3979ff\u00bb title_font_size=\u00bb1.5rem\u00bb content_text_color=\u00bb#354559&#8243; content_font_size=\u00bb1rem\u00bb meta_font=\u00bb|700|||||||\u00bb meta_text_color=\u00bb#354559&#8243; meta_font_size=\u00bb1rem\u00bb custom_css_free_form=\u00bb#post_list .dtq-post-list-child-inner {||  box-shadow: rgba(224, 43, 32, 0.4) -5px 5px, rgba(224, 43, 32, 0.3) -10px 10px, rgba(224, 43, 32, 0.2) -15px 15px;||}\u00bb border_radii_image=\u00bbon|3px|3px|3px|3px\u00bb border_width_bottom_post=\u00bb1px\u00bb border_color_bottom_post=\u00bb#e2e5ed\u00bb global_colors_info=\u00bb{}\u00bb][\/ba_post_list][\/et_pb_column][\/et_pb_row][\/et_pb_section][et_pb_section fb_built=\u00bb1&#8243; admin_label=\u00bbSezione\u00bb _builder_version=\u00bb4.22.2&#8243; _module_preset=\u00bbdefault\u00bb background_color=\u00bb#E02B20&#8243; use_background_color_gradient=\u00bbon\u00bb background_color_gradient_type=\u00bbelliptical\u00bb background_color_gradient_stops=\u00bb#e02b20 0%|#000000 72%\u00bb background_image=\u00bbhttps:\/\/liftingfx.girafdev.comwp-content\/uploads\/2022\/02\/MMM_5947-1-2048&#215;1365-1.jpg\u00bb background_blend=\u00bbmultiply\u00bb custom_padding=\u00bb||10%||false|false\u00bb top_divider_height=\u00bb0px\u00bb top_divider_flip=\u00bbvertical\u00bb da_disable_devices=\u00bboff|off|off\u00bb locked=\u00bboff\u00bb global_colors_info=\u00bb{}\u00bb da_is_popup=\u00bboff\u00bb da_exit_intent=\u00bboff\u00bb da_has_close=\u00bbon\u00bb da_alt_close=\u00bboff\u00bb da_dark_close=\u00bboff\u00bb da_not_modal=\u00bbon\u00bb da_is_singular=\u00bboff\u00bb da_with_loader=\u00bboff\u00bb da_has_shadow=\u00bbon\u00bb][et_pb_row make_equal=\u00bbon\u00bb _builder_version=\u00bb4.22.2&#8243; _module_preset=\u00bbdefault\u00bb background_color=\u00bbRGBA(255,255,255,0)\u00bb width=\u00bb50%\u00bb custom_margin=\u00bb||-10%||false|true\u00bb custom_padding=\u00bb||||false|true\u00bb global_colors_info=\u00bb{}\u00bb][et_pb_column type=\u00bb4_4&#8243; _builder_version=\u00bb4.22.2&#8243; _module_preset=\u00bbdefault\u00bb background_color=\u00bbRGBA(255,255,255,0)\u00bb box_shadow_style=\u00bbpreset3&#8243; global_colors_info=\u00bb{}\u00bb][et_pb_text _builder_version=\u00bb4.25.2&#8243; _module_preset=\u00bbdefault\u00bb text_font=\u00bb||||||||\u00bb text_text_color=\u00bb#FFFFFF\u00bb text_font_size=\u00bb17px\u00bb background_enable_color=\u00bboff\u00bb text_orientation=\u00bbcenter\u00bb custom_padding=\u00bb4%|3%|4%|3%|true|true\u00bb custom_css_before=\u00bbcontent: %22%22;||        position: absolute;||        left: 0;||        right: 0;||        top: -22px;||        margin: auto;||        width: 40px;||        height: 6px;||        background: #df2b20;||        display: block;||        margin-bottom: 20px;||        border-radius: 20px;||z-index:9;\u00bb custom_css_after=\u00bbcontent: %22%22;||        position: absolute;||        left: 0;||        right: 0;||        top: -20px;||        margin: auto;||        width: 120px;||        height: 2px;||        background: #fff;||        display: block;||        margin-bottom: 20px;||        border-radius: 20px;||    \u00bb global_colors_info=\u00bb{}\u00bb]<\/p>\n<p>Flex Lifting ofrece una amplia gama de minigr\u00faas dise\u00f1adas para satisfacer una amplia gama de necesidades de elevaci\u00f3n. Gracias al movimiento manual o el\u00e9ctrico y al sistema de lastre integrado, nuestras gr\u00faas son f\u00e1ciles de usar y no requieren instalaciones complejas.<\/p>\n<p>Las gr\u00faas contrapesadas de Flex Lifting son perfectas para cualquier sector, garantizando ergonom\u00eda, seguridad y m\u00e1xima productividad.<\/p>\n<p>[\/et_pb_text][\/et_pb_column][\/et_pb_row][\/et_pb_section][et_pb_section fb_built=\u00bb1&#8243; module_class=\u00bbunder_hook\u00bb _builder_version=\u00bb4.25.2&#8243; _module_preset=\u00bbdefault\u00bb background_color=\u00bb#000000&#8243; background_enable_image=\u00bboff\u00bb parallax=\u00bbon\u00bb parallax_method=\u00bboff\u00bb background_blend=\u00bboverlay\u00bb custom_padding=\u00bb4px||5px|||\u00bb top_divider_style=\u00bbarrow\u00bb top_divider_color=\u00bb#000000&#8243; bottom_divider_color=\u00bb#000000&#8243; da_disable_devices=\u00bboff|off|off\u00bb locked=\u00bboff\u00bb global_colors_info=\u00bb{}\u00bb da_is_popup=\u00bboff\u00bb da_exit_intent=\u00bboff\u00bb da_has_close=\u00bbon\u00bb da_alt_close=\u00bboff\u00bb da_dark_close=\u00bboff\u00bb da_not_modal=\u00bbon\u00bb da_is_singular=\u00bboff\u00bb da_with_loader=\u00bboff\u00bb da_has_shadow=\u00bbon\u00bb][et_pb_row _builder_version=\u00bb4.25.2&#8243; _module_preset=\u00bbdefault\u00bb custom_padding=\u00bb||19px|||\u00bb global_colors_info=\u00bb{}\u00bb][et_pb_column type=\u00bb4_4&#8243; _builder_version=\u00bb4.22.2&#8243; _module_preset=\u00bbdefault\u00bb global_colors_info=\u00bb{}\u00bb][\/et_pb_column][\/et_pb_row][\/et_pb_section]<\/p>\n","protected":false},"excerpt":{"rendered":"<p><div class=\"et_pb_module lwp_divi_breadcrumbs lwp_divi_breadcrumbs_0\">\n\t\t\t\t\n\t\t\t\t\n\t\t\t\t\n\t\t\t\t\n\t\t\t\t\n\t\t\t\t\n\t\t\t\t<div class=\"et_pb_module_inner\">\n\t\t\t\t\t<div class=\"lwp-breadcrumbs\"> <span class=\"before\"><\/span> <span vocab=\"https:\/\/schema.org\/\" typeof=\"BreadcrumbList\"><span property=\"itemListElement\" typeof=\"ListItem\"><a property=\"item\" typeof=\"WebPage\" href=\"https:\/\/liftingfx.girafdev.com\/es\/\" class=\"home\"><span property=\"name\">Home<\/span><\/a><meta property=\"position\" content=\"1\"><\/span> <span class=\"separator et-pb-icon\">&amp;#x39;<\/span> <\/span><\/div>\n\t\t\t\t<\/div>\n\t\t\t<\/div><div id=\"post_list\" class=\"et_pb_with_border et_pb_module ba_post_list ba_post_list_0\">\n\t\t\t\t\n\t\t\t\t\n\t\t\t\t\n\t\t\t\t\n\t\t\t\t\n\t\t\t\t\n\t\t\t\t<div class=\"et_pb_module_inner\">\n\t\t\t\t\t<div class=\"dtq-module dtq-post-list type-list\">\n                <ul class=\"dtq-post-list-parent\">\n                    <li class=\"dtq-post-list-child\">\n\t\t<a class=\"dtq-post-list-child-inner\" href=\"https:\/\/liftingfx.girafdev.com\/es\/soluciones-de-elevacion-destinadas-a-entornos-atex\/\">\n\t\t\t<div class=\"dtq-post-list-thumb\">\n\t\t\t\t<img decoding=\"async\" class=\"dtq-img-cover\" src=\"https:\/\/liftingfx.girafdev.com\/wp-content\/uploads\/2024\/12\/Atex.png\" \/>\n\t\t\t<\/div>\n\t\t\t<div class=\"dtq-post-list-content\">\n\t\t\t\t<h3 class=\"dtq-post-list-title\">Soluciones de elevaci\u00f3n destinadas a entornos ATEX<\/h3>\n\t\t\t\t<div class=\"dtq-post-list-meta\">\n\t\t\t<div class=\"dtq-post-list-author\">\n\t\t\tBy Paola Meda\n\t\t<\/div> <span class=\"dtq-separator\">|<\/span> <div class=\"dtq-post-list-date\">\n\t\t\tDic 17, 2024\n\t\t<\/div>\n\t\t<\/div>\n\t\t\t\t<p class=\"dtq-post-list-excerpt\">En colaboraci\u00f3n con nuestro socio t\u00e9cnico Excen, ofrecemos soluciones de elevaci\u00f3n m\u00f3viles a prue...<\/p>\n\t\t\t<\/div>\n\t\t<\/a>\n\t<\/li><li class=\"dtq-post-list-child\">\n\t\t<a class=\"dtq-post-list-child-inner\" href=\"https:\/\/liftingfx.girafdev.com\/es\/mando-a-distancia-de-alta-tecnologia-con-mandos-tipo-joystick\/\">\n\t\t\t<div class=\"dtq-post-list-thumb\">\n\t\t\t\t<img decoding=\"async\" class=\"dtq-img-cover\" src=\"https:\/\/liftingfx.girafdev.com\/wp-content\/uploads\/2024\/12\/remote-control-with-joystick.jpg\" \/>\n\t\t\t<\/div>\n\t\t\t<div class=\"dtq-post-list-content\">\n\t\t\t\t<h3 class=\"dtq-post-list-title\">Mando a distancia de alta tecnolog\u00eda con mandos tipo joystick<\/h3>\n\t\t\t\t<div class=\"dtq-post-list-meta\">\n\t\t\t<div class=\"dtq-post-list-author\">\n\t\t\tBy Paola Meda\n\t\t<\/div> <span class=\"dtq-separator\">|<\/span> <div class=\"dtq-post-list-date\">\n\t\t\tDic 17, 2024\n\t\t<\/div>\n\t\t<\/div>\n\t\t\t\t<p class=\"dtq-post-list-excerpt\">El nuevo mando a distancia tipo joystick ya est\u00e1 disponible de serie en los modelos de gr\u00faas el\u00e9c...<\/p>\n\t\t\t<\/div>\n\t\t<\/a>\n\t<\/li><li class=\"dtq-post-list-child\">\n\t\t<a class=\"dtq-post-list-child-inner\" href=\"https:\/\/liftingfx.girafdev.com\/es\/promat-2025-where-supply-chain-solutions-come-together\/\">\n\t\t\t<div class=\"dtq-post-list-thumb\">\n\t\t\t\t<img decoding=\"async\" class=\"dtq-img-cover\" src=\"https:\/\/liftingfx.girafdev.com\/wp-content\/uploads\/2024\/12\/2025_ProMat_logo_full.png\" \/>\n\t\t\t<\/div>\n\t\t\t<div class=\"dtq-post-list-content\">\n\t\t\t\t<h3 class=\"dtq-post-list-title\">Promat 2025 &#8211; Where Supply Chain Solutions Come Together<\/h3>\n\t\t\t\t<div class=\"dtq-post-list-meta\">\n\t\t\t<div class=\"dtq-post-list-author\">\n\t\t\tBy Paola Meda\n\t\t<\/div> <span class=\"dtq-separator\">|<\/span> <div class=\"dtq-post-list-date\">\n\t\t\tDic 16, 2024\n\t\t<\/div>\n\t\t<\/div>\n\t\t\t\t<p class=\"dtq-post-list-excerpt\">Le gru Flexlifting al Biemh 2022. La fiera si svolger\u00e0 a Bilbao in Spagna dal 13 al 17 giugno 2022.<\/p>\n\t\t\t<\/div>\n\t\t<\/a>\n\t<\/li><li class=\"dtq-post-list-child\">\n\t\t<a class=\"dtq-post-list-child-inner\" href=\"https:\/\/liftingfx.girafdev.com\/es\/logimat-2025-stuttgart-germany\/\">\n\t\t\t<div class=\"dtq-post-list-thumb\">\n\t\t\t\t<img decoding=\"async\" class=\"dtq-img-cover\" src=\"https:\/\/liftingfx.girafdev.com\/wp-content\/uploads\/2022\/02\/6796Button_en.jpg\" \/>\n\t\t\t<\/div>\n\t\t\t<div class=\"dtq-post-list-content\">\n\t\t\t\t<h3 class=\"dtq-post-list-title\">LogiMAT 2025 &#8211; Sal\u00f3n Internacional de Soluciones Intralog\u00edsticas y Gesti\u00f3n de Procesos<\/h3>\n\t\t\t\t<div class=\"dtq-post-list-meta\">\n\t\t\t<div class=\"dtq-post-list-author\">\n\t\t\tBy Mubashir Thangal\n\t\t<\/div> <span class=\"dtq-separator\">|<\/span> <div class=\"dtq-post-list-date\">\n\t\t\tFeb 18, 2022\n\t\t<\/div>\n\t\t<\/div>\n\t\t\t\t<p class=\"dtq-post-list-excerpt\">Le gru Flexlifting al Biemh 2022. La fiera si svolger\u00e0 a Bilbao in Spagna dal 13 al 17 giugno 2022.<\/p>\n\t\t\t<\/div>\n\t\t<\/a>\n\t<\/li><li class=\"dtq-post-list-child\">\n\t\t<a class=\"dtq-post-list-child-inner\" href=\"https:\/\/liftingfx.girafdev.com\/es\/hispack-2022-salon-internacional-del-embalaje-procesos-y-logistica\/\">\n\t\t\t<div class=\"dtq-post-list-thumb\">\n\t\t\t\t<img decoding=\"async\" class=\"dtq-img-cover\" src=\"https:\/\/liftingfx.girafdev.com\/wp-content\/uploads\/2022\/02\/Hispack-show-2022jpg.jpg\" \/>\n\t\t\t<\/div>\n\t\t\t<div class=\"dtq-post-list-content\">\n\t\t\t\t<h3 class=\"dtq-post-list-title\">HISPACK 2022 &#8211; Sal\u00f3n Internacional del Embalaje, Procesos y Log\u00edstica<\/h3>\n\t\t\t\t<div class=\"dtq-post-list-meta\">\n\t\t\t<div class=\"dtq-post-list-author\">\n\t\t\tBy Mubashir Thangal\n\t\t<\/div> <span class=\"dtq-separator\">|<\/span> <div class=\"dtq-post-list-date\">\n\t\t\tFeb 18, 2022\n\t\t<\/div>\n\t\t<\/div>\n\t\t\t\t<p class=\"dtq-post-list-excerpt\">Vinca waits for you at the Hispack show in Barcelona which will take place from 24 to 27 May 2022.<\/p>\n\t\t\t<\/div>\n\t\t<\/a>\n\t<\/li>\n                <\/ul>\n            <\/div>\n\t\t\t\t<\/div>\n\t\t\t<\/div>Flex [&hellip;]<\/p>\n","protected":false},"author":9,"featured_media":0,"parent":0,"menu_order":0,"comment_status":"closed","ping_status":"closed","template":"","meta":{"_acf_changed":false,"_et_pb_use_builder":"on","_et_pb_old_content":"","_et_gb_content_width":"","footnotes":""},"class_list":["post-280340","page","type-page","status-publish","hentry"],"acf":[],"_links":{"self":[{"href":"https:\/\/liftingfx.girafdev.com\/es\/wp-json\/wp\/v2\/pages\/280340","targetHints":{"allow":["GET"]}}],"collection":[{"href":"https:\/\/liftingfx.girafdev.com\/es\/wp-json\/wp\/v2\/pages"}],"about":[{"href":"https:\/\/liftingfx.girafdev.com\/es\/wp-json\/wp\/v2\/types\/page"}],"author":[{"embeddable":true,"href":"https:\/\/liftingfx.girafdev.com\/es\/wp-json\/wp\/v2\/users\/9"}],"replies":[{"embeddable":true,"href":"https:\/\/liftingfx.girafdev.com\/es\/wp-json\/wp\/v2\/comments?post=280340"}],"version-history":[{"count":2,"href":"https:\/\/liftingfx.girafdev.com\/es\/wp-json\/wp\/v2\/pages\/280340\/revisions"}],"predecessor-version":[{"id":303033,"href":"https:\/\/liftingfx.girafdev.com\/es\/wp-json\/wp\/v2\/pages\/280340\/revisions\/303033"}],"wp:attachment":[{"href":"https:\/\/liftingfx.girafdev.com\/es\/wp-json\/wp\/v2\/media?parent=280340"}],"curies":[{"name":"wp","href":"https:\/\/api.w.org\/{rel}","templated":true}]}}