{"id":279231,"date":"2024-06-11T12:25:40","date_gmt":"2024-06-11T10:25:40","guid":{"rendered":"https:\/\/bigleap.tech\/flex2\/?page_id=279231"},"modified":"2025-05-28T10:44:33","modified_gmt":"2025-05-28T08:44:33","slug":"acerca-de-flexlifting","status":"publish","type":"page","link":"https:\/\/liftingfx.girafdev.com\/es\/acerca-de-flexlifting\/","title":{"rendered":"Acerca de Flexlifting"},"content":{"rendered":"<p>[et_pb_section fb_built=\u00bb1&#8243; _builder_version=\u00bb4.22.2&#8243; _module_preset=\u00bbdefault\u00bb background_color=\u00bb#000000&#8243; background_image=\u00bbhttps:\/\/liftingfx.girafdev.comwp-content\/uploads\/2024\/07\/pattren-123-20356-222025.png\u00bb background_size=\u00bbcontain\u00bb background_position=\u00bbcenter_left\u00bb background_horizontal_offset=\u00bb100%\u00bb custom_margin=\u00bb|||0px|false|false\u00bb custom_padding=\u00bb7%||15px|0px|false|false\u00bb background_last_edited=\u00bbon|tablet\u00bb background_size_tablet=\u00bbcover\u00bb background_size_phone=\u00bbcover\u00bb da_disable_devices=\u00bboff|off|off\u00bb locked=\u00bboff\u00bb global_colors_info=\u00bb{}\u00bb da_is_popup=\u00bboff\u00bb da_exit_intent=\u00bboff\u00bb da_has_close=\u00bbon\u00bb da_alt_close=\u00bboff\u00bb da_dark_close=\u00bboff\u00bb da_not_modal=\u00bbon\u00bb da_is_singular=\u00bboff\u00bb da_with_loader=\u00bboff\u00bb da_has_shadow=\u00bbon\u00bb][et_pb_row _builder_version=\u00bb4.22.2&#8243; _module_preset=\u00bbdefault\u00bb custom_margin=\u00bb|auto|||false|false\u00bb custom_padding=\u00bb81px|||||\u00bb global_colors_info=\u00bb{}\u00bb][et_pb_column type=\u00bb4_4&#8243; _builder_version=\u00bb4.22.2&#8243; _module_preset=\u00bbdefault\u00bb global_colors_info=\u00bb{}\u00bb][et_pb_heading title=\u00bbAcerca de Flexlifting\u00bb _builder_version=\u00bb4.25.2&#8243; _module_preset=\u00bbdefault\u00bb title_font=\u00bbPoppins|700||on|||||\u00bb title_text_color=\u00bb#FFFFFF\u00bb title_font_size=\u00bb60px\u00bb global_colors_info=\u00bb{}\u00bb][\/et_pb_heading][et_pb_text _builder_version=\u00bb4.25.2&#8243; _module_preset=\u00bbdefault\u00bb text_font=\u00bb|300|||||||\u00bb text_text_color=\u00bb#c1c1c1&#8243; text_font_size=\u00bb16px\u00bb width=\u00bb70%\u00bb global_colors_info=\u00bb{}\u00bb][\/et_pb_text][\/et_pb_column][\/et_pb_row][et_pb_row _builder_version=\u00bb4.22.2&#8243; _module_preset=\u00bbdefault\u00bb custom_margin=\u00bb|auto|||false|false\u00bb border_width_top=\u00bb1px\u00bb border_color_top=\u00bb#444444&#8243; global_colors_info=\u00bb{}\u00bb][et_pb_column type=\u00bb4_4&#8243; _builder_version=\u00bb4.22.2&#8243; _module_preset=\u00bbdefault\u00bb global_colors_info=\u00bb{}\u00bb][lwp_divi_breadcrumbs separator_color=\u00bb#FFFFFF\u00bb current_text_color=\u00bb#FFFFFF\u00bb _builder_version=\u00bb4.27.3&#8243; _module_preset=\u00bbdefault\u00bb global_colors_info=\u00bb{}\u00bb][\/lwp_divi_breadcrumbs][\/et_pb_column][\/et_pb_row][\/et_pb_section][et_pb_section fb_built=\u00bb1&#8243; _builder_version=\u00bb4.27.3&#8243; _module_preset=\u00bbdefault\u00bb top_divider_style=\u00bbwave2&#8243; top_divider_color=\u00bb#000000&#8243; top_divider_height=\u00bb54px\u00bb top_divider_flip=\u00bbhorizontal|vertical\u00bb da_disable_devices=\u00bboff|off|off\u00bb locked=\u00bboff\u00bb global_colors_info=\u00bb{}\u00bb da_is_popup=\u00bboff\u00bb da_exit_intent=\u00bboff\u00bb da_has_close=\u00bbon\u00bb da_alt_close=\u00bboff\u00bb da_dark_close=\u00bboff\u00bb da_not_modal=\u00bbon\u00bb da_is_singular=\u00bboff\u00bb da_with_loader=\u00bboff\u00bb da_has_shadow=\u00bbon\u00bb][et_pb_row _builder_version=\u00bb4.27.3&#8243; _module_preset=\u00bbdefault\u00bb global_colors_info=\u00bb{}\u00bb][et_pb_column type=\u00bb4_4&#8243; _builder_version=\u00bb4.27.3&#8243; _module_preset=\u00bbdefault\u00bb global_colors_info=\u00bb{}\u00bb][et_pb_image src=\u00bbhttps:\/\/liftingfx.girafdev.comwp-content\/uploads\/2024\/11\/Flex-Lifting-team-with-cranes-scaled.jpg\u00bb title_text=\u00bbFlex Lifting team with cranes\u00bb _builder_version=\u00bb4.27.3&#8243; _module_preset=\u00bbdefault\u00bb box_shadow_style=\u00bbpreset4&#8243; box_shadow_color=\u00bb#E02B20&#8243; global_colors_info=\u00bb{}\u00bb][\/et_pb_image][\/et_pb_column][\/et_pb_row][et_pb_row _builder_version=\u00bb4.27.3&#8243; _module_preset=\u00bbdefault\u00bb global_colors_info=\u00bb{}\u00bb][et_pb_column type=\u00bb4_4&#8243; _builder_version=\u00bb4.27.3&#8243; _module_preset=\u00bbdefault\u00bb custom_padding=\u00bb10px|100px|10px|100px|false|false\u00bb global_colors_info=\u00bb{}\u00bb][et_pb_text _builder_version=\u00bb4.27.3&#8243; _module_preset=\u00bbdefault\u00bb text_font=\u00bbOpen Sans|600|||||||\u00bb text_text_color=\u00bb#666666&#8243; text_font_size=\u00bb18px\u00bb text_orientation=\u00bbcenter\u00bb global_colors_info=\u00bb{}\u00bb]Flex Lifting es la marca del Grupo AxA especializada en la producci\u00f3n de gr\u00faas m\u00f3viles contrapesadas 100% fabricadas en Italia para todos los sectores industriales.[\/et_pb_text][\/et_pb_column][\/et_pb_row][et_pb_row column_structure=\u00bb1_2,1_2&#8243; module_class=\u00bbcompany-area-es\u00bb _builder_version=\u00bb4.27.3&#8243; _module_preset=\u00bbdefault\u00bb global_colors_info=\u00bb{}\u00bb][et_pb_column type=\u00bb1_2&#8243; _builder_version=\u00bb4.27.3&#8243; _module_preset=\u00bbdefault\u00bb background_color=\u00bb#ededed\u00bb custom_padding=\u00bb45px|30px|45px|30px|false|false\u00bb border_radii=\u00bbon|10px|10px|10px|10px\u00bb box_shadow_style=\u00bbpreset2&#8243; box_shadow_color=\u00bb#8F8F8F\u00bb global_colors_info=\u00bb{}\u00bb][et_pb_text _builder_version=\u00bb4.27.3&#8243; _module_preset=\u00bbdefault\u00bb text_font=\u00bbOswald||||||||\u00bb text_text_color=\u00bb#e02b20&#8243; text_font_size=\u00bb18px\u00bb text_letter_spacing=\u00bb2px\u00bb text_orientation=\u00bbcenter\u00bb global_colors_info=\u00bb{}\u00bb]Nuestra misi\u00f3n corporativa[\/et_pb_text][et_pb_text _builder_version=\u00bb4.27.3&#8243; _module_preset=\u00bbdefault\u00bb text_font=\u00bbOpen Sans|600|||||||\u00bb text_text_color=\u00bb#666666&#8243; text_font_size=\u00bb16px\u00bb text_line_height=\u00bb1.8em\u00bb text_orientation=\u00bbcenter\u00bb global_colors_info=\u00bb{}\u00bb]<\/p>\n<p>Estamos constantemente comprometidos con la investigaci\u00f3n y el desarrollo de soluciones de elevaci\u00f3n y manipulaci\u00f3n de materiales. Soluciones sostenibles y eficientes para garantizar la m\u00e1xima seguridad y ergonom\u00eda de los trabajadores. Ponemos nuestra tecnolog\u00eda al servicio de las personas, para mejorar la calidad del trabajo y reducir el riesgo de lesiones.<\/p>\n<p>[\/et_pb_text][\/et_pb_column][et_pb_column type=\u00bb1_2&#8243; _builder_version=\u00bb4.27.3&#8243; _module_preset=\u00bbdefault\u00bb background_color=\u00bb#ededed\u00bb custom_padding=\u00bb30px|30px|30px|30px|false|false\u00bb border_radii=\u00bbon|10px|10px|10px|10px\u00bb box_shadow_style=\u00bbpreset2&#8243; box_shadow_color=\u00bb#8F8F8F\u00bb global_colors_info=\u00bb{}\u00bb][et_pb_text _builder_version=\u00bb4.27.3&#8243; _module_preset=\u00bbdefault\u00bb text_font=\u00bbOswald||||||||\u00bb text_text_color=\u00bb#e02b20&#8243; text_font_size=\u00bb18px\u00bb text_letter_spacing=\u00bb2px\u00bb text_orientation=\u00bbcenter\u00bb global_colors_info=\u00bb{}\u00bb]50 a\u00f1os de innovaci\u00f3n[\/et_pb_text][et_pb_text _builder_version=\u00bb4.27.3&#8243; _module_preset=\u00bbdefault\u00bb text_font=\u00bbOpen Sans|600|||||||\u00bb text_text_color=\u00bb#666666&#8243; text_font_size=\u00bb16px\u00bb text_line_height=\u00bb1.8em\u00bb text_orientation=\u00bbcenter\u00bb global_colors_info=\u00bb{}\u00bb]<\/p>\n<p>Calidad, innovaci\u00f3n y fiabilidad: estos son los pilares en los que se basa Flex Lifting. Desde hace m\u00e1s de 50 a\u00f1os fabricamos gr\u00faas m\u00f3viles contrapesadas de m\u00e1xima calidad, fruto de un compromiso constante con la investigaci\u00f3n y el desarrollo. Cada una de nuestras gr\u00faas est\u00e1 dise\u00f1ada y fabricada con materiales de primera calidad y sometida a rigurosos controles de calidad. Elegir una soluci\u00f3n Flex Lifting significa invertir en tecnolog\u00eda de punta y en un producto dise\u00f1ado para durar en el tiempo.<\/p>\n<p>[\/et_pb_text][\/et_pb_column][\/et_pb_row][et_pb_row column_structure=\u00bb1_2,1_2&#8243; module_class=\u00bbcompany-area-es\u00bb _builder_version=\u00bb4.27.3&#8243; _module_preset=\u00bbdefault\u00bb global_colors_info=\u00bb{}\u00bb][et_pb_column type=\u00bb1_2&#8243; _builder_version=\u00bb4.27.3&#8243; _module_preset=\u00bbdefault\u00bb background_color=\u00bb#ededed\u00bb custom_padding=\u00bb75px|30px|75px|30px|false|false\u00bb border_radii=\u00bbon|10px|10px|10px|10px\u00bb box_shadow_style=\u00bbpreset2&#8243; box_shadow_color=\u00bb#8F8F8F\u00bb global_colors_info=\u00bb{}\u00bb][et_pb_text _builder_version=\u00bb4.27.3&#8243; _module_preset=\u00bbdefault\u00bb text_font=\u00bbOswald||||||||\u00bb text_text_color=\u00bb#e02b20&#8243; text_font_size=\u00bb18px\u00bb text_letter_spacing=\u00bb2px\u00bb text_orientation=\u00bbcenter\u00bb global_colors_info=\u00bb{}\u00bb]Nuestras gr\u00faas, una soluci\u00f3n \u201cpara siempre\u201d[\/et_pb_text][et_pb_text _builder_version=\u00bb4.27.3&#8243; _module_preset=\u00bbdefault\u00bb text_font=\u00bbOpen Sans|600|||||||\u00bb text_text_color=\u00bb#666666&#8243; text_font_size=\u00bb16px\u00bb text_line_height=\u00bb1.8em\u00bb text_orientation=\u00bbcenter\u00bb global_colors_info=\u00bb{}\u00bb]<\/p>\n<p>Flex Lifting siempre ha destacado por su incansable vocaci\u00f3n de excelencia, que nos impulsa a encontrar la mejor y definitiva soluci\u00f3n a cada petici\u00f3n de nuestros clientes. Gracias a la innovaci\u00f3n continua y al dise\u00f1o personalizado, nuestras gr\u00faas est\u00e1n dise\u00f1adas para satisfacer las necesidades m\u00e1s espec\u00edficas de cada sector industrial. Nuestra pasi\u00f3n por la calidad nos lleva a dise\u00f1ar gr\u00faas cada vez m\u00e1s innovadoras y de alto rendimiento, para ofrecer soluciones que superen las expectativas de nuestros clientes.<\/p>\n<p>[\/et_pb_text][\/et_pb_column][et_pb_column type=\u00bb1_2&#8243; _builder_version=\u00bb4.27.3&#8243; _module_preset=\u00bbdefault\u00bb background_color=\u00bb#ededed\u00bb custom_padding=\u00bb30px|30px|30px|30px|false|false\u00bb border_radii=\u00bbon|10px|10px|10px|10px\u00bb box_shadow_style=\u00bbpreset2&#8243; box_shadow_color=\u00bb#8F8F8F\u00bb global_colors_info=\u00bb{}\u00bb][et_pb_text _builder_version=\u00bb4.27.3&#8243; _module_preset=\u00bbdefault\u00bb text_font=\u00bbOswald||||||||\u00bb text_text_color=\u00bb#e02b20&#8243; text_font_size=\u00bb18px\u00bb text_letter_spacing=\u00bb2px\u00bb text_orientation=\u00bbcenter\u00bb global_colors_info=\u00bb{}\u00bb]Grupo AxA[\/et_pb_text][et_pb_text _builder_version=\u00bb4.27.3&#8243; _module_preset=\u00bbdefault\u00bb text_font=\u00bbOpen Sans|600|||||||\u00bb text_text_color=\u00bb#666666&#8243; text_font_size=\u00bb16px\u00bb text_line_height=\u00bb1.8em\u00bb text_orientation=\u00bbcenter\u00bb global_colors_info=\u00bb{}\u00bb]<\/p>\n<p>El Grupo AxA es el socio B2B de prestigiosos clientes en Italia y en todo el mundo. La sede est\u00e1 situada en Dozza, en la provincia de Bolonia, en el coraz\u00f3n del Valle del Motor italiano, tierra donde nacieron las mejores empresas italianas especializadas en la producci\u00f3n de motores y en los sectores del embalaje y la automatizaci\u00f3n.<\/p>\n<p>[\/et_pb_text][\/et_pb_column][\/et_pb_row][et_pb_row column_structure=\u00bb1_2,1_2&#8243; module_class=\u00bbcompany-area-es\u00bb _builder_version=\u00bb4.27.3&#8243; _module_preset=\u00bbdefault\u00bb global_colors_info=\u00bb{}\u00bb][et_pb_column type=\u00bb1_2&#8243; _builder_version=\u00bb4.27.3&#8243; _module_preset=\u00bbdefault\u00bb background_color=\u00bb#ededed\u00bb custom_padding=\u00bb75px|30px|75px|30px|false|false\u00bb border_radii=\u00bbon|10px|10px|10px|10px\u00bb box_shadow_style=\u00bbpreset2&#8243; box_shadow_color=\u00bb#8F8F8F\u00bb global_colors_info=\u00bb{}\u00bb][et_pb_text _builder_version=\u00bb4.27.3&#8243; _module_preset=\u00bbdefault\u00bb text_font=\u00bbOswald||||||||\u00bb text_text_color=\u00bb#e02b20&#8243; text_font_size=\u00bb18px\u00bb text_letter_spacing=\u00bb2px\u00bb text_orientation=\u00bbcenter\u00bb global_colors_info=\u00bb{}\u00bb]<\/p>\n<p>Nuestro equipo<\/p>\n<p>[\/et_pb_text][et_pb_text _builder_version=\u00bb4.27.3&#8243; _module_preset=\u00bbdefault\u00bb text_font=\u00bbOpen Sans|600|||||||\u00bb text_text_color=\u00bb#666666&#8243; text_font_size=\u00bb16px\u00bb text_line_height=\u00bb1.8em\u00bb text_orientation=\u00bbcenter\u00bb global_colors_info=\u00bb{}\u00bb]<\/p>\n<p>Detr\u00e1s de cada producto exitoso hay un equipo de personas extraordinarias. Personas que trabajan con pasi\u00f3n, dedicaci\u00f3n y creatividad para crear algo \u00fanico. Gente como nosotros, el equipo de Flex Lifting. Personas apasionadas que creen firmemente en el valor de su trabajo. Ponemos todo nuestro esfuerzo y experiencia en ofrecer a nuestros clientes productos de la m\u00e1s alta calidad y un excelente servicio.<\/p>\n<p>[\/et_pb_text][\/et_pb_column][et_pb_column type=\u00bb1_2&#8243; _builder_version=\u00bb4.27.3&#8243; _module_preset=\u00bbdefault\u00bb background_color=\u00bb#ededed\u00bb custom_padding=\u00bb30px|30px|30px|30px|false|false\u00bb border_radii=\u00bbon|10px|10px|10px|10px\u00bb box_shadow_style=\u00bbpreset2&#8243; box_shadow_color=\u00bb#8F8F8F\u00bb global_colors_info=\u00bb{}\u00bb][et_pb_text _builder_version=\u00bb4.27.3&#8243; _module_preset=\u00bbdefault\u00bb text_font=\u00bbOswald||||||||\u00bb text_text_color=\u00bb#e02b20&#8243; text_font_size=\u00bb18px\u00bb text_letter_spacing=\u00bb2px\u00bb text_orientation=\u00bbcenter\u00bb global_colors_info=\u00bb{}\u00bb]<\/p>\n<p>La red de distribuci\u00f3n, el coraz\u00f3n palpitante de Flex Lifting<\/p>\n<p>[\/et_pb_text][et_pb_text _builder_version=\u00bb4.27.3&#8243; _module_preset=\u00bbdefault\u00bb text_font=\u00bbOpen Sans|600|||||||\u00bb text_text_color=\u00bb#666666&#8243; text_font_size=\u00bb16px\u00bb text_line_height=\u00bb1.8em\u00bb text_orientation=\u00bbcenter\u00bb global_colors_info=\u00bb{}\u00bb]<\/p>\n<p>Junto con nuestros socios comerciales, cada d\u00eda escribimos una nueva p\u00e1gina en la historia de Flex Lifting, una historia hecha de pasi\u00f3n, compromiso y colaboraci\u00f3n. Nuestra red de distribuci\u00f3n es un activo estrat\u00e9gico de gran valor que nos permite alcanzar nuevos mercados y ofrecer un servicio cada vez m\u00e1s completo a nuestros clientes.<\/p>\n<p>[\/et_pb_text][\/et_pb_column][\/et_pb_row][\/et_pb_section][et_pb_section fb_built=\u00bb1&#8243; _builder_version=\u00bb4.27.3&#8243; _module_preset=\u00bbdefault\u00bb da_disable_devices=\u00bboff|off|off\u00bb locked=\u00bboff\u00bb global_colors_info=\u00bb{}\u00bb da_is_popup=\u00bboff\u00bb da_exit_intent=\u00bboff\u00bb da_has_close=\u00bbon\u00bb da_alt_close=\u00bboff\u00bb da_dark_close=\u00bboff\u00bb da_not_modal=\u00bbon\u00bb da_is_singular=\u00bboff\u00bb da_with_loader=\u00bboff\u00bb da_has_shadow=\u00bbon\u00bb][et_pb_row column_structure=\u00bb1_4,1_4,1_4,1_4&#8243; _builder_version=\u00bb4.27.3&#8243; _module_preset=\u00bbdefault\u00bb global_colors_info=\u00bb{}\u00bb][et_pb_column type=\u00bb1_4&#8243; _builder_version=\u00bb4.27.3&#8243; _module_preset=\u00bbdefault\u00bb global_colors_info=\u00bb{}\u00bb][\/et_pb_column][et_pb_column type=\u00bb1_4&#8243; _builder_version=\u00bb4.27.3&#8243; _module_preset=\u00bbdefault\u00bb global_colors_info=\u00bb{}\u00bb][et_pb_image src=\u00bbhttps:\/\/liftingfx.girafdev.comwp-content\/uploads\/2024\/11\/logo.png\u00bb title_text=\u00bblogo\u00bb _builder_version=\u00bb4.27.3&#8243; _module_preset=\u00bbdefault\u00bb global_colors_info=\u00bb{}\u00bb][\/et_pb_image][\/et_pb_column][et_pb_column type=\u00bb1_4&#8243; _builder_version=\u00bb4.27.3&#8243; _module_preset=\u00bbdefault\u00bb global_colors_info=\u00bb{}\u00bb][et_pb_image src=\u00bbhttps:\/\/liftingfx.girafdev.comwp-content\/uploads\/2024\/11\/AxA.webp\u00bb title_text=\u00bbAxA\u00bb _builder_version=\u00bb4.27.3&#8243; _module_preset=\u00bbdefault\u00bb global_colors_info=\u00bb{}\u00bb][\/et_pb_image][\/et_pb_column][et_pb_column type=\u00bb1_4&#8243; _builder_version=\u00bb4.27.3&#8243; _module_preset=\u00bbdefault\u00bb global_colors_info=\u00bb{}\u00bb][\/et_pb_column][\/et_pb_row][\/et_pb_section][et_pb_section fb_built=\u00bb1&#8243; prev_background_color=\u00bb#ffffff\u00bb _builder_version=\u00bb4.22.2&#8243; _module_preset=\u00bbdefault\u00bb background_color=\u00bb#6f6a6e\u00bb top_divider_style=\u00bbwaves2&#8243; top_divider_height=\u00bb52px\u00bb da_disable_devices=\u00bboff|off|off\u00bb locked=\u00bboff\u00bb global_colors_info=\u00bb{}\u00bb da_is_popup=\u00bboff\u00bb da_exit_intent=\u00bboff\u00bb da_has_close=\u00bbon\u00bb da_alt_close=\u00bboff\u00bb da_dark_close=\u00bboff\u00bb da_not_modal=\u00bbon\u00bb da_is_singular=\u00bboff\u00bb da_with_loader=\u00bboff\u00bb da_has_shadow=\u00bbon\u00bb][et_pb_row _builder_version=\u00bb4.16&#8243; _module_preset=\u00bbdefault\u00bb global_colors_info=\u00bb{}\u00bb][et_pb_column type=\u00bb4_4&#8243; _builder_version=\u00bb4.16&#8243; _module_preset=\u00bbdefault\u00bb global_colors_info=\u00bb{}\u00bb][et_pb_text _builder_version=\u00bb4.27.3&#8243; _module_preset=\u00bbdefault\u00bb header_2_text_align=\u00bbcenter\u00bb header_2_text_color=\u00bb#FFFFFF\u00bb header_2_line_height=\u00bb1.3em\u00bb hover_enabled=\u00bb0&#8243; global_colors_info=\u00bb{}\u00bb sticky_enabled=\u00bb0&#8243;]<\/p>\n<h2>Aplicaciones ilimitadas para todos los sectores industriales<\/h2>\n<p>[\/et_pb_text][et_pb_button button_url=\u00bb\/es\/gruas-contrapesadas-moviles\/\u00bb button_text=\u00bbDESCUBRE LA GAMA COMPLETA DE NUESTRAS GR\u00daAS\u00bb button_alignment=\u00bbcenter\u00bb _builder_version=\u00bb4.27.3&#8243; _module_preset=\u00bbdefault\u00bb custom_button=\u00bbon\u00bb button_text_size=\u00bb14px\u00bb button_text_color=\u00bb#FFFFFF\u00bb button_bg_color=\u00bb#E02B20&#8243; button_border_width=\u00bb0px\u00bb button_border_radius=\u00bb2px\u00bb button_letter_spacing=\u00bb2px\u00bb button_font=\u00bbOpen Sans|700||on|||||\u00bb hover_enabled=\u00bb0&#8243; global_colors_info=\u00bb{}\u00bb button_bg_color__hover_enabled=\u00bbon|hover\u00bb button_bg_color__hover=\u00bbrgba(0,0,0,0.7)\u00bb button_bg_enable_color__hover=\u00bbon\u00bb button_border_radius__hover_enabled=\u00bbon|hover\u00bb button_border_radius__hover=\u00bb2px\u00bb sticky_enabled=\u00bb0&#8243;][\/et_pb_button][\/et_pb_column][\/et_pb_row][\/et_pb_section]<\/p>\n","protected":false},"excerpt":{"rendered":"<p><div class=\"et_pb_module lwp_divi_breadcrumbs lwp_divi_breadcrumbs_0\">\n\t\t\t\t\n\t\t\t\t\n\t\t\t\t\n\t\t\t\t\n\t\t\t\t\n\t\t\t\t\n\t\t\t\t<div class=\"et_pb_module_inner\">\n\t\t\t\t\t<div class=\"lwp-breadcrumbs\"> <span class=\"before\"><\/span> <span vocab=\"https:\/\/schema.org\/\" typeof=\"BreadcrumbList\"><span property=\"itemListElement\" typeof=\"ListItem\"><a property=\"item\" typeof=\"WebPage\" href=\"https:\/\/liftingfx.girafdev.com\/es\/\" class=\"home\"><span property=\"name\">Home<\/span><\/a><meta property=\"position\" content=\"1\"><\/span> <span class=\"separator et-pb-icon\">&amp;#x39;<\/span> <\/span><\/div>\n\t\t\t\t<\/div>\n\t\t\t<\/div>Flex Lifting es la marca del Grupo AxA especializada en la producci\u00f3n de gr\u00faas m\u00f3viles contrapesadas 100% fabricadas en Italia para todos los sectores industriales.Nuestra misi\u00f3n corporativaEstamos constantemente comprometidos con la investigaci\u00f3n y el desarrollo de soluciones de elevaci\u00f3n y manipulaci\u00f3n de materiales. Soluciones sostenibles y eficientes para garantizar la [&hellip;]<\/p>\n","protected":false},"author":9,"featured_media":201,"parent":0,"menu_order":0,"comment_status":"closed","ping_status":"closed","template":"","meta":{"_acf_changed":false,"_et_pb_use_builder":"on","_et_pb_old_content":"","_et_gb_content_width":"","footnotes":""},"class_list":["post-279231","page","type-page","status-publish","has-post-thumbnail","hentry"],"acf":[],"_links":{"self":[{"href":"https:\/\/liftingfx.girafdev.com\/es\/wp-json\/wp\/v2\/pages\/279231","targetHints":{"allow":["GET"]}}],"collection":[{"href":"https:\/\/liftingfx.girafdev.com\/es\/wp-json\/wp\/v2\/pages"}],"about":[{"href":"https:\/\/liftingfx.girafdev.com\/es\/wp-json\/wp\/v2\/types\/page"}],"author":[{"embeddable":true,"href":"https:\/\/liftingfx.girafdev.com\/es\/wp-json\/wp\/v2\/users\/9"}],"replies":[{"embeddable":true,"href":"https:\/\/liftingfx.girafdev.com\/es\/wp-json\/wp\/v2\/comments?post=279231"}],"version-history":[{"count":15,"href":"https:\/\/liftingfx.girafdev.com\/es\/wp-json\/wp\/v2\/pages\/279231\/revisions"}],"predecessor-version":[{"id":317910,"href":"https:\/\/liftingfx.girafdev.com\/es\/wp-json\/wp\/v2\/pages\/279231\/revisions\/317910"}],"wp:featuredmedia":[{"embeddable":true,"href":"https:\/\/liftingfx.girafdev.com\/es\/wp-json\/wp\/v2\/media\/201"}],"wp:attachment":[{"href":"https:\/\/liftingfx.girafdev.com\/es\/wp-json\/wp\/v2\/media?parent=279231"}],"curies":[{"name":"wp","href":"https:\/\/api.w.org\/{rel}","templated":true}]}}