{"id":279151,"date":"2024-06-11T14:13:12","date_gmt":"2024-06-11T12:13:12","guid":{"rendered":"https:\/\/bigleap.tech\/flex2\/?page_id=279151"},"modified":"2025-05-28T12:08:23","modified_gmt":"2025-05-28T10:08:23","slug":"nuestra-produccion","status":"publish","type":"page","link":"https:\/\/liftingfx.girafdev.com\/es\/acerca-de-flexlifting\/nuestra-produccion\/","title":{"rendered":"Nuestra produccion"},"content":{"rendered":"<p>[et_pb_section fb_built=\u00bb1&#8243; _builder_version=\u00bb4.22.2&#8243; _module_preset=\u00bbdefault\u00bb background_color=\u00bb#000000&#8243; background_image=\u00bbhttps:\/\/liftingfx.girafdev.comwp-content\/uploads\/2024\/07\/pattren-123-20356-222025.png\u00bb background_size=\u00bbcontain\u00bb background_position=\u00bbcenter_left\u00bb background_horizontal_offset=\u00bb100%\u00bb custom_margin=\u00bb|||0px|false|false\u00bb custom_padding=\u00bb7%||15px|0px|false|false\u00bb background_last_edited=\u00bbon|tablet\u00bb background_size_tablet=\u00bbcover\u00bb background_size_phone=\u00bbcover\u00bb da_disable_devices=\u00bboff|off|off\u00bb locked=\u00bboff\u00bb global_colors_info=\u00bb{}\u00bb da_is_popup=\u00bboff\u00bb da_exit_intent=\u00bboff\u00bb da_has_close=\u00bbon\u00bb da_alt_close=\u00bboff\u00bb da_dark_close=\u00bboff\u00bb da_not_modal=\u00bbon\u00bb da_is_singular=\u00bboff\u00bb da_with_loader=\u00bboff\u00bb da_has_shadow=\u00bbon\u00bb][et_pb_row _builder_version=\u00bb4.22.2&#8243; _module_preset=\u00bbdefault\u00bb custom_margin=\u00bb|auto|||false|false\u00bb custom_padding=\u00bb81px|||||\u00bb global_colors_info=\u00bb{}\u00bb][et_pb_column type=\u00bb4_4&#8243; _builder_version=\u00bb4.22.2&#8243; _module_preset=\u00bbdefault\u00bb global_colors_info=\u00bb{}\u00bb][et_pb_heading title=\u00bbNuestra produccion\u00bb _builder_version=\u00bb4.25.2&#8243; _module_preset=\u00bbdefault\u00bb title_font=\u00bbPoppins|700||on|||||\u00bb title_text_color=\u00bb#FFFFFF\u00bb title_font_size=\u00bb60px\u00bb global_colors_info=\u00bb{}\u00bb][\/et_pb_heading][et_pb_text _builder_version=\u00bb4.25.2&#8243; _module_preset=\u00bbdefault\u00bb text_font=\u00bb|300|||||||\u00bb text_text_color=\u00bb#c1c1c1&#8243; text_font_size=\u00bb16px\u00bb width=\u00bb70%\u00bb global_colors_info=\u00bb{}\u00bb][\/et_pb_text][\/et_pb_column][\/et_pb_row][et_pb_row _builder_version=\u00bb4.22.2&#8243; _module_preset=\u00bbdefault\u00bb custom_margin=\u00bb|auto|||false|false\u00bb border_width_top=\u00bb1px\u00bb border_color_top=\u00bb#444444&#8243; global_colors_info=\u00bb{}\u00bb][et_pb_column type=\u00bb4_4&#8243; _builder_version=\u00bb4.22.2&#8243; _module_preset=\u00bbdefault\u00bb global_colors_info=\u00bb{}\u00bb][lwp_divi_breadcrumbs separator_color=\u00bb#FFFFFF\u00bb current_text_color=\u00bb#FFFFFF\u00bb _builder_version=\u00bb4.27.3&#8243; _module_preset=\u00bbdefault\u00bb global_colors_info=\u00bb{}\u00bb][\/lwp_divi_breadcrumbs][\/et_pb_column][\/et_pb_row][\/et_pb_section][et_pb_section fb_built=\u00bb1&#8243; specialty=\u00bbon\u00bb module_class=\u00bbno-lightbox\u00bb _builder_version=\u00bb4.20.4&#8243; _module_preset=\u00bbdefault\u00bb custom_padding=\u00bb0px||0px||false|false\u00bb da_disable_devices=\u00bboff|off|off\u00bb locked=\u00bboff\u00bb global_colors_info=\u00bb{}\u00bb da_is_popup=\u00bboff\u00bb da_exit_intent=\u00bboff\u00bb da_has_close=\u00bbon\u00bb da_alt_close=\u00bboff\u00bb da_dark_close=\u00bboff\u00bb da_not_modal=\u00bbon\u00bb da_is_singular=\u00bboff\u00bb da_with_loader=\u00bboff\u00bb da_has_shadow=\u00bbon\u00bb][et_pb_column type=\u00bb1_2&#8243; specialty_columns=\u00bb2&#8243; _builder_version=\u00bb4.16&#8243; custom_padding=\u00bb|||\u00bb global_colors_info=\u00bb{}\u00bb custom_padding__hover=\u00bb|||\u00bb][et_pb_row_inner _builder_version=\u00bb4.16&#8243; _module_preset=\u00bbdefault\u00bb global_colors_info=\u00bb{}\u00bb][et_pb_column_inner saved_specialty_column_type=\u00bb1_2&#8243; _builder_version=\u00bb4.16&#8243; _module_preset=\u00bbdefault\u00bb global_colors_info=\u00bb{}\u00bb][et_pb_image src=\u00bbhttps:\/\/liftingfx.girafdev.comwp-content\/uploads\/2024\/11\/AXA-24-2-Photoroom.png\u00bb title_text=\u00bbAXA -24 (2)-Photoroom\u00bb force_fullwidth=\u00bbon\u00bb _builder_version=\u00bb4.27.3&#8243; _module_preset=\u00bbdefault\u00bb animation_style=\u00bbfade\u00bb box_shadow_style=\u00bbpreset4&#8243; box_shadow_color=\u00bb#E02B20&#8243; global_colors_info=\u00bb{}\u00bb][\/et_pb_image][\/et_pb_column_inner][\/et_pb_row_inner][\/et_pb_column][et_pb_column type=\u00bb1_2&#8243; _builder_version=\u00bb4.16&#8243; custom_padding=\u00bb|||\u00bb global_colors_info=\u00bb{}\u00bb custom_padding__hover=\u00bb|||\u00bb][et_pb_blurb title=\u00bbI + D\u00bb use_icon=\u00bbon\u00bb icon_placement=\u00bbleft\u00bb content_max_width=\u00bb100%\u00bb image_icon_width_last_edited=\u00bboff|desktop\u00bb admin_label=\u00bbR&#038;D\u00bb _builder_version=\u00bb4.25.2&#8243; header_level=\u00bbh3&#8243; header_font=\u00bbOswald|||on|||||\u00bb header_text_color=\u00bb#E02B20&#8243; header_font_size=\u00bb18px\u00bb header_letter_spacing=\u00bb2px\u00bb header_line_height=\u00bb1.7em\u00bb body_font=\u00bbOpen Sans|600|||||||\u00bb body_font_size=\u00bb16px\u00bb body_line_height=\u00bb1.8em\u00bb animation_style=\u00bbslide\u00bb animation_direction=\u00bbright\u00bb border_color_all_image=\u00bbrgba(51,51,51,0)\u00bb border_style_all_image=\u00bbnone\u00bb image_max_width_last_edited=\u00bboff|desktop\u00bb global_colors_info=\u00bb{}\u00bb]<\/p>\n<p class=\"no-rep\">Cada d\u00eda la divisi\u00f3n de Investigaci\u00f3n y Desarrollo est\u00e1 orientada hacia una mejora tecnol\u00f3gica constante de todas nuestras gr\u00faas para garantizar la fiabilidad y seguridad en todos los aspectos.<\/p>\n<p>[\/et_pb_blurb][et_pb_blurb title=\u00bbProducci\u00f3n\u00bb use_icon=\u00bbon\u00bb icon_placement=\u00bbleft\u00bb content_max_width=\u00bb100%\u00bb image_icon_width_last_edited=\u00bboff|desktop\u00bb admin_label=\u00bbMANUFACTURING\u00bb _builder_version=\u00bb4.25.2&#8243; header_level=\u00bbh3&#8243; header_font=\u00bbOswald|||on|||||\u00bb header_text_color=\u00bb#E02B20&#8243; header_font_size=\u00bb18px\u00bb header_letter_spacing=\u00bb2px\u00bb header_line_height=\u00bb1.7em\u00bb body_font=\u00bbOpen Sans|600|||||||\u00bb body_font_size=\u00bb16px\u00bb body_line_height=\u00bb1.8em\u00bb animation_style=\u00bbslide\u00bb animation_direction=\u00bbright\u00bb animation_duration=\u00bb1200ms\u00bb border_color_all_image=\u00bbrgba(51,51,51,0)\u00bb border_style_all_image=\u00bbnone\u00bb image_max_width_last_edited=\u00bboff|desktop\u00bb global_colors_info=\u00bb{}\u00bb]<\/p>\n<p>Los procesos de producci\u00f3n est\u00e1n sujetos a estrictos controles para garantizar el cumplimiento de los componentes en todos los departamentos. Nuestras gr\u00faas est\u00e1n fabricadas en AxA.<\/p>\n<p>[\/et_pb_blurb][et_pb_blurb title=\u00bbCadena de suministro\u00bb use_icon=\u00bbon\u00bb icon_placement=\u00bbleft\u00bb content_max_width=\u00bb100%\u00bb image_icon_width_last_edited=\u00bboff|desktop\u00bb admin_label=\u00bbSUPPLY CHAIN\u00bb _builder_version=\u00bb4.25.2&#8243; header_level=\u00bbh3&#8243; header_font=\u00bbOswald|||on|||||\u00bb header_text_color=\u00bb#E02B20&#8243; header_font_size=\u00bb18px\u00bb header_letter_spacing=\u00bb2px\u00bb header_line_height=\u00bb1.7em\u00bb body_font=\u00bbOpen Sans|600|||||||\u00bb body_font_size=\u00bb16px\u00bb body_line_height=\u00bb1.8em\u00bb animation_style=\u00bbslide\u00bb animation_direction=\u00bbright\u00bb animation_duration=\u00bb1400ms\u00bb border_color_all_image=\u00bbrgba(51,51,51,0)\u00bb border_style_all_image=\u00bbnone\u00bb image_max_width_last_edited=\u00bboff|desktop\u00bb global_colors_info=\u00bb{}\u00bb]<\/p>\n<p>Los proveedores est\u00e1n certificados por nuestro organismo de control de calidad y adoptan la trazabilidad de los materiales y los procedimientos de producci\u00f3n ajustada para mantener los m\u00e1ximos niveles de rendimiento del producto y el servicio. Todos los componentes se fabrican en Italia.<\/p>\n<p>[\/et_pb_blurb][et_pb_blurb title=\u00bbCertificaci\u00f3n\u00bb use_icon=\u00bbon\u00bb icon_placement=\u00bbleft\u00bb content_max_width=\u00bb100%\u00bb image_icon_width_last_edited=\u00bboff|desktop\u00bb admin_label=\u00bbCERTIFICATION\u00bb _builder_version=\u00bb4.25.2&#8243; header_font=\u00bbOswald|||on|||||\u00bb header_text_color=\u00bb#E02B20&#8243; header_font_size=\u00bb18px\u00bb header_letter_spacing=\u00bb2px\u00bb header_line_height=\u00bb1.7em\u00bb body_font=\u00bbOpen Sans|600|||||||\u00bb body_font_size=\u00bb16px\u00bb body_line_height=\u00bb1.8em\u00bb animation_style=\u00bbslide\u00bb animation_direction=\u00bbright\u00bb animation_duration=\u00bb1600ms\u00bb border_color_all_image=\u00bbrgba(51,51,51,0)\u00bb border_style_all_image=\u00bbnone\u00bb image_max_width_last_edited=\u00bboff|desktop\u00bb global_colors_info=\u00bb{}\u00bb]<\/p>\n<p>Todas nuestras gr\u00faas cumplen con la legislaci\u00f3n europea vigente incluyendo la Directiva de M\u00e1quinas 2006\/42\/CE, Directiva 2014\/35\/UE (baja tensi\u00f3n), Directiva 2014\/30\/UE (compatibilidad electromagn\u00e9tica).<\/p>\n<p>[\/et_pb_blurb][et_pb_blurb title=\u00bbAtenci\u00f3n al cliente\u00bb use_icon=\u00bbon\u00bb icon_placement=\u00bbleft\u00bb content_max_width=\u00bb100%\u00bb image_icon_width_last_edited=\u00bboff|desktop\u00bb admin_label=\u00bbCUSTOMER CARE\u00bb _builder_version=\u00bb4.25.2&#8243; header_font=\u00bbOswald|||on|||||\u00bb header_text_color=\u00bb#E02B20&#8243; header_font_size=\u00bb18px\u00bb header_letter_spacing=\u00bb2px\u00bb header_line_height=\u00bb1.7em\u00bb body_font=\u00bbOpen Sans|600|||||||\u00bb body_font_size=\u00bb16px\u00bb body_line_height=\u00bb1.8em\u00bb animation_style=\u00bbslide\u00bb animation_direction=\u00bbright\u00bb animation_duration=\u00bb1600ms\u00bb border_color_all_image=\u00bbrgba(51,51,51,0)\u00bb border_style_all_image=\u00bbnone\u00bb image_max_width_last_edited=\u00bboff|desktop\u00bb global_colors_info=\u00bb{}\u00bb]<\/p>\n<p>El servicio postventa garantiza la asistencia a todos nuestros clientes en Italia y en el mundo, los 7 d\u00edas de la semana, los 365 d\u00edas del a\u00f1o. Nuestro personal apoya a los distribuidores con capacitaci\u00f3n continua tanto en el aula como de forma remota. Las piezas de repuesto est\u00e1n disponibles dentro de las 24\/36 horas de la solicitud.<\/p>\n<p>[\/et_pb_blurb][\/et_pb_column][\/et_pb_section][et_pb_section fb_built=\u00bb1&#8243; prev_background_color=\u00bb#ffffff\u00bb _builder_version=\u00bb4.22.2&#8243; _module_preset=\u00bbdefault\u00bb background_color=\u00bb#6f6a6e\u00bb custom_padding=\u00bb75px|||||\u00bb top_divider_style=\u00bbwaves2&#8243; top_divider_height=\u00bb52px\u00bb da_disable_devices=\u00bboff|off|off\u00bb locked=\u00bboff\u00bb global_colors_info=\u00bb{}\u00bb da_is_popup=\u00bboff\u00bb da_exit_intent=\u00bboff\u00bb da_has_close=\u00bbon\u00bb da_alt_close=\u00bboff\u00bb da_dark_close=\u00bboff\u00bb da_not_modal=\u00bbon\u00bb da_is_singular=\u00bboff\u00bb da_with_loader=\u00bboff\u00bb da_has_shadow=\u00bbon\u00bb][et_pb_row _builder_version=\u00bb4.16&#8243; _module_preset=\u00bbdefault\u00bb global_colors_info=\u00bb{}\u00bb][et_pb_column type=\u00bb4_4&#8243; _builder_version=\u00bb4.16&#8243; _module_preset=\u00bbdefault\u00bb global_colors_info=\u00bb{}\u00bb][et_pb_text _builder_version=\u00bb4.25.2&#8243; _module_preset=\u00bbdefault\u00bb header_2_text_align=\u00bbcenter\u00bb header_2_text_color=\u00bb#FFFFFF\u00bb header_2_line_height=\u00bb1.3em\u00bb global_colors_info=\u00bb{}\u00bb]<\/p>\n<h2>Quieres ver nuestros productos?<\/h2>\n<p>[\/et_pb_text][et_pb_button button_url=\u00bbhttps:\/\/liftingfx.girafdev.comes\/gruas-contrapesadas-moviles\/\u00bb button_text=\u00bbDESCUBRE NUESTRAS GR\u00daAS\u00bb button_alignment=\u00bbcenter\u00bb _builder_version=\u00bb4.27.3&#8243; _module_preset=\u00bbdefault\u00bb custom_button=\u00bbon\u00bb button_text_size=\u00bb14px\u00bb button_text_color=\u00bb#FFFFFF\u00bb button_bg_color=\u00bb#E02B20&#8243; button_border_width=\u00bb0px\u00bb button_border_radius=\u00bb2px\u00bb button_letter_spacing=\u00bb2px\u00bb button_font=\u00bbOpen Sans|700||on|||||\u00bb hover_enabled=\u00bb0&#8243; global_colors_info=\u00bb{}\u00bb button_bg_color__hover_enabled=\u00bbon|hover\u00bb button_bg_color__hover=\u00bbrgba(0,0,0,0.7)\u00bb button_bg_enable_color__hover=\u00bbon\u00bb button_border_radius__hover_enabled=\u00bbon|hover\u00bb button_border_radius__hover=\u00bb2px\u00bb sticky_enabled=\u00bb0&#8243;][\/et_pb_button][\/et_pb_column][\/et_pb_row][\/et_pb_section]<\/p>\n","protected":false},"excerpt":{"rendered":"<p><div class=\"et_pb_module lwp_divi_breadcrumbs lwp_divi_breadcrumbs_0\">\n\t\t\t\t\n\t\t\t\t\n\t\t\t\t\n\t\t\t\t\n\t\t\t\t\n\t\t\t\t\n\t\t\t\t<div class=\"et_pb_module_inner\">\n\t\t\t\t\t<div class=\"lwp-breadcrumbs\"> <span class=\"before\"><\/span> <span vocab=\"https:\/\/schema.org\/\" typeof=\"BreadcrumbList\"><span property=\"itemListElement\" typeof=\"ListItem\"><a property=\"item\" typeof=\"WebPage\" href=\"https:\/\/liftingfx.girafdev.com\/es\/\" class=\"home\"><span property=\"name\">Home<\/span><\/a><meta property=\"position\" content=\"1\"><\/span> <span class=\"separator et-pb-icon\">&amp;#x39;<\/span> <\/span><\/div>\n\t\t\t\t<\/div>\n\t\t\t<\/div>Cada d\u00eda la divisi\u00f3n de Investigaci\u00f3n y Desarrollo est\u00e1 orientada hacia una mejora tecnol\u00f3gica constante de todas nuestras gr\u00faas para garantizar la fiabilidad y seguridad en todos los aspectos.Los procesos de producci\u00f3n est\u00e1n sujetos a estrictos controles para garantizar el cumplimiento de los componentes en todos los departamentos. Nuestras gr\u00faas [&hellip;]<\/p>\n","protected":false},"author":9,"featured_media":3856,"parent":279231,"menu_order":0,"comment_status":"closed","ping_status":"closed","template":"","meta":{"_acf_changed":false,"_et_pb_use_builder":"on","_et_pb_old_content":"","_et_gb_content_width":"","footnotes":""},"class_list":["post-279151","page","type-page","status-publish","has-post-thumbnail","hentry"],"acf":[],"_links":{"self":[{"href":"https:\/\/liftingfx.girafdev.com\/es\/wp-json\/wp\/v2\/pages\/279151","targetHints":{"allow":["GET"]}}],"collection":[{"href":"https:\/\/liftingfx.girafdev.com\/es\/wp-json\/wp\/v2\/pages"}],"about":[{"href":"https:\/\/liftingfx.girafdev.com\/es\/wp-json\/wp\/v2\/types\/page"}],"author":[{"embeddable":true,"href":"https:\/\/liftingfx.girafdev.com\/es\/wp-json\/wp\/v2\/users\/9"}],"replies":[{"embeddable":true,"href":"https:\/\/liftingfx.girafdev.com\/es\/wp-json\/wp\/v2\/comments?post=279151"}],"version-history":[{"count":6,"href":"https:\/\/liftingfx.girafdev.com\/es\/wp-json\/wp\/v2\/pages\/279151\/revisions"}],"predecessor-version":[{"id":317928,"href":"https:\/\/liftingfx.girafdev.com\/es\/wp-json\/wp\/v2\/pages\/279151\/revisions\/317928"}],"up":[{"embeddable":true,"href":"https:\/\/liftingfx.girafdev.com\/es\/wp-json\/wp\/v2\/pages\/279231"}],"wp:featuredmedia":[{"embeddable":true,"href":"https:\/\/liftingfx.girafdev.com\/es\/wp-json\/wp\/v2\/media\/3856"}],"wp:attachment":[{"href":"https:\/\/liftingfx.girafdev.com\/es\/wp-json\/wp\/v2\/media?parent=279151"}],"curies":[{"name":"wp","href":"https:\/\/api.w.org\/{rel}","templated":true}]}}