{"id":317015,"date":"2025-05-14T13:44:13","date_gmt":"2025-05-14T11:44:13","guid":{"rendered":"https:\/\/liftingfx.girafdev.com?post_type=product&#038;p=317015"},"modified":"2025-06-25T17:49:23","modified_gmt":"2025-06-25T15:49:23","slug":"flex-g750dbr-montagekran-elektrisch","status":"publish","type":"product","link":"https:\/\/liftingfx.girafdev.com\/de\/product\/flex-g750dbr-montagekran-elektrisch\/","title":{"rendered":"FLEX G750DBR MONTAGEKRAN ELEKTRISCH"},"content":{"rendered":"<p><span style=\"font-weight: 400;\">Der FLEX G750DBR-Kran ist ein <\/span><b>Gegengewichtsschwenkkran mit elektrischem Antrieb<\/b><span style=\"font-weight: 400;\">, der das Heben von Lasten bis zu 750 kg erm\u00f6glicht.<\/span><\/p>\n<p><span style=\"font-weight: 400;\">Er ist mit einem elektrischen Ausleger ausgestattet, der einen \u00dcberhang von 2400 mm gew\u00e4hrleistet.\u00a0<\/span><\/p>\n<p><span style=\"font-weight: 400;\">Die Drehung, die alle 30\u00b0 blockiert werden kann, erfolgt manuell und wird durch das Vorhandensein von Lagern und zwei ergonomischen Griffen am oberen Teil des Ballasts erleichtert. Ausgestattet mit 2 festen R\u00e4dern und einem motorisierten Rad, das direkt mit der Deichsel verbunden ist, f\u00fcr maximale Man\u00f6vrierf\u00e4higkeit auf engstem Raum.<\/span><\/p>\n<p><span style=\"font-weight: 400;\">Standardausstattung: wartungsfreie, versiegelte AGM-Batterien, externes Batterieladeger\u00e4t, Leuchts\u00e4ule zur Anzeige der ordnungsgem\u00e4\u00dfen Funktion des Krans und \u00dcberlastwarnung, Not-Aus.<\/span><\/p>\n<p><span style=\"font-weight: 400;\">Der Flex G750DBR <strong>mobiler Gegengewichtskran<\/strong> verf\u00fcgt au\u00dferdem \u00fcber ein Multifunktionsdisplay, das Ladezustand, Batteriespannung und Betriebsstunden anzeigt.<\/span><\/p>\n<p><span style=\"font-weight: 400;\">Das Anheben, Absenken, Ausfahren und Einfahren des Auslegers erfolgt elektrisch. Alle Bewegungen sind vom Bediener \u00fcber eine Fernbedienung einstellbar. <\/span><b>Die Fernbedienung ist mit einem Potentiometer ausgestattet, mit dem Sie die Geschwindigkeit und Proportionalit\u00e4t der Bewegungen des Kranarms steuern k\u00f6nnen.<\/b><\/p>\n<p><span style=\"font-weight: 400;\">Es handelt sich um einen universellen Mobilkran mit unbegrenzten Einsatzm\u00f6glichkeiten. Mit dem <\/span><b>Minikran FLEX G750DBR <\/b><span style=\"font-weight: 400;\">k\u00f6nnen dank seiner 270\u00b0-Drehung und dem Teleskopausleger Bauteile wie Formen, Ersatzteile, Halbzeuge und andere Lasten auf CNC-Bearbeitungszentren, Regalen, Montagetischen und an jedem schwer zug\u00e4nglichen Ort platziert werden.<\/span><\/p>\n<p><b>Sicherheitsmerkmale:<\/b><\/p>\n<p><b>Dynamischer Lastbegrenzer<\/b><span style=\"font-weight: 400;\">, der \u00dcberlastungen und m\u00f6gliche Unf\u00e4lle verhindert. Es \u00fcberwacht kontinuierlich die angehobene oder gehandhabte Last und begrenzt den Betrieb automatisch, wenn die Last den vorgegebenen Sicherheitsgrenzwert \u00fcberschreitet.<\/span><\/p>\n<p><span style=\"font-weight: 400;\">Bei einem Bruch des Hydraulikschlauchs wird automatisch ein <\/span>Sperrventil<span style=\"font-weight: 400;\"> aktiviert, das ein unkontrolliertes Absinken der Last verhindert.<\/span><\/p>\n<p><span style=\"font-weight: 400;\">Die Deichsel ist mit einem Geschwindigkeitsw\u00e4hler ausgestattet, der eine Anpassung der Fahrzeuggeschwindigkeit an unterschiedliche Betriebsanforderungen erm\u00f6glicht. Es stehen zwei Positionen zur Verf\u00fcgung:<\/span><\/p>\n<ul>\n<li><span style=\"font-weight: 400;\"> Langsamer Modus: Begrenzt die H\u00f6chstgeschwindigkeit auf 1,5 km\/h, ideal f\u00fcr pr\u00e4zises Man\u00f6vrieren auf engstem Raum und schonende Handhabung von Lasten.<\/span><\/li>\n<li><span style=\"font-weight: 400;\"> Standardgeschwindigkeit: Erm\u00f6glicht eine H\u00f6chstgeschwindigkeit von 3 km\/h, geeignet f\u00fcr Langstreckenfahrten unter Standardbedingungen<\/span><\/li>\n<\/ul>\n<p><span style=\"font-weight: 400;\">Mit dem <\/span><b>Gegengewichtskran FLEX G750DBR<\/b><span style=\"font-weight: 400;\">\u00a0k\u00f6nnen Lasten unter vollst\u00e4ndiger Einhaltung der geltenden Vorschriften zum Schutz der Bedienersicherheit gehandhabt und gehoben werden.<\/span><\/p>\n","protected":false},"excerpt":{"rendered":"<p>MIT FERNBEDIENUNG<\/p>\n<p><span data-sheets-root=\"1\">TRAGKRAFT<\/span> 750 KG<\/p>\n","protected":false},"featured_media":317065,"template":"","meta":{"_acf_changed":false,"_et_pb_use_builder":"","_et_pb_old_content":"<strong>Der FLEX G500SB ist ein motorbetriebener Gegengewichts-Schwenkkran, der das Heben und Bewegen von Lasten bis zu 500 kg <\/strong><strong>erm\u00f6glicht.<\/strong>\r\n\r\nBeim Flex G500SB handelt es sich um einen Kran, der besonders gut zu steuern ist somit Lasten in engen R\u00e4umen\r\naufgenommen werden k\u00f6nnen. Der Kranausleger kann in 8 Positionen manuell geschwenkt und gelockt werden.\r\nDieser Kran ist mit einem Antriebsrad und wartungsfreien AGM Batterien ausgestattet. Alle Bewegungen sind elektrisch,proportional und durch den Bediener mit h\u00f6chster Pr\u00e4zision bedienbar.Bauqualit\u00e4t und Komponenten sind Made in Italy diese rein italienische Qualit\u00e4t macht unsere Krane sehr widerstandsf\u00e4hig und vollst\u00e4ndig st\u00f6rungsfrei. Entspricht den geltenden Vorschriften zum Schutz und zur Sicherheit der Bediener.\r\n\r\nMax.Traglast 500 kg und Ausladung bis zu 1930 mm ( mit elektrischem Ausleger + mechanische Verl\u00e4ngerung ). Die mechanische Verl\u00e4ngerung wird standardm\u00e4\u00dfig zusammen mit dem Kran geliefert.\r\n\r\nEs ist ein <strong>universeller Mobilkran<\/strong> mit unbegrenzten Einsatzm\u00f6glichkeiten. Mit dem <strong>Minikran FLEX G500SB<\/strong> k\u00f6nnen dank der 270\u00b0-Drehung Teile (Formen, Ersatzteile und jede Art von Last) auf Werkzeugmaschinen, Regalen, Montageb\u00e4nken und an jedem schwer zug\u00e4nglichen Ort positioniert werden.\r\n\r\n<strong>HUBMOMENTBEGRENZER : <\/strong>Zur Serienausstattung geh\u00f6rt ein dynamischer Hubmomentbegrenzer. Hub- und Vorschub-Bedienelemente werden bei \u00dcberlast blockiert.\r\n\r\n<strong>INTEGRIERTES BATTERIELADEGER\u00c4T<\/strong>:\u00a0 Impulsgesteuertes Modell CB350-HF mit einphasiger Eingangsspannung 220V, Hochfrequenz und Ausgangsspannung 24V - Mikroprozessoranzeige mit Relais f\u00fcr Hubsperre - 3-LEDs f\u00fcr die Anzeige des\r\nBetriebsstatus - Remote-RBC-Anzeige f\u00fcr die Anzeige des Ladestatus des Batterieladeger\u00e4ts\r\n\r\n<strong>Bedienhebel mit proportional verstellbarer Geschwindigkeit f\u00fcr Kranbewegungen:<\/strong>\r\n\r\n<strong>\u2022 Heben des Auslegers<\/strong>\r\n<strong>\u2022 Senken des Auslegers<\/strong>\r\n<strong>\u2022 Ausschub<\/strong>\r\n<strong>\u2022 Einschub<\/strong>\r\n\r\nEr erf\u00fcllt alle gesetzlich vorgesehenen Sicherheitsanforderungen (Notvorrichtungen, Schutzschalter, Hupe, Summer, Blinklicht,\r\nHochdruckventil, Absperrventil).\r\n\r\n\u00a0","_et_gb_content_width":""},"product_brand":[],"product_cat":[65],"product_tag":[],"class_list":{"0":"post-317015","1":"product","2":"type-product","3":"status-publish","4":"has-post-thumbnail","6":"product_cat-pick-carry-krane-mit-doppel-oder-3-fach-teleskop-ausschub","7":"pa_portata-max-kg-750-de","9":"first","10":"instock","11":"shipping-taxable","12":"product-type-simple"},"acf":[],"gallery_images":[317061,317121,317111,317101,317091,317081,317071],"_links":{"self":[{"href":"https:\/\/liftingfx.girafdev.com\/de\/wp-json\/wp\/v2\/product\/317015","targetHints":{"allow":["GET"]}}],"collection":[{"href":"https:\/\/liftingfx.girafdev.com\/de\/wp-json\/wp\/v2\/product"}],"about":[{"href":"https:\/\/liftingfx.girafdev.com\/de\/wp-json\/wp\/v2\/types\/product"}],"wp:featuredmedia":[{"embeddable":true,"href":"https:\/\/liftingfx.girafdev.com\/de\/wp-json\/wp\/v2\/media\/317065"}],"wp:attachment":[{"href":"https:\/\/liftingfx.girafdev.com\/de\/wp-json\/wp\/v2\/media?parent=317015"}],"wp:term":[{"taxonomy":"product_brand","embeddable":true,"href":"https:\/\/liftingfx.girafdev.com\/de\/wp-json\/wp\/v2\/product_brand?post=317015"},{"taxonomy":"product_cat","embeddable":true,"href":"https:\/\/liftingfx.girafdev.com\/de\/wp-json\/wp\/v2\/product_cat?post=317015"},{"taxonomy":"product_tag","embeddable":true,"href":"https:\/\/liftingfx.girafdev.com\/de\/wp-json\/wp\/v2\/product_tag?post=317015"}],"curies":[{"name":"wp","href":"https:\/\/api.w.org\/{rel}","templated":true}]}}