{"id":307747,"date":"2025-01-22T17:24:17","date_gmt":"2025-01-22T16:24:17","guid":{"rendered":"https:\/\/liftingfx.girafdev.com?post_type=product&#038;p=307747"},"modified":"2025-01-22T17:41:47","modified_gmt":"2025-01-22T16:41:47","slug":"lbac500-kreuztraverse-zum-heben-von-big-bags-tragfahigkeit-500-kg","status":"publish","type":"product","link":"https:\/\/liftingfx.girafdev.com\/de\/product\/lbac500-kreuztraverse-zum-heben-von-big-bags-tragfahigkeit-500-kg\/","title":{"rendered":"LBAC500 KREUZTRAVERSE ZUM HEBEN VON BIG BAGS TRAGF\u00c4HIGKEIT 500 KG"},"content":{"rendered":"<h2>TRAGF\u00c4HIGKEIT 500 KG<\/h2>\n<p>Die LBAC500 Kreuztraverse ist ein \u00e4u\u00dferst vielseitiges Hebeger\u00e4t, das f\u00fcr die ausgewogene Handhabung von Lasten konzipiert ist. Sie ist mit vier um 360\u00b0 drehbaren Haken ausgestattet, die einen zuverl\u00e4ssigen Halt unter allen Betriebsbedingungen gew\u00e4hrleisten. Mit einer maximalen Tragf\u00e4higkeit von 500 kg zeichnet sich die Kreuztraverse LBAC500 durch seine Effizienz und Zuverl\u00e4ssigkeit aus und verf\u00fcgt \u00fcber eine robuste Stahlkonstruktion. Einstellbereich 800, 1100 und 1400 mm.<\/p>\n<p>Die Kreuztraverse LBAC500 von Flex Lifting kann bequem an allen unseren Kr\u00e4nen installiert werden und ist die ideale L\u00f6sung f\u00fcr die Handhabung und das Heben von Big Bags unterschiedlicher Gr\u00f6\u00dfe.<\/p>\n<p><a href=\"https:\/\/liftingfx.girafdev.comwp-content\/uploads\/2025\/01\/LBAC500-drawing.pdf\">Zeichnung ansehen<\/a><\/p>\n","protected":false},"excerpt":{"rendered":"<p>TRAGF\u00c4HIGKEIT 500 KG Die LBAC500 Kreuztraverse ist ein \u00e4u\u00dferst vielseitiges Hebeger\u00e4t, das f\u00fcr die ausgewogene Handhabung von Lasten konzipiert ist. Sie ist mit vier um 360\u00b0 drehbaren Haken ausgestattet, die einen zuverl\u00e4ssigen Halt unter allen Betriebsbedingungen gew\u00e4hrleisten. Mit einer maximalen Tragf\u00e4higkeit von 500 kg zeichnet sich die Kreuztraverse LBAC500 durch seine Effizienz und Zuverl\u00e4ssigkeit aus [&hellip;]<\/p>\n","protected":false},"featured_media":307760,"template":"","meta":{"_acf_changed":false,"_et_pb_use_builder":"off","_et_pb_old_content":"","_et_gb_content_width":""},"product_brand":[],"product_cat":[398],"product_tag":[],"class_list":{"0":"post-307747","1":"product","2":"type-product","3":"status-publish","4":"has-post-thumbnail","6":"product_cat-optionen","8":"first","9":"instock","10":"shipping-taxable","11":"product-type-simple"},"acf":[],"gallery_images":[307756],"_links":{"self":[{"href":"https:\/\/liftingfx.girafdev.com\/de\/wp-json\/wp\/v2\/product\/307747","targetHints":{"allow":["GET"]}}],"collection":[{"href":"https:\/\/liftingfx.girafdev.com\/de\/wp-json\/wp\/v2\/product"}],"about":[{"href":"https:\/\/liftingfx.girafdev.com\/de\/wp-json\/wp\/v2\/types\/product"}],"wp:featuredmedia":[{"embeddable":true,"href":"https:\/\/liftingfx.girafdev.com\/de\/wp-json\/wp\/v2\/media\/307760"}],"wp:attachment":[{"href":"https:\/\/liftingfx.girafdev.com\/de\/wp-json\/wp\/v2\/media?parent=307747"}],"wp:term":[{"taxonomy":"product_brand","embeddable":true,"href":"https:\/\/liftingfx.girafdev.com\/de\/wp-json\/wp\/v2\/product_brand?post=307747"},{"taxonomy":"product_cat","embeddable":true,"href":"https:\/\/liftingfx.girafdev.com\/de\/wp-json\/wp\/v2\/product_cat?post=307747"},{"taxonomy":"product_tag","embeddable":true,"href":"https:\/\/liftingfx.girafdev.com\/de\/wp-json\/wp\/v2\/product_tag?post=307747"}],"curies":[{"name":"wp","href":"https:\/\/api.w.org\/{rel}","templated":true}]}}