{"id":307709,"date":"2025-01-22T14:57:31","date_gmt":"2025-01-22T13:57:31","guid":{"rendered":"https:\/\/liftingfx.girafdev.com?post_type=product&#038;p=307709"},"modified":"2025-01-22T15:52:03","modified_gmt":"2025-01-22T14:52:03","slug":"lbac250-kreuztraverse-zum-heben-von-big-bags-tragfaehigkeit-250-kg","status":"publish","type":"product","link":"https:\/\/liftingfx.girafdev.com\/de\/product\/lbac250-kreuztraverse-zum-heben-von-big-bags-tragfaehigkeit-250-kg\/","title":{"rendered":"LBAC250 KREUZTRAVERSE ZUM HEBEN VON BIG BAGS TRAGF\u00c4HIGKEIT 250 KG"},"content":{"rendered":"<h2>TRAGF\u00c4HIGKEIT 250 KG<\/h2>\n<p>Die LBAC250 Kreuztraverse ist ein \u00e4u\u00dferst vielseitiges Hebeger\u00e4t, das f\u00fcr die ausgewogene Handhabung von Lasten konzipiert ist. Sie ist mit vier um 360\u00b0 drehbaren Haken ausgestattet, die einen zuverl\u00e4ssigen Halt unter allen Betriebsbedingungen gew\u00e4hrleisten. Mit einer maximalen Tragf\u00e4higkeit von 250 kg zeichnet sich die Kreuztraverse LBAC250 durch seine Effizienz und Zuverl\u00e4ssigkeit aus und verf\u00fcgt \u00fcber eine robuste Stahlkonstruktion. Einstellbereich 400, 700 und 1000 mm.<\/p>\n<p>Die Kreuztraverse LBAC250 von Flex Lifting kann bequem an allen unseren Kr\u00e4nen installiert werden und ist die ideale L\u00f6sung f\u00fcr die Handhabung und das Heben von Big Bags unterschiedlicher Gr\u00f6\u00dfe.<\/p>\n<p><a href=\"https:\/\/liftingfx.girafdev.comwp-content\/uploads\/2025\/01\/LBAC250-drawing.pdf\">Zeichnung ansehen<\/a><\/p>\n","protected":false},"excerpt":{"rendered":"<p>TRAGF\u00c4HIGKEIT 250 KG Die LBAC250 Kreuztraverse ist ein \u00e4u\u00dferst vielseitiges Hebeger\u00e4t, das f\u00fcr die ausgewogene Handhabung von Lasten konzipiert ist. Sie ist mit vier um 360\u00b0 drehbaren Haken ausgestattet, die einen zuverl\u00e4ssigen Halt unter allen Betriebsbedingungen gew\u00e4hrleisten. Mit einer maximalen Tragf\u00e4higkeit von 250 kg zeichnet sich die Kreuztraverse LBAC250 durch seine Effizienz und Zuverl\u00e4ssigkeit aus [&hellip;]<\/p>\n","protected":false},"featured_media":307722,"template":"","meta":{"_acf_changed":false,"_et_pb_use_builder":"off","_et_pb_old_content":"","_et_gb_content_width":""},"product_brand":[],"product_cat":[398],"product_tag":[],"class_list":{"0":"post-307709","1":"product","2":"type-product","3":"status-publish","4":"has-post-thumbnail","6":"product_cat-optionen","8":"first","9":"instock","10":"shipping-taxable","11":"product-type-simple"},"acf":[],"gallery_images":[307718],"_links":{"self":[{"href":"https:\/\/liftingfx.girafdev.com\/de\/wp-json\/wp\/v2\/product\/307709","targetHints":{"allow":["GET"]}}],"collection":[{"href":"https:\/\/liftingfx.girafdev.com\/de\/wp-json\/wp\/v2\/product"}],"about":[{"href":"https:\/\/liftingfx.girafdev.com\/de\/wp-json\/wp\/v2\/types\/product"}],"wp:featuredmedia":[{"embeddable":true,"href":"https:\/\/liftingfx.girafdev.com\/de\/wp-json\/wp\/v2\/media\/307722"}],"wp:attachment":[{"href":"https:\/\/liftingfx.girafdev.com\/de\/wp-json\/wp\/v2\/media?parent=307709"}],"wp:term":[{"taxonomy":"product_brand","embeddable":true,"href":"https:\/\/liftingfx.girafdev.com\/de\/wp-json\/wp\/v2\/product_brand?post=307709"},{"taxonomy":"product_cat","embeddable":true,"href":"https:\/\/liftingfx.girafdev.com\/de\/wp-json\/wp\/v2\/product_cat?post=307709"},{"taxonomy":"product_tag","embeddable":true,"href":"https:\/\/liftingfx.girafdev.com\/de\/wp-json\/wp\/v2\/product_tag?post=307709"}],"curies":[{"name":"wp","href":"https:\/\/api.w.org\/{rel}","templated":true}]}}