{"id":303886,"date":"2024-12-18T17:26:27","date_gmt":"2024-12-18T16:26:27","guid":{"rendered":"https:\/\/flexlifting.girafdev.com\/?post_type=product&#038;p=303886"},"modified":"2025-01-22T14:33:35","modified_gmt":"2025-01-22T13:33:35","slug":"verstellbare-lasttraverse-tragfahigkeit-500-kg","status":"publish","type":"product","link":"https:\/\/liftingfx.girafdev.com\/de\/product\/verstellbare-lasttraverse-tragfahigkeit-500-kg\/","title":{"rendered":"LBA500 VERSTELLBARE LASTTRAVERSE TRAGF\u00c4HIGKEIT 500 KG"},"content":{"rendered":"<h2>TRAGF\u00c4HIGKEIT 500 KG<\/h2>\n<p>Die Hebetraverse LBA500 ist ein \u00e4u\u00dferst vielseitiges Hebeger\u00e4t, das f\u00fcr die ausgewogene Handhabung gro\u00dfer Lasten konzipiert ist und die Gesamtabmessungen sowohl in der H\u00f6he als auch in der Breite optimiert. Dieses Ger\u00e4t ist mit zwei um 360\u00b0 drehbaren Lasthaken ausgestattet, die mit Sicherheitsverschl\u00fcssen ausgestattet sind, die eine einwandfreie Abdichtung unter allen Betriebsbedingungen garantieren. Mit einer maximalen Tragf\u00e4higkeit von 500 kg wurde der Hebeb\u00fcgel mit einer antioxidativen Verzinkung behandelt, die eine \u00fcberragende Widerstandsf\u00e4higkeit und Haltbarkeit gew\u00e4hrleistet.<br \/>\nDar\u00fcber hinaus ist die Hubtraverse LBA500 l\u00e4ngenverstellbar und kann so an unterschiedliche Gr\u00f6\u00dfen der zu hebenden Lasten angepasst werden. Die Position der Haken l\u00e4sst sich dank Sicherheitsstiften mit mechanischem Anschlag in den Abst\u00e4nden von 400, 700, 1000, 1300 und 1600 mm einfach ver\u00e4ndern und sorgt so f\u00fcr einen flexiblen und sicheren Einsatz.<\/p>\n<p><a href=\"https:\/\/liftingfx.girafdev.comwp-content\/uploads\/2024\/12\/LBA500-1.pdf\">Zeichnung ansehen<\/a><\/p>\n","protected":false},"excerpt":{"rendered":"<p>TRAGF\u00c4HIGKEIT 500 KG Die Hebetraverse LBA500 ist ein \u00e4u\u00dferst vielseitiges Hebeger\u00e4t, das f\u00fcr die ausgewogene Handhabung gro\u00dfer Lasten konzipiert ist und die Gesamtabmessungen sowohl in der H\u00f6he als auch in der Breite optimiert. Dieses Ger\u00e4t ist mit zwei um 360\u00b0 drehbaren Lasthaken ausgestattet, die mit Sicherheitsverschl\u00fcssen ausgestattet sind, die eine einwandfreie Abdichtung unter allen Betriebsbedingungen [&hellip;]<\/p>\n","protected":false},"featured_media":307684,"template":"","meta":{"_acf_changed":false,"_et_pb_use_builder":"off","_et_pb_old_content":"","_et_gb_content_width":""},"product_brand":[],"product_cat":[398],"product_tag":[],"class_list":{"0":"post-303886","1":"product","2":"type-product","3":"status-publish","4":"has-post-thumbnail","6":"product_cat-optionen","8":"first","9":"instock","10":"shipping-taxable","11":"product-type-simple"},"acf":[],"gallery_images":[307694],"_links":{"self":[{"href":"https:\/\/liftingfx.girafdev.com\/de\/wp-json\/wp\/v2\/product\/303886","targetHints":{"allow":["GET"]}}],"collection":[{"href":"https:\/\/liftingfx.girafdev.com\/de\/wp-json\/wp\/v2\/product"}],"about":[{"href":"https:\/\/liftingfx.girafdev.com\/de\/wp-json\/wp\/v2\/types\/product"}],"wp:featuredmedia":[{"embeddable":true,"href":"https:\/\/liftingfx.girafdev.com\/de\/wp-json\/wp\/v2\/media\/307684"}],"wp:attachment":[{"href":"https:\/\/liftingfx.girafdev.com\/de\/wp-json\/wp\/v2\/media?parent=303886"}],"wp:term":[{"taxonomy":"product_brand","embeddable":true,"href":"https:\/\/liftingfx.girafdev.com\/de\/wp-json\/wp\/v2\/product_brand?post=303886"},{"taxonomy":"product_cat","embeddable":true,"href":"https:\/\/liftingfx.girafdev.com\/de\/wp-json\/wp\/v2\/product_cat?post=303886"},{"taxonomy":"product_tag","embeddable":true,"href":"https:\/\/liftingfx.girafdev.com\/de\/wp-json\/wp\/v2\/product_tag?post=303886"}],"curies":[{"name":"wp","href":"https:\/\/api.w.org\/{rel}","templated":true}]}}