{"id":300791,"date":"2024-12-02T17:56:45","date_gmt":"2024-12-02T16:56:45","guid":{"rendered":"https:\/\/flexlifting.girafdev.com\/?post_type=product&#038;p=300791"},"modified":"2025-01-22T14:47:54","modified_gmt":"2025-01-22T13:47:54","slug":"lasttraverse250-kg","status":"publish","type":"product","link":"https:\/\/liftingfx.girafdev.com\/de\/product\/lasttraverse250-kg\/","title":{"rendered":"LBF250 LASTTRAVERSE TRAGF\u00c4HIGKEIT 250 KG"},"content":{"rendered":"<h2>TRAGF\u00c4HIGKEIT 250 KG<\/h2>\n<p>Die Lasttraverse LBF250 ist ein \u00e4u\u00dferst vielseitiges Hebeger\u00e4t, das die Handhabung gro\u00dfer Lasten auf ausgewogene Weise erleichtert und die Gesamtabmessungen in H\u00f6he und Breite optimiert.<\/p>\n<p>Er ist mit zwei um 360\u00b0 drehbaren Lasthaken mit einem Achsabstand von 600 mm ausgestattet, die mit Sicherheitsverriegelungen versehen sind, um unter allen Arbeitsbedingungen einen maximalen Halt zu gew\u00e4hrleisten. Der Hebeb\u00fcgel hat eine maximale Tragf\u00e4higkeit von 250 kg und ist wei\u00df verzinkt, um eine hohe Festigkeit und Haltbarkeit zu gew\u00e4hrleisten.<\/p>\n<p><a href=\"https:\/\/liftingfx.girafdev.comwp-content\/uploads\/2024\/12\/LBF250-1.pdf\">Zeichnung ansehen<\/a><\/p>\n","protected":false},"excerpt":{"rendered":"<p>TRAGF\u00c4HIGKEIT 250 KG Die Lasttraverse LBF250 ist ein \u00e4u\u00dferst vielseitiges Hebeger\u00e4t, das die Handhabung gro\u00dfer Lasten auf ausgewogene Weise erleichtert und die Gesamtabmessungen in H\u00f6he und Breite optimiert. Er ist mit zwei um 360\u00b0 drehbaren Lasthaken mit einem Achsabstand von 600 mm ausgestattet, die mit Sicherheitsverriegelungen versehen sind, um unter allen Arbeitsbedingungen einen maximalen Halt [&hellip;]<\/p>\n","protected":false},"featured_media":300783,"template":"","meta":{"_acf_changed":false,"_et_pb_use_builder":"off","_et_pb_old_content":"","_et_gb_content_width":""},"product_brand":[],"product_cat":[398],"product_tag":[],"class_list":{"0":"post-300791","1":"product","2":"type-product","3":"status-publish","4":"has-post-thumbnail","6":"product_cat-optionen","8":"first","9":"instock","10":"shipping-taxable","11":"product-type-simple"},"acf":[],"gallery_images":[300783],"_links":{"self":[{"href":"https:\/\/liftingfx.girafdev.com\/de\/wp-json\/wp\/v2\/product\/300791","targetHints":{"allow":["GET"]}}],"collection":[{"href":"https:\/\/liftingfx.girafdev.com\/de\/wp-json\/wp\/v2\/product"}],"about":[{"href":"https:\/\/liftingfx.girafdev.com\/de\/wp-json\/wp\/v2\/types\/product"}],"wp:featuredmedia":[{"embeddable":true,"href":"https:\/\/liftingfx.girafdev.com\/de\/wp-json\/wp\/v2\/media\/300783"}],"wp:attachment":[{"href":"https:\/\/liftingfx.girafdev.com\/de\/wp-json\/wp\/v2\/media?parent=300791"}],"wp:term":[{"taxonomy":"product_brand","embeddable":true,"href":"https:\/\/liftingfx.girafdev.com\/de\/wp-json\/wp\/v2\/product_brand?post=300791"},{"taxonomy":"product_cat","embeddable":true,"href":"https:\/\/liftingfx.girafdev.com\/de\/wp-json\/wp\/v2\/product_cat?post=300791"},{"taxonomy":"product_tag","embeddable":true,"href":"https:\/\/liftingfx.girafdev.com\/de\/wp-json\/wp\/v2\/product_tag?post=300791"}],"curies":[{"name":"wp","href":"https:\/\/api.w.org\/{rel}","templated":true}]}}