{"id":2757,"date":"2022-02-22T17:03:19","date_gmt":"2022-02-22T16:03:19","guid":{"rendered":"https:\/\/liftingfx.girafdev.comprodotto\/omnia-2tl-omnia-2tr-grue-entierement-electrique-capacite-2000kg\/"},"modified":"2025-06-27T18:30:40","modified_gmt":"2025-06-27T16:30:40","slug":"pick-and-carry-krane-mit-3-fach-teleskop-ausschub-omnia-2tl-vollelektrischer-kran-2000-kg","status":"publish","type":"product","link":"https:\/\/liftingfx.girafdev.com\/de\/product\/pick-and-carry-krane-mit-3-fach-teleskop-ausschub-omnia-2tl-vollelektrischer-kran-2000-kg\/","title":{"rendered":"OMNIA 2TL HYDRAULISCHER HUBKRAN 2 TONNEN"},"content":{"rendered":"<p><b>Der OMNIA 2TL<\/b> <b>ist ein<\/b><span style=\"font-weight: 400;\">\u00a0<\/span><b>vollelektrischer Pick &amp; Carry-Kran<\/b><span style=\"font-weight: 400;\"> mit einer Traglast von 2 Tonnen und <\/span><b>Ausladung \u00fcber 3 Meter<\/b><span style=\"font-weight: 400;\">. OMNIA 2TL ist ein Kran mit H\u00f6chstleistungen und ist mit 3-Fach-Teleskop Ausschub ausgestattet.\u00a0<\/span><\/p>\n<p><span style=\"font-weight: 400;\">Eines der Hauptmerkmale dieses Pick &amp; Carry Krans ist, dass keine seitlichen Abst\u00fctzungen erforderlich sind und ist mit der Last verfahrbar.\u00a0<\/span><\/p>\n<p><span style=\"font-weight: 400;\">Der OMNIA 2TL ist der ideale <\/span><b>Kran zum Heben schwerer Lasten<\/b><span style=\"font-weight: 400;\"> und bietet dank seiner extremen Man\u00f6vrierf\u00e4higkeit maximale Flexibilit\u00e4t f\u00fcr den Einsatz unter allen Bedingungen, auch auf engstem Raum. Er hat einen sehr kleinen Wendekreis, sodass er auch in G\u00e4ngen mit engen Biegungen und Kurven entlangfahren kann. In engen R\u00e4umen kann er sich um die eigene Achse drehen.\u00a0<\/span><\/p>\n<p><span style=\"font-weight: 400;\">Das Anheben, Absenken, Ausfahren und Einfahren des Auslegers erfolgt elektrisch. Alle Bewegungen k\u00f6nnen vom Bediener \u00fcber Steuerhebel am Kranbedienfeld gesteuert werden. <\/span><b>Geschwindigkeit und Proportionalit\u00e4t werden durch die Bewegung der Hebel gesteuert<\/b><span style=\"font-weight: 400;\">.<\/span><\/p>\n<p><span style=\"font-weight: 400;\">Standardausstattung: wartungsfreie, versiegelte AGM-Batterien, externes Batterieladeger\u00e4t, Leuchts\u00e4ule zur Anzeige der ordnungsgem\u00e4\u00dfen Funktion des Krans und \u00dcberlastwarnung, Not-Aus. Der OMNIA 2TL -Kran verf\u00fcgt au\u00dferdem \u00fcber ein Multifunktionsdisplay, das Ladezustand, Batteriespannung und Betriebsstunden anzeigt.<\/span><\/p>\n<p><b>Sicherheitsmerkmale:<\/b><\/p>\n<p><b>Dynamischer Lastbegrenzer<\/b><span style=\"font-weight: 400;\">, der \u00dcberlastungen und m\u00f6gliche Unf\u00e4lle verhindert. Es \u00fcberwacht kontinuierlich die angehobene oder gehandhabte Last und begrenzt den Betrieb automatisch, wenn die Last den vorgegebenen Sicherheitsgrenzwert \u00fcberschreitet.<\/span><\/p>\n<p><span style=\"font-weight: 400;\">Bei einem Bruch des Hydraulikschlauchs wird automatisch ein <\/span><b>Sperrventil<\/b><span style=\"font-weight: 400;\"> aktiviert, das ein unkontrolliertes Absinken der Last verhindert.<\/span><\/p>\n<p><span style=\"font-weight: 400;\">Die Deichsel ist mit einem Geschwindigkeitsw\u00e4hler ausgestattet, der eine Anpassung der Fahrzeuggeschwindigkeit an unterschiedliche Betriebsanforderungen erm\u00f6glicht. Es stehen zwei Positionen zur Verf\u00fcgung:<\/span><\/p>\n<ul>\n<li><span style=\"font-weight: 400;\"> Langsamer Modus: Begrenzt die H\u00f6chstgeschwindigkeit auf 1,5 km\/h, ideal f\u00fcr pr\u00e4zises Man\u00f6vrieren auf engstem Raum und schonende Handhabung von Lasten.<\/span><\/li>\n<li><span style=\"font-weight: 400;\"> Standardgeschwindigkeit: Erm\u00f6glicht eine H\u00f6chstgeschwindigkeit von 3 km\/h, geeignet f\u00fcr Langstreckenfahrten unter Standardbedingungen<\/span><\/li>\n<\/ul>\n<p><span style=\"font-weight: 400;\">OMNIA 2TL kann mit jeder Art von Hebezubeh\u00f6r f\u00fcr spezifische Anwendungen ausgestattet werden: Hebesauger, Hebebalken, Klemmen, Kippvorrichtungen, Permanentmagnete usw.<\/span><\/p>\n","protected":false},"excerpt":{"rendered":"<p>MIT BEDIENHEBELN<\/p>\n<p><span data-sheets-root=\"1\">TRAGKRAFT<\/span> 2000 KG<\/p>\n","protected":false},"featured_media":309722,"template":"","meta":{"_acf_changed":false,"_et_pb_use_builder":"","_et_pb_old_content":"","_et_gb_content_width":""},"product_brand":[],"product_cat":[65],"product_tag":[],"class_list":{"0":"post-2757","1":"product","2":"type-product","3":"status-publish","4":"has-post-thumbnail","6":"product_cat-pick-carry-krane-mit-doppel-oder-3-fach-teleskop-ausschub","7":"pa_portata-max-kg-2000-de","9":"first","10":"instock","11":"shipping-taxable","12":"product-type-simple"},"acf":[],"gallery_images":[309718,309748,309738,309728,309708,309698,309688],"_links":{"self":[{"href":"https:\/\/liftingfx.girafdev.com\/de\/wp-json\/wp\/v2\/product\/2757","targetHints":{"allow":["GET"]}}],"collection":[{"href":"https:\/\/liftingfx.girafdev.com\/de\/wp-json\/wp\/v2\/product"}],"about":[{"href":"https:\/\/liftingfx.girafdev.com\/de\/wp-json\/wp\/v2\/types\/product"}],"wp:featuredmedia":[{"embeddable":true,"href":"https:\/\/liftingfx.girafdev.com\/de\/wp-json\/wp\/v2\/media\/309722"}],"wp:attachment":[{"href":"https:\/\/liftingfx.girafdev.com\/de\/wp-json\/wp\/v2\/media?parent=2757"}],"wp:term":[{"taxonomy":"product_brand","embeddable":true,"href":"https:\/\/liftingfx.girafdev.com\/de\/wp-json\/wp\/v2\/product_brand?post=2757"},{"taxonomy":"product_cat","embeddable":true,"href":"https:\/\/liftingfx.girafdev.com\/de\/wp-json\/wp\/v2\/product_cat?post=2757"},{"taxonomy":"product_tag","embeddable":true,"href":"https:\/\/liftingfx.girafdev.com\/de\/wp-json\/wp\/v2\/product_tag?post=2757"}],"curies":[{"name":"wp","href":"https:\/\/api.w.org\/{rel}","templated":true}]}}