{"id":2195,"date":"2022-02-22T15:19:40","date_gmt":"2022-02-22T14:19:40","guid":{"rendered":"https:\/\/liftingfx.girafdev.comprodotto\/gz1000bse-1000kg-elevation-descente-extension-et-rentree-electriques-avec-vitesse-reglable\/"},"modified":"2025-08-01T11:57:06","modified_gmt":"2025-08-01T09:57:06","slug":"manuelle-krane-und-krane-fur-schwere-lasten-gz1000bse-1000kg-elektrisches-heben-senken-aussscheiben-und-einfahren-mit-einstellbarer-geschwindigkeit","status":"publish","type":"product","link":"https:\/\/liftingfx.girafdev.com\/de\/product\/manuelle-krane-und-krane-fur-schwere-lasten-gz1000bse-1000kg-elektrisches-heben-senken-aussscheiben-und-einfahren-mit-einstellbarer-geschwindigkeit\/","title":{"rendered":"GZ1000BSE HYDRAULISCHER HUBKRAN"},"content":{"rendered":"<p><span style=\"font-weight: 400\">Das Modell GZ1000BSE ist ein <\/span><b>Gegengewichtskran<\/b><span style=\"font-weight: 400\">, der eine flexible und leistungsstarke L\u00f6sung zur Vereinfachung des <\/span><b>Hebens und Handhabens von Lasten bis zu 1000 kg<\/b><span style=\"font-weight: 400\"> darstellt.<\/span><\/p>\n<p><span style=\"font-weight: 400\">Er ist mit einem Lenkrad mit Nylonr\u00e4dern mit 200 mm Durchmesser ausgestattet, mit dem sich der Kran leicht selbst lenken l\u00e4sst. Dieses Detail erm\u00f6glicht auch in beengten Bereichen eine gro\u00dfe Bewegungs- und Positionierungsfreundlichkeit, auch dank der vorderen Standfl\u00e4che von 800 mm.<\/span><\/p>\n<p><span style=\"font-weight: 400\">Er ist mit einem Lenkrad mit Nylonr\u00e4dern mit 200 mm Durchmesser ausgestattet, mit dem sich der Kran leicht selbst lenken l\u00e4sst. Dieses Detail erm\u00f6glicht auch in beengten Bereichen eine gro\u00dfe Bewegungs- und Positionierungsfreundlichkeit, auch dank der vorderen Standfl\u00e4che von 800 mm. Grundrahmen aus lackiertem Stahl, ausgestattet mit zwei praktischen Gabelst\u00fctzen an der Basis, ideal zum Heben und Transportieren des Krans \u00fcber weite Strecken mit einem Gabelstapler.<\/span><\/p>\n<p><span style=\"font-weight: 400\">Hydraulikanlage mit Sperrventil und Druckbegrenzungsventil, welches eine \u00dcberlastung des Krans ausschliesst.\u00a0<\/span><\/p>\n<p><b>Der Kran GZ1000BSE ist mit einem 4-Funktions-Bedienelement zum Heben, Senken, Ausschieben und Einfahren des Auslegers ausgestattet. Alle Bewegungen sind elektrisch, proportional und durch den Bediener mit h\u00f6chster Pr\u00e4zision bedienbar<\/b><span style=\"font-weight: 400\">.\u00a0<\/span><\/p>\n<p><span style=\"font-weight: 400\">Dank einer optionalen Verl\u00e4ngerung ist es m\u00f6glich, eine <\/span><b>Ausladung von bis zu maximal 2000 mm<\/b><span style=\"font-weight: 400\"> zu erreichen.<\/span><\/p>\n<p><span style=\"font-weight: 400\">Dieser Kran wird mit einer wartungsfreien, hermetischen AGM-Batterie betrieben und kann auch mit einer Lithium-Batterie ausgestattet werden. Externes Ladeger\u00e4t. <\/span><\/p>\n<p><b>Multifunktionsdisplay mit Anzeige von Ladestand, Batteriespannung und Betriebsstundenz\u00e4hler.<\/b><\/p>\n<p><span style=\"font-weight: 400\">Der GZ1000BSE-Kran eignet sich ideal f\u00fcr Montage- und Demontagearbeiten an mechanischen Teilen, die h\u00e4ufig gewartet werden m\u00fcssen, sowie f\u00fcr die Montage von Komponenten an Industriemaschinen. Dieses Modell vereinfacht diese T\u00e4tigkeiten, erleichtert die k\u00f6rperliche Arbeit und garantiert schnelle und sichere Eingriffe.<\/span><\/p>\n","protected":false},"excerpt":{"rendered":"<p><span data-sheets-root=\"1\">TRAGKRAFT<\/span> 1000 KG<\/p>\n","protected":false},"featured_media":16296,"template":"","meta":{"_acf_changed":false,"_et_pb_use_builder":"","_et_pb_old_content":"","_et_gb_content_width":""},"product_brand":[],"product_cat":[69],"product_tag":[],"class_list":{"0":"post-2195","1":"product","2":"type-product","3":"status-publish","4":"has-post-thumbnail","6":"product_cat-krane-fuer-schwere-lasten","7":"pa_portata-max-kg-1000-de-2","9":"first","10":"instock","11":"shipping-taxable","12":"product-type-simple"},"acf":[],"gallery_images":[287951,287991,287961,306724,287971,288001],"_links":{"self":[{"href":"https:\/\/liftingfx.girafdev.com\/de\/wp-json\/wp\/v2\/product\/2195","targetHints":{"allow":["GET"]}}],"collection":[{"href":"https:\/\/liftingfx.girafdev.com\/de\/wp-json\/wp\/v2\/product"}],"about":[{"href":"https:\/\/liftingfx.girafdev.com\/de\/wp-json\/wp\/v2\/types\/product"}],"wp:featuredmedia":[{"embeddable":true,"href":"https:\/\/liftingfx.girafdev.com\/de\/wp-json\/wp\/v2\/media\/16296"}],"wp:attachment":[{"href":"https:\/\/liftingfx.girafdev.com\/de\/wp-json\/wp\/v2\/media?parent=2195"}],"wp:term":[{"taxonomy":"product_brand","embeddable":true,"href":"https:\/\/liftingfx.girafdev.com\/de\/wp-json\/wp\/v2\/product_brand?post=2195"},{"taxonomy":"product_cat","embeddable":true,"href":"https:\/\/liftingfx.girafdev.com\/de\/wp-json\/wp\/v2\/product_cat?post=2195"},{"taxonomy":"product_tag","embeddable":true,"href":"https:\/\/liftingfx.girafdev.com\/de\/wp-json\/wp\/v2\/product_tag?post=2195"}],"curies":[{"name":"wp","href":"https:\/\/api.w.org\/{rel}","templated":true}]}}