{"id":2059,"date":"2022-02-22T14:49:12","date_gmt":"2022-02-22T13:49:12","guid":{"rendered":"https:\/\/liftingfx.girafdev.comprodotto\/gz1000-b-1000kg-elevation-et-descente-electriques-1-seule-vitesse\/"},"modified":"2025-08-01T11:56:56","modified_gmt":"2025-08-01T09:56:56","slug":"1000kg-elektrisches-heben-und-senken-geschwindigkeit-nicht-einstellbar","status":"publish","type":"product","link":"https:\/\/liftingfx.girafdev.com\/de\/product\/1000kg-elektrisches-heben-und-senken-geschwindigkeit-nicht-einstellbar\/","title":{"rendered":"GZ1000BP MONTAGEKRAN"},"content":{"rendered":"<p><span style=\"font-weight: 400\">Ein komplettes Sortiment an <\/span><b>Gegengewichtskranen<\/b><span style=\"font-weight: 400\"> mit manueller Traktion, mit einer maximalen <\/span><b>Tragkraft bis zu 1000 kg<\/b><span style=\"font-weight: 400\">. Der Ausleger kann bis auf eine <\/span><b>Maximall\u00e4nge von\u00a02000 mm<\/b><span style=\"font-weight: 400\">\u00a0ausgezogen werden. Hydraulisch\u00a0oder elektrisch gesteuert.\u00a0Sie stellen die kosteng\u00fcnstigste und flexibelste L\u00f6sung f\u00fcr das Heben und Bewegen von Lasten in verschiedenen Anwendungen dar, z. B. Bearbeitungszentren und Werkzeugmaschinen, Lieferung an Montagelinien, Montagevorg\u00e4nge und Handling von Material.\u00a0<\/span><\/p>\n<p><span style=\"font-weight: 400\">Dank ihrer kompakten Abmessungen sind sie auch bei Vollerlast leicht man\u00f6vrierbar und lassen sich m\u00fchelos auf engstem Raum bewegen. Bauqualit\u00e4t und Komponenten sind Made in Italy. Diese rein italienische Qualit\u00e4t macht unsere Krane sehr widerstandsf\u00e4hig und vollst\u00e4ndig st\u00f6rungsfrei.\u00a0<\/span><\/p>\n<p><span style=\"font-weight: 400\">Hydraulikanlage mit Sperrventil und Druckbegrenzungsventil, welches eine \u00dcberlastung des Krans ausschliesst.\u00a0<\/span><\/p>\n<p><span style=\"font-weight: 400\">Deichsel ist mit Gasfeder und Doppelr\u00e4dern \u00d8 200 mm mit Kugellagern und Bremssystem ausgestattet; 2 feste Vorderr\u00e4der \u00d8 250 mm mit Kugellagern f\u00fcr leichtes Rangieren. Der Rahmen besteht aus lackiertem Stahl und ist mit 2 n\u00fctzlichen Halterungen ausgestattet (um den Kran mit einem Gabelstapler auf langen Strecken sicher zu heben und bewegen. Schwenkhaken serienm\u00e4\u00dfig eingebaut.\u00a0<\/span><\/p>\n<p><span style=\"font-weight: 400\">Das Modell GZ1000BP ist mit einer Kabelfernbedienung ausgestattet, die das elektrisches Heben mit Einzelgeschwindigkeit und das Senken mit einstellbarer Geschwindigkeit erm\u00f6glicht. <\/span><\/p>\n<p><span style=\"font-weight: 400\">Dieser Kran wird mit einer wartungsfreien, hermetischen AGM-Batterie betrieben und kann auch mit einer Lithium-Batterie ausgestattet werden. Externes Ladeger\u00e4t.\u00a0<\/span><\/p>\n<p><b>Multifunktionsdisplay mit Anzeige von Ladestand, Batteriespannung und Betriebsstundenz\u00e4hler.<\/b><\/p>\n<p><span style=\"font-weight: 400\">Der Ausleger kann in 4 verschiedene Positionen manuell ausgefahren werden. Eine Verl\u00e4ngerung ist optional verf\u00fcgbar, mit der der Ausleger bis auf eine Maximall\u00e4nge von\u00a02000 mm\u00a0ausgezogen werden kann.<\/span><\/p>\n<div id=\"gtx-trans\" style=\"position: absolute;left: 52px;top: 407.172px\">\n<div class=\"gtx-trans-icon\"><\/div>\n<\/div>\n","protected":false},"excerpt":{"rendered":"<p><span data-sheets-root=\"1\">TRAGKRAFT<\/span> 1000 KG<\/p>\n","protected":false},"featured_media":16277,"template":"","meta":{"_acf_changed":false,"_et_pb_use_builder":"","_et_pb_old_content":"","_et_gb_content_width":""},"product_brand":[],"product_cat":[69],"product_tag":[],"class_list":{"0":"post-2059","1":"product","2":"type-product","3":"status-publish","4":"has-post-thumbnail","6":"product_cat-krane-fuer-schwere-lasten","7":"pa_portata-max-kg-1000-de-2","9":"first","10":"instock","11":"shipping-taxable","12":"product-type-simple"},"acf":[],"gallery_images":[287707,287727,287757,287767,287717,287737,287747],"_links":{"self":[{"href":"https:\/\/liftingfx.girafdev.com\/de\/wp-json\/wp\/v2\/product\/2059","targetHints":{"allow":["GET"]}}],"collection":[{"href":"https:\/\/liftingfx.girafdev.com\/de\/wp-json\/wp\/v2\/product"}],"about":[{"href":"https:\/\/liftingfx.girafdev.com\/de\/wp-json\/wp\/v2\/types\/product"}],"wp:featuredmedia":[{"embeddable":true,"href":"https:\/\/liftingfx.girafdev.com\/de\/wp-json\/wp\/v2\/media\/16277"}],"wp:attachment":[{"href":"https:\/\/liftingfx.girafdev.com\/de\/wp-json\/wp\/v2\/media?parent=2059"}],"wp:term":[{"taxonomy":"product_brand","embeddable":true,"href":"https:\/\/liftingfx.girafdev.com\/de\/wp-json\/wp\/v2\/product_brand?post=2059"},{"taxonomy":"product_cat","embeddable":true,"href":"https:\/\/liftingfx.girafdev.com\/de\/wp-json\/wp\/v2\/product_cat?post=2059"},{"taxonomy":"product_tag","embeddable":true,"href":"https:\/\/liftingfx.girafdev.com\/de\/wp-json\/wp\/v2\/product_tag?post=2059"}],"curies":[{"name":"wp","href":"https:\/\/api.w.org\/{rel}","templated":true}]}}