{"id":1993,"date":"2022-02-22T14:32:27","date_gmt":"2022-02-22T13:32:27","guid":{"rendered":"https:\/\/liftingfx.girafdev.comprodotto\/gz1000-grue-a-contrepoids-1000kg-elevation-et-descente-manuelles\/"},"modified":"2025-06-28T13:38:00","modified_gmt":"2025-06-28T11:38:00","slug":"manuelle-krane-gz1000-1000kg-manuelles-heben-und-senken","status":"publish","type":"product","link":"https:\/\/liftingfx.girafdev.com\/de\/product\/manuelle-krane-gz1000-1000kg-manuelles-heben-und-senken\/","title":{"rendered":"GZ1000 PROFI WERKSTATTKRAN"},"content":{"rendered":"<p><span style=\"font-weight: 400;\">Der Gegengewichtskran Modell GZ1000 ist ein kompaktes <\/span><b>Mobilger\u00e4t zum Heben von Lasten bis zu 1000 kg<\/b><span style=\"font-weight: 400;\">. Dieser Krantyp ist ideal f\u00fcr den Einsatz in Industrie- oder Logistikumgebungen, wo eine <\/span><b>mobile und flexible Hebel\u00f6sung<\/b><span style=\"font-weight: 400;\"> erforderlich ist.<\/span><\/p>\n<p><span style=\"font-weight: 400;\">Er ist mit einem Lenkrad mit Nylonr\u00e4dern mit 200 mm Durchmesser ausgestattet, mit dem sich der Kran leicht selbst lenken l\u00e4sst. Dieses Detail erm\u00f6glicht auch in beengten Bereichen eine gro\u00dfe Bewegungs- und Positionierungsfreundlichkeit, auch dank der vorderen Standfl\u00e4che von 800 mm. Struktur komplett aus lackiertem Stahl, ausgestattet mit zwei praktischen Gabelst\u00fctzen an der Basis, ideal zum Heben und Transportieren des Krans \u00fcber weite Strecken mit einem Gabelstapler.<\/span><\/p>\n<p><span style=\"font-weight: 400;\">\u00a0Das Anheben des Arms erfolgt \u00fcber eine doppeltwirkende Handpumpe und das Absenken der Last erfolgt auf einstellbare Weise dank der Drehung eines ergonomischen Knopfes, der eine pr\u00e4zise Steuerung der Geschwindigkeit erm\u00f6glicht.<\/span><\/p>\n<p><span style=\"font-weight: 400;\">Das Hydrauliksystem ist mit einem Absperrventil ausgestattet, das bei versehentlichem Rohrbruch das Absinken der Last verhindert, sowie mit einem Sicherheitsventil, das den Kran vor \u00dcberlastung sch\u00fctzt.<\/span><\/p>\n<p><span style=\"font-weight: 400;\">Der Arm ist in vier verschiedenen Positionen verstellbar und dank einer optionalen Verl\u00e4ngerung ist es m\u00f6glich, eine <\/span><b>Ausladung von bis zu maximal 2000 mm<\/b><span style=\"font-weight: 400;\"> zu erreichen.<\/span><\/p>\n<p><span style=\"font-weight: 400;\">Dieser Kran eignet sich besonders f\u00fcr die <\/span><b>Montage und Demontage von mechanischen Teilen<\/b><span style=\"font-weight: 400;\">, die h\u00e4ufig gewartet werden m\u00fcssen, sowie f\u00fcr die <\/span><b>Montage von Komponenten an Industriemaschinen.<\/b><span style=\"font-weight: 400;\"> Der GZ 1000-Kran erleichtert diese Arbeiten, reduziert die k\u00f6rperliche Arbeitsbelastung und erm\u00f6glicht schnelle und sichere Eingriffe.<\/span><\/p>\n","protected":false},"excerpt":{"rendered":"<p><span data-sheets-root=\"1\">TRAGKRAFT<\/span> 1000 KG<\/p>\n","protected":false},"featured_media":16267,"template":"","meta":{"_acf_changed":false,"_et_pb_use_builder":"","_et_pb_old_content":"","_et_gb_content_width":""},"product_brand":[],"product_cat":[69],"product_tag":[],"class_list":{"0":"post-1993","1":"product","2":"type-product","3":"status-publish","4":"has-post-thumbnail","6":"product_cat-krane-fuer-schwere-lasten","7":"pa_portata-max-kg-1000-de-2","9":"first","10":"instock","11":"shipping-taxable","12":"product-type-simple"},"acf":[],"gallery_images":[288666,288656,288686,306684,306704,306694],"_links":{"self":[{"href":"https:\/\/liftingfx.girafdev.com\/de\/wp-json\/wp\/v2\/product\/1993","targetHints":{"allow":["GET"]}}],"collection":[{"href":"https:\/\/liftingfx.girafdev.com\/de\/wp-json\/wp\/v2\/product"}],"about":[{"href":"https:\/\/liftingfx.girafdev.com\/de\/wp-json\/wp\/v2\/types\/product"}],"wp:featuredmedia":[{"embeddable":true,"href":"https:\/\/liftingfx.girafdev.com\/de\/wp-json\/wp\/v2\/media\/16267"}],"wp:attachment":[{"href":"https:\/\/liftingfx.girafdev.com\/de\/wp-json\/wp\/v2\/media?parent=1993"}],"wp:term":[{"taxonomy":"product_brand","embeddable":true,"href":"https:\/\/liftingfx.girafdev.com\/de\/wp-json\/wp\/v2\/product_brand?post=1993"},{"taxonomy":"product_cat","embeddable":true,"href":"https:\/\/liftingfx.girafdev.com\/de\/wp-json\/wp\/v2\/product_cat?post=1993"},{"taxonomy":"product_tag","embeddable":true,"href":"https:\/\/liftingfx.girafdev.com\/de\/wp-json\/wp\/v2\/product_tag?post=1993"}],"curies":[{"name":"wp","href":"https:\/\/api.w.org\/{rel}","templated":true}]}}