{"id":16550,"date":"2023-12-15T09:28:20","date_gmt":"2023-12-15T08:28:20","guid":{"rendered":"https:\/\/liftingfx.girafdev.com?post_type=product&#038;p=16550"},"modified":"2025-06-27T18:44:00","modified_gmt":"2025-06-27T16:44:00","slug":"omnia-2tr-2000-kg-pick-carry-gegengewichtskran","status":"publish","type":"product","link":"https:\/\/liftingfx.girafdev.com\/de\/product\/omnia-2tr-2000-kg-pick-carry-gegengewichtskran\/","title":{"rendered":"OMNIA 2TR ELEKTRISCHER INDUSTRIEKRAN"},"content":{"rendered":"<p>[et_pb_section fb_built=&#8220;1&#8243; _builder_version=&#8220;4.27.3&#8243; _module_preset=&#8220;default&#8220; da_disable_devices=&#8220;off|off|off&#8220; global_colors_info=&#8220;{}&#8220; da_is_popup=&#8220;off&#8220; da_exit_intent=&#8220;off&#8220; da_has_close=&#8220;on&#8220; da_alt_close=&#8220;off&#8220; da_dark_close=&#8220;off&#8220; da_not_modal=&#8220;on&#8220; da_is_singular=&#8220;off&#8220; da_with_loader=&#8220;off&#8220; da_has_shadow=&#8220;on&#8220;][\/et_pb_section]<\/p>\n","protected":false},"excerpt":{"rendered":"<p>MIT FERNBEDIENUNG<\/p>\n<p><span data-sheets-root=\"1\">TRAGKRAFT<\/span> 2000 KG<\/p>\n","protected":false},"featured_media":309889,"template":"","meta":{"_acf_changed":false,"_et_pb_use_builder":"on","_et_pb_old_content":"<b>Der OMNIA 2TR<\/b> <b>ist ein<\/b><span style=\"font-weight: 400\">\u00a0<\/span><b>vollelektrischer Pick &amp; Carry-Kran<\/b><span style=\"font-weight: 400\"> mit einer Traglast von 2 Tonnen und <\/span><b>Ausladung \u00fcber 3 Meter<\/b><span style=\"font-weight: 400\">. OMNIA 2TR ist ein Kran mit H\u00f6chstleistungen und ist mit 3-Fach-Teleskop Ausschub ausgestattet.\u00a0<\/span>\r\n\r\n<span style=\"font-weight: 400\">Eines der Hauptmerkmale dieses Pick &amp; Carry Krans ist, dass keine seitlichen Abst\u00fctzungen erforderlich sind und ist mit der Last verfahrbar.\u00a0<\/span>\r\n\r\n<span style=\"font-weight: 400\">Der OMNIA 2TR ist der ideale <\/span><b>Kran zum Heben schwerer Lasten<\/b><span style=\"font-weight: 400\"> und bietet dank seiner extremen Man\u00f6vrierf\u00e4higkeit maximale Flexibilit\u00e4t f\u00fcr den Einsatz unter allen Bedingungen, auch auf engstem Raum. Er hat einen sehr kleinen Wendekreis, sodass er auch in G\u00e4ngen mit engen Biegungen und Kurven entlangfahren kann. In engen R\u00e4umen kann er sich um die eigene Achse drehen.\u00a0<\/span>\r\n\r\n<b>Das Heben, Senken, Ausfahren und Einfahren des Teleskoparms wird \u00fcber eine Joystick-Funksteuerung gesteuert, wodurch die Geschwindigkeit und Proportionalit\u00e4t aller Bewegungen des Kranarms gesteuert werden kann.<\/b>\r\n\r\n<span style=\"font-weight: 400\">Standardausstattung: wartungsfreie, versiegelte AGM-Batterien, externes Batterieladeger\u00e4t, Leuchts\u00e4ule zur Anzeige der ordnungsgem\u00e4\u00dfen Funktion des Krans und \u00dcberlastwarnung, Not-Aus. Der OMNIA 2TR -Kran verf\u00fcgt au\u00dferdem \u00fcber ein Multifunktionsdisplay, das Ladezustand, Batteriespannung und Betriebsstunden anzeigt.<\/span>\r\n\r\n<b>Sicherheitsmerkmale:<\/b>\r\n\r\n<b>Dynamischer Lastbegrenzer<\/b><span style=\"font-weight: 400\">, der \u00dcberlastungen und m\u00f6gliche Unf\u00e4lle verhindert. Es \u00fcberwacht kontinuierlich die angehobene oder gehandhabte Last und begrenzt den Betrieb automatisch, wenn die Last den vorgegebenen Sicherheitsgrenzwert \u00fcberschreitet.<\/span>\r\n\r\n<span style=\"font-weight: 400\">Bei einem Bruch des Hydraulikschlauchs wird automatisch ein <\/span><b>Sperrventil<\/b><span style=\"font-weight: 400\"> aktiviert, das ein unkontrolliertes Absinken der Last verhindert.<\/span>\r\n\r\n<span style=\"font-weight: 400\">Die Deichsel ist mit einem Geschwindigkeitsw\u00e4hler ausgestattet, der eine Anpassung der Fahrzeuggeschwindigkeit an unterschiedliche Betriebsanforderungen erm\u00f6glicht. Es stehen zwei Positionen zur Verf\u00fcgung:<\/span>\r\n<ul>\r\n \t<li><span style=\"font-weight: 400\"> Langsamer Modus: Begrenzt die H\u00f6chstgeschwindigkeit auf 1,5 km\/h, ideal f\u00fcr pr\u00e4zises Man\u00f6vrieren auf engstem Raum und schonende Handhabung von Lasten.<\/span><\/li>\r\n \t<li><span style=\"font-weight: 400\"> Standardgeschwindigkeit: Erm\u00f6glicht eine H\u00f6chstgeschwindigkeit von 3 km\/h, geeignet f\u00fcr Langstreckenfahrten unter Standardbedingungen<\/span><\/li>\r\n<\/ul>\r\n<span style=\"font-weight: 400\">OMNIA 2TR kann mit jeder Art von Hebezubeh\u00f6r f\u00fcr spezifische Anwendungen ausgestattet werden: Hebesauger, Hebebalken, Klemmen, Kippvorrichtungen, Permanentmagnete usw.<\/span>","_et_gb_content_width":""},"product_brand":[],"product_cat":[65],"product_tag":[],"class_list":{"0":"post-16550","1":"product","2":"type-product","3":"status-publish","4":"has-post-thumbnail","6":"product_cat-pick-carry-krane-mit-doppel-oder-3-fach-teleskop-ausschub","7":"pa_portata-max-kg-2000-de","9":"first","10":"instock","11":"shipping-taxable","12":"product-type-simple"},"acf":[],"gallery_images":[309889,309829,309839,309849,309859,309869,309879],"_links":{"self":[{"href":"https:\/\/liftingfx.girafdev.com\/de\/wp-json\/wp\/v2\/product\/16550","targetHints":{"allow":["GET"]}}],"collection":[{"href":"https:\/\/liftingfx.girafdev.com\/de\/wp-json\/wp\/v2\/product"}],"about":[{"href":"https:\/\/liftingfx.girafdev.com\/de\/wp-json\/wp\/v2\/types\/product"}],"wp:featuredmedia":[{"embeddable":true,"href":"https:\/\/liftingfx.girafdev.com\/de\/wp-json\/wp\/v2\/media\/309889"}],"wp:attachment":[{"href":"https:\/\/liftingfx.girafdev.com\/de\/wp-json\/wp\/v2\/media?parent=16550"}],"wp:term":[{"taxonomy":"product_brand","embeddable":true,"href":"https:\/\/liftingfx.girafdev.com\/de\/wp-json\/wp\/v2\/product_brand?post=16550"},{"taxonomy":"product_cat","embeddable":true,"href":"https:\/\/liftingfx.girafdev.com\/de\/wp-json\/wp\/v2\/product_cat?post=16550"},{"taxonomy":"product_tag","embeddable":true,"href":"https:\/\/liftingfx.girafdev.com\/de\/wp-json\/wp\/v2\/product_tag?post=16550"}],"curies":[{"name":"wp","href":"https:\/\/api.w.org\/{rel}","templated":true}]}}