{"id":16540,"date":"2023-12-15T09:04:10","date_gmt":"2023-12-15T08:04:10","guid":{"rendered":"https:\/\/liftingfx.girafdev.com?post_type=product&#038;p=16540"},"modified":"2025-06-27T18:21:42","modified_gmt":"2025-06-27T16:21:42","slug":"atlas-1te3r-1000-kg-mobilkkran-mit-fernbedienung","status":"publish","type":"product","link":"https:\/\/liftingfx.girafdev.com\/de\/product\/atlas-1te3r-1000-kg-mobilkkran-mit-fernbedienung\/","title":{"rendered":"ATLAS 1TE3R INDUSTRIEKRAN MIT GEGENGEWICHT"},"content":{"rendered":"<p><b>Der ATLAS 1TE3R ist ein<\/b><span style=\"font-weight: 400;\">\u00a0<\/span><b>vollelektrischer Pick &amp; Carry-Kran<\/b><span style=\"font-weight: 400;\">\u00a0mit einer Traglast von 1 Tonne und\u00a0<\/span><b>Ausladung \u00fcber 3 Meter<\/b><span style=\"font-weight: 400;\">. ATLAS 1TE3R ist ein Kran mit H\u00f6chstleistungen und ist mit 3-Fach-Teleskop Ausschub ausgestattet.\u00a0<\/span><\/p>\n<p><span style=\"font-weight: 400;\">Eines der Hauptmerkmale dieses Pick &amp; Carry Krans ist, dass keine seitlichen Abst\u00fctzungen erforderlich sind und ist mit der Last verfahrbar.\u00a0<\/span><\/p>\n<p><span style=\"font-weight: 400;\">Beim ATLAS 1TE3R handelt es sich um den kleinsten Kran seiner Kategorie, der besonders gut zu steuern ist und somit jeden Ort erreichen kann, um die Last aufzunehmen. Er hat einen sehr kleinen Wendekreis, sodass er auch in G\u00e4ngen mit engen Biegungen und Kurven entlangfahren kann. In engen R\u00e4umen kann er sich um die eigene Achse drehen.\u00a0<\/span><\/p>\n<p><span style=\"font-weight: 400;\">Das Anheben, Absenken, Ausfahren und Einfahren des Auslegers erfolgt elektrisch. Alle Bewegungen sind vom Bediener \u00fcber eine Fernbedienung einstellbar. <\/span><b>Die Fernbedienung ist mit einem Potentiometer ausgestattet, mit dem Sie die Geschwindigkeit und Proportionalit\u00e4t der Bewegungen des Kranarms steuern k\u00f6nnen.<\/b><\/p>\n<p><span style=\"font-weight: 400;\">Standardausstattung: wartungsfreie, versiegelte AGM-Batterien, externes Batterieladeger\u00e4t, Leuchts\u00e4ule zur Anzeige der ordnungsgem\u00e4\u00dfen Funktion des Krans und \u00dcberlastwarnung, Not-Aus. Der ATLAS 1TE3R -Kran verf\u00fcgt au\u00dferdem \u00fcber ein Multifunktionsdisplay, das Ladezustand, Batteriespannung und Betriebsstunden anzeigt.<\/span><\/p>\n<p><b>Sicherheitsmerkmale:<\/b><\/p>\n<p><b>Dynamischer Lastbegrenzer<\/b><span style=\"font-weight: 400;\">, der \u00dcberlastungen und m\u00f6gliche Unf\u00e4lle verhindert. Es \u00fcberwacht kontinuierlich die angehobene oder gehandhabte Last und begrenzt den Betrieb automatisch, wenn die Last den vorgegebenen Sicherheitsgrenzwert \u00fcberschreitet.<\/span><\/p>\n<p><span style=\"font-weight: 400;\">Bei einem Bruch des Hydraulikschlauchs wird automatisch ein <\/span><b>Sperrventil<\/b><span style=\"font-weight: 400;\"> aktiviert, das ein unkontrolliertes Absinken der Last verhindert.<\/span><\/p>\n<p><span style=\"font-weight: 400;\">Die Deichsel ist mit einem Geschwindigkeitsw\u00e4hler ausgestattet, der eine Anpassung der Fahrzeuggeschwindigkeit an unterschiedliche Betriebsanforderungen erm\u00f6glicht. Es stehen zwei Positionen zur Verf\u00fcgung:<\/span><\/p>\n<ul>\n<li><span style=\"font-weight: 400;\"> Langsamer Modus: Begrenzt die H\u00f6chstgeschwindigkeit auf 1,5 km\/h, ideal f\u00fcr pr\u00e4zises Man\u00f6vrieren auf engstem Raum und schonende Handhabung von Lasten.<\/span><\/li>\n<li><span style=\"font-weight: 400;\"> Standardgeschwindigkeit: Erm\u00f6glicht eine H\u00f6chstgeschwindigkeit von 3 km\/h, geeignet f\u00fcr Langstreckenfahrten unter Standardbedingungen<\/span><\/li>\n<\/ul>\n<p><span style=\"font-weight: 400;\">ATLAS 1TE3R kann mit jeder Art von Hebezubeh\u00f6r f\u00fcr spezifische Anwendungen ausgestattet werden: Hebesauger, Hebebalken, Klemmen, Kippvorrichtungen, Permanentmagnete usw.<\/span><\/p>\n","protected":false},"excerpt":{"rendered":"<p>MIT FERNBEDIENUNG<\/p>\n<p><span data-sheets-root=\"1\">TRAGKRAFT<\/span> 1000 KG<\/p>\n","protected":false},"featured_media":16502,"template":"","meta":{"_acf_changed":false,"_et_pb_use_builder":"","_et_pb_old_content":"","_et_gb_content_width":""},"product_brand":[],"product_cat":[65],"product_tag":[],"class_list":{"0":"post-16540","1":"product","2":"type-product","3":"status-publish","4":"has-post-thumbnail","6":"product_cat-pick-carry-krane-mit-doppel-oder-3-fach-teleskop-ausschub","7":"pa_portata-max-kg-1000-de-2","9":"first","10":"instock","11":"shipping-taxable","12":"product-type-simple"},"acf":[],"gallery_images":[283522,283512,283562,283552,283532,283542,283572],"_links":{"self":[{"href":"https:\/\/liftingfx.girafdev.com\/de\/wp-json\/wp\/v2\/product\/16540","targetHints":{"allow":["GET"]}}],"collection":[{"href":"https:\/\/liftingfx.girafdev.com\/de\/wp-json\/wp\/v2\/product"}],"about":[{"href":"https:\/\/liftingfx.girafdev.com\/de\/wp-json\/wp\/v2\/types\/product"}],"wp:featuredmedia":[{"embeddable":true,"href":"https:\/\/liftingfx.girafdev.com\/de\/wp-json\/wp\/v2\/media\/16502"}],"wp:attachment":[{"href":"https:\/\/liftingfx.girafdev.com\/de\/wp-json\/wp\/v2\/media?parent=16540"}],"wp:term":[{"taxonomy":"product_brand","embeddable":true,"href":"https:\/\/liftingfx.girafdev.com\/de\/wp-json\/wp\/v2\/product_brand?post=16540"},{"taxonomy":"product_cat","embeddable":true,"href":"https:\/\/liftingfx.girafdev.com\/de\/wp-json\/wp\/v2\/product_cat?post=16540"},{"taxonomy":"product_tag","embeddable":true,"href":"https:\/\/liftingfx.girafdev.com\/de\/wp-json\/wp\/v2\/product_tag?post=16540"}],"curies":[{"name":"wp","href":"https:\/\/api.w.org\/{rel}","templated":true}]}}