{"id":16468,"date":"2023-12-14T17:18:29","date_gmt":"2023-12-14T16:18:29","guid":{"rendered":"https:\/\/liftingfx.girafdev.com?post_type=product&#038;p=16468"},"modified":"2025-06-27T17:25:05","modified_gmt":"2025-06-27T15:25:05","slug":"orbit-200er-vollelektrischer-pick-carry-kran-200-kg","status":"publish","type":"product","link":"https:\/\/liftingfx.girafdev.com\/de\/product\/orbit-200er-vollelektrischer-pick-carry-kran-200-kg\/","title":{"rendered":"ORBIT 200ER ELEKTRISCHES HEBESYSTEM"},"content":{"rendered":"<p><b>Der ORBIT 200ER-Kran ist ein vollelektrischer Schwenkkran, der das Heben von Lasten bis zu 200 kg erm\u00f6glicht.<\/b><\/p>\n<p><span style=\"font-weight: 400;\">Dieses <\/span><b>mobile Hebeger\u00e4t<\/b><span style=\"font-weight: 400;\"> ist standardm\u00e4\u00dfig mit einem doppelten elektrischen Ausschub ausgestattet, der eine Ausladung von 2000 mm erm\u00f6glicht, und einem lenkbaren Motorrad, das auch in Arbeitsumgebungen mit begrenztem Platzangebot optimale Man\u00f6vrierf\u00e4higkeit bietet.<\/span><\/p>\n<p><b>\u00dcber die mit einem Potentiometer ausgestattete Fernbedienung kann der Bediener alle Bewegungen des Teleskoparms vom Anheben bis zum Ausfahren \u00e4u\u00dferst pr\u00e4zise und stufenlos steuern. Die elektrische Drehung vervollst\u00e4ndigt die Vielseitigkeit dieses Krans und macht ihn ideal f\u00fcr Hebearbeiten auf engstem Raum.<\/b><\/p>\n<p><span style=\"font-weight: 400;\">Der <\/span><b>motorisierte Kran ORBIT 200ER<\/b><span style=\"font-weight: 400;\"> ist eine All-in-One-<\/span><b>Hebel\u00f6sung<\/b><span style=\"font-weight: 400;\">, die dank seiner <\/span><b>210 \u00b0-Drehung und des Teleskoparms<\/b><span style=\"font-weight: 400;\"> alle Vorg\u00e4nge zum Be- und Entladen von Formen, zur Best\u00fcckung von CNC-Bearbeitungszentren und zur Positionierung von Blechen auf Plasmaschneidemaschinen vereinfacht und optimiert, Wartung und Montage von Komponenten an verschiedenen Maschinentypen.<\/span><\/p>\n<p><b>Der elektrohydraulische Kran Orbit 200ER ist die ideale L\u00f6sung f\u00fcr alle, die maximale Man\u00f6vrierf\u00e4higkeit auf engstem Raum ben\u00f6tigen. Seine begrenzte Breite von 800 mm und die Drehung des Arm-Ballast-Systems ohne zus\u00e4tzliches Volumen machen ihn einzigartig in seiner Art.<\/b><\/p>\n<p><span style=\"font-weight: 400;\">Der <\/span><b>elektrohydraulische Kran ORBIT 200ER<\/b><span style=\"font-weight: 400;\"> ist mit Hebelsteuerungen ausgestattet, um die folgenden Funktionen mit einstellbarer und proportionaler Geschwindigkeit zu aktivieren: Heben, Senken, Ausfahren, Einfahren und Drehen des Arms.<\/span><\/p>\n<p><span style=\"font-weight: 400;\">Serienm\u00e4\u00dfige Ausstattung: versiegelte und wartungsfreie AGM-Batterien, externes Batterieladeger\u00e4t, LED-Leuchtanzeige f\u00fcr ordnungsgem\u00e4\u00dfen Betrieb und \u00dcberlastung, Not-Aus-Taste. Der ORBIT 200ER-Kran ist au\u00dferdem mit einem Multifunktionsdisplay ausgestattet, das den Ladezustand, die Batteriespannung und die Betriebsstunden anzeigt.<\/span><\/p>\n<p><b>Sicherheitsfunktionen:<\/b><\/p>\n<p><b>Dynamischer Lastbegrenzer<\/b><span style=\"font-weight: 400;\">, der \u00dcberlastungen und m\u00f6gliche Unf\u00e4lle verhindert. Es \u00fcberwacht st\u00e4ndig die angehobene oder bewegte Last und begrenzt den Vorgang automatisch, wenn die Last den voreingestellten Sicherheitsgrenzwert \u00fcberschreitet.<\/span><\/p>\n<p><span style=\"font-weight: 400;\">Bei einem Bruch in den Leitungen des Hydrauliksystems wird automatisch ein <\/span><b>Absperrventil <\/b><span style=\"font-weight: 400;\">aktiviert, das ein unkontrolliertes Absinken der Last verhindert.<\/span><\/p>\n<p><span style=\"font-weight: 400;\">Am Steuerstand befindet sich ein Geschwindigkeitsw\u00e4hler, mit dem Sie die Geschwindigkeit des Fahrzeugs an unterschiedliche Einsatzanforderungen anpassen k\u00f6nnen.<\/span><\/p>\n<ul>\n<li><span style=\"font-weight: 400;\"> Langsamer Modus: Begrenzt die H\u00f6chstgeschwindigkeit auf 1,5 km\/h, ideal f\u00fcr pr\u00e4zise Man\u00f6ver auf engstem Raum und empfindliche Handhabung von Lasten.<\/span><\/li>\n<li><span style=\"font-weight: 400;\"> Standardgeschwindigkeit: Erm\u00f6glicht eine H\u00f6chstgeschwindigkeit von 3 km\/h, geeignet f\u00fcr lange Strecken unter Standardbedingungen<\/span><\/li>\n<\/ul>\n","protected":false},"excerpt":{"rendered":"<p>MIT FERNBEDIENUNG<\/p>\n<p><span data-sheets-root=\"1\">TRAGKRAFT<\/span> 200 KG<\/p>\n","protected":false},"featured_media":16650,"template":"","meta":{"_acf_changed":false,"_et_pb_use_builder":"","_et_pb_old_content":"","_et_gb_content_width":""},"product_brand":[],"product_cat":[69],"product_tag":[],"class_list":{"0":"post-16468","1":"product","2":"type-product","3":"status-publish","4":"has-post-thumbnail","6":"product_cat-krane-fuer-schwere-lasten","7":"pa_portata-max-kg-200-de-2","9":"first","10":"instock","11":"shipping-taxable","12":"product-type-simple"},"acf":[],"gallery_images":[302166,315747,315757,315767,315777,315787,315797,315807],"_links":{"self":[{"href":"https:\/\/liftingfx.girafdev.com\/de\/wp-json\/wp\/v2\/product\/16468","targetHints":{"allow":["GET"]}}],"collection":[{"href":"https:\/\/liftingfx.girafdev.com\/de\/wp-json\/wp\/v2\/product"}],"about":[{"href":"https:\/\/liftingfx.girafdev.com\/de\/wp-json\/wp\/v2\/types\/product"}],"wp:featuredmedia":[{"embeddable":true,"href":"https:\/\/liftingfx.girafdev.com\/de\/wp-json\/wp\/v2\/media\/16650"}],"wp:attachment":[{"href":"https:\/\/liftingfx.girafdev.com\/de\/wp-json\/wp\/v2\/media?parent=16468"}],"wp:term":[{"taxonomy":"product_brand","embeddable":true,"href":"https:\/\/liftingfx.girafdev.com\/de\/wp-json\/wp\/v2\/product_brand?post=16468"},{"taxonomy":"product_cat","embeddable":true,"href":"https:\/\/liftingfx.girafdev.com\/de\/wp-json\/wp\/v2\/product_cat?post=16468"},{"taxonomy":"product_tag","embeddable":true,"href":"https:\/\/liftingfx.girafdev.com\/de\/wp-json\/wp\/v2\/product_tag?post=16468"}],"curies":[{"name":"wp","href":"https:\/\/api.w.org\/{rel}","templated":true}]}}