{"id":16437,"date":"2023-12-14T17:02:08","date_gmt":"2023-12-14T16:02:08","guid":{"rendered":"https:\/\/liftingfx.girafdev.com?post_type=product&#038;p=16437"},"modified":"2025-06-26T10:56:17","modified_gmt":"2025-06-26T08:56:17","slug":"flex-g1000dbr-1000-kg-elektro-schwenkkran","status":"publish","type":"product","link":"https:\/\/liftingfx.girafdev.com\/de\/product\/flex-g1000dbr-1000-kg-elektro-schwenkkran\/","title":{"rendered":"FLEX G1000DBR HYDRAULISCHER GEGENGEWICHTSKRAN"},"content":{"rendered":"<p><b>Der FLEX G1000DBR-Kran ist ein vollelektrischer Schwenkkran, der das Heben von Lasten bis zu 1.000 kg erm\u00f6glicht.<\/b><\/p>\n<p>&nbsp;<\/p>\n<p><span style=\"font-weight: 400;\">Dieses <\/span><b>mobile Hebeger\u00e4t<\/b><span style=\"font-weight: 400;\"> ist standardm\u00e4\u00dfig mit einem doppelten elektrischen Ausschub ausgestattet, der eine Ausladung von 2400 mm erm\u00f6glicht, und einem Lenkrad, das das Man\u00f6vrieren des Krans auch auf engstem Raum erm\u00f6glicht.<\/span><\/p>\n<p><b>Ausgestattet mit einer Joystick-Funksteuerung der neuesten Generation gew\u00e4hrleistet dieser Kran dank der kontinuierlichen Modulation der Geschwindigkeit aller Bewegungen eine pr\u00e4zise Positionierung der Last. Die motorisierte Rotation vervollst\u00e4ndigt die technischen Eigenschaften dieses Modells, ideal f\u00fcr Anwendungen, die hohe Pr\u00e4zision und Vielseitigkeit erfordern.<\/b><\/p>\n<p><span style=\"font-weight: 400;\">Der <\/span><b>motorisierte Kran Flex G1000DBR<\/b><span style=\"font-weight: 400;\"> ist eine All-in-One-<\/span><b>Hebel\u00f6sung<\/b><span style=\"font-weight: 400;\">, die dank seiner <\/span><b>220\u00b0-Drehung und des Teleskoparms<\/b><span style=\"font-weight: 400;\"> alle Vorg\u00e4nge zum Be- und Entladen von Formen, zur Best\u00fcckung von CNC-Bearbeitungszentren und zur Positionierung von Blechen auf Plasmaschneidemaschinen vereinfacht und optimiert, Wartung und Montage von Komponenten an verschiedenen Maschinentypen.<\/span><\/p>\n<p><span style=\"font-weight: 400;\">Um maximale Man\u00f6vrierf\u00e4higkeit auch auf engstem Raum zu gew\u00e4hrleisten, kann dieser elektrohydraulische Kran mit einem noch <\/span><b>kompakteren Ballast ausgestattet werden, der so konzipiert ist, dass er die Gr\u00f6\u00dfe der Maschine selbst nicht \u00fcberschreitet, unabh\u00e4ngig von der Position des Arms.<\/b><\/p>\n<p><span style=\"font-weight: 400;\">Serienm\u00e4\u00dfige Ausstattung: versiegelte und wartungsfreie AGM-Batterien, externes Batterieladeger\u00e4t, LED-Leuchtanzeige f\u00fcr ordnungsgem\u00e4\u00dfen Betrieb und \u00dcberlastung, Not-Aus-Taste. Der Flex G1000DBR-Kran ist au\u00dferdem mit einem Multifunktionsdisplay ausgestattet, das den Ladezustand, die Batteriespannung und die Betriebsstunden anzeigt.<\/span><\/p>\n<p><b>Sicherheitsfunktionen:<\/b><\/p>\n<p><b>Dynamischer Lastbegrenzer<\/b><span style=\"font-weight: 400;\">, der \u00dcberlastungen und m\u00f6gliche Unf\u00e4lle verhindert. Es \u00fcberwacht st\u00e4ndig die angehobene oder bewegte Last und begrenzt den Vorgang automatisch, wenn die Last den voreingestellten Sicherheitsgrenzwert \u00fcberschreitet.<\/span><\/p>\n<p><span style=\"font-weight: 400;\">Bei einem Bruch in den Leitungen des Hydrauliksystems wird automatisch ein <\/span><b>Absperrventil <\/b><span style=\"font-weight: 400;\">aktiviert, das ein unkontrolliertes Absinken der Last verhindert.<\/span><\/p>\n<p><span style=\"font-weight: 400;\">Am Steuerstand befindet sich ein Geschwindigkeitsw\u00e4hler, mit dem Sie die Geschwindigkeit des Fahrzeugs an unterschiedliche Einsatzanforderungen anpassen k\u00f6nnen.<\/span><\/p>\n<ul>\n<li><span style=\"font-weight: 400;\"> Langsamer Modus: Begrenzt die H\u00f6chstgeschwindigkeit auf 1,5 km\/h, ideal f\u00fcr pr\u00e4zise Man\u00f6ver auf engstem Raum und empfindliche Handhabung von Lasten.<\/span><\/li>\n<li><span style=\"font-weight: 400;\"> Standardgeschwindigkeit: Erm\u00f6glicht eine H\u00f6chstgeschwindigkeit von 3 km\/h, geeignet f\u00fcr lange Strecken unter Standardbedingungen<\/span><\/li>\n<\/ul>\n","protected":false},"excerpt":{"rendered":"<p>MIT FERNBEDIENUNG<\/p>\n<p><span data-sheets-root=\"1\">TRAGKRAFT<\/span> 1000 KG<\/p>\n","protected":false},"featured_media":309091,"template":"","meta":{"_acf_changed":false,"_et_pb_use_builder":"","_et_pb_old_content":"<strong>Der FLEX G500SB ist ein motorbetriebener Gegengewichts-Schwenkkran, der das Heben und Bewegen von Lasten bis zu 500 kg <\/strong><strong>erm\u00f6glicht.<\/strong>\r\n\r\nBeim Flex G500SB handelt es sich um einen Kran, der besonders gut zu steuern ist somit Lasten in engen R\u00e4umen\r\naufgenommen werden k\u00f6nnen. Der Kranausleger kann in 8 Positionen manuell geschwenkt und gelockt werden.\r\nDieser Kran ist mit einem Antriebsrad und wartungsfreien AGM Batterien ausgestattet. Alle Bewegungen sind elektrisch,proportional und durch den Bediener mit h\u00f6chster Pr\u00e4zision bedienbar.Bauqualit\u00e4t und Komponenten sind Made in Italy diese rein italienische Qualit\u00e4t macht unsere Krane sehr widerstandsf\u00e4hig und vollst\u00e4ndig st\u00f6rungsfrei. Entspricht den geltenden Vorschriften zum Schutz und zur Sicherheit der Bediener.\r\n\r\nMax.Traglast 500 kg und Ausladung bis zu 1930 mm ( mit elektrischem Ausleger + mechanische Verl\u00e4ngerung ). Die mechanische Verl\u00e4ngerung wird standardm\u00e4\u00dfig zusammen mit dem Kran geliefert.\r\n\r\nEs ist ein <strong>universeller Mobilkran<\/strong> mit unbegrenzten Einsatzm\u00f6glichkeiten. Mit dem <strong>Minikran FLEX G500SB<\/strong> k\u00f6nnen dank der 270\u00b0-Drehung Teile (Formen, Ersatzteile und jede Art von Last) auf Werkzeugmaschinen, Regalen, Montageb\u00e4nken und an jedem schwer zug\u00e4nglichen Ort positioniert werden.\r\n\r\n<strong>HUBMOMENTBEGRENZER : <\/strong>Zur Serienausstattung geh\u00f6rt ein dynamischer Hubmomentbegrenzer. Hub- und Vorschub-Bedienelemente werden bei \u00dcberlast blockiert.\r\n\r\n<strong>INTEGRIERTES BATTERIELADEGER\u00c4T<\/strong>:\u00a0 Impulsgesteuertes Modell CB350-HF mit einphasiger Eingangsspannung 220V, Hochfrequenz und Ausgangsspannung 24V - Mikroprozessoranzeige mit Relais f\u00fcr Hubsperre - 3-LEDs f\u00fcr die Anzeige des\r\nBetriebsstatus - Remote-RBC-Anzeige f\u00fcr die Anzeige des Ladestatus des Batterieladeger\u00e4ts\r\n\r\n<strong>Bedienhebel mit proportional verstellbarer Geschwindigkeit f\u00fcr Kranbewegungen:<\/strong>\r\n\r\n<strong>\u2022 Heben des Auslegers<\/strong>\r\n<strong>\u2022 Senken des Auslegers<\/strong>\r\n<strong>\u2022 Ausschub<\/strong>\r\n<strong>\u2022 Einschub<\/strong>\r\n\r\nEr erf\u00fcllt alle gesetzlich vorgesehenen Sicherheitsanforderungen (Notvorrichtungen, Schutzschalter, Hupe, Summer, Blinklicht,\r\nHochdruckventil, Absperrventil).\r\n\r\n\u00a0","_et_gb_content_width":""},"product_brand":[],"product_cat":[61],"product_tag":[],"class_list":{"0":"post-16437","1":"product","2":"type-product","3":"status-publish","4":"has-post-thumbnail","6":"product_cat-krane-mit-einzelnteleskop-ausschub","7":"pa_portata-max-kg-1000-de-2","9":"first","10":"instock","11":"shipping-taxable","12":"product-type-simple"},"acf":[],"gallery_images":[309087,309107,309097,309077,309067,309117,309127],"_links":{"self":[{"href":"https:\/\/liftingfx.girafdev.com\/de\/wp-json\/wp\/v2\/product\/16437","targetHints":{"allow":["GET"]}}],"collection":[{"href":"https:\/\/liftingfx.girafdev.com\/de\/wp-json\/wp\/v2\/product"}],"about":[{"href":"https:\/\/liftingfx.girafdev.com\/de\/wp-json\/wp\/v2\/types\/product"}],"wp:featuredmedia":[{"embeddable":true,"href":"https:\/\/liftingfx.girafdev.com\/de\/wp-json\/wp\/v2\/media\/309091"}],"wp:attachment":[{"href":"https:\/\/liftingfx.girafdev.com\/de\/wp-json\/wp\/v2\/media?parent=16437"}],"wp:term":[{"taxonomy":"product_brand","embeddable":true,"href":"https:\/\/liftingfx.girafdev.com\/de\/wp-json\/wp\/v2\/product_brand?post=16437"},{"taxonomy":"product_cat","embeddable":true,"href":"https:\/\/liftingfx.girafdev.com\/de\/wp-json\/wp\/v2\/product_cat?post=16437"},{"taxonomy":"product_tag","embeddable":true,"href":"https:\/\/liftingfx.girafdev.com\/de\/wp-json\/wp\/v2\/product_tag?post=16437"}],"curies":[{"name":"wp","href":"https:\/\/api.w.org\/{rel}","templated":true}]}}