{"id":16407,"date":"2023-12-14T16:45:38","date_gmt":"2023-12-14T15:45:38","guid":{"rendered":"https:\/\/liftingfx.girafdev.com?post_type=product&#038;p=16407"},"modified":"2025-06-26T09:57:58","modified_gmt":"2025-06-26T07:57:58","slug":"flex-f1000dbr-motorbetriebener-gegengewichts-kran-mit-doppelteleskop-ausschub","status":"publish","type":"product","link":"https:\/\/liftingfx.girafdev.com\/de\/product\/flex-f1000dbr-motorbetriebener-gegengewichts-kran-mit-doppelteleskop-ausschub\/","title":{"rendered":"FLEX F1000DBR ELEKTRO FAHRKRAN"},"content":{"rendered":"<p><b>Der FLEX F1000DBR ist ein motorbetriebener Gegengewichts-Kran mit Doppelteleskop-Ausschub, der das Heben und Bewegen von Lasten bis zu 1 Tonne\u00a0erm\u00f6glicht. Max. Ausladung bis zu 2.500 mm.\u00a0<\/b><\/p>\n<p><span style=\"font-weight: 400;\">Der <\/span><b>Elektrokran FLEX F1000DBR <\/b><span style=\"font-weight: 400;\">bietet eine pr\u00e4zise und sichere Steuerung aller Vorg\u00e4nge. Das schwenkbare Antriebsrad und die festen Vorderr\u00e4der sorgen f\u00fcr optimale Man\u00f6vrierf\u00e4higkeit auch auf engstem Raum. Durch die in der Geschwindigkeit einstellbaren elektrischen Funktionen kann der Kran an jede Last und Situation angepasst werden.<\/span><\/p>\n<p><b>\u00dcber die mit einem Potentiometer ausgestattete Fernbedienung kann der Bediener alle Bewegungen des Teleskoparms vom Anheben bis zum Ausfahren \u00e4u\u00dferst pr\u00e4zise und stufenlos steuern.<\/b><\/p>\n<p><span style=\"font-weight: 400;\">Dank des integrierten Gegengewichts handelt es sich um eine <\/span><b>mobile und vielseitige Hebel\u00f6sung<\/b><span style=\"font-weight: 400;\">. Da keine Stabilisatoren erforderlich sind, kann unser Kran auf engstem Raum eingesetzt und schnell von einem Punkt zum anderen bewegt werden. Es ist die ideale L\u00f6sung f\u00fcr alle, die eine flexible und benutzerfreundliche L\u00f6sung suchen.<\/span><\/p>\n<p><span style=\"font-weight: 400;\">Dank seiner Flexibilit\u00e4t erm\u00f6glicht Ihnen der <\/span><b>Motorkran FLEX F1000DBR <\/b><span style=\"font-weight: 400;\">das einfache Erreichen und Positionieren jeder Art von Last, selbst in engen oder schwer zug\u00e4nglichen R\u00e4umen, wie z. B. Werkzeugmaschinen, Regalen und Montageb\u00e4nken.<\/span><\/p>\n<p><b>Sicherheitsfunktionen:<\/b><\/p>\n<p><b>Dynamischer Lastbegrenzer<\/b><span style=\"font-weight: 400;\">, der \u00dcberlastungen und m\u00f6gliche Unf\u00e4lle verhindert. Es \u00fcberwacht st\u00e4ndig die angehobene oder bewegte Last und begrenzt den Vorgang automatisch, wenn die Last den voreingestellten Sicherheitsgrenzwert \u00fcberschreitet.<\/span><\/p>\n<p><span style=\"font-weight: 400;\">Bei einem Bruch in den Leitungen des Hydrauliksystems wird automatisch ein <\/span><b>Absperrventil <\/b><span style=\"font-weight: 400;\">aktiviert, das ein unkontrolliertes Absinken der Last verhindert.<\/span><\/p>\n<p><span style=\"font-weight: 400;\">Der Deichsel ist mit einem Geschwindigkeitsw\u00e4hler ausgestattet, mit dem Sie die Fahrzeuggeschwindigkeit an unterschiedliche Betriebsanforderungen anpassen k\u00f6nnen.<\/span><\/p>\n<ul>\n<li><span style=\"font-weight: 400;\"> Langsamer Modus: Begrenzt die H\u00f6chstgeschwindigkeit auf 1,5 km\/h, ideal f\u00fcr pr\u00e4zise Man\u00f6ver auf engstem Raum und empfindliche Handhabung von Lasten.<\/span><\/li>\n<li><span style=\"font-weight: 400;\"> Standardgeschwindigkeit: Erm\u00f6glicht eine H\u00f6chstgeschwindigkeit von 3 km\/h, geeignet f\u00fcr lange Strecken unter Standardbedingungen<\/span><\/li>\n<\/ul>\n<p><span style=\"font-weight: 400;\">Serienm\u00e4\u00dfige Ausstattung: versiegelte und wartungsfreie AGM-Batterien, externes Batterieladeger\u00e4t, LED-Leuchtanzeige f\u00fcr ordnungsgem\u00e4\u00dfen Betrieb und \u00dcberlastung, Not-Aus-Taste. Der <\/span><b>FLEX F1000DBR-Kran<\/b><span style=\"font-weight: 400;\"> ist au\u00dferdem mit einem Multifunktionsdisplay ausgestattet, das den Ladezustand, die Batteriespannung und die Betriebsstunden anzeigt.<\/span><\/p>\n","protected":false},"excerpt":{"rendered":"<p>MIT FERNBEDIENUNG<\/p>\n<p><span style=\"vertical-align: inherit;\"><span style=\"vertical-align: inherit;\"><span data-sheets-root=\"1\">TRAGKRAFT<\/span> 1000 KG<\/span><\/span><\/p>\n","protected":false},"featured_media":16397,"template":"","meta":{"_acf_changed":false,"_et_pb_use_builder":"","_et_pb_old_content":"","_et_gb_content_width":""},"product_brand":[],"product_cat":[61],"product_tag":[],"class_list":{"0":"post-16407","1":"product","2":"type-product","3":"status-publish","4":"has-post-thumbnail","6":"product_cat-krane-mit-einzelnteleskop-ausschub","7":"pa_portata-max-kg-1000-de-2","9":"first","10":"instock","11":"shipping-taxable","12":"product-type-simple"},"acf":[],"gallery_images":[303759,303769,303749,303729,303739,303719,303709],"_links":{"self":[{"href":"https:\/\/liftingfx.girafdev.com\/de\/wp-json\/wp\/v2\/product\/16407","targetHints":{"allow":["GET"]}}],"collection":[{"href":"https:\/\/liftingfx.girafdev.com\/de\/wp-json\/wp\/v2\/product"}],"about":[{"href":"https:\/\/liftingfx.girafdev.com\/de\/wp-json\/wp\/v2\/types\/product"}],"wp:featuredmedia":[{"embeddable":true,"href":"https:\/\/liftingfx.girafdev.com\/de\/wp-json\/wp\/v2\/media\/16397"}],"wp:attachment":[{"href":"https:\/\/liftingfx.girafdev.com\/de\/wp-json\/wp\/v2\/media?parent=16407"}],"wp:term":[{"taxonomy":"product_brand","embeddable":true,"href":"https:\/\/liftingfx.girafdev.com\/de\/wp-json\/wp\/v2\/product_brand?post=16407"},{"taxonomy":"product_cat","embeddable":true,"href":"https:\/\/liftingfx.girafdev.com\/de\/wp-json\/wp\/v2\/product_cat?post=16407"},{"taxonomy":"product_tag","embeddable":true,"href":"https:\/\/liftingfx.girafdev.com\/de\/wp-json\/wp\/v2\/product_tag?post=16407"}],"curies":[{"name":"wp","href":"https:\/\/api.w.org\/{rel}","templated":true}]}}