{"id":16330,"date":"2023-12-14T15:33:04","date_gmt":"2023-12-14T14:33:04","guid":{"rendered":"https:\/\/liftingfx.girafdev.com?post_type=product&#038;p=16330"},"modified":"2025-06-04T07:48:47","modified_gmt":"2025-06-04T05:48:47","slug":"flex-f1000sbr-motorbetriebener-gegengewichts-kran-1000-kg","status":"publish","type":"product","link":"https:\/\/liftingfx.girafdev.com\/de\/product\/flex-f1000sbr-motorbetriebener-gegengewichts-kran-1000-kg\/","title":{"rendered":"FLEX F1000SBR MIT FERNBEDIENUNG"},"content":{"rendered":"<p><strong>Der FLEX F1000SBR ist ein motorbetriebener Gegengewichts-Kran, der das Heben und Bewegen von Lasten bis zu 1 Tonne <\/strong><strong>erm\u00f6glicht. Max. Ausladung bis zu 1400 mm. <\/strong>Beim Flex F1000SBR handelt es sich um einen Kran, der besonders gut zu steuern ist somit Lasten in engen R\u00e4umen aufgenommen werden k\u00f6nnen. Mit dem <strong>Minikran FLEX F1000SBR<\/strong> k\u00f6nnen Teile (Formen, Ersatzteile und jede Art von Last) auf Werkzeugmaschinen, Regalen, Montageb\u00e4nken und an jedem schwer zug\u00e4nglichen Ort positioniert werden. <strong>\u00a0<\/strong>Zur Serienausstattung geh\u00f6rt ein dynamischer Hubmomentbegrenzer. Hub- und Vorschub-Bedienelemente werden bei \u00dcberlast blockiert. Handhabung und Heben von Lasten unter vollst\u00e4ndiger Einhaltung aller Anforderungen der geltenden Gesundheits- und Sicherheitsvorschriften.<\/p>\n<p>Der\u00a0<b>FLEX F1000SBR <\/b>ist mit Fernbedienung ausgestattet, die folgende Kranbewegungen mit einstellbarer und proportionaler Geschwindigkeit erm\u00f6glichen<\/p>\n<p><strong>Heben, Senken, Ausschub und Einschub des Auslegers\u00a0<\/strong><\/p>\n","protected":false},"excerpt":{"rendered":"<p>Hydraulischer Gegengewichtskran mit elektrischem Ausschub und 1.000 kg Tragf\u00e4higkeit mit Fernbedienung<\/p>\n","protected":false},"featured_media":13057,"template":"","meta":{"_acf_changed":false,"_et_pb_use_builder":"","_et_pb_old_content":"","_et_gb_content_width":""},"product_brand":[],"product_cat":[61],"product_tag":[],"class_list":{"0":"post-16330","1":"product","2":"type-product","3":"status-publish","4":"has-post-thumbnail","6":"product_cat-krane-mit-einzelnteleskop-ausschub","8":"first","9":"instock","10":"shipping-taxable","11":"product-type-simple"},"acf":[],"gallery_images":[15932,13396,10314,10321,12029,12036,13057],"_links":{"self":[{"href":"https:\/\/liftingfx.girafdev.com\/de\/wp-json\/wp\/v2\/product\/16330","targetHints":{"allow":["GET"]}}],"collection":[{"href":"https:\/\/liftingfx.girafdev.com\/de\/wp-json\/wp\/v2\/product"}],"about":[{"href":"https:\/\/liftingfx.girafdev.com\/de\/wp-json\/wp\/v2\/types\/product"}],"wp:featuredmedia":[{"embeddable":true,"href":"https:\/\/liftingfx.girafdev.com\/de\/wp-json\/wp\/v2\/media\/13057"}],"wp:attachment":[{"href":"https:\/\/liftingfx.girafdev.com\/de\/wp-json\/wp\/v2\/media?parent=16330"}],"wp:term":[{"taxonomy":"product_brand","embeddable":true,"href":"https:\/\/liftingfx.girafdev.com\/de\/wp-json\/wp\/v2\/product_brand?post=16330"},{"taxonomy":"product_cat","embeddable":true,"href":"https:\/\/liftingfx.girafdev.com\/de\/wp-json\/wp\/v2\/product_cat?post=16330"},{"taxonomy":"product_tag","embeddable":true,"href":"https:\/\/liftingfx.girafdev.com\/de\/wp-json\/wp\/v2\/product_tag?post=16330"}],"curies":[{"name":"wp","href":"https:\/\/api.w.org\/{rel}","templated":true}]}}