{"id":1633,"date":"2022-02-22T12:04:00","date_gmt":"2022-02-22T11:04:00","guid":{"rendered":"https:\/\/liftingfx.girafdev.comprodotto\/01b2p-200kg-grues-porte-a-faux-rotative-a-360-descente-electrique-vitesse-reglable\/"},"modified":"2025-08-01T11:54:13","modified_gmt":"2025-08-01T09:54:13","slug":"manuelle-krane-01b2p-200kg-elektrisches-senken-verstellbare-geschwindigkeit","status":"publish","type":"product","link":"https:\/\/liftingfx.girafdev.com\/de\/product\/manuelle-krane-01b2p-200kg-elektrisches-senken-verstellbare-geschwindigkeit\/","title":{"rendered":"01B2P INDUSTRIEKRAN SCHWENKBAR"},"content":{"rendered":"<p><span style=\"font-weight: 400\">Ein komplettes Sortiment an\u00a0<\/span><b>360\u00b0-Schwenkkranen mit manueller Traktion<\/b><span style=\"font-weight: 400\">, mit einer maximalen\u00a0<\/span><b>Tragkraft bis zu 200 kg<\/b><span style=\"font-weight: 400\">. Der Ausleger kann bis auf eine\u00a0<\/span><b>Maximall\u00e4nge von\u00a02050 mm<\/b><span style=\"font-weight: 400\">\u00a0(mit optionaler Verl\u00e4ngerung)\u00a0ausgezogen werden.\u00a0<\/span><b>Hydraulisch oder elektrisch gesteuert<\/b><span style=\"font-weight: 400\">.\u00a0<\/span><\/p>\n<p><span style=\"font-weight: 400\">Sie stellen die kosteng\u00fcnstigste und flexibelste L\u00f6sung f\u00fcr das Heben und Bewegen von Lasten in verschiedenen Anwendungen dar, z. B. Bearbeitungszentren und Werkzeugmaschinen, Lieferung an Montagelinien, Montagevorg\u00e4nge und Handling von Material.\u00a0<\/span><\/p>\n<p><span style=\"font-weight: 400\">Dank ihrer kompakten Abmessungen sind sie auch bei Vollerlast leicht man\u00f6vrierbar und lassen sich m\u00fchelos auf engstem Raum bewegen. Bauqualit\u00e4t und Komponenten sind Made in Italy. Diese rein italienische Qualit\u00e4t macht unsere Krane sehr widerstandsf\u00e4hig und vollst\u00e4ndig st\u00f6rungsfrei.\u00a0<\/span><\/p>\n<p><span style=\"font-weight: 400\">Hydraulikanlage mit Sperrventil und Druckbegrenzungsventil, welches eine \u00dcberlastung des Krans ausschliesst. Sie sind mit 2 Hochleistungs-Schwenkr\u00e4dern mit Sto\u00dff\u00e4ngerhalterungen und Feststellbremsen und mit 2 festen Vorderr\u00e4dern mit Lagern ausgestattet. Der Rahmen besteht aus lackiertem Stahl und ist mit 2 n\u00fctzlichen Halterungen ausgestattet (um den Kran mit einem Gabelstapler auf langen Strecken sicher zu heben und bewegen. Der stabile Schiebegriff kann demontiert werden. Es gibt auch 2 Griffe, um das Gegengewicht leicht zu drehen. Schwenkhaken serienm\u00e4\u00dfig eingebaut. \u00a0Der Kranausleger kann alle 30\u00b0 gelockt werden.<\/span><\/p>\n<p><span style=\"font-weight: 400\">Das Modell 01B2P ist mit einer Kabelfernbedienung ausgestattet, die das elektrisches Heben mit Einzelgeschwindigkeit und das Senken mit einstellbarer Geschwindigkeit erm\u00f6glicht. Diese Funktion erm\u00f6glicht eine pr\u00e4zise Bedienung beim Senken der Last.\u00a0<\/span><\/p>\n<p><span style=\"font-weight: 400\">Der Ausleger kann in 4 verschiedene Positionen manuell ausgefahren werden. Es stehen 3 Arten von Verl\u00e4ngerungen mit unterschiedlichen Gr\u00f6\u00dfen zur Verf\u00fcgung, dank denen der Ausleger bis auf eine <\/span><b>Maximall\u00e4nge von\u00a02050 mm<\/b><span style=\"font-weight: 400\">\u00a0ausgezogen werden kann.<\/span><\/p>\n<p><span style=\"font-weight: 400\">Dieser Kran wird mit einer wartungsfreien, hermetischen AGM-Batterie betrieben und kann auch mit einer Lithium-Batterie ausgestattet werden. Externes Ladeger\u00e4t.\u00a0<\/span><\/p>\n<p><b>Multifunktionsdisplay mit Anzeige von Ladestand, Batteriespannung und Betriebsstundenz\u00e4hler.<\/b><\/p>\n<div id=\"gtx-trans\" style=\"position: absolute;left: 39px;top: 509.156px\">\n<div class=\"gtx-trans-icon\"><\/div>\n<\/div>\n","protected":false},"excerpt":{"rendered":"<p><span data-sheets-root=\"1\">TRAGKRAFT<\/span> 200 KG<\/p>\n","protected":false},"featured_media":317338,"template":"","meta":{"_acf_changed":false,"_et_pb_use_builder":"","_et_pb_old_content":"","_et_gb_content_width":""},"product_brand":[],"product_cat":[73],"product_tag":[],"class_list":{"0":"post-1633","1":"product","2":"type-product","3":"status-publish","4":"has-post-thumbnail","6":"product_cat-360-schwenkbare-krane","7":"pa_portata-max-kg-200-de-2","9":"first","10":"instock","11":"shipping-taxable","12":"product-type-simple"},"acf":[],"gallery_images":[317334,317398,317384,317374,317354,317344],"_links":{"self":[{"href":"https:\/\/liftingfx.girafdev.com\/de\/wp-json\/wp\/v2\/product\/1633","targetHints":{"allow":["GET"]}}],"collection":[{"href":"https:\/\/liftingfx.girafdev.com\/de\/wp-json\/wp\/v2\/product"}],"about":[{"href":"https:\/\/liftingfx.girafdev.com\/de\/wp-json\/wp\/v2\/types\/product"}],"wp:featuredmedia":[{"embeddable":true,"href":"https:\/\/liftingfx.girafdev.com\/de\/wp-json\/wp\/v2\/media\/317338"}],"wp:attachment":[{"href":"https:\/\/liftingfx.girafdev.com\/de\/wp-json\/wp\/v2\/media?parent=1633"}],"wp:term":[{"taxonomy":"product_brand","embeddable":true,"href":"https:\/\/liftingfx.girafdev.com\/de\/wp-json\/wp\/v2\/product_brand?post=1633"},{"taxonomy":"product_cat","embeddable":true,"href":"https:\/\/liftingfx.girafdev.com\/de\/wp-json\/wp\/v2\/product_cat?post=1633"},{"taxonomy":"product_tag","embeddable":true,"href":"https:\/\/liftingfx.girafdev.com\/de\/wp-json\/wp\/v2\/product_tag?post=1633"}],"curies":[{"name":"wp","href":"https:\/\/api.w.org\/{rel}","templated":true}]}}