{"id":1536,"date":"2022-02-22T11:49:46","date_gmt":"2022-02-22T10:49:46","guid":{"rendered":"https:\/\/liftingfx.girafdev.comprodotto\/01b5-500kg-grues-porte-a-faux-rotative-a-360-elevation-et-descente-electriques-1-seule-vitesse\/"},"modified":"2025-08-01T11:53:26","modified_gmt":"2025-08-01T09:53:26","slug":"manuelle-krane-01b5-500kg-elektrisches-heben-und-senken-geschwindigkeit-nicht-einstellbar","status":"publish","type":"product","link":"https:\/\/liftingfx.girafdev.com\/de\/product\/manuelle-krane-01b5-500kg-elektrisches-heben-und-senken-geschwindigkeit-nicht-einstellbar\/","title":{"rendered":"01B5 HALBELEKTRISCHER HYDRAULIKKRAN"},"content":{"rendered":"<p><span style=\"font-weight: 400\">Ein komplettes Sortiment an\u00a0<\/span><b>360\u00b0-Schwenkkranen mit manueller Traktion<\/b><span style=\"font-weight: 400\">, mit einer maximalen\u00a0<\/span><b>Tragkraft bis zu 500 kg<\/b><span style=\"font-weight: 400\">. Der Ausleger kann bis auf eine Maximall\u00e4nge von\u00a02050 mm (mit optionaler Verl\u00e4ngerung)\u00a0ausgezogen werden. Hydraulisch oder elektrisch gesteuert.\u00a0<\/span><\/p>\n<p><span style=\"font-weight: 400\">Sie stellen die kosteng\u00fcnstigste und flexibelste L\u00f6sung f\u00fcr das Heben und Bewegen von Lasten in verschiedenen Anwendungen dar, z. B. Bearbeitungszentren und Werkzeugmaschinen, Lieferung an Montagelinien, Montagevorg\u00e4nge und Handling von Material.\u00a0<\/span><\/p>\n<p><span style=\"font-weight: 400\">Dank ihrer kompakten Abmessungen sind sie auch bei Vollerlast leicht man\u00f6vrierbar und lassen sich m\u00fchelos auf engstem Raum bewegen. Bauqualit\u00e4t und Komponenten sind Made in Italy. Diese rein italienische Qualit\u00e4t macht unsere Krane sehr widerstandsf\u00e4hig und vollst\u00e4ndig st\u00f6rungsfrei.\u00a0<\/span><\/p>\n<p><b>Hydraulikanlage mit Sperrventil und Druckbegrenzungsventil, welches eine \u00dcberlastung des Krans ausschliesst.<\/b><span style=\"font-weight: 400\">\u00a0Sie sind mit 2 Hochleistungs-Schwenkr\u00e4dern mit Sto\u00dff\u00e4ngerhalterungen und Feststellbremsen und mit 2 festen Vorderr\u00e4dern mit Lagern ausgestattet. Der Rahmen besteht aus lackiertem Stahl und ist mit 2 n\u00fctzlichen Halterungen ausgestattet (um den Kran mit einem Gabelstapler auf langen Strecken sicher zu heben und bewegen. Der stabile Schiebegriff kann demontiert werden. Es gibt auch 2 Griffe, um das Gegengewicht leicht zu drehen. Schwenkhaken serienm\u00e4\u00dfig eingebaut. Der Kranausleger kann alle 30\u00b0 gelockt werden.<\/span><\/p>\n<p><span style=\"font-weight: 400\">Das Modell 01B5 ist mit einer <\/span><b>Kabelfernbedienung f\u00fcr das elektrische Heben und Senken<\/b><span style=\"font-weight: 400\"> ausgestattet. <\/span><\/p>\n<p><span style=\"font-weight: 400\">Dieser Kran wird mit einer wartungsfreien, hermetischen AGM-Batterie betrieben und kann auch mit einer Lithium-Batterie ausgestattet werden. Externes Ladeger\u00e4t.\u00a0<\/span><\/p>\n<p><b>Multifunktionsdisplay mit Anzeige von Ladestand, Batteriespannung und Betriebsstundenz\u00e4hler.<\/b><\/p>\n<p><span style=\"font-weight: 400\">Der Ausleger kann in 4 verschiedene Positionen manuell ausgefahren werden. Es stehen 3 Arten von Verl\u00e4ngerungen mit unterschiedlichen Gr\u00f6\u00dfen zur Verf\u00fcgung, dank denen der Ausleger bis auf eine <\/span><b>Maximall\u00e4nge von\u00a02050 mm<\/b><span style=\"font-weight: 400\">\u00a0ausgezogen werden kann.<\/span><\/p>\n","protected":false},"excerpt":{"rendered":"<p><span data-sheets-root=\"1\">TRAGKRAFT<\/span> 500 KG<\/p>\n","protected":false},"featured_media":313414,"template":"","meta":{"_acf_changed":false,"_et_pb_use_builder":"","_et_pb_old_content":"","_et_gb_content_width":""},"product_brand":[],"product_cat":[73],"product_tag":[],"class_list":{"0":"post-1536","1":"product","2":"type-product","3":"status-publish","4":"has-post-thumbnail","6":"product_cat-360-schwenkbare-krane","7":"pa_portata-max-kg-500-de-2","9":"first","10":"instock","11":"shipping-taxable","12":"product-type-simple"},"acf":[],"gallery_images":[313414,313444,313434,313424,313404,313394],"_links":{"self":[{"href":"https:\/\/liftingfx.girafdev.com\/de\/wp-json\/wp\/v2\/product\/1536","targetHints":{"allow":["GET"]}}],"collection":[{"href":"https:\/\/liftingfx.girafdev.com\/de\/wp-json\/wp\/v2\/product"}],"about":[{"href":"https:\/\/liftingfx.girafdev.com\/de\/wp-json\/wp\/v2\/types\/product"}],"wp:featuredmedia":[{"embeddable":true,"href":"https:\/\/liftingfx.girafdev.com\/de\/wp-json\/wp\/v2\/media\/313414"}],"wp:attachment":[{"href":"https:\/\/liftingfx.girafdev.com\/de\/wp-json\/wp\/v2\/media?parent=1536"}],"wp:term":[{"taxonomy":"product_brand","embeddable":true,"href":"https:\/\/liftingfx.girafdev.com\/de\/wp-json\/wp\/v2\/product_brand?post=1536"},{"taxonomy":"product_cat","embeddable":true,"href":"https:\/\/liftingfx.girafdev.com\/de\/wp-json\/wp\/v2\/product_cat?post=1536"},{"taxonomy":"product_tag","embeddable":true,"href":"https:\/\/liftingfx.girafdev.com\/de\/wp-json\/wp\/v2\/product_tag?post=1536"}],"curies":[{"name":"wp","href":"https:\/\/api.w.org\/{rel}","templated":true}]}}