{"id":14120,"date":"2023-07-28T13:41:31","date_gmt":"2023-07-28T11:41:31","guid":{"rendered":"https:\/\/liftingfx.girafdev.com?post_type=product&#038;p=14120"},"modified":"2025-06-25T18:16:36","modified_gmt":"2025-06-25T16:16:36","slug":"flex-f1000dbl-1000-kg-kran-mit-doppelteleskop-ausschub","status":"publish","type":"product","link":"https:\/\/liftingfx.girafdev.com\/de\/product\/flex-f1000dbl-1000-kg-kran-mit-doppelteleskop-ausschub\/","title":{"rendered":"FLEX F1000DBL INDUSTRIEKRAN ELEKTRISCH"},"content":{"rendered":"<p><b>Der FLEX F1000DBL ist ein motorbetriebener Gegengewichts-Kran mit Doppelteleskop-Ausschub, der das Heben und Bewegen von Lasten bis zu 1 Tonne\u00a0erm\u00f6glicht. Max. Ausladung bis zu 2.500 mm.\u00a0<\/b><\/p>\n<p><span style=\"font-weight: 400;\">Der <\/span><b>Elektrokran Flex F1000DBL<\/b><span style=\"font-weight: 400;\"> bietet eine pr\u00e4zise und sichere Steuerung aller Vorg\u00e4nge. Das schwenkbare Antriebsrad und die festen Vorderr\u00e4der sorgen f\u00fcr optimale Man\u00f6vrierf\u00e4higkeit auch auf engstem Raum. Durch die in der Geschwindigkeit einstellbaren elektrischen Funktionen kann der Kran an jede Last und Situation angepasst werden.<\/span><\/p>\n<p><b>Die Hebe-, Senk-, Ausfahr- und Einfahrbewegungen des Teleskoparms werden vom Bediener \u00fcber einfache Hebel pr\u00e4zise bedient und gesteuert. Die Geschwindigkeit jeder Bewegung ist proportional zur auf den Hebel ausge\u00fcbten Bewegung und gew\u00e4hrleistet so eine intuitive und pr\u00e4zise Steuerung.<\/b><\/p>\n<p><span style=\"font-weight: 400;\">Das integrierte Ballastsystem erm\u00f6glicht das Heben einer freitragenden Last, ohne seitliche Stabilisatoren installieren zu m\u00fcssen. Somit handelt es sich um einen universell einsetzbaren Mobilkran mit unbegrenzten Einsatzm\u00f6glichkeiten und sofortiger Einsatzbereitschaft.<\/span><\/p>\n<p><span style=\"font-weight: 400;\">Dank seiner Flexibilit\u00e4t erm\u00f6glicht Ihnen der <\/span><b>Motorkran FLEX F1000DBL<\/b><span style=\"font-weight: 400;\"> das einfache Erreichen und Positionieren jeder Art von Last, selbst in engen oder schwer zug\u00e4nglichen R\u00e4umen, wie z. B. Werkzeugmaschinen, Regalen und Montageb\u00e4nken.<\/span><\/p>\n<p><b>Sicherheitsfunktionen:<\/b><\/p>\n<p><b>Dynamischer Lastbegrenzer<\/b><span style=\"font-weight: 400;\">, der \u00dcberlastungen und m\u00f6gliche Unf\u00e4lle verhindert. Es \u00fcberwacht st\u00e4ndig die angehobene oder bewegte Last und begrenzt den Vorgang automatisch, wenn die Last den voreingestellten Sicherheitsgrenzwert \u00fcberschreitet.<\/span><\/p>\n<p><span style=\"font-weight: 400;\">Bei einem Bruch in den Leitungen des Hydrauliksystems wird automatisch ein <\/span><b>Absperrventil <\/b><span style=\"font-weight: 400;\">aktiviert, das ein unkontrolliertes Absinken der Last verhindert.<\/span><\/p>\n<p><span style=\"font-weight: 400;\">Der Deichsel ist mit einem Geschwindigkeitsw\u00e4hler ausgestattet, mit dem Sie die Fahrzeuggeschwindigkeit an unterschiedliche Betriebsanforderungen anpassen k\u00f6nnen.<\/span><\/p>\n<ul>\n<li><span style=\"font-weight: 400;\"> Langsamer Modus: Begrenzt die H\u00f6chstgeschwindigkeit auf 1,5 km\/h, ideal f\u00fcr pr\u00e4zise Man\u00f6ver auf engstem Raum und empfindliche Handhabung von Lasten.<\/span><\/li>\n<li><span style=\"font-weight: 400;\"> Standardgeschwindigkeit: Erm\u00f6glicht eine H\u00f6chstgeschwindigkeit von 3 km\/h, geeignet f\u00fcr lange Strecken unter Standardbedingungen<\/span><\/li>\n<\/ul>\n<p><span style=\"font-weight: 400;\">Serienm\u00e4\u00dfige Ausstattung: versiegelte und wartungsfreie AGM-Batterien, externes Batterieladeger\u00e4t, LED-Leuchtanzeige f\u00fcr ordnungsgem\u00e4\u00dfen Betrieb und \u00dcberlastung, Not-Aus-Taste. Der <\/span><b>FLEX F1000DBL-Kran<\/b><span style=\"font-weight: 400;\"> ist au\u00dferdem mit einem Multifunktionsdisplay ausgestattet, das den Ladezustand, die Batteriespannung und die Betriebsstunden anzeigt.<\/span><\/p>\n","protected":false},"excerpt":{"rendered":"<p>MIT BEDIENHEBELN<\/p>\n<p><span style=\"vertical-align: inherit;\"><span style=\"vertical-align: inherit;\"><span data-sheets-root=\"1\">TRAGKRAFT <\/span>1000 KG<\/span><\/span><\/p>\n","protected":false},"featured_media":311862,"template":"","meta":{"_acf_changed":false,"_et_pb_use_builder":"","_et_pb_old_content":"","_et_gb_content_width":""},"product_brand":[],"product_cat":[61],"product_tag":[],"class_list":{"0":"post-14120","1":"product","2":"type-product","3":"status-publish","4":"has-post-thumbnail","6":"product_cat-krane-mit-einzelnteleskop-ausschub","7":"pa_portata-max-kg-1000-de-2","9":"first","10":"instock","11":"shipping-taxable","12":"product-type-simple"},"acf":[],"gallery_images":[311858,311808,311818,311828,311838,311848,311868],"_links":{"self":[{"href":"https:\/\/liftingfx.girafdev.com\/de\/wp-json\/wp\/v2\/product\/14120","targetHints":{"allow":["GET"]}}],"collection":[{"href":"https:\/\/liftingfx.girafdev.com\/de\/wp-json\/wp\/v2\/product"}],"about":[{"href":"https:\/\/liftingfx.girafdev.com\/de\/wp-json\/wp\/v2\/types\/product"}],"wp:featuredmedia":[{"embeddable":true,"href":"https:\/\/liftingfx.girafdev.com\/de\/wp-json\/wp\/v2\/media\/311862"}],"wp:attachment":[{"href":"https:\/\/liftingfx.girafdev.com\/de\/wp-json\/wp\/v2\/media?parent=14120"}],"wp:term":[{"taxonomy":"product_brand","embeddable":true,"href":"https:\/\/liftingfx.girafdev.com\/de\/wp-json\/wp\/v2\/product_brand?post=14120"},{"taxonomy":"product_cat","embeddable":true,"href":"https:\/\/liftingfx.girafdev.com\/de\/wp-json\/wp\/v2\/product_cat?post=14120"},{"taxonomy":"product_tag","embeddable":true,"href":"https:\/\/liftingfx.girafdev.com\/de\/wp-json\/wp\/v2\/product_tag?post=14120"}],"curies":[{"name":"wp","href":"https:\/\/api.w.org\/{rel}","templated":true}]}}