{"id":13617,"date":"2023-07-10T13:36:52","date_gmt":"2023-07-10T11:36:52","guid":{"rendered":"https:\/\/liftingfx.girafdev.com?post_type=product&#038;p=13617"},"modified":"2025-08-01T11:55:15","modified_gmt":"2025-08-01T09:55:15","slug":"01b2se_400_fahrbarer-werkstattkran_hubkraft_200_kg_mit-elektro-ausleger","status":"publish","type":"product","link":"https:\/\/liftingfx.girafdev.com\/de\/product\/01b2se_400_fahrbarer-werkstattkran_hubkraft_200_kg_mit-elektro-ausleger\/","title":{"rendered":"01B2SE_400 MOBILE HEBEHILFE"},"content":{"rendered":"<p><span style=\"font-weight: 400\">Ein komplettes Sortiment an\u00a0<\/span><b>360\u00b0-Schwenkkranen mit manueller Traktion<\/b><span style=\"font-weight: 400\">, mit einer maximalen\u00a0<\/span><b>Tragkraft bis zu 200 kg<\/b><span style=\"font-weight: 400\">. Der Ausleger kann bis auf eine\u00a0<\/span><b>Maximall\u00e4nge von 1312 mm<\/b><span style=\"font-weight: 400\">\u00a0ausgezogen werden. Hydraulisch oder elektrisch gesteuert. Sie stellen die kosteng\u00fcnstigste und flexibelste L\u00f6sung f\u00fcr das Heben und Bewegen von Lasten in verschiedenen Anwendungen dar, z. B. Bearbeitungszentren und Werkzeugmaschinen, Lieferung an Montagelinien, Montagevorg\u00e4nge und Handling von Material.\u00a0<\/span><\/p>\n<p><span style=\"font-weight: 400\">Dank ihrer kompakten Abmessungen sind sie auch bei Vollerlast leicht man\u00f6vrierbar und lassen sich m\u00fchelos auf engstem Raum bewegen. Bauqualit\u00e4t und Komponenten sind Made in Italy. Diese rein italienische Qualit\u00e4t macht unsere Krane sehr widerstandsf\u00e4hig und vollst\u00e4ndig st\u00f6rungsfrei.<\/span><b>\u00a0<\/b><\/p>\n<p><span style=\"font-weight: 400\">Hydraulikanlage mit Sperrventil und Druckbegrenzungsventil, welches eine \u00dcberlastung des Krans ausschliesst.\u00a0<\/span><\/p>\n<p><span style=\"font-weight: 400\">Sie sind mit 2 Hochleistungs-Schwenkr\u00e4dern mit Sto\u00dff\u00e4ngerhalterungen und Feststellbremsen und mit 2 festen Vorderr\u00e4dern mit Lagern ausgestattet. Der Rahmen besteht aus lackiertem Stahl und ist mit 2 n\u00fctzlichen Halterungen ausgestattet (um den Kran mit einem Gabelstapler auf langen Strecken sicher zu heben und bewegen. Der stabile Schiebegriff kann demontiert werden. Es gibt auch 2 Griffe, um das Gegengewicht leicht zu drehen. Schwenkhaken serienm\u00e4\u00dfig eingebaut.<\/span><\/p>\n<p><span style=\"font-weight: 400\">Der Kranausleger kann alle 30\u00b0 gelockt werden. Das Modell 01B2SE_400 ist mit einem elektrischen Ausleger ausgestattet.\u00a0<\/span><\/p>\n<p><b>Der Kran 01B2SE_400 ist mit einem 4-Funktions-Bedienelement zum Heben, Senken, Ausschieben und Einfahren des Auslegers ausgestattet.<\/b><\/p>\n<p><b>Alle Bewegungen sind elektrisch, proportional und durch den Bediener mit h\u00f6chster Pr\u00e4zision bedienbar<\/b><span style=\"font-weight: 400\">. Das Senken erfolgt \u00fcber eine eingestellte Absenksteuerung und Sicherheitseinrichtungen bei ausgeschaltetem Motor.\u00a0<\/span><\/p>\n<p><span style=\"font-weight: 400\">Dieser Kran wird mit einer wartungsfreien, hermetischen AGM-Batterie betrieben und kann auch mit einer Lithium-Batterie ausgestattet werden. Externes Ladeger\u00e4t. <\/span><\/p>\n<p><b>Multifunktionsdisplay mit Anzeige von Ladestand, Batteriespannung und Betriebsstundenz\u00e4hler.<\/b><\/p>\n<p><span style=\"font-weight: 400\">Der Kran 01B2SE_400, dank seiner 360\u00b0 Schwenkung, ist das von unseren Kunden am h\u00e4ufigsten verwendete Modell f\u00fcr die Bewegung von Lasten vom Boden auf CNC-Maschinen, Drehmaschinen und bei allen Anwendungen auf engstem Raum, bei denen es nicht m\u00f6glich ist, die Last mit einem Gabelstapler oder anderen gro\u00dfen Hebeger\u00e4ten zu bewegen.<\/span><\/p>\n","protected":false},"excerpt":{"rendered":"<p><span data-sheets-root=\"1\">TRAGKRAFT<\/span> 200 KG<\/p>\n","protected":false},"featured_media":283506,"template":"","meta":{"_acf_changed":false,"_et_pb_use_builder":"","_et_pb_old_content":"<span style=\"font-weight: 400;\">Ein komplettes Sortiment an\u00a0<\/span><b>360\u00b0-Schwenkkranen mit manueller Traktion<\/b><span style=\"font-weight: 400;\">, mit einer maximalen\u00a0<\/span><b>Tragkraft bis zu 200 kg<\/b><span style=\"font-weight: 400;\">. Der Ausleger kann bis auf eine\u00a0<\/span><b>Maximall\u00e4nge von 1312 mm<\/b><span style=\"font-weight: 400;\">\u00a0ausgezogen werden. Hydraulisch oder elektrisch gesteuert. Sie stellen die kosteng\u00fcnstigste und flexibelste L\u00f6sung f\u00fcr das Heben und Bewegen von Lasten in verschiedenen Anwendungen dar, z. B. Bearbeitungszentren und Werkzeugmaschinen, Lieferung an Montagelinien, Montagevorg\u00e4nge und Handling von Material.\u00a0<\/span>\r\n\r\n<span style=\"font-weight: 400;\">Dank ihrer kompakten Abmessungen sind sie auch bei Vollerlast leicht man\u00f6vrierbar und lassen sich m\u00fchelos auf engstem Raum bewegen. Bauqualit\u00e4t und Komponenten sind Made in Italy. Diese rein italienische Qualit\u00e4t macht unsere Krane sehr widerstandsf\u00e4hig und vollst\u00e4ndig st\u00f6rungsfrei.<\/span><b>\u00a0<\/b>\r\n\r\n<span style=\"font-weight: 400;\">Hydraulikanlage mit Sperrventil und Druckbegrenzungsventil, welches eine \u00dcberlastung des Krans ausschliesst.\u00a0<\/span>\r\n\r\n<span style=\"font-weight: 400;\">Sie sind mit 2 Hochleistungs-Schwenkr\u00e4dern mit Sto\u00dff\u00e4ngerhalterungen und Feststellbremsen und mit 2 festen Vorderr\u00e4dern mit Lagern ausgestattet. Der Rahmen besteht aus lackiertem Stahl und ist mit 2 n\u00fctzlichen Halterungen ausgestattet (um den Kran mit einem Gabelstapler auf langen Strecken sicher zu heben und bewegen. Der stabile Schiebegriff kann demontiert werden. Es gibt auch 2 Griffe, um das Gegengewicht leicht zu drehen. Schwenkhaken serienm\u00e4\u00dfig eingebaut.<\/span>\r\n\r\n<span style=\"font-weight: 400;\">Der Kranausleger kann alle 30\u00b0 gelockt werden. Das Modell 01B2SE_400 ist mit einem elektrischen Ausleger ausgestattet.\u00a0<\/span>\r\n\r\n<b>Der Kran 01B2SE_400 ist mit einem 4-Funktions-Bedienelement zum Heben, Senken, Ausschieben und Einfahren des Auslegers ausgestattet.<\/b>\r\n\r\n<b>Alle Bewegungen sind elektrisch, proportional und durch den Bediener mit h\u00f6chster Pr\u00e4zision bedienbar<\/b><span style=\"font-weight: 400;\">. Das Senken erfolgt \u00fcber eine eingestellte Absenksteuerung und Sicherheitseinrichtungen bei ausgeschaltetem Motor.\u00a0<\/span>\r\n\r\n<span style=\"font-weight: 400;\">Dieser Kran wird mit einer Blei-S\u00e4ure-Batterie betrieben und kann auch mit einer wartungsfreien, hermetischen AGM-Batterie oder einer Lithium-Batterie ausgestattet werden. Externes Ladeger\u00e4t. <\/span><b>Multifunktionsdisplay mit Anzeige von Ladestand, Batteriespannung und Betriebsstundenz\u00e4hler.<\/b>\r\n\r\n<span style=\"font-weight: 400;\">Der Kran 01B2SE_400, dank seiner 360\u00b0 Schwenkung, ist das von unseren Kunden am h\u00e4ufigsten verwendete Modell f\u00fcr die Bewegung von Lasten vom Boden auf CNC-Maschinen, Drehmaschinen und bei allen Anwendungen auf engstem Raum, bei denen es nicht m\u00f6glich ist, die Last mit einem Gabelstapler oder anderen gro\u00dfen Hebeger\u00e4ten zu bewegen.<\/span>","_et_gb_content_width":""},"product_brand":[],"product_cat":[73],"product_tag":[],"class_list":{"0":"post-13617","1":"product","2":"type-product","3":"status-publish","4":"has-post-thumbnail","6":"product_cat-360-schwenkbare-krane","7":"pa_portata-max-kg-200-de-2","9":"first","10":"instock","11":"shipping-taxable","12":"product-type-simple"},"acf":[],"gallery_images":[283502,283482,283472,283452,283462,283492],"_links":{"self":[{"href":"https:\/\/liftingfx.girafdev.com\/de\/wp-json\/wp\/v2\/product\/13617","targetHints":{"allow":["GET"]}}],"collection":[{"href":"https:\/\/liftingfx.girafdev.com\/de\/wp-json\/wp\/v2\/product"}],"about":[{"href":"https:\/\/liftingfx.girafdev.com\/de\/wp-json\/wp\/v2\/types\/product"}],"wp:featuredmedia":[{"embeddable":true,"href":"https:\/\/liftingfx.girafdev.com\/de\/wp-json\/wp\/v2\/media\/283506"}],"wp:attachment":[{"href":"https:\/\/liftingfx.girafdev.com\/de\/wp-json\/wp\/v2\/media?parent=13617"}],"wp:term":[{"taxonomy":"product_brand","embeddable":true,"href":"https:\/\/liftingfx.girafdev.com\/de\/wp-json\/wp\/v2\/product_brand?post=13617"},{"taxonomy":"product_cat","embeddable":true,"href":"https:\/\/liftingfx.girafdev.com\/de\/wp-json\/wp\/v2\/product_cat?post=13617"},{"taxonomy":"product_tag","embeddable":true,"href":"https:\/\/liftingfx.girafdev.com\/de\/wp-json\/wp\/v2\/product_tag?post=13617"}],"curies":[{"name":"wp","href":"https:\/\/api.w.org\/{rel}","templated":true}]}}