{"id":1345,"date":"2022-02-22T11:06:49","date_gmt":"2022-02-22T10:06:49","guid":{"rendered":"https:\/\/liftingfx.girafdev.comprodotto\/01m2-200kg-grues-porte-a-faux-rotative-a-360-elevation-et-descente-manuelles\/"},"modified":"2025-06-27T13:22:53","modified_gmt":"2025-06-27T11:22:53","slug":"manuelle-krane-01m2-200kg-manuelles-heben-und-senken","status":"publish","type":"product","link":"https:\/\/liftingfx.girafdev.com\/de\/product\/manuelle-krane-01m2-200kg-manuelles-heben-und-senken\/","title":{"rendered":"01M2 MANUELLER GEGENGEWICHTSKRAN"},"content":{"rendered":"<p>[et_pb_section fb_built=&#8220;1&#8243; _builder_version=&#8220;4.25.2&#8243; _module_preset=&#8220;default&#8220; da_disable_devices=&#8220;off|off|off&#8220; global_colors_info=&#8220;{}&#8220; da_is_popup=&#8220;off&#8220; da_exit_intent=&#8220;off&#8220; da_has_close=&#8220;on&#8220; da_alt_close=&#8220;off&#8220; da_dark_close=&#8220;off&#8220; da_not_modal=&#8220;on&#8220; da_is_singular=&#8220;off&#8220; da_with_loader=&#8220;off&#8220; da_has_shadow=&#8220;on&#8220;][\/et_pb_section]<\/p>\n","protected":false},"excerpt":{"rendered":"<p><span data-sheets-root=\"1\">TRAGKRAFT<\/span> 200 KG<\/p>\n","protected":false},"featured_media":307609,"template":"","meta":{"_acf_changed":false,"_et_pb_use_builder":"on","_et_pb_old_content":"<span style=\"font-weight: 400\">Ein komplettes Sortiment an\u00a0<\/span><b>360\u00b0-Schwenkkranen mit manueller Traktion<\/b><span style=\"font-weight: 400\">, mit einer maximalen Tragkraft bis zu\u00a0<\/span><b>200 kg<\/b><span style=\"font-weight: 400\">. Der Ausleger kann bis auf eine Maximall\u00e4nge von\u00a02050 mm ( mit optionaler Verl\u00e4ngerung )\u00a0ausgezogen werden. Hydraulisch oder elektrisch gesteuert. Sie stellen die kosteng\u00fcnstigste und flexibelste L\u00f6sung f\u00fcr das Heben und Bewegen von Lasten in verschiedenen Anwendungen dar, z. B. Bearbeitungszentren und Werkzeugmaschinen, Lieferung an Montagelinien, Montagevorg\u00e4nge und Handling von Material.<\/span><span style=\"font-weight: 400\">\r\n<\/span><span style=\"font-weight: 400\">Dank ihrer kompakten Abmessungen sind sie auch bei Vollerlast leicht man\u00f6vrierbar und lassen sich m\u00fchelos auf engstem Raum bewegen. Bauqualit\u00e4t und Komponenten sind Made in Italy.\u00a0<\/span>\r\n\r\n<span style=\"font-weight: 400\">Hydraulikanlage mit Sperrventil und Druckbegrenzungsventil, welches eine \u00dcberlastung des Krans ausschliesst.<\/span>\r\n\r\n<span style=\"font-weight: 400\">Sie sind mit 2 Hochleistungs-Schwenkr\u00e4dern mit Sto\u00dff\u00e4ngerhalterungen und Feststellbremsen und mit 2 festen Vorderr\u00e4dern mit Lagern ausgestattet.<\/span><span style=\"font-weight: 400\">\r\n<\/span><span style=\"font-weight: 400\">Der Rahmen besteht aus lackiertem Stahl und ist mit 2 n\u00fctzlichen Halterungen ausgestattet (um den Kran mit einem Gabelstapler auf langen Strecken sicher zu heben und bewegen. Der stabile Schiebegriff kann demontiert werden. Es gibt auch 2 Griffe, um das Gegengewicht leicht zu drehen. Schwenkhaken serienm\u00e4\u00dfig eingebaut. \u00a0Der Kranausleger kann alle 30\u00b0 gelockt werden.<\/span>\r\n\r\n<b>Kran Modell 01M2<\/b><span style=\"font-weight: 400\">\r\n<\/span><span style=\"font-weight: 400\">Das hoch und runter fahren des Auslegerarms geschieht \u00fcber einen Hydraulikzylinder. Dieser wird \u00fcber einen doppelt wirkende Handpumpe bet\u00e4tigt. \u00dcber ein Handrad an der Pumpe, kann die Absenkgeschwindigkeit beim Absenken des Auslegers reguliert werden.<\/span>\r\n\r\n<span style=\"font-weight: 400\">Der Ausleger kann in 4 verschiedene Positionen manuell ausgefahren werden. Es stehen 3 Arten von Verl\u00e4ngerungen mit unterschiedlichen Gr\u00f6\u00dfen zur Verf\u00fcgung, dank denen der Ausleger bis auf eine Maximall\u00e4nge von\u00a02050 mm\u00a0ausgezogen werden kann.<\/span>\r\n\r\n<span style=\"font-weight: 400\">Der Gegengewichtskran 01M2 ist die ideale L\u00f6sung f\u00fcr alle Unternehmen, die die Effizienz ihrer Produktionsprozesse verbessern und gleichzeitig maximale Bedienersicherheit gew\u00e4hrleisten m\u00f6chten.<\/span>","_et_gb_content_width":""},"product_brand":[],"product_cat":[73],"product_tag":[],"class_list":{"0":"post-1345","1":"product","2":"type-product","3":"status-publish","4":"has-post-thumbnail","6":"product_cat-360-schwenkbare-krane","7":"pa_portata-max-kg-200-de-2","9":"first","10":"instock","11":"shipping-taxable","12":"product-type-simple"},"acf":[],"gallery_images":[308014,308024,308004,307984,308034,308044],"_links":{"self":[{"href":"https:\/\/liftingfx.girafdev.com\/de\/wp-json\/wp\/v2\/product\/1345","targetHints":{"allow":["GET"]}}],"collection":[{"href":"https:\/\/liftingfx.girafdev.com\/de\/wp-json\/wp\/v2\/product"}],"about":[{"href":"https:\/\/liftingfx.girafdev.com\/de\/wp-json\/wp\/v2\/types\/product"}],"wp:featuredmedia":[{"embeddable":true,"href":"https:\/\/liftingfx.girafdev.com\/de\/wp-json\/wp\/v2\/media\/307609"}],"wp:attachment":[{"href":"https:\/\/liftingfx.girafdev.com\/de\/wp-json\/wp\/v2\/media?parent=1345"}],"wp:term":[{"taxonomy":"product_brand","embeddable":true,"href":"https:\/\/liftingfx.girafdev.com\/de\/wp-json\/wp\/v2\/product_brand?post=1345"},{"taxonomy":"product_cat","embeddable":true,"href":"https:\/\/liftingfx.girafdev.com\/de\/wp-json\/wp\/v2\/product_cat?post=1345"},{"taxonomy":"product_tag","embeddable":true,"href":"https:\/\/liftingfx.girafdev.com\/de\/wp-json\/wp\/v2\/product_tag?post=1345"}],"curies":[{"name":"wp","href":"https:\/\/api.w.org\/{rel}","templated":true}]}}