{"id":318451,"date":"2025-06-18T09:16:37","date_gmt":"2025-06-18T07:16:37","guid":{"rendered":"https:\/\/liftingfx.girafdev.com?page_id=318451"},"modified":"2025-06-20T11:25:18","modified_gmt":"2025-06-20T09:25:18","slug":"atex-zertifizierte-krane","status":"publish","type":"page","link":"https:\/\/liftingfx.girafdev.com\/de\/atex-zertifizierte-krane\/","title":{"rendered":"ATEX-ZERTIFIZIERTE KRANE"},"content":{"rendered":"<p>[et_pb_section fb_built=&#8220;1&#8243; _builder_version=&#8220;4.25.2&#8243; _module_preset=&#8220;default&#8220; background_color=&#8220;#000000&#8243; background_image=&#8220;https:\/\/liftingfx.girafdev.comwp-content\/uploads\/2024\/07\/pattren-123-20356-222025.png&#8220; background_size=&#8220;contain&#8220; background_position=&#8220;center_left&#8220; background_horizontal_offset=&#8220;100%&#8220; custom_margin=&#8220;|||0px|false|false&#8220; custom_padding=&#8220;8%|||0px|false|false&#8220; background_last_edited=&#8220;on|tablet&#8220; background_size_tablet=&#8220;cover&#8220; background_size_phone=&#8220;cover&#8220; da_disable_devices=&#8220;off|off|off&#8220; locked=&#8220;off&#8220; global_colors_info=&#8220;{}&#8220; da_is_popup=&#8220;off&#8220; da_exit_intent=&#8220;off&#8220; da_has_close=&#8220;on&#8220; da_alt_close=&#8220;off&#8220; da_dark_close=&#8220;off&#8220; da_not_modal=&#8220;on&#8220; da_is_singular=&#8220;off&#8220; da_with_loader=&#8220;off&#8220; da_has_shadow=&#8220;on&#8220;][et_pb_row column_structure=&#8220;2_3,1_3&#8243; _builder_version=&#8220;4.27.3&#8243; _module_preset=&#8220;default&#8220; custom_margin=&#8220;|auto|||false|false&#8220; custom_padding=&#8220;81px|||||&#8220; hover_enabled=&#8220;0&#8243; global_colors_info=&#8220;{}&#8220; module_class=&#8220;bn-head&#8220; sticky_enabled=&#8220;0&#8243;][et_pb_column type=&#8220;2_3&#8243; _builder_version=&#8220;4.22.2&#8243; _module_preset=&#8220;default&#8220; global_colors_info=&#8220;{}&#8220;][et_pb_heading title=&#8220;ATEX-ZERTIFIZIERTE KRANE&#8220; _builder_version=&#8220;4.27.3&#8243; _module_preset=&#8220;default&#8220; title_font=&#8220;Poppins|700||on|||||&#8220; title_text_color=&#8220;#FFFFFF&#8220; title_font_size=&#8220;60px&#8220; title_font_size_tablet=&#8220;60px&#8220; title_font_size_phone=&#8220;30px&#8220; title_font_size_last_edited=&#8220;on|phone&#8220; global_colors_info=&#8220;{}&#8220;][\/et_pb_heading][\/et_pb_column][et_pb_column type=&#8220;1_3&#8243; _builder_version=&#8220;4.22.2&#8243; _module_preset=&#8220;default&#8220; global_colors_info=&#8220;{}&#8220;][et_pb_image src=&#8220;https:\/\/liftingfx.girafdev.comwp-content\/uploads\/2025\/06\/atex.png&#8220; title_text=&#8220;atex&#8220; _builder_version=&#8220;4.27.3&#8243; _module_preset=&#8220;default&#8220; global_colors_info=&#8220;{}&#8220;][\/et_pb_image][\/et_pb_column][\/et_pb_row][et_pb_row _builder_version=&#8220;4.22.2&#8243; _module_preset=&#8220;default&#8220; custom_margin=&#8220;|auto|||false|false&#8220; border_width_top=&#8220;1px&#8220; border_color_top=&#8220;#444444&#8243; global_colors_info=&#8220;{}&#8220;][et_pb_column type=&#8220;4_4&#8243; _builder_version=&#8220;4.22.2&#8243; _module_preset=&#8220;default&#8220; global_colors_info=&#8220;{}&#8220;][lwp_divi_breadcrumbs _builder_version=&#8220;4.22.2&#8243; _module_preset=&#8220;default&#8220; module_text_color=&#8220;#e2e2e2&#8243; global_colors_info=&#8220;{}&#8220;][\/lwp_divi_breadcrumbs][\/et_pb_column][\/et_pb_row][\/et_pb_section][et_pb_section fb_built=&#8220;1&#8243; _builder_version=&#8220;4.22.2&#8243; _module_preset=&#8220;default&#8220; custom_padding=&#8220;20px|||||&#8220; top_divider_style=&#8220;waves2&#8243; top_divider_color=&#8220;#E02B20&#8243; top_divider_height=&#8220;33px&#8220; top_divider_flip=&#8220;vertical&#8220; da_disable_devices=&#8220;off|off|off&#8220; global_colors_info=&#8220;{}&#8220; da_is_popup=&#8220;off&#8220; da_exit_intent=&#8220;off&#8220; da_has_close=&#8220;on&#8220; da_alt_close=&#8220;off&#8220; da_dark_close=&#8220;off&#8220; da_not_modal=&#8220;on&#8220; da_is_singular=&#8220;off&#8220; da_with_loader=&#8220;off&#8220; da_has_shadow=&#8220;on&#8220;][et_pb_row _builder_version=&#8220;4.22.2&#8243; _module_preset=&#8220;default&#8220; global_colors_info=&#8220;{}&#8220;][et_pb_column type=&#8220;4_4&#8243; _builder_version=&#8220;4.22.2&#8243; _module_preset=&#8220;default&#8220; global_colors_info=&#8220;{}&#8220;][\/et_pb_column][\/et_pb_row][et_pb_row column_structure=&#8220;1_3,1_3,1_3&#8243; disabled_on=&#8220;off|off|off&#8220; _builder_version=&#8220;4.27.3&#8243; _module_preset=&#8220;default&#8220; global_colors_info=&#8220;{}&#8220;][et_pb_column type=&#8220;1_3&#8243; _builder_version=&#8220;4.27.3&#8243; _dynamic_attributes=&#8220;link_option_url&#8220; _module_preset=&#8220;default&#8220; link_option_url=&#8220;@ET-DC@eyJkeW5hbWljIjp0cnVlLCJjb250ZW50IjoicG9zdF9saW5rX3VybF9wYWdlIiwic2V0dGluZ3MiOnsicG9zdF9pZCI6IjIxMDkyIn19@&#8220; global_colors_info=&#8220;{}&#8220;][et_pb_image src=&#8220;https:\/\/liftingfx.girafdev.comwp-content\/uploads\/2025\/06\/290643-GRU-MANUALE-FLEXLIFT-3G-IIB-T2_095414.jpg&#8220; title_text=&#8220;290643-GRU-MANUALE-FLEXLIFT-3G-IIB-T2_095414&#8243; _builder_version=&#8220;4.27.3&#8243; _module_preset=&#8220;default&#8220; global_colors_info=&#8220;{}&#8220;][\/et_pb_image][\/et_pb_column][et_pb_column type=&#8220;1_3&#8243; _builder_version=&#8220;4.22.2&#8243; _module_preset=&#8220;default&#8220; global_colors_info=&#8220;{}&#8220;][et_pb_image src=&#8220;https:\/\/liftingfx.girafdev.comwp-content\/uploads\/2025\/06\/290643-GRU-MANUALE-FLEXLIFT-3G-IIB-T2_095453.jpg&#8220; title_text=&#8220;290643-GRU-MANUALE-FLEXLIFT-3G-IIB-T2_095453&#8243; _builder_version=&#8220;4.27.3&#8243; _module_preset=&#8220;default&#8220; global_colors_info=&#8220;{}&#8220;][\/et_pb_image][\/et_pb_column][et_pb_column type=&#8220;1_3&#8243; _builder_version=&#8220;4.22.2&#8243; _module_preset=&#8220;default&#8220; global_colors_info=&#8220;{}&#8220;][et_pb_image src=&#8220;https:\/\/liftingfx.girafdev.comwp-content\/uploads\/2025\/06\/img88.jpg&#8220; title_text=&#8220;img88&#8243; _builder_version=&#8220;4.27.3&#8243; _module_preset=&#8220;default&#8220; global_colors_info=&#8220;{}&#8220;][\/et_pb_image][\/et_pb_column][\/et_pb_row][\/et_pb_section][et_pb_section fb_built=&#8220;1&#8243; module_class=&#8220;under_hook&#8220; _builder_version=&#8220;4.25.2&#8243; _module_preset=&#8220;default&#8220; background_enable_color=&#8220;off&#8220; background_image=&#8220;https:\/\/liftingfx.girafdev.comwp-content\/uploads\/2022\/05\/mini-gru-500-kg-motorizzata-Flex-G500SB-con-trazione-elettrica.jpg&#8220; parallax=&#8220;on&#8220; parallax_method=&#8220;off&#8220; da_disable_devices=&#8220;off|off|off&#8220; locked=&#8220;off&#8220; global_colors_info=&#8220;{}&#8220; da_is_popup=&#8220;off&#8220; da_exit_intent=&#8220;off&#8220; da_has_close=&#8220;on&#8220; da_alt_close=&#8220;off&#8220; da_dark_close=&#8220;off&#8220; da_not_modal=&#8220;on&#8220; da_is_singular=&#8220;off&#8220; da_with_loader=&#8220;off&#8220; da_has_shadow=&#8220;on&#8220;][et_pb_row column_structure=&#8220;1_4,3_4&#8243; _builder_version=&#8220;4.25.2&#8243; _module_preset=&#8220;default&#8220; global_colors_info=&#8220;{}&#8220;][et_pb_column type=&#8220;1_4&#8243; _builder_version=&#8220;4.22.2&#8243; _module_preset=&#8220;default&#8220; global_colors_info=&#8220;{}&#8220;][et_pb_icon font_icon=&#8220;&#xf0a4;||fa||400&#8243; icon_color=&#8220;#ffffff&#8220; disabled_on=&#8220;on|on|off&#8220; _builder_version=&#8220;4.27.3&#8243; _module_preset=&#8220;default&#8220; global_colors_info=&#8220;{}&#8220;][\/et_pb_icon][et_pb_icon font_icon=&#8220;&#xf0a7;||fa||400&#8243; icon_color=&#8220;#ffffff&#8220; disabled_on=&#8220;off|off|on&#8220; _builder_version=&#8220;4.27.3&#8243; _module_preset=&#8220;default&#8220; global_colors_info=&#8220;{}&#8220;][\/et_pb_icon][\/et_pb_column][et_pb_column type=&#8220;3_4&#8243; _builder_version=&#8220;4.22.2&#8243; _module_preset=&#8220;default&#8220; global_colors_info=&#8220;{}&#8220;][et_pb_heading title=&#8220;ATEX-Mobilhebel\u00f6sungen f\u00fcr explosionsgef\u00e4hrdete Umgebungen&#8220; admin_label=&#8220;Header&#8220; _builder_version=&#8220;4.27.3&#8243; _module_preset=&#8220;default&#8220; title_level=&#8220;h3&#8243; title_text_align=&#8220;center&#8220; title_text_color=&#8220;#ec1c24&#8243; custom_margin=&#8220;||35px||false|false&#8220; global_colors_info=&#8220;{}&#8220;][\/et_pb_heading][et_pb_heading title=&#8220;Auf Anfrage und nach Machbarkeitspr\u00fcfung gem\u00e4\u00df ATEX-Richtlinie erh\u00e4ltlich&#8220; admin_label=&#8220;Header&#8220; _builder_version=&#8220;4.27.3&#8243; _module_preset=&#8220;default&#8220; title_level=&#8220;h2&#8243; title_text_align=&#8220;center&#8220; title_text_color=&#8220;#ec1c24&#8243; title_line_height=&#8220;1.5em&#8220; custom_margin=&#8220;||35px||false|false&#8220; custom_padding=&#8220;15px||||false|false&#8220; global_colors_info=&#8220;{}&#8220;][\/et_pb_heading][\/et_pb_column][\/et_pb_row][\/et_pb_section][et_pb_section fb_built=&#8220;1&#8243; _builder_version=&#8220;4.27.3&#8243; _module_preset=&#8220;default&#8220; da_disable_devices=&#8220;off|off|off&#8220; global_colors_info=&#8220;{}&#8220; da_is_popup=&#8220;off&#8220; da_exit_intent=&#8220;off&#8220; da_has_close=&#8220;on&#8220; da_alt_close=&#8220;off&#8220; da_dark_close=&#8220;off&#8220; da_not_modal=&#8220;on&#8220; da_is_singular=&#8220;off&#8220; da_with_loader=&#8220;off&#8220; da_has_shadow=&#8220;on&#8220;][et_pb_row _builder_version=&#8220;4.27.3&#8243; _module_preset=&#8220;default&#8220; global_colors_info=&#8220;{}&#8220;][et_pb_column type=&#8220;4_4&#8243; _builder_version=&#8220;4.27.3&#8243; _module_preset=&#8220;default&#8220; global_colors_info=&#8220;{}&#8220;][et_pb_text _builder_version=&#8220;4.27.3&#8243; _module_preset=&#8220;default&#8220; global_colors_info=&#8220;{}&#8220;]<\/p>\n<p><span style=\"font-weight: 400;\">Gegengewihtskrane von Flex Lifting k\u00f6nnen f\u00fcr den Betrieb in gef\u00e4hrlichen Umgebungen umger\u00fcstet werden, wie\u00a0chemische und petrolchemische Industrie, Standorte f\u00fcr die Produktion von \u00d6l und Erdgas, Bergbau, und Tunnelbau oder Wartungsbereiche. In diesen Sektoren sind Sicherheit, Zuverl\u00e4ssigkeit und die Einhaltung internationaler Standards von entscheidender Bedeutung.<\/span><\/p>\n<p><b>ATEX-Zertifizierung auf Anfrage<\/b><\/p>\n<p><span style=\"font-weight: 400;\">F\u00fcr den Einsatz in explosionsgef\u00e4hrdeten Bereichen sind unsere Krane <\/span><b>auf Anfrage<\/b><span style=\"font-weight: 400;\"> auch in ATEX-zertifizierten Ausf\u00fchrungen erh\u00e4ltlich.<\/span> <span style=\"font-weight: 400;\">Wir liefern Modelle, die der <\/span><b>ATEX-Richtlinie 2014\/34\/EU entsprechen<\/b><span style=\"font-weight: 400;\"> und die Anforderungen <\/span><b>spezifischer<\/b><span style=\"font-weight: 400;\"> Normen f\u00fcr Ger\u00e4te erf\u00fcllen, die in explosionsgef\u00e4hrdeten Bereichen eingesetzt werden.<\/span><\/p>\n<p><span style=\"font-weight: 400;\">Diese Kr\u00e4ne k\u00f6nnen f\u00fcr den Betrieb in folgenden Umgebungen konfiguriert werden:<\/span><\/p>\n<ul>\n<li style=\"font-weight: 400;\" aria-level=\"1\"><b>Zone 1 und Zone 2<\/b><span style=\"font-weight: 400;\"> (Gas): wo explosive Atmosph\u00e4ren durch Gase, D\u00e4mpfe oder Nebel vorhanden sein k\u00f6nnen.<\/span><\/li>\n<li style=\"font-weight: 400;\" aria-level=\"1\"><b>Zone 21 und Zone 22<\/b><span style=\"font-weight: 400;\"> (St\u00e4ube): wo bei normalem Betrieb explosionsf\u00e4hige Atmosph\u00e4ren durch brennbaren Staub entstehen k\u00f6nnen.<\/span><\/li>\n<\/ul>\n<p><span style=\"font-weight: 400;\">Jede ATEX-zertifizierte Einheit wird mit vollst\u00e4ndiger Dokumentation geliefert, einschlie\u00dflich:<\/span><\/p>\n<ul>\n<li style=\"font-weight: 400;\" aria-level=\"1\"><span style=\"font-weight: 400;\">Konformit\u00e4tserkl\u00e4rung<\/span><\/li>\n<li style=\"font-weight: 400;\" aria-level=\"1\"><span style=\"font-weight: 400;\">Explosionsschutzdokumentation<\/span><\/li>\n<li style=\"font-weight: 400;\" aria-level=\"1\"><span style=\"font-weight: 400;\">Benutzer- und Wartungshandbuch mit ATEX-spezifischen Anweisungen<\/span><\/li>\n<\/ul>\n<p><b>Technische Eigenschaften<\/b><\/p>\n<p><span style=\"font-weight: 400;\">Die von uns gelieferten ATEX-zertifizierten Krane sind speziell f\u00fcr den sicheren Betrieb in explosionsgef\u00e4hrdeten Umgebungen konzipiert. Die elektrischen Systeme sind vollst\u00e4ndig abgedichtet, um das Eindringen von Gasen oder Staub zu verhindern, und alle wichtigen Komponenten &#8211; wie Batterien, Steckverbinder, Sensoren und Steuerger\u00e4te &#8211; sind ATEX-zugelassen. Um das Z\u00fcndrisiko sowohl durch elektrische als auch mechanische Quellen zu minimieren, werden die Krane aus Komponenten und Materialien gefertigt, die die Oberfl\u00e4chentemperatur begrenzen und Funkenbildung verhindern. Diese Schl\u00fcsselfaktoren gew\u00e4hrleisten, dass die Krane auch in streng regulierten Explosionszonen zuverl\u00e4ssig und sicher betrieben werden k\u00f6nnen \u2013 und dabei unter anspruchsvollen Bedingungen ihre Langlebigkeit und Funktionalit\u00e4t bewahren.<\/span><\/p>\n<p>[\/et_pb_text][\/et_pb_column][\/et_pb_row][\/et_pb_section]<\/p>\n","protected":false},"excerpt":{"rendered":"<p><div class=\"et_pb_module lwp_divi_breadcrumbs lwp_divi_breadcrumbs_0\">\n\t\t\t\t\n\t\t\t\t\n\t\t\t\t\n\t\t\t\t\n\t\t\t\t\n\t\t\t\t\n\t\t\t\t<div class=\"et_pb_module_inner\">\n\t\t\t\t\t<div class=\"lwp-breadcrumbs\"> <span class=\"before\"><\/span> <span vocab=\"https:\/\/schema.org\/\" typeof=\"BreadcrumbList\"><span property=\"itemListElement\" typeof=\"ListItem\"><a property=\"item\" typeof=\"WebPage\" href=\"https:\/\/liftingfx.girafdev.com\/de\/\" class=\"home\"><span property=\"name\">Home<\/span><\/a><meta property=\"position\" content=\"1\"><\/span> <span class=\"separator et-pb-icon\">&amp;#x39;<\/span> <\/span><\/div>\n\t\t\t\t<\/div>\n\t\t\t<\/div>Gegengewihtskrane von Flex Lifting k\u00f6nnen f\u00fcr den Betrieb in gef\u00e4hrlichen Umgebungen umger\u00fcstet werden, wie\u00a0chemische und petrolchemische Industrie, Standorte f\u00fcr die Produktion von \u00d6l und Erdgas, Bergbau, und Tunnelbau oder Wartungsbereiche. In diesen Sektoren sind Sicherheit, Zuverl\u00e4ssigkeit und die Einhaltung internationaler Standards von entscheidender Bedeutung. ATEX-Zertifizierung auf Anfrage F\u00fcr den Einsatz in [&hellip;]<\/p>\n","protected":false},"author":11,"featured_media":0,"parent":0,"menu_order":0,"comment_status":"closed","ping_status":"closed","template":"","meta":{"_acf_changed":false,"_et_pb_use_builder":"on","_et_pb_old_content":"","_et_gb_content_width":"","footnotes":""},"class_list":["post-318451","page","type-page","status-publish","hentry"],"acf":[],"_links":{"self":[{"href":"https:\/\/liftingfx.girafdev.com\/de\/wp-json\/wp\/v2\/pages\/318451","targetHints":{"allow":["GET"]}}],"collection":[{"href":"https:\/\/liftingfx.girafdev.com\/de\/wp-json\/wp\/v2\/pages"}],"about":[{"href":"https:\/\/liftingfx.girafdev.com\/de\/wp-json\/wp\/v2\/types\/page"}],"author":[{"embeddable":true,"href":"https:\/\/liftingfx.girafdev.com\/de\/wp-json\/wp\/v2\/users\/11"}],"replies":[{"embeddable":true,"href":"https:\/\/liftingfx.girafdev.com\/de\/wp-json\/wp\/v2\/comments?post=318451"}],"version-history":[{"count":5,"href":"https:\/\/liftingfx.girafdev.com\/de\/wp-json\/wp\/v2\/pages\/318451\/revisions"}],"predecessor-version":[{"id":318887,"href":"https:\/\/liftingfx.girafdev.com\/de\/wp-json\/wp\/v2\/pages\/318451\/revisions\/318887"}],"wp:attachment":[{"href":"https:\/\/liftingfx.girafdev.com\/de\/wp-json\/wp\/v2\/media?parent=318451"}],"curies":[{"name":"wp","href":"https:\/\/api.w.org\/{rel}","templated":true}]}}