{"id":318407,"date":"2025-06-19T07:17:21","date_gmt":"2025-06-19T05:17:21","guid":{"rendered":"https:\/\/liftingfx.girafdev.com?page_id=318407"},"modified":"2025-07-26T06:14:26","modified_gmt":"2025-07-26T04:14:26","slug":"ul-zertifizierte-krane","status":"publish","type":"page","link":"https:\/\/liftingfx.girafdev.com\/de\/ul-zertifizierte-krane\/","title":{"rendered":"UL-ZERTIFIZIERTE KRANE"},"content":{"rendered":"<p>[et_pb_section fb_built=&#8220;1&#8243; _builder_version=&#8220;4.25.2&#8243; _module_preset=&#8220;default&#8220; background_color=&#8220;#000000&#8243; background_image=&#8220;https:\/\/liftingfx.girafdev.comwp-content\/uploads\/2024\/07\/pattren-123-20356-222025.png&#8220; background_size=&#8220;contain&#8220; background_position=&#8220;center_left&#8220; background_horizontal_offset=&#8220;100%&#8220; custom_margin=&#8220;|||0px|false|false&#8220; custom_padding=&#8220;8%|||0px|false|false&#8220; background_last_edited=&#8220;on|tablet&#8220; background_size_tablet=&#8220;cover&#8220; background_size_phone=&#8220;cover&#8220; da_disable_devices=&#8220;off|off|off&#8220; locked=&#8220;off&#8220; global_colors_info=&#8220;{}&#8220; da_is_popup=&#8220;off&#8220; da_exit_intent=&#8220;off&#8220; da_has_close=&#8220;on&#8220; da_alt_close=&#8220;off&#8220; da_dark_close=&#8220;off&#8220; da_not_modal=&#8220;on&#8220; da_is_singular=&#8220;off&#8220; da_with_loader=&#8220;off&#8220; da_has_shadow=&#8220;on&#8220;][et_pb_row column_structure=&#8220;2_3,1_3&#8243; _builder_version=&#8220;4.27.3&#8243; _module_preset=&#8220;default&#8220; custom_margin=&#8220;|auto|||false|false&#8220; custom_padding=&#8220;81px|||||&#8220; hover_enabled=&#8220;0&#8243; global_colors_info=&#8220;{}&#8220; module_class=&#8220;bn-head&#8220; sticky_enabled=&#8220;0&#8243;][et_pb_column type=&#8220;2_3&#8243; _builder_version=&#8220;4.22.2&#8243; _module_preset=&#8220;default&#8220; global_colors_info=&#8220;{}&#8220;][et_pb_heading title=&#8220;UL-zertifizierte Krane&#8220; _builder_version=&#8220;4.27.3&#8243; _module_preset=&#8220;default&#8220; title_font=&#8220;Poppins|700||on|||||&#8220; title_text_color=&#8220;#FFFFFF&#8220; title_font_size=&#8220;60px&#8220; title_font_size_tablet=&#8220;60px&#8220; title_font_size_phone=&#8220;30px&#8220; title_font_size_last_edited=&#8220;on|phone&#8220; global_colors_info=&#8220;{}&#8220;][\/et_pb_heading][\/et_pb_column][et_pb_column type=&#8220;1_3&#8243; _builder_version=&#8220;4.22.2&#8243; _module_preset=&#8220;default&#8220; global_colors_info=&#8220;{}&#8220;][et_pb_image src=&#8220;https:\/\/liftingfx.girafdev.comwp-content\/uploads\/2025\/06\/ulimg.png&#8220; title_text=&#8220;ulimg&#8220; _builder_version=&#8220;4.27.3&#8243; _module_preset=&#8220;default&#8220; hover_enabled=&#8220;0&#8243; global_colors_info=&#8220;{}&#8220; sticky_enabled=&#8220;0&#8243; width=&#8220;40%&#8220;][\/et_pb_image][\/et_pb_column][\/et_pb_row][et_pb_row _builder_version=&#8220;4.22.2&#8243; _module_preset=&#8220;default&#8220; custom_margin=&#8220;|auto|||false|false&#8220; border_width_top=&#8220;1px&#8220; border_color_top=&#8220;#444444&#8243; global_colors_info=&#8220;{}&#8220;][et_pb_column type=&#8220;4_4&#8243; _builder_version=&#8220;4.22.2&#8243; _module_preset=&#8220;default&#8220; global_colors_info=&#8220;{}&#8220;][lwp_divi_breadcrumbs _builder_version=&#8220;4.22.2&#8243; _module_preset=&#8220;default&#8220; module_text_color=&#8220;#e2e2e2&#8243; global_colors_info=&#8220;{}&#8220;][\/lwp_divi_breadcrumbs][\/et_pb_column][\/et_pb_row][\/et_pb_section][et_pb_section fb_built=&#8220;1&#8243; _builder_version=&#8220;4.22.2&#8243; _module_preset=&#8220;default&#8220; custom_padding=&#8220;20px|||||&#8220; top_divider_style=&#8220;waves2&#8243; top_divider_color=&#8220;#E02B20&#8243; top_divider_height=&#8220;33px&#8220; top_divider_flip=&#8220;vertical&#8220; da_disable_devices=&#8220;off|off|off&#8220; global_colors_info=&#8220;{}&#8220; da_is_popup=&#8220;off&#8220; da_exit_intent=&#8220;off&#8220; da_has_close=&#8220;on&#8220; da_alt_close=&#8220;off&#8220; da_dark_close=&#8220;off&#8220; da_not_modal=&#8220;on&#8220; da_is_singular=&#8220;off&#8220; da_with_loader=&#8220;off&#8220; da_has_shadow=&#8220;on&#8220;][et_pb_row _builder_version=&#8220;4.22.2&#8243; _module_preset=&#8220;default&#8220; global_colors_info=&#8220;{}&#8220;][et_pb_column type=&#8220;4_4&#8243; _builder_version=&#8220;4.22.2&#8243; _module_preset=&#8220;default&#8220; global_colors_info=&#8220;{}&#8220;][\/et_pb_column][\/et_pb_row][et_pb_row disabled_on=&#8220;off|off|off&#8220; _builder_version=&#8220;4.27.3&#8243; _module_preset=&#8220;default&#8220; global_colors_info=&#8220;{}&#8220;][et_pb_column type=&#8220;4_4&#8243; _builder_version=&#8220;4.27.3&#8243; _dynamic_attributes=&#8220;link_option_url&#8220; _module_preset=&#8220;default&#8220; link_option_url=&#8220;@ET-DC@eyJkeW5hbWljIjp0cnVlLCJjb250ZW50IjoicG9zdF9saW5rX3VybF9wYWdlIiwic2V0dGluZ3MiOnsicG9zdF9pZCI6IjIxMDkyIn19@&#8220; global_colors_info=&#8220;{}&#8220;][et_pb_image src=&#8220;https:\/\/liftingfx.girafdev.comwp-content\/uploads\/2025\/06\/img55.jpg&#8220; title_text=&#8220;img55&#8243; _builder_version=&#8220;4.27.3&#8243; _module_preset=&#8220;default&#8220; global_colors_info=&#8220;{}&#8220;][\/et_pb_image][\/et_pb_column][\/et_pb_row][\/et_pb_section][et_pb_section fb_built=&#8220;1&#8243; module_class=&#8220;under_hook&#8220; _builder_version=&#8220;4.25.2&#8243; _module_preset=&#8220;default&#8220; background_enable_color=&#8220;off&#8220; background_image=&#8220;https:\/\/liftingfx.girafdev.comwp-content\/uploads\/2022\/05\/mini-gru-500-kg-motorizzata-Flex-G500SB-con-trazione-elettrica.jpg&#8220; parallax=&#8220;on&#8220; parallax_method=&#8220;off&#8220; da_disable_devices=&#8220;off|off|off&#8220; locked=&#8220;off&#8220; global_colors_info=&#8220;{}&#8220; da_is_popup=&#8220;off&#8220; da_exit_intent=&#8220;off&#8220; da_has_close=&#8220;on&#8220; da_alt_close=&#8220;off&#8220; da_dark_close=&#8220;off&#8220; da_not_modal=&#8220;on&#8220; da_is_singular=&#8220;off&#8220; da_with_loader=&#8220;off&#8220; da_has_shadow=&#8220;on&#8220;][et_pb_row column_structure=&#8220;1_4,3_4&#8243; _builder_version=&#8220;4.25.2&#8243; _module_preset=&#8220;default&#8220; global_colors_info=&#8220;{}&#8220;][et_pb_column type=&#8220;1_4&#8243; _builder_version=&#8220;4.22.2&#8243; _module_preset=&#8220;default&#8220; global_colors_info=&#8220;{}&#8220;][et_pb_icon font_icon=&#8220;&#xf0a4;||fa||400&#8243; icon_color=&#8220;#ffffff&#8220; disabled_on=&#8220;on|on|off&#8220; _builder_version=&#8220;4.27.3&#8243; _module_preset=&#8220;default&#8220; global_colors_info=&#8220;{}&#8220;][\/et_pb_icon][et_pb_icon font_icon=&#8220;&#xf0a7;||fa||400&#8243; icon_color=&#8220;#ffffff&#8220; disabled_on=&#8220;off|off|on&#8220; _builder_version=&#8220;4.27.3&#8243; _module_preset=&#8220;default&#8220; global_colors_info=&#8220;{}&#8220;][\/et_pb_icon][\/et_pb_column][et_pb_column type=&#8220;3_4&#8243; _builder_version=&#8220;4.22.2&#8243; _module_preset=&#8220;default&#8220; global_colors_info=&#8220;{}&#8220;][et_pb_heading title=&#8220;UL-zertifizierte mobile Krane f\u00fcr den nordamerikanischen Markt&#8220; admin_label=&#8220;Header&#8220; _builder_version=&#8220;4.27.3&#8243; _module_preset=&#8220;default&#8220; title_level=&#8220;h3&#8243; title_text_align=&#8220;center&#8220; title_text_color=&#8220;#ec1c24&#8243; custom_margin=&#8220;||35px||false|false&#8220; global_colors_info=&#8220;{}&#8220;][\/et_pb_heading][et_pb_heading title=&#8220;UL-ZERTIFIZIERUNG F\u00dcR FAST ALLE UNSERE MODELLE MIT KURZEN LIEFERZEITEN VERF\u00dcGBAR&#8220; admin_label=&#8220;Header&#8220; _builder_version=&#8220;4.27.3&#8243; _module_preset=&#8220;default&#8220; title_level=&#8220;h2&#8243; title_text_align=&#8220;center&#8220; title_text_color=&#8220;#ec1c24&#8243; title_line_height=&#8220;1.5em&#8220; custom_margin=&#8220;||35px||false|false&#8220; custom_padding=&#8220;15px||||false|false&#8220; global_colors_info=&#8220;{}&#8220;][\/et_pb_heading][\/et_pb_column][\/et_pb_row][\/et_pb_section][et_pb_section fb_built=&#8220;1&#8243; _builder_version=&#8220;4.27.3&#8243; _module_preset=&#8220;default&#8220; da_disable_devices=&#8220;off|off|off&#8220; global_colors_info=&#8220;{}&#8220; da_is_popup=&#8220;off&#8220; da_exit_intent=&#8220;off&#8220; da_has_close=&#8220;on&#8220; da_alt_close=&#8220;off&#8220; da_dark_close=&#8220;off&#8220; da_not_modal=&#8220;on&#8220; da_is_singular=&#8220;off&#8220; da_with_loader=&#8220;off&#8220; da_has_shadow=&#8220;on&#8220;][et_pb_row _builder_version=&#8220;4.27.3&#8243; _module_preset=&#8220;default&#8220; global_colors_info=&#8220;{}&#8220;][et_pb_column type=&#8220;4_4&#8243; _builder_version=&#8220;4.27.3&#8243; _module_preset=&#8220;default&#8220; global_colors_info=&#8220;{}&#8220;][et_pb_text _builder_version=&#8220;4.27.3&#8243; _module_preset=&#8220;default&#8220; global_colors_info=&#8220;{}&#8220;]<\/p>\n<p><span style=\"font-weight: 400;\">Die UL-Zertifizierung ist ein weltweit anerkanntes Sicherheits- und Qualit\u00e4tszeichen, das von einer unabh\u00e4ngigen Organisation mit Sitz in den USA vergeben wird. Wenn ein Produkt <\/span><b>UL-zertifiziert<\/b><span style=\"font-weight: 400;\"> ist, bedeutet dies, dass das gesamte System strengen Tests unterzogen wurde und die spezifischen Sicherheits- und Leistungsanforderungen f\u00fcr den Einsatz auf dem nordamerikanischen Markt erf\u00fcllt.<\/span><\/p>\n<p><span style=\"font-weight: 400;\">Diese Zertifizierung ist besonders wichtig f\u00fcr elektrische und industrielle Ausr\u00fcstungen, da sie sicherstellt, dass die Produkte den US-Vorschriften hinsichtlich Brandgefahren, elektrischem Schlag, mechanischen Risiken und der allgemeinen Systemintegrit\u00e4t entsprechen. In der Kranindustrie umfasst dies die Bewertung von Komponenten wie Schalttafeln, Motoren, Steuerungssystemen und Sicherheitseinrichtungen \u2013 bewertet als integriertes Gesamtsystem.<\/span><\/p>\n<p><span style=\"font-weight: 400;\">Obwohl die UL-Zertifizierung au\u00dferhalb der USA nicht zwingend erforderlich ist, ist sie eine zentrale Voraussetzung f\u00fcr den Verkauf und die Installation von Ausr\u00fcstung in den USA und Kanada. \u00dcber die Einhaltung der Vorschriften hinaus steht sie auch f\u00fcr technische Zuverl\u00e4ssigkeit, Fertigungsqualit\u00e4t und ein Engagement f\u00fcr Sicherheit \u2013 Eigenschaften, die von Kunden, Integratoren und Sicherheitspr\u00fcfern gleicherma\u00dfen gesch\u00e4tzt werden.<\/span><\/p>\n<p><b>Fast alle unsere Kr\u00e4ne mit elektrischen Komponenten k\u00f6nnen UL-zertifiziert werden<\/b><span style=\"font-weight: 400;\">, wodurch sichergestellt ist, dass sie alle geltenden Sicherheitsstandards erf\u00fcllen und nahtlos in Anlagen integriert werden k\u00f6nnen, die volle Konformit\u00e4t mit nordamerikanischen Vorschriften erfordern.<\/span><\/p>\n<p><span style=\"font-weight: 400;\">Unser Fokus auf UL-zertifizierte L\u00f6sungen spiegelt unser Engagement wider, sichere, zuverl\u00e4ssige und weltweit anerkannte Ausr\u00fcstungen anzubieten, die die anspruchsvollsten Betriebsumgebungen unterst\u00fctzen.<\/span><\/p>\n<p>[\/et_pb_text][\/et_pb_column][\/et_pb_row][\/et_pb_section]<\/p>\n","protected":false},"excerpt":{"rendered":"<p><div class=\"et_pb_module lwp_divi_breadcrumbs lwp_divi_breadcrumbs_0\">\n\t\t\t\t\n\t\t\t\t\n\t\t\t\t\n\t\t\t\t\n\t\t\t\t\n\t\t\t\t\n\t\t\t\t<div class=\"et_pb_module_inner\">\n\t\t\t\t\t<div class=\"lwp-breadcrumbs\"> <span class=\"before\"><\/span> <span vocab=\"https:\/\/schema.org\/\" typeof=\"BreadcrumbList\"><span property=\"itemListElement\" typeof=\"ListItem\"><a property=\"item\" typeof=\"WebPage\" href=\"https:\/\/liftingfx.girafdev.com\/de\/\" class=\"home\"><span property=\"name\">Home<\/span><\/a><meta property=\"position\" content=\"1\"><\/span> <span class=\"separator et-pb-icon\">&amp;#x39;<\/span> <\/span><\/div>\n\t\t\t\t<\/div>\n\t\t\t<\/div>Die UL-Zertifizierung ist ein weltweit anerkanntes Sicherheits- und Qualit\u00e4tszeichen, das von einer unabh\u00e4ngigen Organisation mit Sitz in den USA vergeben wird. Wenn ein Produkt UL-zertifiziert ist, bedeutet dies, dass das gesamte System strengen Tests unterzogen wurde und die spezifischen Sicherheits- und Leistungsanforderungen f\u00fcr den Einsatz auf dem nordamerikanischen Markt erf\u00fcllt. Diese [&hellip;]<\/p>\n","protected":false},"author":11,"featured_media":0,"parent":0,"menu_order":0,"comment_status":"closed","ping_status":"closed","template":"","meta":{"_acf_changed":false,"_et_pb_use_builder":"on","_et_pb_old_content":"","_et_gb_content_width":"","footnotes":""},"class_list":["post-318407","page","type-page","status-publish","hentry"],"acf":[],"_links":{"self":[{"href":"https:\/\/liftingfx.girafdev.com\/de\/wp-json\/wp\/v2\/pages\/318407","targetHints":{"allow":["GET"]}}],"collection":[{"href":"https:\/\/liftingfx.girafdev.com\/de\/wp-json\/wp\/v2\/pages"}],"about":[{"href":"https:\/\/liftingfx.girafdev.com\/de\/wp-json\/wp\/v2\/types\/page"}],"author":[{"embeddable":true,"href":"https:\/\/liftingfx.girafdev.com\/de\/wp-json\/wp\/v2\/users\/11"}],"replies":[{"embeddable":true,"href":"https:\/\/liftingfx.girafdev.com\/de\/wp-json\/wp\/v2\/comments?post=318407"}],"version-history":[{"count":6,"href":"https:\/\/liftingfx.girafdev.com\/de\/wp-json\/wp\/v2\/pages\/318407\/revisions"}],"predecessor-version":[{"id":320256,"href":"https:\/\/liftingfx.girafdev.com\/de\/wp-json\/wp\/v2\/pages\/318407\/revisions\/320256"}],"wp:attachment":[{"href":"https:\/\/liftingfx.girafdev.com\/de\/wp-json\/wp\/v2\/media?parent=318407"}],"curies":[{"name":"wp","href":"https:\/\/api.w.org\/{rel}","templated":true}]}}