{"id":280307,"date":"2024-07-10T14:28:42","date_gmt":"2024-07-10T12:28:42","guid":{"rendered":"https:\/\/bigleap.tech\/flex2\/?page_id=280307"},"modified":"2024-12-14T10:41:46","modified_gmt":"2024-12-14T09:41:46","slug":"news","status":"publish","type":"page","link":"https:\/\/liftingfx.girafdev.com\/de\/news\/","title":{"rendered":"News"},"content":{"rendered":"<p>[et_pb_section fb_built=&#8220;1&#8243; _builder_version=&#8220;4.22.2&#8243; _module_preset=&#8220;default&#8220; background_color=&#8220;#000000&#8243; background_image=&#8220;https:\/\/liftingfx.girafdev.comwp-content\/uploads\/2024\/07\/pattren-123-20356-222025.png&#8220; background_size=&#8220;contain&#8220; background_position=&#8220;center_left&#8220; background_horizontal_offset=&#8220;100%&#8220; background_blend=&#8220;difference&#8220; background_enable_pattern_style=&#8220;on&#8220; background_pattern_style=&#8220;tufted&#8220; background_pattern_color=&#8220;rgba(111,106,110,0.27)&#8220; background_pattern_transform=&#8220;flip_vertical&#8220; background_pattern_size=&#8220;contain&#8220; background_pattern_repeat_origin=&#8220;bottom_left&#8220; background_pattern_repeat=&#8220;repeat-x&#8220; background_pattern_blend_mode=&#8220;luminosity&#8220; custom_margin=&#8220;|||0px|false|false&#8220; custom_padding=&#8220;7%||15px|0px|false|false&#8220; background_last_edited=&#8220;on|tablet&#8220; background_size_tablet=&#8220;cover&#8220; background_size_phone=&#8220;cover&#8220; da_disable_devices=&#8220;off|off|off&#8220; locked=&#8220;off&#8220; global_colors_info=&#8220;{}&#8220; da_is_popup=&#8220;off&#8220; da_exit_intent=&#8220;off&#8220; da_has_close=&#8220;on&#8220; da_alt_close=&#8220;off&#8220; da_dark_close=&#8220;off&#8220; da_not_modal=&#8220;on&#8220; da_is_singular=&#8220;off&#8220; da_with_loader=&#8220;off&#8220; da_has_shadow=&#8220;on&#8220;][et_pb_row _builder_version=&#8220;4.22.2&#8243; _module_preset=&#8220;default&#8220; custom_margin=&#8220;|auto|||false|false&#8220; custom_padding=&#8220;81px|||||&#8220; global_colors_info=&#8220;{}&#8220;][et_pb_column type=&#8220;4_4&#8243; _builder_version=&#8220;4.22.2&#8243; _module_preset=&#8220;default&#8220; global_colors_info=&#8220;{}&#8220;][et_pb_heading title=&#8220;Nachrichten&#8220; _builder_version=&#8220;4.25.2&#8243; _module_preset=&#8220;default&#8220; title_font=&#8220;Poppins|700||on|||||&#8220; title_text_color=&#8220;#FFFFFF&#8220; title_font_size=&#8220;60px&#8220; global_colors_info=&#8220;{}&#8220;][\/et_pb_heading][et_pb_text _builder_version=&#8220;4.25.2&#8243; _module_preset=&#8220;default&#8220; text_font=&#8220;|300|||||||&#8220; text_text_color=&#8220;#c1c1c1&#8243; text_font_size=&#8220;16px&#8220; width=&#8220;70%&#8220; global_colors_info=&#8220;{}&#8220;][\/et_pb_text][\/et_pb_column][\/et_pb_row][et_pb_row _builder_version=&#8220;4.22.2&#8243; _module_preset=&#8220;default&#8220; custom_margin=&#8220;|auto|||false|false&#8220; border_width_top=&#8220;1px&#8220; border_color_top=&#8220;#444444&#8243; global_colors_info=&#8220;{}&#8220;][et_pb_column type=&#8220;4_4&#8243; _builder_version=&#8220;4.22.2&#8243; _module_preset=&#8220;default&#8220; global_colors_info=&#8220;{}&#8220;][lwp_divi_breadcrumbs _builder_version=&#8220;4.22.2&#8243; _module_preset=&#8220;default&#8220; module_text_color=&#8220;#e2e2e2&#8243; global_colors_info=&#8220;{}&#8220;][\/lwp_divi_breadcrumbs][\/et_pb_column][\/et_pb_row][\/et_pb_section][et_pb_section fb_built=&#8220;1&#8243; admin_label=&#8220;section&#8220; _builder_version=&#8220;4.16&#8243; custom_padding=&#8220;0px||||false|false&#8220; da_disable_devices=&#8220;off|off|off&#8220; locked=&#8220;off&#8220; global_colors_info=&#8220;{}&#8220; da_is_popup=&#8220;off&#8220; da_exit_intent=&#8220;off&#8220; da_has_close=&#8220;on&#8220; da_alt_close=&#8220;off&#8220; da_dark_close=&#8220;off&#8220; da_not_modal=&#8220;on&#8220; da_is_singular=&#8220;off&#8220; da_with_loader=&#8220;off&#8220; da_has_shadow=&#8220;on&#8220;][et_pb_row column_structure=&#8220;1_4,3_4&#8243; admin_label=&#8220;row&#8220; _builder_version=&#8220;4.16&#8243; background_size=&#8220;initial&#8220; background_position=&#8220;top_left&#8220; background_repeat=&#8220;repeat&#8220; global_colors_info=&#8220;{}&#8220;][et_pb_column type=&#8220;1_4&#8243; _builder_version=&#8220;4.16&#8243; custom_padding=&#8220;|||&#8220; global_colors_info=&#8220;{}&#8220; custom_padding__hover=&#8220;|||&#8220;][et_pb_sidebar area=&#8220;et_pb_widget_area_2&#8243; _builder_version=&#8220;4.25.2&#8243; _module_preset=&#8220;default&#8220; body_font=&#8220;|||on|||||&#8220; global_colors_info=&#8220;{}&#8220; body_text_color__hover_enabled=&#8220;on|hover&#8220; body_text_color__hover=&#8220;#E02B20&#8243;][\/et_pb_sidebar][\/et_pb_column][et_pb_column type=&#8220;3_4&#8243; _builder_version=&#8220;4.16&#8243; custom_padding=&#8220;|||&#8220; global_colors_info=&#8220;{}&#8220; custom_padding__hover=&#8220;|||&#8220;][ba_post_list order=&#8220;DESC&#8220; posts_number=&#8220;10&#8243; include_categories=&#8220;56&#8243; excerpt_length=&#8220;100&#8243; show_author=&#8220;on&#8220; show_date=&#8220;on&#8220; item_spacing=&#8220;30px&#8220; item_padding=&#8220;0px|0px|30px|0px|false|false&#8220; image_width=&#8220;100px&#8220; image_height=&#8220;100px&#8220; image_spacing=&#8220;30px&#8220; meta_spacing=&#8220;5px&#8220; excerpt_spacing=&#8220;10px&#8220; module_id=&#8220;post_list&#8220; _builder_version=&#8220;4.27.3&#8243; _module_preset=&#8220;default&#8220; title_font=&#8220;|700|||||||&#8220; title_text_color=&#8220;#3979ff&#8220; title_font_size=&#8220;1.5rem&#8220; content_text_color=&#8220;#354559&#8243; content_font_size=&#8220;1rem&#8220; meta_font=&#8220;|700|||||||&#8220; meta_text_color=&#8220;#354559&#8243; meta_font_size=&#8220;1rem&#8220; custom_css_free_form=&#8220;#post_list .dtq-post-list-child-inner {||  box-shadow: rgba(224, 43, 32, 0.4) -5px 5px, rgba(224, 43, 32, 0.3) -10px 10px, rgba(224, 43, 32, 0.2) -15px 15px;||}&#8220; border_radii_image=&#8220;on|3px|3px|3px|3px&#8220; border_width_bottom_post=&#8220;1px&#8220; border_color_bottom_post=&#8220;#e2e5ed&#8220; global_colors_info=&#8220;{}&#8220;][\/ba_post_list][\/et_pb_column][\/et_pb_row][\/et_pb_section][et_pb_section fb_built=&#8220;1&#8243; admin_label=&#8220;Sezione&#8220; _builder_version=&#8220;4.22.2&#8243; _module_preset=&#8220;default&#8220; background_color=&#8220;#E02B20&#8243; use_background_color_gradient=&#8220;on&#8220; background_color_gradient_type=&#8220;elliptical&#8220; background_color_gradient_stops=&#8220;#e02b20 0%|#000000 72%&#8220; background_image=&#8220;https:\/\/liftingfx.girafdev.comwp-content\/uploads\/2022\/02\/MMM_5947-1-2048&#215;1365-1.jpg&#8220; background_blend=&#8220;multiply&#8220; custom_padding=&#8220;||10%||false|false&#8220; top_divider_height=&#8220;0px&#8220; top_divider_flip=&#8220;vertical&#8220; da_disable_devices=&#8220;off|off|off&#8220; locked=&#8220;off&#8220; global_colors_info=&#8220;{}&#8220; da_is_popup=&#8220;off&#8220; da_exit_intent=&#8220;off&#8220; da_has_close=&#8220;on&#8220; da_alt_close=&#8220;off&#8220; da_dark_close=&#8220;off&#8220; da_not_modal=&#8220;on&#8220; da_is_singular=&#8220;off&#8220; da_with_loader=&#8220;off&#8220; da_has_shadow=&#8220;on&#8220;][et_pb_row make_equal=&#8220;on&#8220; _builder_version=&#8220;4.22.2&#8243; _module_preset=&#8220;default&#8220; background_color=&#8220;RGBA(255,255,255,0)&#8220; width=&#8220;50%&#8220; custom_margin=&#8220;||-10%||false|true&#8220; custom_padding=&#8220;||||false|true&#8220; global_colors_info=&#8220;{}&#8220;][et_pb_column type=&#8220;4_4&#8243; _builder_version=&#8220;4.22.2&#8243; _module_preset=&#8220;default&#8220; background_color=&#8220;RGBA(255,255,255,0)&#8220; box_shadow_style=&#8220;preset3&#8243; global_colors_info=&#8220;{}&#8220;][et_pb_text _builder_version=&#8220;4.27.3&#8243; _module_preset=&#8220;default&#8220; text_font=&#8220;||||||||&#8220; text_text_color=&#8220;#FFFFFF&#8220; text_font_size=&#8220;17px&#8220; background_enable_color=&#8220;off&#8220; text_orientation=&#8220;center&#8220; custom_padding=&#8220;4%|3%|4%|3%|true|true&#8220; hover_enabled=&#8220;0&#8243; custom_css_before=&#8220;content: %22%22;||        position: absolute;||        left: 0;||        right: 0;||        top: -22px;||        margin: auto;||        width: 40px;||        height: 6px;||        background: #df2b20;||        display: block;||        margin-bottom: 20px;||        border-radius: 20px;||z-index:9;&#8220; custom_css_after=&#8220;content: %22%22;||        position: absolute;||        left: 0;||        right: 0;||        top: -20px;||        margin: auto;||        width: 120px;||        height: 2px;||        background: #fff;||        display: block;||        margin-bottom: 20px;||        border-radius: 20px;||    &#8220; global_colors_info=&#8220;{}&#8220; sticky_enabled=&#8220;0&#8243;]<\/p>\n<p style=\"text-align: center;\">Flex Lifting bietet eine gro\u00dfe Auswahl an Minikranen, die f\u00fcr die unterschiedlichsten Hebeanforderungen ausgelegt sind. Dank der manuellen oder elektrischen Bewegung und dem integrierten Ballastsystem sind unsere Kr\u00e4ne einfach zu bedienen und erfordern keine komplexen Installationen.<\/p>\n<p style=\"text-align: center;\">Die Gegengewichtskr\u00e4ne von Flex Lifting eignen sich perfekt f\u00fcr jeden Sektor und sorgen f\u00fcr Ergonomie, Sicherheit und maximale Produktivit\u00e4t.<\/p>\n<p>[\/et_pb_text][\/et_pb_column][\/et_pb_row][\/et_pb_section][et_pb_section fb_built=&#8220;1&#8243; module_class=&#8220;under_hook&#8220; _builder_version=&#8220;4.25.2&#8243; _module_preset=&#8220;default&#8220; background_color=&#8220;#000000&#8243; background_enable_image=&#8220;off&#8220; parallax=&#8220;on&#8220; parallax_method=&#8220;off&#8220; background_blend=&#8220;overlay&#8220; custom_padding=&#8220;4px||5px|||&#8220; top_divider_style=&#8220;arrow&#8220; top_divider_color=&#8220;#000000&#8243; bottom_divider_color=&#8220;#000000&#8243; da_disable_devices=&#8220;off|off|off&#8220; locked=&#8220;off&#8220; global_colors_info=&#8220;{}&#8220; da_is_popup=&#8220;off&#8220; da_exit_intent=&#8220;off&#8220; da_has_close=&#8220;on&#8220; da_alt_close=&#8220;off&#8220; da_dark_close=&#8220;off&#8220; da_not_modal=&#8220;on&#8220; da_is_singular=&#8220;off&#8220; da_with_loader=&#8220;off&#8220; da_has_shadow=&#8220;on&#8220;][et_pb_row _builder_version=&#8220;4.25.2&#8243; _module_preset=&#8220;default&#8220; custom_padding=&#8220;||19px|||&#8220; global_colors_info=&#8220;{}&#8220;][et_pb_column type=&#8220;4_4&#8243; _builder_version=&#8220;4.22.2&#8243; _module_preset=&#8220;default&#8220; global_colors_info=&#8220;{}&#8220;][\/et_pb_column][\/et_pb_row][\/et_pb_section]<\/p>\n","protected":false},"excerpt":{"rendered":"<p><div class=\"et_pb_module lwp_divi_breadcrumbs lwp_divi_breadcrumbs_0\">\n\t\t\t\t\n\t\t\t\t\n\t\t\t\t\n\t\t\t\t\n\t\t\t\t\n\t\t\t\t\n\t\t\t\t<div class=\"et_pb_module_inner\">\n\t\t\t\t\t<div class=\"lwp-breadcrumbs\"> <span class=\"before\"><\/span> <span vocab=\"https:\/\/schema.org\/\" typeof=\"BreadcrumbList\"><span property=\"itemListElement\" typeof=\"ListItem\"><a property=\"item\" typeof=\"WebPage\" href=\"https:\/\/liftingfx.girafdev.com\/de\/\" class=\"home\"><span property=\"name\">Home<\/span><\/a><meta property=\"position\" content=\"1\"><\/span> <span class=\"separator et-pb-icon\">&amp;#x39;<\/span> <\/span><\/div>\n\t\t\t\t<\/div>\n\t\t\t<\/div><div id=\"post_list\" class=\"et_pb_with_border et_pb_module ba_post_list ba_post_list_0\">\n\t\t\t\t\n\t\t\t\t\n\t\t\t\t\n\t\t\t\t\n\t\t\t\t\n\t\t\t\t\n\t\t\t\t<div class=\"et_pb_module_inner\">\n\t\t\t\t\t<div class=\"dtq-module dtq-post-list type-list\">\n                <ul class=\"dtq-post-list-parent\">\n                    <li class=\"dtq-post-list-child\">\n\t\t<a class=\"dtq-post-list-child-inner\" href=\"https:\/\/liftingfx.girafdev.com\/de\/hebeloesungen-fuer-atex-umgebungen\/\">\n\t\t\t<div class=\"dtq-post-list-thumb\">\n\t\t\t\t<img decoding=\"async\" class=\"dtq-img-cover\" src=\"https:\/\/liftingfx.girafdev.com\/wp-content\/uploads\/2024\/12\/Atex.png\" \/>\n\t\t\t<\/div>\n\t\t\t<div class=\"dtq-post-list-content\">\n\t\t\t\t<h3 class=\"dtq-post-list-title\">Hebel\u00f6sungen f\u00fcr ATEX-Umgebungen<\/h3>\n\t\t\t\t<div class=\"dtq-post-list-meta\">\n\t\t\t<div class=\"dtq-post-list-author\">\n\t\t\tBy Paola Meda\n\t\t<\/div> <span class=\"dtq-separator\">|<\/span> <div class=\"dtq-post-list-date\">\n\t\t\tDez. 17, 2024\n\t\t<\/div>\n\t\t<\/div>\n\t\t\t\t<p class=\"dtq-post-list-excerpt\">In Zusammenarbeit mit unserem technischen Partner Excen bieten wir explosionsgesch\u00fctzte und ATEX-...<\/p>\n\t\t\t<\/div>\n\t\t<\/a>\n\t<\/li><li class=\"dtq-post-list-child\">\n\t\t<a class=\"dtq-post-list-child-inner\" href=\"https:\/\/liftingfx.girafdev.com\/de\/hightech-fernbedienung-mit-joystick-steuerung\/\">\n\t\t\t<div class=\"dtq-post-list-thumb\">\n\t\t\t\t<img decoding=\"async\" class=\"dtq-img-cover\" src=\"https:\/\/liftingfx.girafdev.com\/wp-content\/uploads\/2024\/12\/remote-control-with-joystick.jpg\" \/>\n\t\t\t<\/div>\n\t\t\t<div class=\"dtq-post-list-content\">\n\t\t\t\t<h3 class=\"dtq-post-list-title\">Hightech-Fernbedienung mit Joystick-Steuerung<\/h3>\n\t\t\t\t<div class=\"dtq-post-list-meta\">\n\t\t\t<div class=\"dtq-post-list-author\">\n\t\t\tBy Paola Meda\n\t\t<\/div> <span class=\"dtq-separator\">|<\/span> <div class=\"dtq-post-list-date\">\n\t\t\tDez. 17, 2024\n\t\t<\/div>\n\t\t<\/div>\n\t\t\t\t<p class=\"dtq-post-list-excerpt\"><\/p>\n\t\t\t<\/div>\n\t\t<\/a>\n\t<\/li><li class=\"dtq-post-list-child\">\n\t\t<a class=\"dtq-post-list-child-inner\" href=\"https:\/\/liftingfx.girafdev.com\/de\/promat-2025-where-supply-chain-solutions-come-together\/\">\n\t\t\t<div class=\"dtq-post-list-thumb\">\n\t\t\t\t<img decoding=\"async\" class=\"dtq-img-cover\" src=\"https:\/\/liftingfx.girafdev.com\/wp-content\/uploads\/2024\/12\/2025_ProMat_logo_full.png\" \/>\n\t\t\t<\/div>\n\t\t\t<div class=\"dtq-post-list-content\">\n\t\t\t\t<h3 class=\"dtq-post-list-title\">Promat 2025 \u2013 Where Supply Chain Solutions Come Together<\/h3>\n\t\t\t\t<div class=\"dtq-post-list-meta\">\n\t\t\t<div class=\"dtq-post-list-author\">\n\t\t\tBy Paola Meda\n\t\t<\/div> <span class=\"dtq-separator\">|<\/span> <div class=\"dtq-post-list-date\">\n\t\t\tDez. 16, 2024\n\t\t<\/div>\n\t\t<\/div>\n\t\t\t\t<p class=\"dtq-post-list-excerpt\">Le gru Flexlifting al Biemh 2022. La fiera si svolger\u00e0 a Bilbao in Spagna dal 13 al 17 giugno 2022.<\/p>\n\t\t\t<\/div>\n\t\t<\/a>\n\t<\/li><li class=\"dtq-post-list-child\">\n\t\t<a class=\"dtq-post-list-child-inner\" href=\"https:\/\/liftingfx.girafdev.com\/de\/logimat-2025-internationale-fachmesse-fuer-intralogistik-loesungen-und-prozessmanagement\/\">\n\t\t\t<div class=\"dtq-post-list-thumb\">\n\t\t\t\t<img decoding=\"async\" class=\"dtq-img-cover\" src=\"https:\/\/liftingfx.girafdev.com\/wp-content\/uploads\/2022\/02\/6796Button_en.jpg\" \/>\n\t\t\t<\/div>\n\t\t\t<div class=\"dtq-post-list-content\">\n\t\t\t\t<h3 class=\"dtq-post-list-title\">LogiMAT 2025 &#8211; Internationale Fachmesse f\u00fcr Intralogistik-L\u00f6sungen und Prozessmanagement<\/h3>\n\t\t\t\t<div class=\"dtq-post-list-meta\">\n\t\t\t<div class=\"dtq-post-list-author\">\n\t\t\tBy Mubashir Thangal\n\t\t<\/div> <span class=\"dtq-separator\">|<\/span> <div class=\"dtq-post-list-date\">\n\t\t\tFeb. 18, 2022\n\t\t<\/div>\n\t\t<\/div>\n\t\t\t\t<p class=\"dtq-post-list-excerpt\">Le gru Flexlifting al Biemh 2022. La fiera si svolger\u00e0 a Bilbao in Spagna dal 13 al 17 giugno 2022.<\/p>\n\t\t\t<\/div>\n\t\t<\/a>\n\t<\/li><li class=\"dtq-post-list-child\">\n\t\t<a class=\"dtq-post-list-child-inner\" href=\"https:\/\/liftingfx.girafdev.com\/de\/hispack-2022-internationale-messe-fuer-die-verpackung-prozesse-und-logistik\/\">\n\t\t\t<div class=\"dtq-post-list-thumb\">\n\t\t\t\t<img decoding=\"async\" class=\"dtq-img-cover\" src=\"https:\/\/liftingfx.girafdev.com\/wp-content\/uploads\/2022\/02\/Hispack-show-2022jpg.jpg\" \/>\n\t\t\t<\/div>\n\t\t\t<div class=\"dtq-post-list-content\">\n\t\t\t\t<h3 class=\"dtq-post-list-title\">HISPACK 2022 &#8211; Internationale Messe f\u00fcr die Verpackung, Prozesse und Logistik<\/h3>\n\t\t\t\t<div class=\"dtq-post-list-meta\">\n\t\t\t<div class=\"dtq-post-list-author\">\n\t\t\tBy Mubashir Thangal\n\t\t<\/div> <span class=\"dtq-separator\">|<\/span> <div class=\"dtq-post-list-date\">\n\t\t\tFeb. 18, 2022\n\t\t<\/div>\n\t\t<\/div>\n\t\t\t\t<p class=\"dtq-post-list-excerpt\">Vinca freut sich, Sie auf der Hispack-Messe in Barcelona begr\u00fc\u00dfen zu d\u00fcrfen, die vom 24. bis 27. ...<\/p>\n\t\t\t<\/div>\n\t\t<\/a>\n\t<\/li>\n                <\/ul>\n            <\/div>\n\t\t\t\t<\/div>\n\t\t\t<\/div>Flex [&hellip;]<\/p>\n","protected":false},"author":9,"featured_media":0,"parent":0,"menu_order":0,"comment_status":"closed","ping_status":"closed","template":"","meta":{"_acf_changed":false,"_et_pb_use_builder":"on","_et_pb_old_content":"","_et_gb_content_width":"","footnotes":""},"class_list":["post-280307","page","type-page","status-publish","hentry"],"acf":[],"_links":{"self":[{"href":"https:\/\/liftingfx.girafdev.com\/de\/wp-json\/wp\/v2\/pages\/280307","targetHints":{"allow":["GET"]}}],"collection":[{"href":"https:\/\/liftingfx.girafdev.com\/de\/wp-json\/wp\/v2\/pages"}],"about":[{"href":"https:\/\/liftingfx.girafdev.com\/de\/wp-json\/wp\/v2\/types\/page"}],"author":[{"embeddable":true,"href":"https:\/\/liftingfx.girafdev.com\/de\/wp-json\/wp\/v2\/users\/9"}],"replies":[{"embeddable":true,"href":"https:\/\/liftingfx.girafdev.com\/de\/wp-json\/wp\/v2\/comments?post=280307"}],"version-history":[{"count":2,"href":"https:\/\/liftingfx.girafdev.com\/de\/wp-json\/wp\/v2\/pages\/280307\/revisions"}],"predecessor-version":[{"id":303029,"href":"https:\/\/liftingfx.girafdev.com\/de\/wp-json\/wp\/v2\/pages\/280307\/revisions\/303029"}],"wp:attachment":[{"href":"https:\/\/liftingfx.girafdev.com\/de\/wp-json\/wp\/v2\/media?parent=280307"}],"curies":[{"name":"wp","href":"https:\/\/api.w.org\/{rel}","templated":true}]}}