{"id":279124,"date":"2024-06-11T14:13:12","date_gmt":"2024-06-11T12:13:12","guid":{"rendered":"https:\/\/bigleap.tech\/flex2\/?page_id=279124"},"modified":"2025-05-28T12:07:14","modified_gmt":"2025-05-28T10:07:14","slug":"unsere-produktion","status":"publish","type":"page","link":"https:\/\/liftingfx.girafdev.com\/de\/uber-uns\/unsere-produktion\/","title":{"rendered":"Die produktion"},"content":{"rendered":"<p>[et_pb_section fb_built=&#8220;1&#8243; _builder_version=&#8220;4.22.2&#8243; _module_preset=&#8220;default&#8220; background_color=&#8220;#000000&#8243; background_image=&#8220;https:\/\/liftingfx.girafdev.comwp-content\/uploads\/2024\/07\/pattren-123-20356-222025.png&#8220; background_size=&#8220;contain&#8220; background_position=&#8220;center_left&#8220; background_horizontal_offset=&#8220;100%&#8220; custom_margin=&#8220;|||0px|false|false&#8220; custom_padding=&#8220;7%||15px|0px|false|false&#8220; background_last_edited=&#8220;on|tablet&#8220; background_size_tablet=&#8220;cover&#8220; background_size_phone=&#8220;cover&#8220; da_disable_devices=&#8220;off|off|off&#8220; locked=&#8220;off&#8220; global_colors_info=&#8220;{}&#8220; da_is_popup=&#8220;off&#8220; da_exit_intent=&#8220;off&#8220; da_has_close=&#8220;on&#8220; da_alt_close=&#8220;off&#8220; da_dark_close=&#8220;off&#8220; da_not_modal=&#8220;on&#8220; da_is_singular=&#8220;off&#8220; da_with_loader=&#8220;off&#8220; da_has_shadow=&#8220;on&#8220;][et_pb_row _builder_version=&#8220;4.22.2&#8243; _module_preset=&#8220;default&#8220; custom_margin=&#8220;|auto|||false|false&#8220; custom_padding=&#8220;81px|||||&#8220; global_colors_info=&#8220;{}&#8220;][et_pb_column type=&#8220;4_4&#8243; _builder_version=&#8220;4.22.2&#8243; _module_preset=&#8220;default&#8220; global_colors_info=&#8220;{}&#8220;][et_pb_heading title=&#8220;Die produktion&#8220; _builder_version=&#8220;4.25.2&#8243; _module_preset=&#8220;default&#8220; title_font=&#8220;Poppins|700||on|||||&#8220; title_text_color=&#8220;#FFFFFF&#8220; title_font_size=&#8220;60px&#8220; global_colors_info=&#8220;{}&#8220;][\/et_pb_heading][\/et_pb_column][\/et_pb_row][et_pb_row _builder_version=&#8220;4.22.2&#8243; _module_preset=&#8220;default&#8220; custom_margin=&#8220;|auto|||false|false&#8220; border_width_top=&#8220;1px&#8220; border_color_top=&#8220;#444444&#8243; global_colors_info=&#8220;{}&#8220;][et_pb_column type=&#8220;4_4&#8243; _builder_version=&#8220;4.22.2&#8243; _module_preset=&#8220;default&#8220; global_colors_info=&#8220;{}&#8220;][lwp_divi_breadcrumbs separator_color=&#8220;#FFFFFF&#8220; current_text_color=&#8220;#FFFFFF&#8220; _builder_version=&#8220;4.27.3&#8243; _module_preset=&#8220;default&#8220; global_colors_info=&#8220;{}&#8220;][\/lwp_divi_breadcrumbs][\/et_pb_column][\/et_pb_row][\/et_pb_section][et_pb_section fb_built=&#8220;1&#8243; specialty=&#8220;on&#8220; module_class=&#8220;no-lightbox&#8220; _builder_version=&#8220;4.20.4&#8243; _module_preset=&#8220;default&#8220; custom_padding=&#8220;0px||0px||false|false&#8220; da_disable_devices=&#8220;off|off|off&#8220; locked=&#8220;off&#8220; global_colors_info=&#8220;{}&#8220; da_is_popup=&#8220;off&#8220; da_exit_intent=&#8220;off&#8220; da_has_close=&#8220;on&#8220; da_alt_close=&#8220;off&#8220; da_dark_close=&#8220;off&#8220; da_not_modal=&#8220;on&#8220; da_is_singular=&#8220;off&#8220; da_with_loader=&#8220;off&#8220; da_has_shadow=&#8220;on&#8220;][et_pb_column type=&#8220;1_2&#8243; specialty_columns=&#8220;2&#8243; _builder_version=&#8220;4.16&#8243; custom_padding=&#8220;|||&#8220; global_colors_info=&#8220;{}&#8220; custom_padding__hover=&#8220;|||&#8220;][et_pb_row_inner _builder_version=&#8220;4.16&#8243; _module_preset=&#8220;default&#8220; global_colors_info=&#8220;{}&#8220;][et_pb_column_inner saved_specialty_column_type=&#8220;1_2&#8243; _builder_version=&#8220;4.16&#8243; _module_preset=&#8220;default&#8220; global_colors_info=&#8220;{}&#8220;][et_pb_image src=&#8220;https:\/\/liftingfx.girafdev.comwp-content\/uploads\/2024\/11\/AXA-24-2-Photoroom.png&#8220; title_text=&#8220;AXA -24 (2)-Photoroom&#8220; force_fullwidth=&#8220;on&#8220; _builder_version=&#8220;4.27.3&#8243; _module_preset=&#8220;default&#8220; animation_style=&#8220;fade&#8220; box_shadow_style=&#8220;preset4&#8243; box_shadow_color=&#8220;#E02B20&#8243; global_colors_info=&#8220;{}&#8220;][\/et_pb_image][\/et_pb_column_inner][\/et_pb_row_inner][\/et_pb_column][et_pb_column type=&#8220;1_2&#8243; _builder_version=&#8220;4.16&#8243; custom_padding=&#8220;|||&#8220; global_colors_info=&#8220;{}&#8220; custom_padding__hover=&#8220;|||&#8220;][et_pb_blurb title=&#8220;F+E&#8220; use_icon=&#8220;on&#8220; icon_placement=&#8220;left&#8220; content_max_width=&#8220;100%&#8220; image_icon_width_last_edited=&#8220;off|desktop&#8220; admin_label=&#8220;R&#038;D&#8220; _builder_version=&#8220;4.25.2&#8243; header_level=&#8220;h3&#8243; header_font=&#8220;Oswald|||on|||||&#8220; header_text_color=&#8220;#E02B20&#8243; header_font_size=&#8220;18px&#8220; header_letter_spacing=&#8220;2px&#8220; header_line_height=&#8220;1.7em&#8220; body_font=&#8220;Open Sans|600|||||||&#8220; body_font_size=&#8220;16px&#8220; body_line_height=&#8220;1.8em&#8220; animation_style=&#8220;slide&#8220; animation_direction=&#8220;right&#8220; border_color_all_image=&#8220;rgba(51,51,51,0)&#8220; border_style_all_image=&#8220;none&#8220; image_max_width_last_edited=&#8220;off|desktop&#8220; global_colors_info=&#8220;{}&#8220;]<\/p>\n<p class=\"no-rep\">Die Forschungs- und Entwicklungsabteilung ist t\u00e4glich auf eine st\u00e4ndige technologische Verbesserung aller unserer Krane ausgerichtet, um Zuverl\u00e4ssigkeit und Sicherheit zu gew\u00e4hrleisten.<\/p>\n<p>[\/et_pb_blurb][et_pb_blurb title=&#8220;DIE PRODUKTION&#8220; use_icon=&#8220;on&#8220; icon_placement=&#8220;left&#8220; content_max_width=&#8220;100%&#8220; image_icon_width_last_edited=&#8220;off|desktop&#8220; admin_label=&#8220;MANUFACTURING&#8220; _builder_version=&#8220;4.25.2&#8243; header_level=&#8220;h3&#8243; header_font=&#8220;Oswald|||on|||||&#8220; header_text_color=&#8220;#E02B20&#8243; header_font_size=&#8220;18px&#8220; header_letter_spacing=&#8220;2px&#8220; header_line_height=&#8220;1.7em&#8220; body_font=&#8220;Open Sans|600|||||||&#8220; body_font_size=&#8220;16px&#8220; body_line_height=&#8220;1.8em&#8220; animation_style=&#8220;slide&#8220; animation_direction=&#8220;right&#8220; animation_duration=&#8220;1200ms&#8220; border_color_all_image=&#8220;rgba(51,51,51,0)&#8220; border_style_all_image=&#8220;none&#8220; image_max_width_last_edited=&#8220;off|desktop&#8220; global_colors_info=&#8220;{}&#8220;]<\/p>\n<p>Produktionsprozesse unterliegen strengen Kontrollen, um die Konformit\u00e4t der Komponenten in allen Abteilungen sicherzustellen. Unsere Krane werden in AxA hergestellt.<\/p>\n<p>[\/et_pb_blurb][et_pb_blurb title=&#8220;SUPPLY CHAIN&#8220; use_icon=&#8220;on&#8220; icon_placement=&#8220;left&#8220; content_max_width=&#8220;100%&#8220; image_icon_width_last_edited=&#8220;off|desktop&#8220; admin_label=&#8220;SUPPLY CHAIN&#8220; _builder_version=&#8220;4.25.2&#8243; header_level=&#8220;h3&#8243; header_font=&#8220;Oswald|||on|||||&#8220; header_text_color=&#8220;#E02B20&#8243; header_font_size=&#8220;18px&#8220; header_letter_spacing=&#8220;2px&#8220; header_line_height=&#8220;1.7em&#8220; body_font=&#8220;Open Sans|600|||||||&#8220; body_font_size=&#8220;16px&#8220; body_line_height=&#8220;1.8em&#8220; animation_style=&#8220;slide&#8220; animation_direction=&#8220;right&#8220; animation_duration=&#8220;1400ms&#8220; border_color_all_image=&#8220;rgba(51,51,51,0)&#8220; border_style_all_image=&#8220;none&#8220; image_max_width_last_edited=&#8220;off|desktop&#8220; global_colors_info=&#8220;{}&#8220;]<\/p>\n<p>Lieferanten sind von unserer Qualit\u00e4tskontrollstelle zertifiziert und \u00fcbernehmen Materialr\u00fcckverfolgbarkeit und schlanke Produktionsverfahren, um ein H\u00f6chstma\u00df an Produkt- und Serviceleistung aufrechtzuerhalten. Alle Komponenten werden in Italien hergestellt.<\/p>\n<p>[\/et_pb_blurb][et_pb_blurb title=&#8220;ZERTIFIZIERUNG&#8220; use_icon=&#8220;on&#8220; icon_placement=&#8220;left&#8220; content_max_width=&#8220;100%&#8220; image_icon_width_last_edited=&#8220;off|desktop&#8220; admin_label=&#8220;CERTIFICATION&#8220; _builder_version=&#8220;4.25.2&#8243; header_font=&#8220;Oswald|||on|||||&#8220; header_text_color=&#8220;#E02B20&#8243; header_font_size=&#8220;18px&#8220; header_letter_spacing=&#8220;2px&#8220; header_line_height=&#8220;1.7em&#8220; body_font=&#8220;Open Sans|600|||||||&#8220; body_font_size=&#8220;16px&#8220; body_line_height=&#8220;1.8em&#8220; animation_style=&#8220;slide&#8220; animation_direction=&#8220;right&#8220; animation_duration=&#8220;1600ms&#8220; border_color_all_image=&#8220;rgba(51,51,51,0)&#8220; border_style_all_image=&#8220;none&#8220; image_max_width_last_edited=&#8220;off|desktop&#8220; global_colors_info=&#8220;{}&#8220;]<\/p>\n<p>Alle unsere Krane entsprechen der aktuellen EU-Gesetzgebung, einschlie\u00dflich der Maschinenrichtlinie 2006\/42\/EG, der Richtlinie 2014\/35\/EU (Niederspannung), der Richtlinie 2014\/30\/EU (elektromagnetische Vertr\u00e4glichkeit).<\/p>\n<p>[\/et_pb_blurb][et_pb_blurb title=&#8220;SERVICE&#8220; use_icon=&#8220;on&#8220; icon_placement=&#8220;left&#8220; content_max_width=&#8220;100%&#8220; image_icon_width_last_edited=&#8220;off|desktop&#8220; admin_label=&#8220;CUSTOMER CARE&#8220; _builder_version=&#8220;4.25.2&#8243; header_font=&#8220;Oswald|||on|||||&#8220; header_text_color=&#8220;#E02B20&#8243; header_font_size=&#8220;18px&#8220; header_letter_spacing=&#8220;2px&#8220; header_line_height=&#8220;1.7em&#8220; body_font=&#8220;Open Sans|600|||||||&#8220; body_font_size=&#8220;16px&#8220; body_line_height=&#8220;1.8em&#8220; animation_style=&#8220;slide&#8220; animation_direction=&#8220;right&#8220; animation_duration=&#8220;1600ms&#8220; border_color_all_image=&#8220;rgba(51,51,51,0)&#8220; border_style_all_image=&#8220;none&#8220; image_max_width_last_edited=&#8220;off|desktop&#8220; global_colors_info=&#8220;{}&#8220;]<\/p>\n<p>Unsere after-Sales-Abteilung unterst\u00fctzt Sie rund um die Uhr, sieben Tage die Woche. Wir bieten unseren H\u00e4ndlern , einen st\u00e4ndigen Schulungsservice, vor Ort oder Online.<\/p>\n<p>[\/et_pb_blurb][\/et_pb_column][\/et_pb_section][et_pb_section fb_built=&#8220;1&#8243; prev_background_color=&#8220;#ffffff&#8220; _builder_version=&#8220;4.22.2&#8243; _module_preset=&#8220;default&#8220; background_color=&#8220;#6f6a6e&#8220; custom_padding=&#8220;75px|||||&#8220; top_divider_style=&#8220;waves2&#8243; top_divider_height=&#8220;52px&#8220; da_disable_devices=&#8220;off|off|off&#8220; locked=&#8220;off&#8220; global_colors_info=&#8220;{}&#8220; da_is_popup=&#8220;off&#8220; da_exit_intent=&#8220;off&#8220; da_has_close=&#8220;on&#8220; da_alt_close=&#8220;off&#8220; da_dark_close=&#8220;off&#8220; da_not_modal=&#8220;on&#8220; da_is_singular=&#8220;off&#8220; da_with_loader=&#8220;off&#8220; da_has_shadow=&#8220;on&#8220;][et_pb_row _builder_version=&#8220;4.16&#8243; _module_preset=&#8220;default&#8220; global_colors_info=&#8220;{}&#8220;][et_pb_column type=&#8220;4_4&#8243; _builder_version=&#8220;4.16&#8243; _module_preset=&#8220;default&#8220; global_colors_info=&#8220;{}&#8220;][et_pb_text _builder_version=&#8220;4.25.2&#8243; _module_preset=&#8220;default&#8220; header_2_text_align=&#8220;center&#8220; header_2_text_color=&#8220;#FFFFFF&#8220; header_2_line_height=&#8220;1.3em&#8220; global_colors_info=&#8220;{}&#8220;]<\/p>\n<h2>M\u00f6chten Sie unsere Produkte sehen?<\/h2>\n<p>[\/et_pb_text][et_pb_button button_url=&#8220;https:\/\/liftingfx.girafdev.comde\/unsere-gegengewichtskrane\/&#8220; button_text=&#8220;ENTDECKEN SIE UNSERE KRANE&#8220; button_alignment=&#8220;center&#8220; _builder_version=&#8220;4.27.3&#8243; _module_preset=&#8220;default&#8220; custom_button=&#8220;on&#8220; button_text_size=&#8220;14px&#8220; button_text_color=&#8220;#FFFFFF&#8220; button_bg_color=&#8220;#E02B20&#8243; button_border_width=&#8220;0px&#8220; button_border_radius=&#8220;2px&#8220; button_letter_spacing=&#8220;2px&#8220; button_font=&#8220;Open Sans|700||on|||||&#8220; hover_enabled=&#8220;0&#8243; global_colors_info=&#8220;{}&#8220; button_bg_color__hover_enabled=&#8220;on|hover&#8220; button_bg_color__hover=&#8220;rgba(0,0,0,0.7)&#8220; button_bg_enable_color__hover=&#8220;on&#8220; button_border_radius__hover_enabled=&#8220;on|hover&#8220; button_border_radius__hover=&#8220;2px&#8220; sticky_enabled=&#8220;0&#8243;][\/et_pb_button][\/et_pb_column][\/et_pb_row][\/et_pb_section]<\/p>\n","protected":false},"excerpt":{"rendered":"<p><div class=\"et_pb_module lwp_divi_breadcrumbs lwp_divi_breadcrumbs_0\">\n\t\t\t\t\n\t\t\t\t\n\t\t\t\t\n\t\t\t\t\n\t\t\t\t\n\t\t\t\t\n\t\t\t\t<div class=\"et_pb_module_inner\">\n\t\t\t\t\t<div class=\"lwp-breadcrumbs\"> <span class=\"before\"><\/span> <span vocab=\"https:\/\/schema.org\/\" typeof=\"BreadcrumbList\"><span property=\"itemListElement\" typeof=\"ListItem\"><a property=\"item\" typeof=\"WebPage\" href=\"https:\/\/liftingfx.girafdev.com\/de\/\" class=\"home\"><span property=\"name\">Home<\/span><\/a><meta property=\"position\" content=\"1\"><\/span> <span class=\"separator et-pb-icon\">&amp;#x39;<\/span> <\/span><\/div>\n\t\t\t\t<\/div>\n\t\t\t<\/div>Die Forschungs- und Entwicklungsabteilung ist t\u00e4glich auf eine st\u00e4ndige technologische Verbesserung aller unserer Krane ausgerichtet, um Zuverl\u00e4ssigkeit und Sicherheit zu gew\u00e4hrleisten.Produktionsprozesse unterliegen strengen Kontrollen, um die Konformit\u00e4t der Komponenten in allen Abteilungen sicherzustellen. Unsere Krane werden in AxA hergestellt.Lieferanten sind von unserer Qualit\u00e4tskontrollstelle zertifiziert und \u00fcbernehmen Materialr\u00fcckverfolgbarkeit und schlanke Produktionsverfahren, [&hellip;]<\/p>\n","protected":false},"author":9,"featured_media":3855,"parent":279216,"menu_order":0,"comment_status":"closed","ping_status":"closed","template":"","meta":{"_acf_changed":false,"_et_pb_use_builder":"on","_et_pb_old_content":"","_et_gb_content_width":"","footnotes":""},"class_list":["post-279124","page","type-page","status-publish","has-post-thumbnail","hentry"],"acf":[],"_links":{"self":[{"href":"https:\/\/liftingfx.girafdev.com\/de\/wp-json\/wp\/v2\/pages\/279124","targetHints":{"allow":["GET"]}}],"collection":[{"href":"https:\/\/liftingfx.girafdev.com\/de\/wp-json\/wp\/v2\/pages"}],"about":[{"href":"https:\/\/liftingfx.girafdev.com\/de\/wp-json\/wp\/v2\/types\/page"}],"author":[{"embeddable":true,"href":"https:\/\/liftingfx.girafdev.com\/de\/wp-json\/wp\/v2\/users\/9"}],"replies":[{"embeddable":true,"href":"https:\/\/liftingfx.girafdev.com\/de\/wp-json\/wp\/v2\/comments?post=279124"}],"version-history":[{"count":5,"href":"https:\/\/liftingfx.girafdev.com\/de\/wp-json\/wp\/v2\/pages\/279124\/revisions"}],"predecessor-version":[{"id":317926,"href":"https:\/\/liftingfx.girafdev.com\/de\/wp-json\/wp\/v2\/pages\/279124\/revisions\/317926"}],"up":[{"embeddable":true,"href":"https:\/\/liftingfx.girafdev.com\/de\/wp-json\/wp\/v2\/pages\/279216"}],"wp:featuredmedia":[{"embeddable":true,"href":"https:\/\/liftingfx.girafdev.com\/de\/wp-json\/wp\/v2\/media\/3855"}],"wp:attachment":[{"href":"https:\/\/liftingfx.girafdev.com\/de\/wp-json\/wp\/v2\/media?parent=279124"}],"curies":[{"name":"wp","href":"https:\/\/api.w.org\/{rel}","templated":true}]}}