{"id":1198,"date":"2022-02-17T14:53:19","date_gmt":"2022-02-17T13:53:19","guid":{"rendered":"https:\/\/liftingfx.girafdev.compharmaceutical-industry\/"},"modified":"2024-11-29T17:48:06","modified_gmt":"2024-11-29T16:48:06","slug":"pharmaindustrie","status":"publish","type":"page","link":"https:\/\/liftingfx.girafdev.com\/de\/sektoren\/pharmaindustrie\/","title":{"rendered":"Pharmaindustrie"},"content":{"rendered":"<h2>Ergonomische und flexible L\u00f6sungen aus EDELSTAHL f\u00fcr die Pharmaindustrie<\/h2>\n<p>&nbsp;<\/p>\n<p><strong>Edelstahlkr\u00e4ne<\/strong> sind die ideale L\u00f6sung f\u00fcr die Pharmaindustrie, wo Hygiene und Sicherheit von entscheidender Bedeutung sind.<\/p>\n<p>Flex Lifting bietet <strong>Hebeger\u00e4te aus Edelstahl<\/strong>, die speziell auf die spezifischen Anforderungen dieser Branche zugeschnitten sind.<\/p>\n<p>Edelstahlkr\u00e4ne von Flex Lifting werden in der Pharmaindustrie h\u00e4ufig zur Durchf\u00fchrung folgender T\u00e4tigkeiten eingesetzt:<\/p>\n<ul>\n<li>Transport von Rohstoffen, Zwischen- und Fertigprodukten innerhalb von Produktionsanlagen<\/li>\n<li>Lagerung und R\u00fcckgewinnung von Materialien in Lagern und Depots<\/li>\n<li>Installation, Wartung und Reparatur von Maschinen und Ger\u00e4ten<\/li>\n<li>Transport von Proben und Reagenzien zu Forschungs- und Entwicklungslabors<\/li>\n<\/ul>\n<p>Unsere Edelstahl-Auslegerkrane zeichnen sich aus durch:<\/p>\n<ul>\n<li>Robuste Konstruktion: Die Kr\u00e4ne sind aus hochwertigem Edelstahl gefertigt, was f\u00fcr Stabilit\u00e4t und Langlebigkeit sorgt<\/li>\n<li>Hygienisches Design: Glatte, porenfreie Edelstahloberfl\u00e4chen erleichtern die Reinigung und Desinfektion und verhindern Kontaminationen<\/li>\n<li>Zuverl\u00e4ssigkeit: Flex-Lifting-Krane sind f\u00fcr einen zuverl\u00e4ssigen und langlebigen Betrieb konzipiert und reduzieren die Wartungs- und Betriebskosten<\/li>\n<li>Sicherheit: Flex Lifting-Krane gew\u00e4hrleisten dank ihrer robusten Konstruktion und integrierten Sicherheitsfunktionen maximale Bediener- und Produktsicherheit<\/li>\n<\/ul>\n<div class=\"mgl-root\" data-gallery-options=\"{&quot;image_ids&quot;:[&quot;289528&quot;,&quot;289498&quot;,&quot;289488&quot;,&quot;289478&quot;],&quot;id&quot;:&quot;69fe9be121783&quot;,&quot;size&quot;:&quot;large&quot;,&quot;infinite&quot;:false,&quot;custom_class&quot;:null,&quot;link&quot;:&quot;file&quot;,&quot;is_preview&quot;:false,&quot;updir&quot;:&quot;https:\\\/\\\/liftingfx.girafdev.com\\\/wp-content\\\/uploads\\\/&quot;,&quot;captions&quot;:&quot;none&quot;,&quot;animation&quot;:false,&quot;layout&quot;:&quot;square&quot;,&quot;justified_row_height&quot;:200,&quot;justified_gutter&quot;:5,&quot;masonry_gutter&quot;:5,&quot;masonry_columns&quot;:3,&quot;square_gutter&quot;:5,&quot;square_columns&quot;:&quot;4&quot;,&quot;cascade_gutter&quot;:5,&quot;class_id&quot;:&quot;mgl-gallery-69fe9be121783&quot;,&quot;layouts&quot;:[],&quot;tiles_gutter&quot;:5,&quot;tiles_gutter_tablet&quot;:5,&quot;tiles_gutter_mobile&quot;:5,&quot;tiles_density&quot;:&quot;high&quot;,&quot;tiles_density_tablet&quot;:&quot;medium&quot;,&quot;tiles_density_mobile&quot;:&quot;low&quot;,&quot;horizontal_gutter&quot;:5,&quot;horizontal_image_height&quot;:500,&quot;horizontal_hide_scrollbar&quot;:false,&quot;carousel_gutter&quot;:5,&quot;carousel_arrow_nav_enabled&quot;:true,&quot;carousel_dot_nav_enabled&quot;:true,&quot;carousel_image_height&quot;:500,&quot;map_gutter&quot;:10,&quot;map_height&quot;:400}\" data-gallery-images=\"[]\" data-atts=\"{&quot;columns&quot;:&quot;4&quot;,&quot;link&quot;:&quot;file&quot;,&quot;ids&quot;:&quot;289528,289498,289488,289478&quot;,&quot;layout&quot;:&quot;square&quot;}\"><div class=\"mgl-gallery-container\"><\/div><div class=\"mgl-gallery-images\"><\/div><\/div>\n","protected":false},"excerpt":{"rendered":"<p>Ergonomische und flexible L\u00f6sungen aus EDELSTAHL f\u00fcr die Pharmaindustrie &nbsp; Edelstahlkr\u00e4ne sind die ideale L\u00f6sung f\u00fcr die Pharmaindustrie, wo Hygiene und Sicherheit von entscheidender Bedeutung sind. Flex Lifting bietet Hebeger\u00e4te aus Edelstahl, die speziell auf die spezifischen Anforderungen dieser Branche zugeschnitten sind. Edelstahlkr\u00e4ne von Flex Lifting werden in der Pharmaindustrie h\u00e4ufig zur Durchf\u00fchrung folgender T\u00e4tigkeiten [&hellip;]<\/p>\n","protected":false},"author":11,"featured_media":0,"parent":280980,"menu_order":0,"comment_status":"closed","ping_status":"closed","template":"","meta":{"_acf_changed":false,"_et_pb_use_builder":"on","_et_pb_old_content":"","_et_gb_content_width":"","footnotes":""},"class_list":["post-1198","page","type-page","status-publish","hentry"],"acf":[],"_links":{"self":[{"href":"https:\/\/liftingfx.girafdev.com\/de\/wp-json\/wp\/v2\/pages\/1198","targetHints":{"allow":["GET"]}}],"collection":[{"href":"https:\/\/liftingfx.girafdev.com\/de\/wp-json\/wp\/v2\/pages"}],"about":[{"href":"https:\/\/liftingfx.girafdev.com\/de\/wp-json\/wp\/v2\/types\/page"}],"author":[{"embeddable":true,"href":"https:\/\/liftingfx.girafdev.com\/de\/wp-json\/wp\/v2\/users\/11"}],"replies":[{"embeddable":true,"href":"https:\/\/liftingfx.girafdev.com\/de\/wp-json\/wp\/v2\/comments?post=1198"}],"version-history":[{"count":6,"href":"https:\/\/liftingfx.girafdev.com\/de\/wp-json\/wp\/v2\/pages\/1198\/revisions"}],"predecessor-version":[{"id":298740,"href":"https:\/\/liftingfx.girafdev.com\/de\/wp-json\/wp\/v2\/pages\/1198\/revisions\/298740"}],"up":[{"embeddable":true,"href":"https:\/\/liftingfx.girafdev.com\/de\/wp-json\/wp\/v2\/pages\/280980"}],"wp:attachment":[{"href":"https:\/\/liftingfx.girafdev.com\/de\/wp-json\/wp\/v2\/media?parent=1198"}],"curies":[{"name":"wp","href":"https:\/\/api.w.org\/{rel}","templated":true}]}}